{"id":56469,"date":"2026-03-25T11:18:19","date_gmt":"2026-03-25T10:18:19","guid":{"rendered":"https:\/\/go-microdose.com\/calculateur-de-dosage\/"},"modified":"2026-03-27T13:10:57","modified_gmt":"2026-03-27T12:10:57","slug":"calculateur-de-dosage","status":"publish","type":"page","link":"https:\/\/go-microdose.com\/fr\/calculateur-de-dosage\/","title":{"rendered":"Calculateur de dosage"},"content":{"rendered":"<div class=\"wpb-content-wrapper\"><p>[vc_row equal_height=\u00a0\u00bbyes\u00a0\u00bb el_class=\u00a0\u00bbs-mushroom\u00a0\u00bb][vc_column width=\u00a0\u00bb5\/12&Prime;][vc_row_inner el_class=\u00a0\u00bbd-only\u00a0\u00bb][vc_column_inner][vc_custom_heading text=\u00a0\u00bbCALCULATEUR DE DOSAGE\u00a0\u00bb font_container=\u00a0\u00bbtag:div|text_align:left\u00a0\u00bb use_theme_fonts=\u00a0\u00bbyes\u00a0\u00bb el_class=\u00a0\u00bbpr-tag\u00a0\u00bb][vc_custom_heading source=\u00a0\u00bbpost_title\u00a0\u00bb font_container=\u00a0\u00bbtag:h1|text_align:left\u00a0\u00bb use_theme_fonts=\u00a0\u00bbyes\u00a0\u00bb el_class=\u00a0\u00bbeffect-title\u00a0\u00bb][vc_column_text]Utilise notre calculateur de dosage pour identifier la dose optimale de champignons magiques ou de truffes en fonction de ton poids corporel.[\/vc_column_text][\/vc_column_inner][\/vc_row_inner][vc_column_text css=\u00a0\u00bb\u00a0\u00bb el_id=\u00a0\u00bbmore\u00a0\u00bb]<strong>Guide d\u2019utilisation du calculateur de dosage<\/strong><br \/>\nCombine les conseils que nous avons fournis pr\u00e9c\u00e9demment avec notre calculateur de dosage pour \u00e9tablir avec pr\u00e9cision la dose parfaite pour une exp\u00e9rience unique et s\u00fbre. Voici comment faire : <\/p>\n<p><strong>Ton poids corporel<\/strong><br \/>\nTon poids joue un r\u00f4le important dans la d\u00e9termination de la dose appropri\u00e9e. Les essais cliniques utilisent souvent des doses d\u2019environ 200 \u00e0 300 mg (0,2 \u2013 0,3 gramme) de psilocybine pour des individus pesant 70 kg, ce qui sert de r\u00e9f\u00e9rence standard. Les dosages s\u2019ajustent ensuite en fonction des poids sup\u00e9rieurs ou inf\u00e9rieurs \u00e0 70 kg. N\u2019oublie pas que le poids d\u2019un extrait de psilocybine diff\u00e8re de celui des champignons frais ou s\u00e9ch\u00e9s, ce qui signifie que ta dose sera sup\u00e9rieure \u00e0 20 mg.   <\/p>\n<p>Saisis ton poids corporel en kilogrammes dans le calculateur pour obtenir un dosage personnalis\u00e9.<\/p>\n<p><strong>Choisir entre champignons magiques ou truffes<\/strong><br \/>\nBien que les deux contiennent de la psilocybine, les champignons magiques et les truffes pr\u00e9sentent des diff\u00e9rences significatives, \u00e0 commencer par leur mode de croissance. Alors que les champignons poussent au-dessus du sol, les truffes sont souterraines. Ces diff\u00e9rences, ainsi que les variations de r\u00e9tention d\u2019humidit\u00e9, ont un impact sur le dosage. Quel que soit ton choix \u2014 champignons, truffes, frais ou secs \u2014 le calculateur peut d\u00e9terminer ta dose avec pr\u00e9cision.   <\/p>\n<p><strong>Champignons\/truffes frais ou s\u00e9ch\u00e9s<\/strong><br \/>\nL\u2019\u00e9tat physique de tes champignons ou truffes \u2014 frais ou s\u00e9ch\u00e9s \u2014 influence consid\u00e9rablement le dosage. Le calculateur en tient compte lors de la d\u00e9termination de ta dose. <\/p>\n<p>\u00c0 titre de r\u00e9f\u00e9rence, le poids des champignons frais est g\u00e9n\u00e9ralement divis\u00e9 par 10 pour \u00e9tablir le poids de la vari\u00e9t\u00e9 s\u00e9ch\u00e9e. Les truffes suivent une r\u00e8gle similaire. Notre calculateur peut g\u00e9rer efficacement les deux formes, en te donnant un dosage pr\u00e9cis.  <\/p>\n<p><strong>Intensit\u00e9 de trip pr\u00e9f\u00e9r\u00e9e<\/strong><br \/>\nApr\u00e8s avoir choisi ton type de psilocybine, r\u00e9fl\u00e9chis \u00e0 l\u2019intensit\u00e9 de l\u2019exp\u00e9rience que tu recherches. Notre calculateur peut te guider, que tu souhaites un microdosage ou une dose \u00e9lev\u00e9e. <\/p>\n<p>Si tu d\u00e9sires une exp\u00e9rience intense, choisis l\u2019option \u00ab dose \u00e9lev\u00e9e \u00bb pour une dose puissante. Les d\u00e9butants ou les personnes moins exp\u00e9riment\u00e9es pourraient pr\u00e9f\u00e9rer une dose plus faible. Avec la tendance croissante du microdosage, c\u2019est peut-\u00eatre le moment id\u00e9al pour essayer. Le choix t\u2019appartient, mais n\u2019oublie pas : approche l\u2019exp\u00e9rience avec respect et prudence.[\/vc_column_text][\/vc_column][vc_column width=\u00a0\u00bb1\/12&Prime;][\/vc_column][vc_column width=\u00a0\u00bb6\/12&Prime; el_class=\u00a0\u00bbmo-1&Prime;][vc_row_inner el_class=\u00a0\u00bbm-only\u00a0\u00bb][vc_column_inner][vc_custom_heading text=\u00a0\u00bbCALCULATEUR DE DOSAGE\u00a0\u00bb font_container=\u00a0\u00bbtag:div|text_align:left\u00a0\u00bb use_theme_fonts=\u00a0\u00bbyes\u00a0\u00bb el_class=\u00a0\u00bbpr-tag\u00a0\u00bb][vc_custom_heading source=\u00a0\u00bbpost_title\u00a0\u00bb font_container=\u00a0\u00bbtag:h1|text_align:left\u00a0\u00bb use_theme_fonts=\u00a0\u00bbyes\u00a0\u00bb el_class=\u00a0\u00bbeffect-title\u00a0\u00bb][vc_column_text]Utilise notre calculateur de champignons magiques pour d\u00e9terminer un dosage de champignons magiques \/ truffes en fonction de ton poids. Sont pris en charge les champignons, les truffes, frais et s\u00e9ch\u00e9s.[\/vc_column_text][\/vc_column_inner][\/vc_row_inner][vc_raw_html el_class=\u00a0\u00bbimage-with-shadow gray\u00a0\u00bb]W211c2hyb29tY2FsY3VsYXRvcl0=[\/vc_raw_html][\/vc_column][\/vc_row][vc_section full_width=\u00a0\u00bbstretch_row_content\u00a0\u00bb el_class=\u00a0\u00bbbutton-section\u00a0\u00bb css=\u00a0\u00bb.vc_custom_1685278442884{background-color: #ffffff !important;}\u00a0\u00bb][vc_row el_class=\u00a0\u00bbonly-text-content\u00a0\u00bb][vc_column el_class=\u00a0\u00bbcontainer\u00a0\u00bb][vc_row_inner el_class=\u00a0\u00bbabout-text-column\u00a0\u00bb][vc_column_inner width=\u00a0\u00bb1\/2&Prime;][vc_custom_heading text=\u00a0\u00bbConseils\u00a0\u00bb font_container=\u00a0\u00bbtag:h5|text_align:left\u00a0\u00bb use_theme_fonts=\u00a0\u00bbyes\u00a0\u00bb el_class=\u00a0\u00bbpr-tag\u00a0\u00bb][vc_custom_heading text=\u00a0\u00bbL\u2019importance d\u2019un dosage correct\u00a0\u00bb font_container=\u00a0\u00bbtag:h2|text_align:left|color:%23000000&Prime; use_theme_fonts=\u00a0\u00bbyes\u00a0\u00bb][vc_column_text el_class=\u00a0\u00bbproduct-copy-description\u00a0\u00bb]Choisir le bon dosage pour ton voyage psych\u00e9d\u00e9lique est essentiel. Une dose excessive peut conduire \u00e0 une exp\u00e9rience d\u00e9sagr\u00e9able, tandis qu\u2019une dose trop faible pourrait ne pas produire les effets d\u00e9sir\u00e9s. Pour les nouveaux utilisateurs, il est crucial de commencer par une dose faible. Bien que les r\u00e9ponses individuelles aux champignons magiques ou aux truffes varient, trouver le bon dosage est la cl\u00e9 d\u2019une exp\u00e9rience enrichissante.   <\/p>\n<p><strong>Am\u00e9liorer la pr\u00e9cision de la dose<\/strong><br \/>\nPour augmenter la pr\u00e9cision du dosage, envisage de faire la moyenne de la puissance de ta source. Combine diff\u00e9rents lots et broie-les ensemble pour obtenir un niveau de puissance uniforme. Cette m\u00e9thode simplifie et standardise le dosage.[\/vc_column_text][\/vc_column_inner][vc_column_inner width=\u00a0\u00bb1\/2&Prime;][vc_custom_heading text=\u00a0\u00bbAper\u00e7us\u00a0\u00bb font_container=\u00a0\u00bbtag:h5|text_align:left\u00a0\u00bb use_theme_fonts=\u00a0\u00bbyes\u00a0\u00bb el_class=\u00a0\u00bbpr-tag\u00a0\u00bb][vc_custom_heading text=\u00a0\u00bbComprendre la tol\u00e9rance aux champignons\u00a0\u00bb font_container=\u00a0\u00bbtag:h2|text_align:left|color:%23000000&Prime; use_theme_fonts=\u00a0\u00bbyes\u00a0\u00bb][vc_column_text el_class=\u00a0\u00bbeffect-description\u00a0\u00bb]Au fil du temps, une consommation fr\u00e9quente de champignons ou de truffes pourrait entra\u00eener le d\u00e9veloppement d\u2019une tol\u00e9rance, ce qui signifie que tu pourrais avoir besoin de doses plus \u00e9lev\u00e9es pour obtenir les m\u00eames effets qu\u2019auparavant. Si tu constates que la puissance diminue avec le temps, envisage une pause de tol\u00e9rance. Cela implique g\u00e9n\u00e9ralement une pause de consommation de 2 semaines, permettant \u00e0 ton corps de se r\u00e9initialiser et de traiter compl\u00e8tement toute psilocybine r\u00e9siduelle.  <\/p>\n<p>Bien que la tol\u00e9rance soit un facteur important, notre calculateur n\u2019en tient pas compte et suppose que les utilisateurs n\u2019ont pas de tol\u00e9rance accumul\u00e9e. Si tu as consomm\u00e9 des champignons ou des truffes au cours des deux derni\u00e8res semaines, envisage d\u2019attendre la fin de la pause de deux semaines avant d\u2019utiliser le calculateur. Alternativement, tu pourrais augmenter l\u00e9g\u00e8rement le dosage pour compenser toute tol\u00e9rance \u00e9ventuelle.[\/vc_column_text][\/vc_column_inner][\/vc_row_inner][\/vc_column][\/vc_row][\/vc_section][vc_section full_width=\u00a0\u00bbstretch_row\u00a0\u00bb el_class=\u00a0\u00bbrelated-products show-m\u00a0\u00bb][vc_row el_class=\u00a0\u00bbs-our-products\u00a0\u00bb][vc_column][vc_custom_heading text=\u00a0\u00bbproduits\u00a0\u00bb font_container=\u00a0\u00bbtag:div|text_align:center\u00a0\u00bb use_theme_fonts=\u00a0\u00bbyes\u00a0\u00bb el_class=\u00a0\u00bbpr-tag\u00a0\u00bb][vc_custom_heading text=\u00a0\u00bbNos produits\u00a0\u00bb font_container=\u00a0\u00bbtag:h3|text_align:center\u00a0\u00bb use_theme_fonts=\u00a0\u00bbyes\u00a0\u00bb el_class=\u00a0\u00bbeffect-title\u00a0\u00bb][vc_single_image image=\u00a0\u00bb56383&Prime; img_size=\u00a0\u00bbfull\u00a0\u00bb el_class=\u00a0\u00bbfix-image\u00a0\u00bb]<div class=\"woocommerce columns-3 \"><ul class=\"products columns-3\">\n<li class=\"product type-product post-61283 status-publish first instock product_cat-accessoires has-post-thumbnail taxable shipping-taxable purchasable product-type-simple\"   >\n\t<a href=\"https:\/\/go-microdose.com\/fr\/produit\/balance-de-precision\/\" class=\"woocommerce-LoopProduct-link woocommerce-loop-product__link\"><div class=\"image-wrap\"><img decoding=\"async\" width=\"500\" height=\"410\" src=\"https:\/\/go-microdose.com\/wp-content\/uploads\/2022\/11\/PS1-500x410.png\" class=\"attachment-woocommerce_thumbnail size-woocommerce_thumbnail\" alt=\"balance de pr\u00e9cision 2\" srcset=\"https:\/\/go-microdose.com\/wp-content\/uploads\/2022\/11\/PS1-500x410.png 500w, https:\/\/go-microdose.com\/wp-content\/uploads\/2022\/11\/PS1-200x164.png 200w, https:\/\/go-microdose.com\/wp-content\/uploads\/2022\/11\/PS1-1000x820.png 1000w, https:\/\/go-microdose.com\/wp-content\/uploads\/2022\/11\/PS1-300x246.png 300w, https:\/\/go-microdose.com\/wp-content\/uploads\/2022\/11\/PS1-1024x839.png 1024w, https:\/\/go-microdose.com\/wp-content\/uploads\/2022\/11\/PS1-768x630.png 768w, https:\/\/go-microdose.com\/wp-content\/uploads\/2022\/11\/PS1-1536x1259.png 1536w, https:\/\/go-microdose.com\/wp-content\/uploads\/2022\/11\/PS1-2048x1679.png 2048w\" sizes=\"(max-width: 500px) 100vw, 500px\" \/><\/div><div class=\"info-wrap\"><h2 class=\"woocommerce-loop-product__title\">Balance de pr\u00e9cision<\/h2><\/a>\n\t<div class=\"woocommerce-product-rating\">\n\t\t<div class=\"star-rating\" role=\"img\" aria-label=\"Note 5.00 sur 5\"><span style=\"width:100%\">Not\u00e9 <strong class=\"rating\">5.00<\/strong> sur 5 bas\u00e9 sur <span class=\"rating\">1<\/span> notation client<\/span><\/div>\t\t\t\t\t\t\t\t<a href=\"#reviews\" class=\"woocommerce-review-link\" rel=\"nofollow\"><span class=\"count\">1<\/span> avis<\/a>\n\t\t\t\t\t\t<\/div>\n\n<div class=\"short-description\"><ul>\n<li>0 \u00e0 500 g avec une pr\u00e9cision de 0,01 g<\/li>\n<li>\u00e9cran \u00e0 6 chiffres r\u00e9tro\u00e9clair\u00e9 en bleu<\/li>\n<li>lecture en g, oz, tl ou ct<\/li>\n<li>arr\u00eat automatique apr\u00e8s 30 secondes<\/li>\n<li>fonction tare et comptage.<\/li>\n<li>dimensions : longueur 11,5 cm (L) 6 cm (P) 1,8 cm<\/li>\n<li>fonctionne avec 2 piles AAA (incluses)<\/li>\n<li>manuel en anglais.<\/li>\n<\/ul>\n<ul class=\"more\"><li>&amp; plus<\/li><\/ul><\/div><\/div><\/a><div class=\"addto-wrap\">\n\t<span class=\"price\"><span class=\"woocommerce-Price-amount amount\"><bdi><span class=\"woocommerce-Price-currencySymbol\">&#36;<\/span>27,50<\/bdi><\/span><\/span>\n<a href=\"\/fr\/wp-json\/wp\/v2\/pages\/56469?add-to-cart=61283\" aria-describedby=\"woocommerce_loop_add_to_cart_link_describedby_61283\" data-quantity=\"1\" class=\"button product_type_simple add_to_cart_button ajax_add_to_cart\" data-product_id=\"61283\" data-product_sku=\"\" aria-label=\"Ajouter au panier\u00a0: &ldquo;Balance de pr\u00e9cision&rdquo;\" rel=\"nofollow\" data-success_message=\"\u00ab\u00a0Balance de pr\u00e9cision\u00a0\u00bb a \u00e9t\u00e9 ajout\u00e9 \u00e0 votre panier\" role=\"button\">+ Ajouter<\/a>\t<span id=\"woocommerce_loop_add_to_cart_link_describedby_61283\" class=\"screen-reader-text\">\n\t\t\t<\/span>\n<span class=\"gtm4wp_productdata\" style=\"display:none; visibility:hidden;\" data-gtm4wp_product_data=\"{&quot;internal_id&quot;:61283,&quot;item_id&quot;:61283,&quot;item_name&quot;:&quot;Balance de pr\\u00e9cision&quot;,&quot;sku&quot;:61283,&quot;price&quot;:27.5,&quot;stocklevel&quot;:null,&quot;stockstatus&quot;:&quot;instock&quot;,&quot;google_business_vertical&quot;:&quot;retail&quot;,&quot;item_category&quot;:&quot;&quot;,&quot;id&quot;:61283,&quot;productlink&quot;:&quot;https:\\\/\\\/go-microdose.com\\\/fr\\\/produit\\\/balance-de-precision\\\/&quot;,&quot;item_list_name&quot;:&quot;Liste g\\u00e9n\\u00e9rale des produits&quot;,&quot;index&quot;:1,&quot;product_type&quot;:&quot;simple&quot;,&quot;item_brand&quot;:&quot;&quot;}\"><\/span><div class=\"more-info\"><a href=https:\/\/go-microdose.com\/fr\/produit\/balance-de-precision\/>Voir<\/a><\/div><\/div><\/li>\n<li class=\"product type-product post-61349 status-publish instock product_cat-microdosage has-post-thumbnail taxable shipping-taxable purchasable product-type-simple\"   >\n\t<a href=\"https:\/\/go-microdose.com\/fr\/produit\/commence-comme-tu-veux\/\" class=\"woocommerce-LoopProduct-link woocommerce-loop-product__link\"><div class=\"image-wrap\"><img decoding=\"async\" width=\"500\" height=\"410\" src=\"https:\/\/go-microdose.com\/wp-content\/uploads\/2022\/11\/start-as-you-wisht-1-500x410.png\" class=\"attachment-woocommerce_thumbnail size-woocommerce_thumbnail\" alt=\"Microdosage : commence comme tu veux\" srcset=\"https:\/\/go-microdose.com\/wp-content\/uploads\/2022\/11\/start-as-you-wisht-1-500x410.png 500w, https:\/\/go-microdose.com\/wp-content\/uploads\/2022\/11\/start-as-you-wisht-1-300x246.png 300w, https:\/\/go-microdose.com\/wp-content\/uploads\/2022\/11\/start-as-you-wisht-1-1024x839.png 1024w, https:\/\/go-microdose.com\/wp-content\/uploads\/2022\/11\/start-as-you-wisht-1-768x630.png 768w, https:\/\/go-microdose.com\/wp-content\/uploads\/2022\/11\/start-as-you-wisht-1-1536x1259.png 1536w, https:\/\/go-microdose.com\/wp-content\/uploads\/2022\/11\/start-as-you-wisht-1-2048x1679.png 2048w, https:\/\/go-microdose.com\/wp-content\/uploads\/2022\/11\/start-as-you-wisht-1-1000x820.png 1000w, https:\/\/go-microdose.com\/wp-content\/uploads\/2022\/11\/start-as-you-wisht-1-200x164.png 200w\" sizes=\"(max-width: 500px) 100vw, 500px\" \/><\/div><div class=\"info-wrap\"><h2 class=\"woocommerce-loop-product__title\">Commence comme tu veux<\/h2><\/a>\n\t<div class=\"woocommerce-product-rating\">\n\t\t<div class=\"star-rating\" role=\"img\" aria-label=\"Note 5.00 sur 5\"><span style=\"width:100%\">Not\u00e9 <strong class=\"rating\">5.00<\/strong> sur 5 bas\u00e9 sur <span class=\"rating\">14<\/span> notation client<\/span><\/div>\t\t\t\t\t\t\t\t<a href=\"#reviews\" class=\"woocommerce-review-link\" rel=\"nofollow\"><span class=\"count\">14<\/span> avis<\/a>\n\t\t\t\t\t\t<\/div>\n\n<div class=\"short-description\"><ul>\n<li>Une plaquette contient 6 microdoses de truffes de 1 gramme<\/li>\n<li>Truffe : Scl\u00e9rotes de la truffe Mexicana<\/li>\n<li>100 % biologique produit aux Pays-Bas<\/li>\n<li>Au r\u00e9frig\u00e9rateur, les truffes scell\u00e9es peuvent \u00eatre conserv\u00e9es 2 \u00e0 3 mois<\/li>\n<li>1 plaquette suffit pour environ 2 semaines<\/li>\n<li>Guide d\u2019utilisation du microdosage inclus<\/li>\n<li>Nous livrons dans de nombreux pays <strong><a href=\"https:\/\/go-microdose.com\/shipping\/\">(en savoir plus)<\/a><\/strong><\/li>\n<li>Livraison discr\u00e8te possible<\/li>\n<\/ul>\n<ul class=\"more\"><li>&amp; plus<\/li><\/ul><\/div><\/div><\/a><div class=\"addto-wrap\">\n\t<span class=\"price\"><span class=\"woocommerce-Price-amount amount\"><bdi><span class=\"woocommerce-Price-currencySymbol\">&#36;<\/span>21,75<\/bdi><\/span><\/span>\n<span class=\"icon-vegan\">V\u00e9gan<\/span><a href=\"\/fr\/wp-json\/wp\/v2\/pages\/56469?add-to-cart=61349\" aria-describedby=\"woocommerce_loop_add_to_cart_link_describedby_61349\" data-quantity=\"1\" class=\"button product_type_simple add_to_cart_button ajax_add_to_cart\" data-product_id=\"61349\" data-product_sku=\"PSB01\" aria-label=\"Ajouter au panier\u00a0: &ldquo;Commence comme tu veux&rdquo;\" rel=\"nofollow\" data-success_message=\"\u00ab\u00a0Commence comme tu veux\u00a0\u00bb a \u00e9t\u00e9 ajout\u00e9 \u00e0 votre panier\" role=\"button\">+ Ajouter<\/a>\t<span id=\"woocommerce_loop_add_to_cart_link_describedby_61349\" class=\"screen-reader-text\">\n\t\t\t<\/span>\n<span class=\"gtm4wp_productdata\" style=\"display:none; visibility:hidden;\" data-gtm4wp_product_data=\"{&quot;internal_id&quot;:61349,&quot;item_id&quot;:61349,&quot;item_name&quot;:&quot;Commence comme tu veux&quot;,&quot;sku&quot;:&quot;PSB01&quot;,&quot;price&quot;:21.75,&quot;stocklevel&quot;:null,&quot;stockstatus&quot;:&quot;instock&quot;,&quot;google_business_vertical&quot;:&quot;retail&quot;,&quot;item_category&quot;:&quot;Microdosage&quot;,&quot;id&quot;:61349,&quot;productlink&quot;:&quot;https:\\\/\\\/go-microdose.com\\\/fr\\\/produit\\\/commence-comme-tu-veux\\\/&quot;,&quot;item_list_name&quot;:&quot;Liste g\\u00e9n\\u00e9rale des produits&quot;,&quot;index&quot;:2,&quot;product_type&quot;:&quot;simple&quot;,&quot;item_brand&quot;:&quot;&quot;}\"><\/span><div class=\"more-info\"><a href=https:\/\/go-microdose.com\/fr\/produit\/commence-comme-tu-veux\/>Voir<\/a><\/div><\/div><\/li>\n<li class=\"product type-product post-61154 status-publish last instock product_cat-accessoires has-post-thumbnail taxable shipping-taxable purchasable product-type-simple\"   >\n\t<a href=\"https:\/\/go-microdose.com\/fr\/produit\/conteneur-de-poche\/\" class=\"woocommerce-LoopProduct-link woocommerce-loop-product__link\"><div class=\"image-wrap\"><img decoding=\"async\" width=\"500\" height=\"410\" src=\"https:\/\/go-microdose.com\/wp-content\/uploads\/2023\/03\/SH3-Copy-500x410.png\" class=\"attachment-woocommerce_thumbnail size-woocommerce_thumbnail\" alt=\"Conteneur de poche\" srcset=\"https:\/\/go-microdose.com\/wp-content\/uploads\/2023\/03\/SH3-Copy-500x410.png 500w, https:\/\/go-microdose.com\/wp-content\/uploads\/2023\/03\/SH3-Copy-200x164.png 200w, https:\/\/go-microdose.com\/wp-content\/uploads\/2023\/03\/SH3-Copy-1000x820.png 1000w, https:\/\/go-microdose.com\/wp-content\/uploads\/2023\/03\/SH3-Copy-300x246.png 300w, https:\/\/go-microdose.com\/wp-content\/uploads\/2023\/03\/SH3-Copy-1024x839.png 1024w, https:\/\/go-microdose.com\/wp-content\/uploads\/2023\/03\/SH3-Copy-768x630.png 768w, https:\/\/go-microdose.com\/wp-content\/uploads\/2023\/03\/SH3-Copy.png 1220w\" sizes=\"(max-width: 500px) 100vw, 500px\" \/><\/div><div class=\"info-wrap\"><h2 class=\"woocommerce-loop-product__title\">Conteneur de poche<\/h2><\/a><div class=\"short-description\"><ul>\n<li>Conteneur de poche pour diviser tes doses quotidiennes<\/li>\n<li>Contient 3 compartiments d\u00e9vissables<\/li>\n<li>\u00c9tanche \u00e0 l\u2019eau et \u00e0 l\u2019humidit\u00e9<\/li>\n<li>Fabriqu\u00e9 en aluminium robuste<\/li>\n<\/ul>\n<ul class=\"more\"><li>&amp; plus<\/li><\/ul><\/div><\/div><\/a><div class=\"addto-wrap\">\n\t<span class=\"price\"><span class=\"woocommerce-Price-amount amount\"><bdi><span class=\"woocommerce-Price-currencySymbol\">&#36;<\/span>15,75<\/bdi><\/span><\/span>\n<a href=\"\/fr\/wp-json\/wp\/v2\/pages\/56469?add-to-cart=61154\" aria-describedby=\"woocommerce_loop_add_to_cart_link_describedby_61154\" data-quantity=\"1\" class=\"button product_type_simple add_to_cart_button ajax_add_to_cart\" data-product_id=\"61154\" data-product_sku=\"\" aria-label=\"Ajouter au panier\u00a0: &ldquo;Conteneur de poche&rdquo;\" rel=\"nofollow\" data-success_message=\"\u00ab\u00a0Conteneur de poche\u00a0\u00bb a \u00e9t\u00e9 ajout\u00e9 \u00e0 votre panier\" role=\"button\">+ Ajouter<\/a>\t<span id=\"woocommerce_loop_add_to_cart_link_describedby_61154\" class=\"screen-reader-text\">\n\t\t\t<\/span>\n<span class=\"gtm4wp_productdata\" style=\"display:none; visibility:hidden;\" data-gtm4wp_product_data=\"{&quot;internal_id&quot;:61154,&quot;item_id&quot;:61154,&quot;item_name&quot;:&quot;Conteneur de poche&quot;,&quot;sku&quot;:61154,&quot;price&quot;:15.75,&quot;stocklevel&quot;:null,&quot;stockstatus&quot;:&quot;instock&quot;,&quot;google_business_vertical&quot;:&quot;retail&quot;,&quot;item_category&quot;:&quot;Accessoires&quot;,&quot;id&quot;:61154,&quot;productlink&quot;:&quot;https:\\\/\\\/go-microdose.com\\\/fr\\\/produit\\\/conteneur-de-poche\\\/&quot;,&quot;item_list_name&quot;:&quot;Liste g\\u00e9n\\u00e9rale des produits&quot;,&quot;index&quot;:3,&quot;product_type&quot;:&quot;simple&quot;,&quot;item_brand&quot;:&quot;&quot;}\"><\/span><div class=\"more-info\"><a href=https:\/\/go-microdose.com\/fr\/produit\/conteneur-de-poche\/>Voir<\/a><\/div><\/div><\/li>\n<\/ul>\n<\/div>[\/vc_column][\/vc_row][\/vc_section]<\/p>\n<\/div>","protected":false},"excerpt":{"rendered":"<p>[vc_row equal_height=\u00a0\u00bbyes\u00a0\u00bb el_class=\u00a0\u00bbs-mushroom\u00a0\u00bb][vc_column width=\u00a0\u00bb5\/12&Prime;][vc_row_inner el_class=\u00a0\u00bbd-only\u00a0\u00bb][vc_column_inner][vc_custom_heading text=\u00a0\u00bbCALCULATEUR DE DOSAGE\u00a0\u00bb font_container=\u00a0\u00bbtag:div|text_align:left\u00a0\u00bb use_theme_fonts=\u00a0\u00bbyes\u00a0\u00bb el_class=\u00a0\u00bbpr-tag\u00a0\u00bb][vc_custom_heading source=\u00a0\u00bbpost_title\u00a0\u00bb font_container=\u00a0\u00bbtag:h1|text_align:left\u00a0\u00bb use_theme_fonts=\u00a0\u00bbyes\u00a0\u00bb el_class=\u00a0\u00bbeffect-title\u00a0\u00bb][vc_column_text]Utilise notre calculateur de dosage pour identifier la dose optimale de champignons magiques ou de truffes en fonction de ton poids corporel.[\/vc_column_text][\/vc_column_inner][\/vc_row_inner][vc_column_text css=\u00a0\u00bb\u00a0\u00bb el_id=\u00a0\u00bbmore\u00a0\u00bb]Guide d\u2019utilisation du calculateur de dosage Combine les conseils que nous avons fournis pr\u00e9c\u00e9demment avec notre calculateur de [&hellip;]<\/p>\n","protected":false},"author":5548,"featured_media":0,"parent":0,"menu_order":0,"comment_status":"closed","ping_status":"closed","template":"","meta":{"_acf_changed":false,"footnotes":""},"class_list":["post-56469","page","type-page","status-publish","hentry"],"acf":[],"_links":{"self":[{"href":"https:\/\/go-microdose.com\/fr\/wp-json\/wp\/v2\/pages\/56469","targetHints":{"allow":["GET"]}}],"collection":[{"href":"https:\/\/go-microdose.com\/fr\/wp-json\/wp\/v2\/pages"}],"about":[{"href":"https:\/\/go-microdose.com\/fr\/wp-json\/wp\/v2\/types\/page"}],"author":[{"embeddable":true,"href":"https:\/\/go-microdose.com\/fr\/wp-json\/wp\/v2\/users\/5548"}],"replies":[{"embeddable":true,"href":"https:\/\/go-microdose.com\/fr\/wp-json\/wp\/v2\/comments?post=56469"}],"version-history":[{"count":0,"href":"https:\/\/go-microdose.com\/fr\/wp-json\/wp\/v2\/pages\/56469\/revisions"}],"wp:attachment":[{"href":"https:\/\/go-microdose.com\/fr\/wp-json\/wp\/v2\/media?parent=56469"}],"curies":[{"name":"wp","href":"https:\/\/api.w.org\/{rel}","templated":true}]}}