{"id":56537,"date":"2026-03-25T11:19:15","date_gmt":"2026-03-25T10:19:15","guid":{"rendered":"https:\/\/go-microdose.com\/avis-de-non-responsabilite-medicale\/"},"modified":"2026-03-27T09:12:00","modified_gmt":"2026-03-27T08:12:00","slug":"avis-de-non-responsabilite-medicale","status":"publish","type":"page","link":"https:\/\/go-microdose.com\/fr\/avis-de-non-responsabilite-medicale\/","title":{"rendered":"Avis de non-responsabilit\u00e9 m\u00e9dicale"},"content":{"rendered":"<div class=\"wpb-content-wrapper\"><p>[vc_section][vc_row][vc_column][vc_custom_heading text=\u00a0\u00bbAvis de non-responsabilit\u00e9 m\u00e9dicale\u00a0\u00bb font_container=\u00a0\u00bbtag:h1|text_align:center\u00a0\u00bb use_theme_fonts=\u00a0\u00bbyes\u00a0\u00bb el_class=\u00a0\u00bbeffect-title\u00a0\u00bb][vc_column_text]Les informations fournies sur ce site web le sont uniquement \u00e0 des fins \u00e9ducatives et informatives et ne sont pas destin\u00e9es \u00e0 remplacer un avis m\u00e9dical professionnel, un diagnostic ou un traitement. L\u2019utilisation du microdosage de truffes ou de tout autre r\u00e9gime de sant\u00e9 doit toujours faire l\u2019objet d\u2019une discussion avec un professionnel de la sant\u00e9 qualifi\u00e9. <\/p>\n<p>Le contenu de ce site web n\u2019est pas destin\u00e9 \u00e0 remplacer un avis m\u00e9dical professionnel, un diagnostic ou un traitement. Demande toujours l\u2019avis de ton m\u00e9decin ou d\u2019un autre professionnel de la sant\u00e9 qualifi\u00e9 pour toute question relative \u00e0 un probl\u00e8me de sant\u00e9 ou \u00e0 un traitement, et avant d\u2019entreprendre un nouveau r\u00e9gime de soins de sant\u00e9. <\/p>\n<p>Les informations figurant sur ce site web ne constituent pas un avis m\u00e9dical et ne sont pas destin\u00e9es \u00e0 diagnostiquer, traiter, gu\u00e9rir ou pr\u00e9venir une quelconque maladie. L\u2019utilisation du microdosage de truffes ou de tout autre r\u00e9gime de sant\u00e9 peut pr\u00e9senter des risques potentiels et ne doit \u00eatre entreprise qu\u2019avec les conseils d\u2019un professionnel de la sant\u00e9 qualifi\u00e9. <\/p>\n<p>Toute confiance que tu accordes aux informations pr\u00e9sent\u00e9es sur ce site web est \u00e0 tes propres risques. Le propri\u00e9taire du site et ses contributeurs ne pourront \u00eatre tenus responsables des erreurs, omissions ou inexactitudes dans le contenu, ni des mesures prises sur la base de celui-ci. <\/p>\n<p>Consulte toujours un professionnel de la sant\u00e9 qualifi\u00e9 avant d\u2019apporter des modifications \u00e0 ton r\u00e9gime alimentaire, \u00e0 ta routine d\u2019exercice ou \u00e0 ton traitement m\u00e9dicamenteux. Ne n\u00e9glige jamais un avis m\u00e9dical professionnel et ne tarde pas \u00e0 en demander un \u00e0 cause de quelque chose que tu as lu sur ce site web. <\/p>\n<p>En utilisant ce site web, tu reconnais avoir lu cet avis de non-responsabilit\u00e9 et tu en acceptes les conditions.[\/vc_column_text][\/vc_column][\/vc_row][\/vc_section]<\/p>\n<\/div>","protected":false},"excerpt":{"rendered":"<p>[vc_section][vc_row][vc_column][vc_custom_heading text=\u00a0\u00bbAvis de non-responsabilit\u00e9 m\u00e9dicale\u00a0\u00bb font_container=\u00a0\u00bbtag:h1|text_align:center\u00a0\u00bb use_theme_fonts=\u00a0\u00bbyes\u00a0\u00bb el_class=\u00a0\u00bbeffect-title\u00a0\u00bb][vc_column_text]Les informations fournies sur ce site web le sont uniquement \u00e0 des fins \u00e9ducatives et informatives et ne sont pas destin\u00e9es \u00e0 remplacer un avis m\u00e9dical professionnel, un diagnostic ou un traitement. L\u2019utilisation du microdosage de truffes ou de tout autre r\u00e9gime de sant\u00e9 doit toujours faire l\u2019objet [&hellip;]<\/p>\n","protected":false},"author":5548,"featured_media":0,"parent":0,"menu_order":0,"comment_status":"closed","ping_status":"open","template":"page-content.php","meta":{"_acf_changed":false,"footnotes":""},"class_list":["post-56537","page","type-page","status-publish","hentry"],"acf":[],"_links":{"self":[{"href":"https:\/\/go-microdose.com\/fr\/wp-json\/wp\/v2\/pages\/56537","targetHints":{"allow":["GET"]}}],"collection":[{"href":"https:\/\/go-microdose.com\/fr\/wp-json\/wp\/v2\/pages"}],"about":[{"href":"https:\/\/go-microdose.com\/fr\/wp-json\/wp\/v2\/types\/page"}],"author":[{"embeddable":true,"href":"https:\/\/go-microdose.com\/fr\/wp-json\/wp\/v2\/users\/5548"}],"replies":[{"embeddable":true,"href":"https:\/\/go-microdose.com\/fr\/wp-json\/wp\/v2\/comments?post=56537"}],"version-history":[{"count":0,"href":"https:\/\/go-microdose.com\/fr\/wp-json\/wp\/v2\/pages\/56537\/revisions"}],"wp:attachment":[{"href":"https:\/\/go-microdose.com\/fr\/wp-json\/wp\/v2\/media?parent=56537"}],"curies":[{"name":"wp","href":"https:\/\/api.w.org\/{rel}","templated":true}]}}