{"id":56610,"date":"2026-03-25T11:20:05","date_gmt":"2026-03-25T10:20:05","guid":{"rendered":"https:\/\/go-microdose.com\/conditions-generales\/"},"modified":"2026-03-30T09:23:53","modified_gmt":"2026-03-30T07:23:53","slug":"conditions-dutilisation-du-programme-daffiliation-go","status":"publish","type":"page","link":"https:\/\/go-microdose.com\/fr\/conditions-dutilisation-du-programme-daffiliation-go\/","title":{"rendered":"Conditions d\u2019utilisation du programme d\u2019affiliation GO"},"content":{"rendered":"<h1>Conditions d\u2019utilisation du programme d\u2019affiliation GO<\/h1>\n<h2>Accord<\/h2>\n<p>En t\u2019inscrivant pour devenir affili\u00e9 au programme d\u2019affiliation GO (\u00ab Programme \u00bb), tu acceptes d\u2019\u00eatre li\u00e9 par les conditions g\u00e9n\u00e9rales suivantes (\u00ab Conditions d\u2019utilisation \u00bb).<\/p>\n<p><strong>GO<\/strong> se r\u00e9serve le droit de mettre \u00e0 jour et de modifier les Conditions d\u2019utilisation de temps \u00e0 autre sans pr\u00e9avis. Toute nouvelle fonctionnalit\u00e9 qui augmente ou am\u00e9liore le Programme actuel, y compris la sortie de nouveaux outils et ressources, sera soumise aux Conditions d\u2019utilisation. L\u2019utilisation continue du Programme apr\u00e8s de tels changements constitue ton consentement \u00e0 ces modifications.<\/p>\n<p>La violation de l\u2019une des conditions ci-dessous entra\u00eenera la r\u00e9siliation de ton compte et la perte de tout paiement de commission d\u2019affiliation en attente gagn\u00e9 pendant la violation. Tu acceptes d\u2019utiliser le programme d\u2019affiliation \u00e0 tes propres risques.<\/p>\n<h2>Conditions du compte<\/h2>\n<ul>\n<li>Tu dois avoir 18 ans ou plus pour faire partie de ce Programme.<\/li>\n<li>Tu dois r\u00e9sider aux \u00c9tats-Unis pour \u00eatre affili\u00e9.<\/li>\n<li>Tu dois \u00eatre un \u00eatre humain. Les comptes enregistr\u00e9s par des \u00ab bots \u00bb ou d\u2019autres m\u00e9thodes automatis\u00e9es ne sont pas autoris\u00e9s.<\/li>\n<li>Tu dois fournir ton nom complet l\u00e9gal, une adresse e-mail valide et toute autre information demand\u00e9e afin de compl\u00e9ter le processus d\u2019inscription.<\/li>\n<li>Tes identifiants ne peuvent \u00eatre utilis\u00e9s que par une seule personne \u2014 un identifiant unique partag\u00e9 par plusieurs personnes n\u2019est pas autoris\u00e9.<\/li>\n<li>Tu es responsable du maintien de la s\u00e9curit\u00e9 de ton compte et de ton mot de passe. <strong>GO<\/strong> ne peut pas et ne sera pas responsable de toute perte ou dommage r\u00e9sultant de ton manquement \u00e0 cette obligation de s\u00e9curit\u00e9.<\/li>\n<li>Tu es responsable de tout le contenu publi\u00e9 et de l\u2019activit\u00e9 qui se produit sous ton compte.<\/li>\n<li>Une personne physique ou morale ne peut pas d\u00e9tenir plus d\u2019un compte.<\/li>\n<li>Tu ne peux pas utiliser le programme d\u2019affiliation \u00e0 des fins ill\u00e9gales ou non autoris\u00e9es. Tu ne dois pas, dans le cadre de l\u2019utilisation du Service, violer les lois de ta juridiction (y compris, mais sans s\u2019y limiter, les lois sur le droit d\u2019auteur).<\/li>\n<li>Tu ne peux pas utiliser le programme d\u2019affiliation pour gagner de l\u2019argent sur tes propres comptes de produits <strong>GO<\/strong>.<\/li>\n<\/ul>\n<h2>Liens\/graphiques sur ton site, dans tes e-mails ou autres communications<\/h2>\n<p>Une fois inscrit au programme d\u2019affiliation, un code d\u2019affili\u00e9 unique te sera attribu\u00e9. Tu es autoris\u00e9 \u00e0 placer des liens, des banni\u00e8res ou d\u2019autres graphiques que nous fournissons avec ton code d\u2019affili\u00e9 sur ton site, dans tes e-mails ou dans d\u2019autres communications. Nous te fournirons des directives, des styles de liens et des \u00e9l\u00e9ments graphiques \u00e0 utiliser pour cr\u00e9er des liens vers <strong>GO<\/strong>. Nous pouvons modifier la conception des \u00e9l\u00e9ments graphiques \u00e0 tout moment sans pr\u00e9avis, mais nous ne modifierons pas les dimensions des images sans pr\u00e9avis ad\u00e9quat.<\/p>\n<p>Pour permettre un suivi pr\u00e9cis, des rapports et le cumul des frais de recommandation, nous te fournirons des formats de liens sp\u00e9ciaux \u00e0 utiliser dans tous les liens entre ton site et <strong>GO<\/strong>. Tu dois t\u2019assurer que chacun des liens entre ton site et <strong>GO<\/strong> utilise correctement ces formats de liens sp\u00e9ciaux. Les liens vers <strong>GO<\/strong> plac\u00e9s sur ton site conform\u00e9ment au pr\u00e9sent Accord et qui utilisent correctement ces formats de liens sp\u00e9ciaux sont appel\u00e9s \u00ab Liens sp\u00e9ciaux \u00bb. Tu ne gagneras des frais de recommandation que pour les ventes d\u2019un produit <strong>GO<\/strong> effectu\u00e9es directement via des Liens sp\u00e9ciaux ; nous ne serons pas responsables envers toi en cas d\u2019\u00e9chec de ta part ou de la part d\u2019une personne que tu as recommand\u00e9e \u00e0 utiliser des Liens sp\u00e9ciaux ou en cas de saisie incorrecte de ton code d\u2019affili\u00e9, y compris dans la mesure o\u00f9 un tel \u00e9chec pourrait entra\u00eener une r\u00e9duction des montants qui te seraient autrement vers\u00e9s conform\u00e9ment au pr\u00e9sent Accord.<\/p>\n<p>Les liens d\u2019affiliation doivent pointer vers la page du produit promu.<\/p>\n<h2>Frais de recommandation\/commissions et paiement<\/h2>\n<p>Pour qu\u2019une vente de produit soit \u00e9ligible \u00e0 des frais de recommandation, le client doit cliquer sur un Lien sp\u00e9cial depuis ton site, ton e-mail ou d\u2019autres communications vers <strong>https:\/\/go-microdose.com<\/strong> et finaliser une commande de produit au cours de cette session.<\/p>\n<p>Nous ne paierons des commissions que sur les liens qui sont automatiquement suivis et signal\u00e9s par nos syst\u00e8mes. Nous ne paierons pas de commissions si quelqu\u2019un dit avoir achet\u00e9 ou si quelqu\u2019un dit avoir saisi un code de recommandation s\u2019il n\u2019a pas \u00e9t\u00e9 suivi par notre syst\u00e8me. Nous ne pouvons payer des commissions que sur les activit\u00e9s g\u00e9n\u00e9r\u00e9es par des liens sp\u00e9ciaux correctement format\u00e9s qui ont \u00e9t\u00e9 automatiquement suivis par nos syst\u00e8mes.<\/p>\n<p>Nous nous r\u00e9servons le droit de disqualifier les commissions gagn\u00e9es par des m\u00e9thodes de vente ou de marketing frauduleuses, ill\u00e9gales ou trop agressives et douteuses.<\/p>\n<p>Les paiements ne commencent que lorsque tu as gagn\u00e9 plus de <strong>20 $<\/strong> de revenus d\u2019affiliation. Si ton compte d\u2019affili\u00e9 ne franchit jamais le seuil de <strong>20 $<\/strong>, tes commissions ne seront ni r\u00e9alis\u00e9es ni pay\u00e9es. Nous ne sommes responsables que du paiement des comptes ayant franchi le seuil de <strong>20 $<\/strong>.<\/p>\n<h2>S\u2019identifier en tant qu\u2019affili\u00e9 GO<\/h2>\n<p>Tu ne peux publier aucun communiqu\u00e9 de presse concernant le pr\u00e9sent Accord ou ta participation au Programme ; une telle action peut entra\u00eener ton exclusion du Programme. De plus, tu ne peux en aucun cas d\u00e9former ou embellir la relation entre nous et toi, dire que tu d\u00e9veloppes nos produits, dire que tu fais partie de <strong>GO<\/strong> ou exprimer ou sugg\u00e9rer toute relation ou affiliation entre nous et toi ou toute autre personne ou entit\u00e9, sauf indication expresse dans le pr\u00e9sent Accord (y compris en exprimant ou en sugg\u00e9rant que nous soutenons, parrainons, approuvons ou contribuons financi\u00e8rement \u00e0 une \u0153uvre de bienfaisance ou \u00e0 toute autre cause).<\/p>\n<p>Tu ne peux pas acheter de produits via tes liens d\u2019affiliation pour ton propre usage. De tels achats peuvent entra\u00eener (\u00e0 notre seule discr\u00e9tion) la retenue des frais de recommandation et\/ou la r\u00e9siliation du pr\u00e9sent Accord.<\/p>\n<h2>Calendrier de paiement<\/h2>\n<p>Tant que tes gains d\u2019affiliation actuels sont sup\u00e9rieurs \u00e0 <strong>20 $<\/strong>, tu seras pay\u00e9 chaque mois. Si tu n\u2019as pas gagn\u00e9 <strong>20 $<\/strong> depuis ton dernier paiement, nous te paierons le mois suivant apr\u00e8s que tu auras franchi le seuil.<\/p>\n<h2>D\u00e9finition du client<\/h2>\n<p>Les clients qui ach\u00e8tent des produits via ce Programme seront consid\u00e9r\u00e9s comme nos clients. En cons\u00e9quence, toutes nos r\u00e8gles, politiques et proc\u00e9dures op\u00e9rationnelles concernant les commandes des clients, le service client et les ventes de produits s\u2019appliqueront \u00e0 ces clients. Nous pouvons modifier nos politiques et proc\u00e9dures op\u00e9rationnelles \u00e0 tout moment. Par exemple, nous d\u00e9terminerons les prix \u00e0 facturer pour les produits vendus dans le cadre de ce Programme conform\u00e9ment \u00e0 nos propres politiques de prix. Les prix et la disponibilit\u00e9 des produits peuvent varier de temps \u00e0 autre. \u00c9tant donn\u00e9 que les changements de prix peuvent affecter les produits que tu as list\u00e9s sur ton site, tu ne devrais pas afficher les prix des produits sur ton site. Nous d\u00e9ploierons des efforts commercialement raisonnables pour pr\u00e9senter des informations pr\u00e9cises, mais nous ne pouvons garantir la disponibilit\u00e9 ou le prix d\u2019un produit particulier.<\/p>\n<h2>Tes responsabilit\u00e9s<\/h2>\n<p>Tu seras seul responsable du d\u00e9veloppement, de l\u2019exploitation et de la maintenance de ton site et de tous les \u00e9l\u00e9ments qui y apparaissent. Par exemple, tu seras seul responsable de :<\/p>\n<p>\u2013 Le fonctionnement technique de ton site et de tous les \u00e9quipements connexes<br \/>\n\u2013 S\u2019assurer que l\u2019affichage des Liens sp\u00e9ciaux sur ton site ne viole aucun accord entre toi et un tiers (y compris, sans s\u2019y limiter, toute restriction ou exigence impos\u00e9e par un tiers qui h\u00e9berge ton site)<br \/>\n\u2013 L\u2019exactitude, la v\u00e9racit\u00e9 et le caract\u00e8re appropri\u00e9 des documents publi\u00e9s sur ton site (y compris, entre autres, tous les documents relatifs aux produits et toute information que tu inclus dans les Liens sp\u00e9ciaux ou que tu y associes)<br \/>\n\u2013 S\u2019assurer que les documents publi\u00e9s sur ton site ne violent pas ou n\u2019enfreignent pas les droits d\u2019un tiers (y compris, par exemple, les droits d\u2019auteur, les marques de commerce, la vie priv\u00e9e ou d\u2019autres droits personnels ou de propri\u00e9t\u00e9)<br \/>\n\u2013 S\u2019assurer que les documents publi\u00e9s sur ton site ne sont pas diffamatoires ou autrement ill\u00e9gaux<br \/>\n\u2013 S\u2019assurer que ton site divulgue de mani\u00e8re pr\u00e9cise et ad\u00e9quate, par le biais d\u2019une politique de confidentialit\u00e9 ou autrement, comment tu collectes, utilises, stockes et divulgues les donn\u00e9es collect\u00e9es aupr\u00e8s des visiteurs, y compris, le cas \u00e9ch\u00e9ant, que des tiers (y compris des annonceurs) peuvent diffuser du contenu et\/ou des publicit\u00e9s et collecter des informations directement aupr\u00e8s des visiteurs et peuvent placer ou reconna\u00eetre des cookies sur les navigateurs des visiteurs.<\/p>\n<h2>Conformit\u00e9 aux lois<\/h2>\n<p>Comme condition \u00e0 ta participation au Programme, tu acceptes de te conformer, tant que tu es participant au Programme, \u00e0 toutes les lois, ordonnances, r\u00e8gles, r\u00e8glements, ordonnances, licences, permis, jugements, d\u00e9cisions ou autres exigences de toute autorit\u00e9 gouvernementale ayant juridiction sur toi, que ces lois, etc. soient actuellement en vigueur ou entrent en vigueur ult\u00e9rieurement pendant la p\u00e9riode o\u00f9 tu es participant au Programme. Sans limiter l\u2019obligation qui pr\u00e9c\u00e8de, tu acceptes, comme condition de ta participation au Programme, de te conformer \u00e0 toutes les lois applicables (f\u00e9d\u00e9rales, \u00e9tatiques ou autres) qui r\u00e9gissent l\u2019e-mail marketing, y compris, sans s\u2019y limiter, la loi CAN-SPAM de 2003 et toutes les autres lois anti-spam.<\/p>\n<h2>Dur\u00e9e de l\u2019Accord et du Programme<\/h2>\n<p>La dur\u00e9e du pr\u00e9sent Accord commencera d\u00e8s notre acceptation de ta demande de participation au Programme et se terminera lorsqu\u2019il sera r\u00e9sili\u00e9 par l\u2019une ou l\u2019autre des parties. Toi ou nous pouvons r\u00e9silier le pr\u00e9sent Accord \u00e0 tout moment, avec ou sans motif, en donnant \u00e0 l\u2019autre partie un pr\u00e9avis \u00e9crit de r\u00e9siliation. D\u00e8s la r\u00e9siliation du pr\u00e9sent Accord pour quelque raison que ce soit, tu cesseras imm\u00e9diatement d\u2019utiliser et retireras de ton site tous les liens vers <strong>https:\/\/go-microdose.com<\/strong>, ainsi que toutes nos marques de commerce, pr\u00e9sentations commerciales et logos, et tous les autres documents fournis par nous ou en notre nom conform\u00e9ment aux pr\u00e9sentes ou en relation avec le Programme. <strong>GO<\/strong> se r\u00e9serve le droit de mettre fin au Programme \u00e0 tout moment. \u00c0 la fin du programme, <strong>GO<\/strong> paiera tous les gains en attente accumul\u00e9s au-dessus de <strong>20 $<\/strong>.<\/p>\n<h2>R\u00e9siliation<\/h2>\n<p><strong>GO<\/strong>, \u00e0 sa seule discr\u00e9tion, a le droit de suspendre ou de r\u00e9silier ton compte et de refuser toute utilisation actuelle ou future du Programme, ou de tout autre service <strong>GO<\/strong>, pour quelque raison que ce soit et \u00e0 tout moment. Une telle r\u00e9siliation du Service entra\u00eenera la d\u00e9sactivation ou la suppression de ton compte ou de ton acc\u00e8s \u00e0 ton compte, ainsi que la confiscation et l\u2019abandon de toutes les commissions potentielles ou \u00e0 payer sur ton compte si elles ont \u00e9t\u00e9 gagn\u00e9es par des m\u00e9thodes de vente ou de marketing frauduleuses, ill\u00e9gales ou trop agressives et douteuses. <strong>GO<\/strong> se r\u00e9serve le droit de refuser le service \u00e0 n\u2019importe qui, pour n\u2019importe quelle raison et \u00e0 tout moment.<\/p>\n<h2>Relation entre les parties<\/h2>\n<p>Toi et nous sommes des entrepreneurs ind\u00e9pendants, et rien dans le pr\u00e9sent Accord ne cr\u00e9era de partenariat, de coentreprise, d\u2019agence, de franchise, de repr\u00e9sentant commercial ou de relation d\u2019emploi entre les parties. Tu n\u2019auras aucune autorit\u00e9 pour faire ou accepter des offres ou des repr\u00e9sentations en notre nom. Tu ne feras aucune d\u00e9claration, que ce soit sur ton site ou autrement, qui contredirait raisonnablement quoi que ce soit dans cette section.<\/p>\n<h2>Limitations de responsabilit\u00e9<\/h2>\n<p>Nous ne serons pas responsables des dommages indirects, sp\u00e9ciaux ou cons\u00e9cutifs (ou de toute perte de revenus, de profits ou de donn\u00e9es) survenant en relation avec le pr\u00e9sent Accord ou le Programme, m\u00eame si nous avons \u00e9t\u00e9 inform\u00e9s de la possibilit\u00e9 de tels dommages. De plus, notre responsabilit\u00e9 globale d\u00e9coulant du pr\u00e9sent Accord et du Programme ne d\u00e9passera pas le total des frais de recommandation pay\u00e9s ou payables en vertu du pr\u00e9sent Accord.<\/p>\n<h2>Exclusions de garantie<\/h2>\n<p>Nous ne donnons aucune garantie ou repr\u00e9sentation expresse ou implicite concernant le Programme ou tout produit vendu par le biais du Programme (y compris, sans s\u2019y limiter, les garanties d\u2019ad\u00e9quation, de qualit\u00e9 marchande, de non-contrefa\u00e7on ou toute garantie implicite d\u00e9coulant d\u2019un cours d\u2019ex\u00e9cution, de n\u00e9gociation ou d\u2019usage commercial). De plus, nous ne garantissons pas que le fonctionnement de <strong>GO<\/strong> sera ininterrompu ou sans erreur, et nous ne serons pas responsables des cons\u00e9quences de toute interruption ou erreur.<\/p>\n<h2>Enqu\u00eate ind\u00e9pendante<\/h2>\n<p>TU RECONNAIS AVOIR LU LE PR\u00c9SENT ACCORD ET ACCEPTER TOUTES SES CONDITIONS G\u00c9N\u00c9RALES. TU COMPRENDS QUE NOUS POUVONS \u00c0 TOUT MOMENT (DIRECTEMENT OU INDIRECTEMENT) SOLLICITER DES RECOMMANDATIONS DE CLIENTS \u00c0 DES CONDITIONS QUI PEUVENT DIFF\u00c9RER DE CELLES CONTENUES DANS LE PR\u00c9SENT ACCORD OU EXPLOITER DES SITES WEB SIMILAIRES OU CONCURRENTS AU TIEN. TU AS \u00c9VALU\u00c9 DE MANI\u00c8RE IND\u00c9PENDANTE L\u2019OPPORTUNIT\u00c9 DE PARTICIPER AU PROGRAMME ET TU NE TE FIES \u00c0 AUCUNE REPR\u00c9SENTATION, GARANTIE OU D\u00c9CLARATION AUTRE QUE CELLES \u00c9NONC\u00c9ES DANS LE PR\u00c9SENT ACCORD.<\/p>\n<h2>Arbitrage<\/h2>\n<p>Tout litige relatif de quelque mani\u00e8re que ce soit au pr\u00e9sent Accord (y compris toute violation r\u00e9elle ou pr\u00e9sum\u00e9e des pr\u00e9sentes), \u00e0 toute transaction ou activit\u00e9 en vertu du pr\u00e9sent Accord ou \u00e0 ta relation avec nous ou l\u2019un de nos affili\u00e9s sera soumis \u00e0 un arbitrage confidentiel, sauf que, dans la mesure o\u00f9 tu as de quelque mani\u00e8re que ce soit viol\u00e9 ou menac\u00e9 de violer nos droits de propri\u00e9t\u00e9 intellectuelle, nous pouvons demander une injonction ou une autre mesure appropri\u00e9e dans tout tribunal d\u2019\u00c9tat ou f\u00e9d\u00e9ral (et tu consens \u00e0 la juridiction non exclusive et au lieu de juridiction de ces tribunaux) ou tout autre tribunal comp\u00e9tent. L\u2019arbitrage en vertu du pr\u00e9sent accord sera men\u00e9 selon les r\u00e8gles alors en vigueur de l\u2019American Arbitration Association. La sentence de l\u2019arbitre sera contraignante et pourra \u00eatre inscrite comme un jugement dans tout tribunal comp\u00e9tent. Dans toute la mesure permise par la loi applicable, aucun arbitrage en vertu du pr\u00e9sent Accord ne sera joint \u00e0 un arbitrage impliquant une autre partie soumise au pr\u00e9sent Accord, que ce soit par le biais d\u2019une proc\u00e9dure d\u2019arbitrage collectif ou autrement.<\/p>\n<h2>Divers<\/h2>\n<p>Le pr\u00e9sent Accord sera r\u00e9gi par les lois des \u00c9tats-Unis, sans r\u00e9f\u00e9rence aux r\u00e8gles r\u00e9gissant le choix des lois. Tu ne peux pas c\u00e9der le pr\u00e9sent Accord, par l\u2019effet de la loi ou autrement, sans notre consentement \u00e9crit pr\u00e9alable. Sous r\u00e9serve de cette restriction, le pr\u00e9sent Accord sera contraignant, s\u2019appliquera au b\u00e9n\u00e9fice de et sera ex\u00e9cutoire contre les parties et leurs successeurs et ayants droit respectifs. Notre manquement \u00e0 exiger la stricte ex\u00e9cution de toute disposition du pr\u00e9sent Accord ne constituera pas une renonciation \u00e0 notre droit d\u2019appliquer ult\u00e9rieurement cette disposition ou toute autre disposition du pr\u00e9sent Accord.<\/p>\n<p>Le fait que <strong>GO<\/strong> n\u2019exerce pas ou n\u2019applique pas un droit ou une disposition des Conditions d\u2019utilisation ne constitue pas une renonciation \u00e0 ce droit ou \u00e0 cette disposition. Les Conditions d\u2019utilisation constituent l\u2019int\u00e9gralit\u00e9 de l\u2019accord entre toi et <strong>GO<\/strong> et r\u00e9gissent ton utilisation du Service, rempla\u00e7ant tout accord ant\u00e9rieur entre toi et <strong>GO<\/strong> (y compris, mais sans s\u2019y limiter, toute version ant\u00e9rieure des Conditions d\u2019utilisation).<\/p>\n","protected":false},"excerpt":{"rendered":"<p>Conditions d\u2019utilisation du programme d\u2019affiliation GO Accord En t\u2019inscrivant pour devenir affili\u00e9 au programme d\u2019affiliation GO (\u00ab Programme \u00bb), tu acceptes d\u2019\u00eatre li\u00e9 par les conditions g\u00e9n\u00e9rales suivantes (\u00ab Conditions d\u2019utilisation \u00bb). GO se r\u00e9serve le droit de mettre \u00e0 jour et de modifier les Conditions d\u2019utilisation de temps \u00e0 autre sans pr\u00e9avis. Toute nouvelle [&hellip;]<\/p>\n","protected":false},"author":5548,"featured_media":0,"parent":0,"menu_order":0,"comment_status":"closed","ping_status":"closed","template":"","meta":{"_acf_changed":false,"footnotes":""},"class_list":["post-56610","page","type-page","status-publish","hentry"],"acf":[],"_links":{"self":[{"href":"https:\/\/go-microdose.com\/fr\/wp-json\/wp\/v2\/pages\/56610","targetHints":{"allow":["GET"]}}],"collection":[{"href":"https:\/\/go-microdose.com\/fr\/wp-json\/wp\/v2\/pages"}],"about":[{"href":"https:\/\/go-microdose.com\/fr\/wp-json\/wp\/v2\/types\/page"}],"author":[{"embeddable":true,"href":"https:\/\/go-microdose.com\/fr\/wp-json\/wp\/v2\/users\/5548"}],"replies":[{"embeddable":true,"href":"https:\/\/go-microdose.com\/fr\/wp-json\/wp\/v2\/comments?post=56610"}],"version-history":[{"count":0,"href":"https:\/\/go-microdose.com\/fr\/wp-json\/wp\/v2\/pages\/56610\/revisions"}],"wp:attachment":[{"href":"https:\/\/go-microdose.com\/fr\/wp-json\/wp\/v2\/media?parent=56610"}],"curies":[{"name":"wp","href":"https:\/\/api.w.org\/{rel}","templated":true}]}}