{"id":56644,"date":"2026-03-25T11:20:26","date_gmt":"2026-03-25T10:20:26","guid":{"rendered":"https:\/\/go-microdose.com\/comment-ca-marche\/"},"modified":"2026-03-27T09:13:52","modified_gmt":"2026-03-27T08:13:52","slug":"comment-ca-marche","status":"publish","type":"page","link":"https:\/\/go-microdose.com\/fr\/comment-ca-marche\/","title":{"rendered":"Comment \u00e7a marche"},"content":{"rendered":"<div class=\"wpb-content-wrapper\"><p>[vc_section full_width=\u00a0\u00bbstretch_row_content\u00a0\u00bb full_height=\u00a0\u00bbyes\u00a0\u00bb el_class=\u00a0\u00bbeffect-main-section hoe-het-main-section\u00a0\u00bb css=\u00a0\u00bb.vc_custom_1640248116192{padding-bottom: 0px !important;}\u00a0\u00bb][vc_row full_height=\u00a0\u00bbyes\u00a0\u00bb css_animation=\u00a0\u00bbnone\u00a0\u00bb el_class=\u00a0\u00bbhoe-het-werkt-row\u00a0\u00bb][vc_column el_class=\u00a0\u00bbcontainer\u00a0\u00bb][vc_row_inner content_placement=\u00a0\u00bbmiddle\u00a0\u00bb el_class=\u00a0\u00bbrow-reverse\u00a0\u00bb][vc_column_inner el_class=\u00a0\u00bbhoe-het-werkt-image-column\u00a0\u00bb width=\u00a0\u00bb1\/2&Prime;][vc_single_image image=\u00a0\u00bb56652&Prime; img_size=\u00a0\u00bbfull\u00a0\u00bb css_animation=\u00a0\u00bbnone\u00a0\u00bb el_class=\u00a0\u00bbimage-with-shadow\u00a0\u00bb][vc_single_image image=\u00a0\u00bb56383&Prime; img_size=\u00a0\u00bb248X248&Prime; el_class=\u00a0\u00bbfix-image\u00a0\u00bb][\/vc_column_inner][vc_column_inner width=\u00a0\u00bb1\/2&Prime;][vc_custom_heading text=\u00a0\u00bbExplication\u00a0\u00bb font_container=\u00a0\u00bbtag:h5|text_align:left|color:%23b1aca7&Prime; use_theme_fonts=\u00a0\u00bbyes\u00a0\u00bb css_animation=\u00a0\u00bbnone\u00a0\u00bb el_class=\u00a0\u00bbpr-tag\u00a0\u00bb][vc_custom_heading text=\u00a0\u00bbComment microdoser ?\u00a0\u00bb font_container=\u00a0\u00bbtag:h2|text_align:left|color:%23000000&Prime; use_theme_fonts=\u00a0\u00bbyes\u00a0\u00bb css_animation=\u00a0\u00bbnone\u00a0\u00bb el_class=\u00a0\u00bbeffect-title\u00a0\u00bb][vc_column_text css_animation=\u00a0\u00bbnone\u00a0\u00bb el_class=\u00a0\u00bbeffect-description\u00a0\u00bb]Curieux de microdoser avec des truffes ? Notre approche structur\u00e9e te simplifie la t\u00e2che. Choisis parmi nos trois parcours con\u00e7us pour les d\u00e9butants, les utilisateurs exp\u00e9riment\u00e9s et les passionn\u00e9s avanc\u00e9s, chacun offrant une voie pour explorer les bienfaits du microdosage. Que tu recherches une productivit\u00e9 accrue ou que tu souhaites am\u00e9liorer tes performances, nos parcours te fournissent le cadre pour atteindre tes objectifs.   <\/p>\n<p>D\u00e9couvre le programme optimal pour les jours de microdosage et de non-microdosage au sein de nos parcours. Apr\u00e8s avoir termin\u00e9 2 mois de parcours, pr\u00e9vois une p\u00e9riode de repos de 2 \u00e0 4 semaines pour \u00e9viter l\u2019accumulation de tol\u00e9rance, t\u2019assurant ainsi de pouvoir pleinement ressentir les effets rajeunissants lors de la reprise. <\/p>\n<p>Bien que l\u2019inscription \u00e0 un parcours offre l\u2019exp\u00e9rience la plus compl\u00e8te, des produits individuels sont \u00e9galement disponibles \u00e0 l\u2019achat, offrant une flexibilit\u00e9 pour adapter ton parcours de microdosage selon tes pr\u00e9f\u00e9rences. Choisis entre nos options autonomes ou opte pour un parcours de 6 ou 12 mois pour un soutien et des avantages prolong\u00e9s.[\/vc_column_text][\/vc_column_inner][\/vc_row_inner][\/vc_column][\/vc_row][vc_row el_class=\u00a0\u00bbmove-next-section\u00a0\u00bb][vc_column el_class=\u00a0\u00bbcontainer\u00a0\u00bb][vc_btn title=\u00a0\u00bbQuel parcours te convient le mieux ?\u00a0\u00bb style=\u00a0\u00bbflat\u00a0\u00bb color=\u00a0\u00bbblack\u00a0\u00bb link=\u00a0\u00bburl:%23choices|\u00a0\u00bb][\/vc_column][\/vc_row][\/vc_section][vc_section full_width=\u00a0\u00bbstretch_row_content\u00a0\u00bb el_class=\u00a0\u00bbbutton-section pdf-section\u00a0\u00bb css=\u00a0\u00bb.vc_custom_1640248169497{background-image: url(https:\/\/go-microdose.com\/wp-content\/uploads\/2021\/12\/background-01.png?id=962) !important;background-position: center !important;background-repeat: no-repeat !important;background-size: cover !important;}\u00a0\u00bb el_id=\u00a0\u00bbchoices\u00a0\u00bb][vc_row][vc_column el_class=\u00a0\u00bbcontainer\u00a0\u00bb][vc_row_inner content_placement=\u00a0\u00bbmiddle\u00a0\u00bb el_class=\u00a0\u00bbrow-reverse about-us-row\u00a0\u00bb][vc_column_inner width=\u00a0\u00bb5\/12&Prime;][vc_raw_html]PGRpdiBjbGFzcz0icHJvZHVjdC1hdHQiPgogICAgPHVsIGNsYXNzPSJwci1vcHRpb24iPgogICAgICAgIDxsaSBjbGFzcz0iYmVnaW5uZXJzIj4KICAgICAgICAgICAgPGRpdiBjbGFzcz0ibGlzdGluZyI+CiAgICAgICAgICAgICAgICA8aDM+UGFyY291cnM8L2gzPgogICAgICAgICAgICAgICAgPGgyPkTDqWJ1dGFudDwvaDI+CiAgICAgICAgICAgICAgICA8ZGl2IGNsYXNzPSJ2Y19idG4zLWNvbnRhaW5lciBjc3RtLWJ0biB2Y19idG4zLWxlZnQiPgogICAgICAgICAgICAgICAgICAgIDxhIGhyZWY9Imh0dHBzOi8vZ28tbWljcm9kb3NlLmNvbS9ubC9wcm9kdWl0L2JlZ2lubmVycy1rdXVyLyI+RW4gc2F2b2lyIHBsdXM8L2E+CiAgICAgICAgICAgICAgICA8L2Rpdj4KICAgICAgICAgICAgPC9kaXY+CiAgICAgICAgPC9saT4KICAgICAgICA8bGkgY2xhc3M9ImV4cGVyaWVuY2VkIj4KICAgICAgICAgICAgPGRpdiBjbGFzcz0ibGlzdGluZyI+CiAgICAgICAgICAgICAgICA8aDM+UGFyY291cnM8L2gzPgogICAgICAgICAgICAgICAgPGgyPkV4cMOpcmltZW50w6k8L2gyPgogICAgICAgICAgICAgICAgPGRpdiBjbGFzcz0idmNfYnRuMy1jb250YWluZXIgY3N0bS1idG4gdmNfYnRuMy1sZWZ0Ij4KICAgICAgICAgICAgICAgICAgICA8YSBocmVmPSJodHRwczovL2dvLW1pY3JvZG9zZS5jb20vbmwvcHJvZHVpdC9lcnZhcmVuLWt1dXIvIj5FbiBzYXZvaXIgcGx1czwvYT4KICAgICAgICAgICAgICAgIDwvZGl2PgogICAgICAgICAgICA8L2Rpdj4KICAgICAgICA8L2xpPgogICAgICAgIDxsaSBjbGFzcz0iYWR2YW5jZWQiPgogICAgICAgICAgICA8ZGl2IGNsYXNzPSJsaXN0aW5nIj4KICAgICAgICAgICAgICAgIDxoMz5QYXJjb3VyczwvaDM+CiAgICAgICAgICAgICAgICA8aDI+QXZhbmPDqTwvaDI+CiAgICAgICAgICAgICAgICA8ZGl2IGNsYXNzPSJ2Y19idG4zLWNvbnRhaW5lciBjc3RtLWJ0biB2Y19idG4zLWxlZnQiPgogICAgICAgICAgICAgICAgICAgIDxhIGhyZWY9Imh0dHBzOi8vZ28tbWljcm9kb3NlLmNvbS9ubC9wcm9kdWl0L2dldm9yZGVyZGVuLWt1dXIvIj5FbiBzYXZvaXIgcGx1czwvYT4KICAgICAgICAgICAgICAgIDwvZGl2PgogICAgICAgICAgICA8L2Rpdj4KICAgICAgICA8L2xpPgogICAgPC91bD4KPC9kaXY+[\/vc_raw_html][\/vc_column_inner][vc_column_inner el_class=\u00a0\u00bbabout-text-column\u00a0\u00bb width=\u00a0\u00bb7\/12&Prime;][vc_custom_heading text=\u00a0\u00bbSp\u00e9cialement pour vous\u00a0\u00bb font_container=\u00a0\u00bbtag:h5|text_align:left\u00a0\u00bb use_theme_fonts=\u00a0\u00bbyes\u00a0\u00bb el_class=\u00a0\u00bbpr-tag\u00a0\u00bb][vc_custom_heading text=\u00a0\u00bbComment souhaites-tu microdoser ?\u00a0\u00bb font_container=\u00a0\u00bbtag:h2|text_align:left|color:%23000000&Prime; use_theme_fonts=\u00a0\u00bbyes\u00a0\u00bb][vc_column_text el_class=\u00a0\u00bbproduct-copy-description\u00a0\u00bb]Entreprendre un parcours de microdosage adapt\u00e9 \u00e0 tes besoins commence par la s\u00e9lection du parcours id\u00e9al. Notre parcours pour d\u00e9butants constitue l\u2019introduction parfaite, te permettant de te plonger dans les effets du microdosage tout en documentant m\u00e9ticuleusement tes observations et exp\u00e9riences. Que tu optes pour notre parcours d\u00e9butant, exp\u00e9riment\u00e9 ou avanc\u00e9, suivre tes progr\u00e8s dans un journal ou une application te permet de discerner les nuances entre les jours avec et sans microdosage. Ce faisant, tu peux identifier le parcours qui correspond le mieux \u00e0 tes objectifs et pr\u00e9f\u00e9rences, garantissant un maximum de bienfaits adapt\u00e9s exclusivement \u00e0 toi.[\/vc_column_text][vc_btn title=\u00a0\u00bbT\u00e9l\u00e9charge notre PDF\u00a0\u00bb style=\u00a0\u00bboutline\u00a0\u00bb color=\u00a0\u00bbblack\u00a0\u00bb size=\u00a0\u00bblg\u00a0\u00bb align=\u00a0\u00bbleft\u00a0\u00bb link=\u00a0\u00bburl:https%3A%2F%2Fgo-microdose.com%2Fwp-content%2Fuploads%2F2022%2F08%2FGO-Microdose-manual.pdf|target:_blank|\u00a0\u00bb][\/vc_column_inner][\/vc_row_inner][\/vc_column][\/vc_row][\/vc_section][vc_section full_width=\u00a0\u00bbstretch_row_content\u00a0\u00bb el_class=\u00a0\u00bbbutton-section bottom-visible\u00a0\u00bb css=\u00a0\u00bb.vc_custom_1635766573746{background-color: #ffffff !important;}\u00a0\u00bb][vc_row el_class=\u00a0\u00bbonly-text-content\u00a0\u00bb][vc_column el_class=\u00a0\u00bbcontainer\u00a0\u00bb][vc_row_inner el_class=\u00a0\u00bbabout-text-column\u00a0\u00bb][vc_column_inner width=\u00a0\u00bb1\/2&Prime;][vc_custom_heading text=\u00a0\u00bbConseil\u00a0\u00bb font_container=\u00a0\u00bbtag:h5|text_align:left\u00a0\u00bb use_theme_fonts=\u00a0\u00bbyes\u00a0\u00bb el_class=\u00a0\u00bbpr-tag\u00a0\u00bb][vc_column_text el_class=\u00a0\u00bbproduct-copy-description\u00a0\u00bb]<\/p>\n<h2>Int\u00e8gre des pauses r\u00e9guli\u00e8res<\/h2>\n<p>Bien que la tentation de microdoser quotidiennement puisse \u00eatre forte, il est essentiel d\u2019int\u00e9grer des pauses pour des r\u00e9sultats optimaux. Un microdosage continu peut diminuer ta capacit\u00e9 \u00e0 discerner les am\u00e9liorations de productivit\u00e9, de cr\u00e9ativit\u00e9 et d\u2019humeur par rapport \u00e0 ton \u00e9tat de base. Similaire aux effets de la caf\u00e9ine, ton corps peut d\u00e9velopper une tol\u00e9rance au microdosage au fil du temps, r\u00e9duisant ainsi sa puissance et ses bienfaits.  <\/p>\n<p>Pour maintenir l\u2019efficacit\u00e9 du microdosage, nous te conseillons de faire une pause d\u2019au moins 2 \u00e0 4 semaines apr\u00e8s 2 mois de microdosage. Cette pause permet \u00e0 ton corps de se r\u00e9initialiser, t\u2019assurant ainsi de continuer \u00e0 ressentir la pleine puissance et les bienfaits du microdosage sur le long terme.[\/vc_column_text][\/vc_column_inner][vc_column_inner width=\u00a0\u00bb1\/2&Prime;][vc_custom_heading text=\u00a0\u00bbFais attention\u00a0\u00bb font_container=\u00a0\u00bbtag:h5|text_align:left\u00a0\u00bb use_theme_fonts=\u00a0\u00bbyes\u00a0\u00bb el_class=\u00a0\u00bbpr-tag\u00a0\u00bb][vc_custom_heading text=\u00a0\u00bbNe microdose pas si tu\u2026\u00a0\u00bb font_container=\u00a0\u00bbtag:h2|text_align:left|color:%23000000&Prime; use_theme_fonts=\u00a0\u00bbyes\u00a0\u00bb][vc_column_text el_class=\u00a0\u00bbeffect-description no-checkbox\u00a0\u00bb]<\/p>\n<ul>\n<li>As moins de 18 ans<\/li>\n<li>Consommes de l\u2019alcool ou d\u2019autres drogues<\/li>\n<li>Souffres d\u2019une condition ou maladie mentale ou physique<\/li>\n<li>Rencontres des d\u00e9fis incontr\u00f4lables dans ta vie<\/li>\n<li>Utilises du carbonate de lithium<\/li>\n<li>As des ant\u00e9c\u00e9dents de psychose<\/li>\n<li>As une maladie cardiaque<\/li>\n<li>Utilises des machines lourdes<\/li>\n<\/ul>\n<p>[\/vc_column_text][\/vc_column_inner][\/vc_row_inner][\/vc_column][\/vc_row][vc_row el_class=\u00a0\u00bbcontact-statc-section\u00a0\u00bb][vc_column el_class=\u00a0\u00bbcontainer\u00a0\u00bb][vc_row_inner gap=\u00a0\u00bb35&Prime; el_class=\u00a0\u00bbinnr-row-drk\u00a0\u00bb css=\u00a0\u00bb.vc_custom_1640088405088{background-position: 0 0 !important;background-repeat: no-repeat !important;}\u00a0\u00bb][vc_column_inner width=\u00a0\u00bb1\/2&Prime;][vc_custom_heading text=\u00a0\u00bbCONTACT\u00a0\u00bb font_container=\u00a0\u00bbtag:h5|text_align:left\u00a0\u00bb use_theme_fonts=\u00a0\u00bbyes\u00a0\u00bb el_class=\u00a0\u00bbsmall-dark\u00a0\u00bb][vc_custom_heading text=\u00a0\u00bbAs-tu des questions sur GO Microdose ou son utilisation ?\u00a0\u00bb font_container=\u00a0\u00bbtag:h4|text_align:left|color:%23ffffff\u00a0\u00bb use_theme_fonts=\u00a0\u00bbyes\u00a0\u00bb el_class=\u00a0\u00bbtitle-light\u00a0\u00bb][\/vc_column_inner][vc_column_inner width=\u00a0\u00bb1\/2&Prime;][vc_column_text el_class=\u00a0\u00bblight-text\u00a0\u00bb]Tu trouveras probablement ta r\u00e9ponse dans la <a href=\"https:\/\/go-microdose.com\/fr\/faq\/\">foire aux questions.<\/a><br \/>\nAs-tu une autre question ? Merci de <a href=\"https:\/\/go-microdose.com\/fr\/contact\/\">nous contacter<\/a>.[\/vc_column_text][vc_btn title=\u00a0\u00bbAcc\u00e9der \u00e0 notre FAQ\u00a0\u00bb style=\u00a0\u00bboutline\u00a0\u00bb color=\u00a0\u00bbwhite\u00a0\u00bb size=\u00a0\u00bblg\u00a0\u00bb align=\u00a0\u00bbleft\u00a0\u00bb link=\u00a0\u00bburl:https%3A%2F%2Fgo-microdose.com%2Ffr%2Ffaq%2F|\u00a0\u00bb][\/vc_column_inner][\/vc_row_inner][\/vc_column][\/vc_row][\/vc_section]<\/p>\n<\/div>","protected":false},"excerpt":{"rendered":"<p>[vc_section full_width=\u00a0\u00bbstretch_row_content\u00a0\u00bb full_height=\u00a0\u00bbyes\u00a0\u00bb el_class=\u00a0\u00bbeffect-main-section hoe-het-main-section\u00a0\u00bb css=\u00a0\u00bb.vc_custom_1640248116192{padding-bottom: 0px !important;}\u00a0\u00bb][vc_row full_height=\u00a0\u00bbyes\u00a0\u00bb css_animation=\u00a0\u00bbnone\u00a0\u00bb el_class=\u00a0\u00bbhoe-het-werkt-row\u00a0\u00bb][vc_column el_class=\u00a0\u00bbcontainer\u00a0\u00bb][vc_row_inner content_placement=\u00a0\u00bbmiddle\u00a0\u00bb el_class=\u00a0\u00bbrow-reverse\u00a0\u00bb][vc_column_inner el_class=\u00a0\u00bbhoe-het-werkt-image-column\u00a0\u00bb width=\u00a0\u00bb1\/2&Prime;][vc_single_image image=\u00a0\u00bb56652&Prime; img_size=\u00a0\u00bbfull\u00a0\u00bb css_animation=\u00a0\u00bbnone\u00a0\u00bb el_class=\u00a0\u00bbimage-with-shadow\u00a0\u00bb][vc_single_image image=\u00a0\u00bb56383&Prime; img_size=\u00a0\u00bb248X248&Prime; el_class=\u00a0\u00bbfix-image\u00a0\u00bb][\/vc_column_inner][vc_column_inner width=\u00a0\u00bb1\/2&Prime;][vc_custom_heading text=\u00a0\u00bbExplication\u00a0\u00bb font_container=\u00a0\u00bbtag:h5|text_align:left|color:%23b1aca7&Prime; use_theme_fonts=\u00a0\u00bbyes\u00a0\u00bb css_animation=\u00a0\u00bbnone\u00a0\u00bb el_class=\u00a0\u00bbpr-tag\u00a0\u00bb][vc_custom_heading text=\u00a0\u00bbComment microdoser ?\u00a0\u00bb font_container=\u00a0\u00bbtag:h2|text_align:left|color:%23000000&Prime; use_theme_fonts=\u00a0\u00bbyes\u00a0\u00bb css_animation=\u00a0\u00bbnone\u00a0\u00bb el_class=\u00a0\u00bbeffect-title\u00a0\u00bb][vc_column_text css_animation=\u00a0\u00bbnone\u00a0\u00bb el_class=\u00a0\u00bbeffect-description\u00a0\u00bb]Curieux de microdoser avec des truffes ? Notre approche structur\u00e9e te simplifie la t\u00e2che. Choisis parmi nos trois [&hellip;]<\/p>\n","protected":false},"author":5548,"featured_media":0,"parent":0,"menu_order":0,"comment_status":"closed","ping_status":"closed","template":"","meta":{"_acf_changed":false,"footnotes":""},"class_list":["post-56644","page","type-page","status-publish","hentry"],"acf":[],"_links":{"self":[{"href":"https:\/\/go-microdose.com\/fr\/wp-json\/wp\/v2\/pages\/56644","targetHints":{"allow":["GET"]}}],"collection":[{"href":"https:\/\/go-microdose.com\/fr\/wp-json\/wp\/v2\/pages"}],"about":[{"href":"https:\/\/go-microdose.com\/fr\/wp-json\/wp\/v2\/types\/page"}],"author":[{"embeddable":true,"href":"https:\/\/go-microdose.com\/fr\/wp-json\/wp\/v2\/users\/5548"}],"replies":[{"embeddable":true,"href":"https:\/\/go-microdose.com\/fr\/wp-json\/wp\/v2\/comments?post=56644"}],"version-history":[{"count":0,"href":"https:\/\/go-microdose.com\/fr\/wp-json\/wp\/v2\/pages\/56644\/revisions"}],"wp:attachment":[{"href":"https:\/\/go-microdose.com\/fr\/wp-json\/wp\/v2\/media?parent=56644"}],"curies":[{"name":"wp","href":"https:\/\/api.w.org\/{rel}","templated":true}]}}