{"id":56691,"date":"2026-03-25T11:20:52","date_gmt":"2026-03-25T10:20:52","guid":{"rendered":"https:\/\/go-microdose.com\/contact\/"},"modified":"2026-03-27T13:08:49","modified_gmt":"2026-03-27T12:08:49","slug":"contact","status":"publish","type":"page","link":"https:\/\/go-microdose.com\/fr\/contact\/","title":{"rendered":"Contact"},"content":{"rendered":"<div class=\"wpb-content-wrapper\"><p>[vc_section full_width=\u00a0\u00bbstretch_row_content\u00a0\u00bb el_class=\u00a0\u00bbcontact-main-section-with-af\u00a0\u00bb][vc_row el_class=\u00a0\u00bbcontact-section\u00a0\u00bb][vc_column el_class=\u00a0\u00bbcontainer\u00a0\u00bb][vc_row_inner][vc_column_inner width=\u00a0\u00bb5\/12&Prime;][vc_custom_heading text=\u00a0\u00bbContact\u00a0\u00bb font_container=\u00a0\u00bbtag:h5|text_align:left\u00a0\u00bb use_theme_fonts=\u00a0\u00bbyes\u00a0\u00bb el_class=\u00a0\u00bbpr-tag\u00a0\u00bb][vc_custom_heading text=\u00a0\u00bbNotre adresse\u00a0\u00bb use_theme_fonts=\u00a0\u00bbyes\u00a0\u00bb el_class=\u00a0\u00bbcontact-text\u00a0\u00bb][vc_column_text el_class=\u00a0\u00bbcontact-column\u00a0\u00bb]<\/p>\n<div class=\"footer-contact\">\n<div class=\"row\">\n<div class=\"col-md-6\"><strong>Adresse postale :<\/strong><a href=\"https:\/\/maps.app.goo.gl\/oqjU55d14rR5Kgep6\" target=\"_blank\" rel=\"noopener\">Joop Geesinkweg 601,<br \/>\n1114AB Amsterdam<br \/>\n<\/a><\/div>\n<div class=\"col-md-6\"><strong>Service client<\/strong><br \/>\nLu \u2013 Ve : 9h00 \u00e0 17h00 (GMT+1)<br \/>\n<a href=\"mailto:info@go-microdose.com\">info@go-microdose.com<\/a><\/div>\n<\/div>\n<\/div>\n<p class=\"p1\"><strong>KVK :<\/strong> 87887274<br \/>\n<strong>TVA :<\/strong> NL864437584B01<\/p>\n<div class=\"footer-social\">\n<ul class=\"social-media\">\n<li class=\"sm-icon email\"><a href=\"mailto:info@go-microdose.com\"><img decoding=\"async\" src=\"https:\/\/go-microdose.com\/wp-content\/uploads\/2021\/10\/email.svg\" alt=\"e-mail\" width=\"19\"><\/a><\/li>\n<li class=\"sm-icon face-book\"><a href=\"https:\/\/www.facebook.com\/gomicrodose\" target=\"_blank\" rel=\"noopener\"><img decoding=\"async\" src=\"https:\/\/go-microdose.com\/wp-content\/uploads\/2021\/10\/facebook.svg\" alt=\"facebook\" width=\"9\"><\/a><\/li>\n<li class=\"sm-icon insta\"><a href=\"https:\/\/www.instagram.com\/go.microdose\/\" target=\"_blank\" rel=\"noopener\"><img decoding=\"async\" src=\"https:\/\/go-microdose.com\/wp-content\/uploads\/2021\/10\/instagram.svg\" alt=\"instagram\" width=\"18\"><\/a><\/li>\n<li class=\"sm-icon discord\"><a href=\"https:\/\/discord.gg\/F2HUnHyrdr\" target=\"_blank\" rel=\"noopener\"><img decoding=\"async\" src=\"https:\/\/go-microdose.com\/wp-content\/uploads\/2023\/07\/discord.svg\" alt=\"discord\" width=\"18\"><\/a><\/li>\n<\/ul>\n<\/div>\n<p>[\/vc_column_text][vc_wp_text title=\u00a0\u00bbTu cherches des informations de suivi ?\u00a0\u00bb el_class=\u00a0\u00bbb-block\u00a0\u00bb]Pour des informations d\u00e9taill\u00e9es sur le statut de livraison de ta commande, rends-toi sur notre page d\u2019exp\u00e9dition. Tu y trouveras l\u2019option pour saisir ton num\u00e9ro de suivi et obtenir des mises \u00e0 jour en temps r\u00e9el sur l\u2019avancement de ton colis. <\/p>\n<p><a class=\"button vc_btn3-style-outline\" href=\"https:\/\/go-microdose.com\/fr\/livraison\/\">Plus d\u2019informations<\/a>[\/vc_wp_text][\/vc_column_inner][vc_column_inner width=\u00a0\u00bb1\/12&Prime;][\/vc_column_inner][vc_column_inner width=\u00a0\u00bb6\/12&Prime;][vc_custom_heading text=\u00a0\u00bbDes questions ou des remarques ?\u00a0\u00bb use_theme_fonts=\u00a0\u00bbyes\u00a0\u00bb el_class=\u00a0\u00bbcontact-form-title\u00a0\u00bb]\n<div class=\"wpcf7 no-js\" id=\"wpcf7-f58335-o1\" lang=\"fr-FR\" dir=\"ltr\" data-wpcf7-id=\"58335\">\n<div class=\"screen-reader-response\"><p role=\"status\" aria-live=\"polite\" aria-atomic=\"true\"><\/p> <ul><\/ul><\/div>\n<form action=\"\/fr\/wp-json\/wp\/v2\/pages\/56691#wpcf7-f58335-o1\" method=\"post\" class=\"wpcf7-form init\" aria-label=\"Formulaire de contact\" novalidate=\"novalidate\" data-status=\"init\">\n<fieldset class=\"hidden-fields-container\"><input type=\"hidden\" name=\"_wpcf7\" value=\"58335\" \/><input type=\"hidden\" name=\"_wpcf7_version\" value=\"6.1.5\" \/><input type=\"hidden\" name=\"_wpcf7_locale\" value=\"fr_FR\" \/><input type=\"hidden\" name=\"_wpcf7_unit_tag\" value=\"wpcf7-f58335-o1\" \/><input type=\"hidden\" name=\"_wpcf7_container_post\" value=\"0\" \/><input type=\"hidden\" name=\"_wpcf7_posted_data_hash\" value=\"\" \/><input type=\"hidden\" name=\"_wpcf7_recaptcha_response\" value=\"\" \/>\n<\/fieldset>\n<div class=\"contact-form\">\n\t<div class=\"form-row\">\n\t\t<p><span class=\"wpcf7-form-control-wrap\" data-name=\"Naam\"><input size=\"40\" maxlength=\"400\" class=\"wpcf7-form-control wpcf7-text form-field\" aria-invalid=\"false\" placeholder=\"Nom\" value=\"\" type=\"text\" name=\"Naam\" \/><\/span>\n\t\t<\/p>\n\t<\/div>\n\t<div class=\"form-row\">\n\t\t<p><span class=\"wpcf7-form-control-wrap\" data-name=\"Email\"><input size=\"40\" maxlength=\"400\" class=\"wpcf7-form-control wpcf7-email wpcf7-validates-as-required wpcf7-text wpcf7-validates-as-email form-field\" aria-required=\"true\" aria-invalid=\"false\" placeholder=\"E-mail\" value=\"\" type=\"email\" name=\"Email\" \/><\/span>\n\t\t<\/p>\n\t<\/div>\n\t<div class=\"form-row\">\n\t\t<p><span class=\"wpcf7-form-control-wrap\" data-name=\"your-message\"><textarea cols=\"40\" rows=\"10\" maxlength=\"2000\" class=\"wpcf7-form-control wpcf7-textarea form-field\" aria-invalid=\"false\" placeholder=\"Question ou remarque\u2026\" name=\"your-message\"><\/textarea><\/span>\n\t\t<\/p>\n\t<\/div>\n\t<div class=\"form-row checkbox\">\n\t\t<p><span class=\"wpcf7-form-control-wrap\" data-name=\"agree\"><span class=\"wpcf7-form-control wpcf7-acceptance\"><span class=\"wpcf7-list-item\"><label><input type=\"checkbox\" name=\"agree\" value=\"1\" aria-invalid=\"false\" \/><span class=\"wpcf7-list-item-label\">J\u2019accepte la <a href=\"\/privacy-policy\/\" target=\"_blank\">d\u00e9claration de confidentialit\u00e9<\/a><\/span><\/label><\/span><\/span><\/span>\n\t\t<\/p>\n\t<\/div>\n\t<div class=\"form-row\">\n\t<span class=\"wpcf7-form-control-wrap recaptcha\" data-name=\"recaptcha\"><span data-sitekey=\"6LcxYnAUAAAAAK0N-eell9CfBJrJukJ8yVIG3u5S\" class=\"wpcf7-form-control wpcf7-recaptcha g-recaptcha\"><\/span>\r\n<noscript>\r\n\t<div class=\"grecaptcha-noscript\">\r\n\t\t<iframe src=\"https:\/\/www.google.com\/recaptcha\/api\/fallback?k=6LcxYnAUAAAAAK0N-eell9CfBJrJukJ8yVIG3u5S\" frameborder=\"0\" scrolling=\"no\" width=\"310\" height=\"430\">\r\n\t\t<\/iframe>\r\n\t\t<textarea name=\"g-recaptcha-response\" rows=\"3\" cols=\"40\" placeholder=\"reCaptcha Response Here\">\r\n\t\t<\/textarea>\r\n\t<\/div>\r\n<\/noscript>\r\n<\/span>\n\t<\/div>\n\t<div class=\"form-row submit\">\n\t\t<p><button class=\"button vc_btn3-style-modern\"><input class=\"wpcf7-form-control wpcf7-submit has-spinner\" type=\"submit\" value=\"Envoyer\" \/><\/button>\n\t\t<\/p>\n\t<\/div>\n<\/div><div class=\"wpcf7-response-output\" aria-hidden=\"true\"><\/div>\n<\/form>\n<\/div>\n[\/vc_column_inner][\/vc_row_inner][\/vc_column][\/vc_row][\/vc_section]<\/p>\n<\/div>","protected":false},"excerpt":{"rendered":"<p>[vc_section full_width=\u00a0\u00bbstretch_row_content\u00a0\u00bb el_class=\u00a0\u00bbcontact-main-section-with-af\u00a0\u00bb][vc_row el_class=\u00a0\u00bbcontact-section\u00a0\u00bb][vc_column el_class=\u00a0\u00bbcontainer\u00a0\u00bb][vc_row_inner][vc_column_inner width=\u00a0\u00bb5\/12&Prime;][vc_custom_heading text=\u00a0\u00bbContact\u00a0\u00bb font_container=\u00a0\u00bbtag:h5|text_align:left\u00a0\u00bb use_theme_fonts=\u00a0\u00bbyes\u00a0\u00bb el_class=\u00a0\u00bbpr-tag\u00a0\u00bb][vc_custom_heading text=\u00a0\u00bbNotre adresse\u00a0\u00bb use_theme_fonts=\u00a0\u00bbyes\u00a0\u00bb el_class=\u00a0\u00bbcontact-text\u00a0\u00bb][vc_column_text el_class=\u00a0\u00bbcontact-column\u00a0\u00bb] Adresse postale :Joop Geesinkweg 601, 1114AB Amsterdam Service client Lu \u2013 Ve : 9h00 \u00e0 17h00 (GMT+1) info@go-microdose.com KVK : 87887274 TVA : NL864437584B01 [\/vc_column_text][vc_wp_text title=\u00a0\u00bbTu cherches des informations de suivi ?\u00a0\u00bb el_class=\u00a0\u00bbb-block\u00a0\u00bb]Pour des informations d\u00e9taill\u00e9es sur le statut de [&hellip;]<\/p>\n","protected":false},"author":5548,"featured_media":0,"parent":0,"menu_order":0,"comment_status":"closed","ping_status":"closed","template":"","meta":{"_acf_changed":false,"footnotes":""},"class_list":["post-56691","page","type-page","status-publish","hentry"],"acf":[],"_links":{"self":[{"href":"https:\/\/go-microdose.com\/fr\/wp-json\/wp\/v2\/pages\/56691","targetHints":{"allow":["GET"]}}],"collection":[{"href":"https:\/\/go-microdose.com\/fr\/wp-json\/wp\/v2\/pages"}],"about":[{"href":"https:\/\/go-microdose.com\/fr\/wp-json\/wp\/v2\/types\/page"}],"author":[{"embeddable":true,"href":"https:\/\/go-microdose.com\/fr\/wp-json\/wp\/v2\/users\/5548"}],"replies":[{"embeddable":true,"href":"https:\/\/go-microdose.com\/fr\/wp-json\/wp\/v2\/comments?post=56691"}],"version-history":[{"count":0,"href":"https:\/\/go-microdose.com\/fr\/wp-json\/wp\/v2\/pages\/56691\/revisions"}],"wp:attachment":[{"href":"https:\/\/go-microdose.com\/fr\/wp-json\/wp\/v2\/media?parent=56691"}],"curies":[{"name":"wp","href":"https:\/\/api.w.org\/{rel}","templated":true}]}}