{"id":56749,"date":"2026-03-25T11:21:32","date_gmt":"2026-03-25T10:21:32","guid":{"rendered":"https:\/\/go-microdose.com\/notre-histoire\/"},"modified":"2026-04-03T10:46:59","modified_gmt":"2026-04-03T08:46:59","slug":"notre-histoire","status":"publish","type":"page","link":"https:\/\/go-microdose.com\/fr\/notre-histoire\/","title":{"rendered":"Notre histoire"},"content":{"rendered":"<div class=\"wpb-content-wrapper\"><p>[vc_section full_width=\u00a0\u00bbstretch_row_content\u00a0\u00bb css_animation=\u00a0\u00bbnone\u00a0\u00bb el_class=\u00a0\u00bbhome home-section-1&Prime;][vc_row][vc_column el_class=\u00a0\u00bbno-ani\u00a0\u00bb][vc_single_image image=\u00a0\u00bb56753&Prime; img_size=\u00a0\u00bbfull\u00a0\u00bb el_class=\u00a0\u00bbbig-image\u00a0\u00bb][\/vc_column][\/vc_row][vc_row css_animation=\u00a0\u00bbnone\u00a0\u00bb el_class=\u00a0\u00bbhome-banner\u00a0\u00bb][vc_column el_class=\u00a0\u00bbcontainer no-ani\u00a0\u00bb][vc_single_image image=\u00a0\u00bb56383&Prime; img_size=\u00a0\u00bbfull\u00a0\u00bb el_class=\u00a0\u00bbfix-image m-only\u00a0\u00bb][vc_custom_heading text=\u00a0\u00bb\u00a0\u00bb use_theme_fonts=\u00a0\u00bbyes\u00a0\u00bb el_class=\u00a0\u00bbblog-main-title\u00a0\u00bb][vc_custom_heading text=\u00a0\u00bbChez GO Microdose, nous aspirons \u00e0 une vie plus saine et plus heureuse, avec plus de cr\u00e9ativit\u00e9, de concentration et d&apos;\u00e9nergie. Nous luttons contre la d\u00e9pression, l&apos;anxi\u00e9t\u00e9 et les crises de panique. Notre entreprise a \u00e9t\u00e9 fond\u00e9e par deux entrepreneurs \u00e0 succ\u00e8s d&apos;Amsterdam qui, gr\u00e2ce au microdosage, ressentent plus d&apos;\u00e9nergie, pensent plus clairement et tirent le meilleur parti de leur vie.  \u00a0\u00bb font_container=\u00a0\u00bbtag:h3|text_align:left\u00a0\u00bb use_theme_fonts=\u00a0\u00bbyes\u00a0\u00bb css_animation=\u00a0\u00bbnone\u00a0\u00bb el_class=\u00a0\u00bbml3&Prime;][\/vc_column][\/vc_row][vc_row el_class=\u00a0\u00bbmove-next-section container\u00a0\u00bb][vc_column el_class=\u00a0\u00bbno-ani\u00a0\u00bb][vc_btn title=\u00a0\u00bbEn savoir plus\u00a0\u00bb style=\u00a0\u00bbflat\u00a0\u00bb color=\u00a0\u00bbwhite\u00a0\u00bb el_class=\u00a0\u00bbdiscover-more b-to-t\u00a0\u00bb link=\u00a0\u00bburl:%23static-section|\u00a0\u00bb][\/vc_column][\/vc_row][\/vc_section][vc_section full_width=\u00a0\u00bbstretch_row_content\u00a0\u00bb el_class=\u00a0\u00bbhome home-section-2&Prime;][vc_row full_width=\u00a0\u00bbstretch_row_content_no_spaces\u00a0\u00bb css_animation=\u00a0\u00bbnone\u00a0\u00bb css=\u00a0\u00bb.vc_custom_1667901485175{background-image: url(https:\/\/go-microdose.com\/wp-content\/uploads\/2021\/12\/background-01.png?id=962) !important;background-position: center !important;background-repeat: no-repeat !important;background-size: cover !important;}\u00a0\u00bb el_class=\u00a0\u00bbstatic-section\u00a0\u00bb el_id=\u00a0\u00bbstatic-section\u00a0\u00bb][vc_column el_class=\u00a0\u00bbcontainer no-ani\u00a0\u00bb][vc_row_inner equal_height=\u00a0\u00bbyes\u00a0\u00bb][vc_column_inner el_class=\u00a0\u00bbstatic-column-1 b-to-t\u00a0\u00bb width=\u00a0\u00bb5\/12&Prime; css=\u00a0\u00bb.vc_custom_1667900820602{background-position: center !important;background-repeat: no-repeat !important;background-size: contain !important;}\u00a0\u00bb][vc_custom_heading text=\u00a0\u00bb\u00c0 propos de nous\u00a0\u00bb font_container=\u00a0\u00bbtag:h3|text_align:left\u00a0\u00bb use_theme_fonts=\u00a0\u00bbyes\u00a0\u00bb css_animation=\u00a0\u00bbnone\u00a0\u00bb el_class=\u00a0\u00bbsh3&Prime;][vc_custom_heading text=\u00a0\u00bbD\u00e9couvre les bienfaits par toi-m\u00eame\u00a0\u00bb use_theme_fonts=\u00a0\u00bbyes\u00a0\u00bb css_animation=\u00a0\u00bbnone\u00a0\u00bb el_class=\u00a0\u00bbsh2&Prime;][vc_column_text css_animation=\u00a0\u00bbnone\u00a0\u00bb el_class=\u00a0\u00bbstatic discription\u00a0\u00bb]Notre aventure avec GO Microdose a commenc\u00e9 de mani\u00e8re assez inattendue, non pas avec l&rsquo;intention initiale de cr\u00e9er une entreprise, mais plut\u00f4t comme une qu\u00eate personnelle d&rsquo;am\u00e9lioration de soi et de bien-\u00eatre. D&rsquo;une part, il y avait la recherche d&rsquo;une cr\u00e9ativit\u00e9 et d&rsquo;une concentration accrues, tandis que d&rsquo;autre part, un effort pour g\u00e9rer la peur et la panique. Nous \u00e9tions tous deux anim\u00e9s par un d\u00e9sir commun de clart\u00e9 mentale et d&rsquo;\u00e9nergie accrue.  <\/p>\n<p>Les profonds bienfaits que nous avons personnellement ressentis ont \u00e9t\u00e9 transformateurs. Cette transformation a suscit\u00e9 une passion professionnelle : \u00e9tendre ces bienfaits \u00e0 d&rsquo;autres. Nous avons r\u00e9alis\u00e9 que ce que nous avions d\u00e9couvert pouvait avoir un impact positif sur de nombreuses vies. Ainsi, le concept de GO Microdose est n\u00e9, non seulement comme une entreprise, mais comme une plateforme pour partager et cultiver l&rsquo;incroyable potentiel du microdosage avec un public plus large. Notre parcours, de l&rsquo;exploration personnelle \u00e0 l&rsquo;engagement professionnel, marque le c\u0153ur de ce que GO Microdose repr\u00e9sente aujourd&rsquo;hui.[\/vc_column_text][vc_btn title=\u00a0\u00bbEn savoir plus\u00a0\u00bb style=\u00a0\u00bboutline\u00a0\u00bb color=\u00a0\u00bbblack\u00a0\u00bb size=\u00a0\u00bblg\u00a0\u00bb align=\u00a0\u00bbleft\u00a0\u00bb css_animation=\u00a0\u00bbnone\u00a0\u00bb link=\u00a0\u00bburl:%23research|\u00a0\u00bb][\/vc_column_inner][vc_column_inner el_class=\u00a0\u00bbstatic-column-2 b-to-t\u00a0\u00bb width=\u00a0\u00bb1\/12&Prime; css=\u00a0\u00bb.vc_custom_1667900813226{background-position: 0 0 !important;background-repeat: no-repeat !important;}\u00a0\u00bb][\/vc_column_inner][vc_column_inner width=\u00a0\u00bb6\/12&Prime;][vc_single_image image=\u00a0\u00bb56755&Prime; img_size=\u00a0\u00bb500&#215;500&Prime; css=\u00a0\u00bb\u00a0\u00bb el_class=\u00a0\u00bbimage-with-shadow\u00a0\u00bb][\/vc_column_inner][\/vc_row_inner][vc_row_inner el_class=\u00a0\u00bbfix-image\u00a0\u00bb][vc_column_inner el_class=\u00a0\u00bbno-ani\u00a0\u00bb][vc_single_image image=\u00a0\u00bb56383&Prime; img_size=\u00a0\u00bbfull\u00a0\u00bb][\/vc_column_inner][\/vc_row_inner][\/vc_column][\/vc_row][\/vc_section][vc_section full_width=\u00a0\u00bbstretch_row_content\u00a0\u00bb el_class=\u00a0\u00bbbutton-section\u00a0\u00bb el_id=\u00a0\u00bbresearch\u00a0\u00bb css=\u00a0\u00bb.vc_custom_1667902075632{background-color: #ffffff !important;}\u00a0\u00bb][vc_row el_class=\u00a0\u00bbonly-text-content\u00a0\u00bb][vc_column el_class=\u00a0\u00bbcontainer\u00a0\u00bb][vc_row_inner el_class=\u00a0\u00bbabout-text-column\u00a0\u00bb][vc_column_inner width=\u00a0\u00bb1\/2&Prime;][vc_custom_heading text=\u00a0\u00bbRecherche\u00a0\u00bb font_container=\u00a0\u00bbtag:h5|text_align:left\u00a0\u00bb use_theme_fonts=\u00a0\u00bbyes\u00a0\u00bb el_class=\u00a0\u00bbpr-tag\u00a0\u00bb][vc_custom_heading text=\u00a0\u00bbLa recherche scientifique comme base importante\u00a0\u00bb font_container=\u00a0\u00bbtag:h2|text_align:left|color:%23000000&Prime; use_theme_fonts=\u00a0\u00bbyes\u00a0\u00bb][vc_column_text el_class=\u00a0\u00bbproduct-copy-description\u00a0\u00bb]Le microdosage est totalement s\u00fbr et est en plein essor dans le monde entier.<br \/>\nCela n&#8217;emp\u00eache pas que chez GO Microdose, nous basons toutes nos connaissances sur la recherche scientifique.<\/p>\n<p>Il appara\u00eet, par exemple, que de plus en plus de personnes s&rsquo;\u00e9loignent des m\u00e9dicaments classiques et recherchent des alternatives. La science recueille de plus en plus d&rsquo;informations et de connaissances sur le microdosage et les m\u00e9thodes de traitement comparables. Cela produit des r\u00e9sultats prometteurs, que nous suivons et surveillons de pr\u00e8s.[\/vc_column_text][\/vc_column_inner][vc_column_inner width=\u00a0\u00bb1\/2&Prime;][vc_custom_heading text=\u00a0\u00bbConseil\u00a0\u00bb font_container=\u00a0\u00bbtag:h5|text_align:left\u00a0\u00bb use_theme_fonts=\u00a0\u00bbyes\u00a0\u00bb el_class=\u00a0\u00bbpr-tag\u00a0\u00bb][vc_custom_heading text=\u00a0\u00bbProducteur n\u00e9erlandais de truffes\u00a0\u00bb font_container=\u00a0\u00bbtag:h2|text_align:left|color:%23000000&Prime; use_theme_fonts=\u00a0\u00bbyes\u00a0\u00bb][vc_column_text el_class=\u00a0\u00bbeffect-description\u00a0\u00bb]Depuis 2015, nous collaborons avec un producteur n\u00e9erlandais de truffes de microdosage, la base de nos produits. Le producteur partage la m\u00eame vision que nous chez GO Microdose. Ensemble, nous voulons contribuer \u00e0 un monde plus sain et plus heureux.  <\/p>\n<p>Apr\u00e8s une phase pilote approfondie et en \u00e9coutant attentivement les retours de nos clients, nous avons finalement d\u00e9cid\u00e9 de coop\u00e9rer de mani\u00e8re structurelle. Cela nous garantit le meilleur contr\u00f4le sur la qualit\u00e9 des truffes, qui sont la base de nos produits de haute qualit\u00e9.[\/vc_column_text][\/vc_column_inner][\/vc_row_inner][\/vc_column][\/vc_row][\/vc_section][vc_section full_width=\u00a0\u00bbstretch_row_content\u00a0\u00bb el_class=\u00a0\u00bbbutton-section\u00a0\u00bb el_id=\u00a0\u00bbthenetherlands\u00a0\u00bb css=\u00a0\u00bb.vc_custom_1664213380375{background-color: rgba(206,198,187,0.4) !important;*background-color: rgb(206,198,187) !important;}\u00a0\u00bb][vc_row el_class=\u00a0\u00bbonly-text-content\u00a0\u00bb][vc_column el_class=\u00a0\u00bbcontainer\u00a0\u00bb][vc_row_inner el_class=\u00a0\u00bbabout-text-column\u00a0\u00bb][vc_column_inner width=\u00a0\u00bb1\/2&Prime;][vc_custom_heading text=\u00a0\u00bbLa ferme\u00a0\u00bb font_container=\u00a0\u00bbtag:h5|text_align:left\u00a0\u00bb use_theme_fonts=\u00a0\u00bbyes\u00a0\u00bb el_class=\u00a0\u00bbpr-tag\u00a0\u00bb][vc_custom_heading text=\u00a0\u00bbFerme de truffes biologiques et organiques aux Pays-Bas\u00a0\u00bb font_container=\u00a0\u00bbtag:h2|text_align:left|color:%23000000&Prime; use_theme_fonts=\u00a0\u00bbyes\u00a0\u00bb][vc_column_text el_class=\u00a0\u00bbproduct-copy-description\u00a0\u00bb]Notre fournisseur aux Pays-Bas poss\u00e8de une ferme biologique et organique. Les truffes que la ferme r\u00e9colte sont directement et enti\u00e8rement non transform\u00e9es dans l&#8217;emballage. Nous faisons le lien entre l&rsquo;offre et la demande. Chez GO Microdose, avec notre fournisseur, nous veillons \u00e0 ce que les produits aillent directement de la ferme au client.<br \/>\nLe fournisseur produit des millions de truffes chaque ann\u00e9e et a plus de 25 ans d&rsquo;exp\u00e9rience. Il y a des ann\u00e9es, la ferme cultivait beaucoup de champignons. Depuis quelques ann\u00e9es, il ne s&rsquo;agit plus que de truffes de microdosage.[\/vc_column_text][\/vc_column_inner][vc_column_inner width=\u00a0\u00bb1\/2&Prime;][vc_gallery type=\u00a0\u00bbimage_grid\u00a0\u00bb images=\u00a0\u00bb56756,56757,56758,56759,56761,56762,56763,56764,56765,56766&Prime; img_size=\u00a0\u00bbfull\u00a0\u00bb onclick=\u00a0\u00bb\u00a0\u00bb el_class=\u00a0\u00bbimage-slider image-with-shadow\u00a0\u00bb][\/vc_column_inner][\/vc_row_inner][\/vc_column][\/vc_row][\/vc_section][vc_section full_width=\u00a0\u00bbstretch_row_content\u00a0\u00bb el_class=\u00a0\u00bbbutton-section\u00a0\u00bb css=\u00a0\u00bb.vc_custom_1667902083294{background-color: #ffffff !important;}\u00a0\u00bb][vc_row el_class=\u00a0\u00bbonly-text-content\u00a0\u00bb][vc_column el_class=\u00a0\u00bbcontainer\u00a0\u00bb][vc_row_inner el_class=\u00a0\u00bbabout-text-column\u00a0\u00bb][vc_column_inner width=\u00a0\u00bb1\/2&Prime;][vc_custom_heading text=\u00a0\u00bbRecherche\u00a0\u00bb font_container=\u00a0\u00bbtag:h5|text_align:left\u00a0\u00bb use_theme_fonts=\u00a0\u00bbyes\u00a0\u00bb el_class=\u00a0\u00bbpr-tag\u00a0\u00bb][vc_custom_heading text=\u00a0\u00bbPermettre au plus grand nombre de personnes de d\u00e9couvrir les bienfaits\u00a0\u00bb font_container=\u00a0\u00bbtag:h2|text_align:left|color:%23000000&Prime; use_theme_fonts=\u00a0\u00bbyes\u00a0\u00bb][vc_column_text el_class=\u00a0\u00bbproduct-copy-description\u00a0\u00bb]Avec notre fournisseur, nous avons pour mission de faire d\u00e9couvrir les bienfaits du microdosage au plus grand nombre de personnes possible. Nous aimons le faire de mani\u00e8re accessible, enti\u00e8rement adapt\u00e9e \u00e0 tous ceux qui ont peu d&rsquo;exp\u00e9rience en la mati\u00e8re. De plus, nous proposons nos produits aux personnes qui ont plus d&rsquo;exp\u00e9rience et qui recherchent un fournisseur fiable.  <\/p>\n<p>Notre fournisseur partage la m\u00eame vision. Ensemble, nous voulons faire conna\u00eetre le microdosage au plus grand public possible. Et nous nous effor\u00e7ons de raconter au plus grand nombre la v\u00e9ritable histoire, y compris tous les bienfaits du microdosage. Il existe encore un tabou sur son utilisation parmi certains groupes cibles. C&rsquo;est dommage, car son utilisation est totalement s\u00fbre et naturelle. Et parce que de nombreuses personnes en ressentent les bienfaits chaque jour.[\/vc_column_text][\/vc_column_inner][vc_column_inner width=\u00a0\u00bb1\/2&Prime;][vc_custom_heading text=\u00a0\u00bbConseil\u00a0\u00bb font_container=\u00a0\u00bbtag:h5|text_align:left\u00a0\u00bb use_theme_fonts=\u00a0\u00bbyes\u00a0\u00bb el_class=\u00a0\u00bbpr-tag\u00a0\u00bb][vc_custom_heading text=\u00a0\u00bbNous aimons te faciliter la t\u00e2che\u00a0\u00bb font_container=\u00a0\u00bbtag:h2|text_align:left|color:%23000000&Prime; use_theme_fonts=\u00a0\u00bbyes\u00a0\u00bb][vc_column_text el_class=\u00a0\u00bbeffect-description\u00a0\u00bb]Chez GO Microdose, nous constatons que beaucoup de nos clients d\u00e9couvrent le microdosage pour la premi\u00e8re fois. Nous consid\u00e9rons comme un honneur qu&rsquo;ils choisissent nos produits pour cela. Nous aimons faciliter au maximum la t\u00e2che de nos clients, par exemple en expliquant comment utiliser au mieux les produits. De plus, nous aimons r\u00e9fl\u00e9chir avec eux \u00e0 la bonne structure et \u00e0 un emploi du temps sain.   <\/p>\n<p>Notre objectif, et celui de la ferme avec laquelle nous travaillons, est de faire d\u00e9couvrir les bienfaits au plus grand nombre. Exp\u00e9rimente une cr\u00e9ativit\u00e9 optimale, une concentration maximale, moins de peur et de panique, et autant d&rsquo;\u00e9nergie et de capacit\u00e9 \u00e0 penser clairement.[\/vc_column_text][vc_btn title=\u00a0\u00bbNotre produit\u00a0\u00bb style=\u00a0\u00bboutline\u00a0\u00bb color=\u00a0\u00bbblack\u00a0\u00bb size=\u00a0\u00bblg\u00a0\u00bb css_animation=\u00a0\u00bbnone\u00a0\u00bb link=\u00a0\u00bburl:%2Four-product%2F|\u00a0\u00bb][\/vc_column_inner][\/vc_row_inner][\/vc_column][\/vc_row][\/vc_section][vc_row css_animation=\u00a0\u00bbnone\u00a0\u00bb][vc_column el_class=\u00a0\u00bbcontainer\u00a0\u00bb][vc_widget_sidebar sidebar_id=\u00a0\u00bbreferenties\u00a0\u00bb][\/vc_column][\/vc_row][vc_section full_width=\u00a0\u00bbstretch_row_content\u00a0\u00bb el_class=\u00a0\u00bbhome home-section-5&Prime; css=\u00a0\u00bb.vc_custom_1633433373596{background-color: #f8f7f6 !important;}\u00a0\u00bb][vc_row][vc_column el_class=\u00a0\u00bbcontainer\u00a0\u00bb][vc_custom_heading text=\u00a0\u00bbactualit\u00e9s\u00a0\u00bb font_container=\u00a0\u00bbtag:h6|text_align:center\u00a0\u00bb use_theme_fonts=\u00a0\u00bbyes\u00a0\u00bb css_animation=\u00a0\u00bbnone\u00a0\u00bb el_class=\u00a0\u00bbblog-small\u00a0\u00bb][vc_custom_heading text=\u00a0\u00bbLes derni\u00e8res actualit\u00e9s\u00a0\u00bb font_container=\u00a0\u00bbtag:h2|text_align:center\u00a0\u00bb use_theme_fonts=\u00a0\u00bbyes\u00a0\u00bb css_animation=\u00a0\u00bbnone\u00a0\u00bb el_class=\u00a0\u00bbblog-main-title\u00a0\u00bb][\/vc_column][\/vc_row][vc_row full_width=\u00a0\u00bbstretch_row_content_no_spaces\u00a0\u00bb el_class=\u00a0\u00bbproduct-section\u00a0\u00bb][vc_column el_class=\u00a0\u00bbcontainer\u00a0\u00bb][vc_basic_grid post_type=\u00a0\u00bbpost\u00a0\u00bb max_items=\u00a0\u00bb3&Prime; item=\u00a0\u00bb254&Prime; initial_loading_animation=\u00a0\u00bbnone\u00a0\u00bb grid_id=\u00a0\u00bbvc_gid:1732798809452-ed0a7ffc-9c76-8&Prime;][\/vc_column][\/vc_row][vc_row][vc_column el_class=\u00a0\u00bbcontainer\u00a0\u00bb][vc_btn title=\u00a0\u00bbPlus d\u2019articles\u00a0\u00bb style=\u00a0\u00bboutline\u00a0\u00bb color=\u00a0\u00bbblack\u00a0\u00bb size=\u00a0\u00bblg\u00a0\u00bb align=\u00a0\u00bbcenter\u00a0\u00bb css_animation=\u00a0\u00bbnone\u00a0\u00bb link=\u00a0\u00bburl:%2Fnieuws%2F|\u00a0\u00bb][vc_single_image image=\u00a0\u00bb56383&Prime; img_size=\u00a0\u00bbfull\u00a0\u00bb el_class=\u00a0\u00bbfix-image\u00a0\u00bb][\/vc_column][\/vc_row][\/vc_section]<\/p>\n<\/div>","protected":false},"excerpt":{"rendered":"<p>[vc_section full_width=\u00a0\u00bbstretch_row_content\u00a0\u00bb css_animation=\u00a0\u00bbnone\u00a0\u00bb el_class=\u00a0\u00bbhome home-section-1&Prime;][vc_row][vc_column el_class=\u00a0\u00bbno-ani\u00a0\u00bb][vc_single_image image=\u00a0\u00bb56753&Prime; img_size=\u00a0\u00bbfull\u00a0\u00bb el_class=\u00a0\u00bbbig-image\u00a0\u00bb][\/vc_column][\/vc_row][vc_row css_animation=\u00a0\u00bbnone\u00a0\u00bb el_class=\u00a0\u00bbhome-banner\u00a0\u00bb][vc_column el_class=\u00a0\u00bbcontainer no-ani\u00a0\u00bb][vc_single_image image=\u00a0\u00bb56383&Prime; img_size=\u00a0\u00bbfull\u00a0\u00bb el_class=\u00a0\u00bbfix-image m-only\u00a0\u00bb][vc_custom_heading text=\u00a0\u00bb\u00a0\u00bb use_theme_fonts=\u00a0\u00bbyes\u00a0\u00bb el_class=\u00a0\u00bbblog-main-title\u00a0\u00bb][vc_custom_heading text=\u00a0\u00bbChez GO Microdose, nous aspirons \u00e0 une vie plus saine et plus heureuse, avec plus de cr\u00e9ativit\u00e9, de concentration et d&apos;\u00e9nergie. Nous luttons contre la d\u00e9pression, l&apos;anxi\u00e9t\u00e9 et les crises de panique. Notre entreprise a [&hellip;]<\/p>\n","protected":false},"author":5548,"featured_media":0,"parent":0,"menu_order":0,"comment_status":"closed","ping_status":"closed","template":"template-homepage.php","meta":{"_acf_changed":false,"footnotes":""},"class_list":["post-56749","page","type-page","status-publish","hentry"],"acf":[],"_links":{"self":[{"href":"https:\/\/go-microdose.com\/fr\/wp-json\/wp\/v2\/pages\/56749","targetHints":{"allow":["GET"]}}],"collection":[{"href":"https:\/\/go-microdose.com\/fr\/wp-json\/wp\/v2\/pages"}],"about":[{"href":"https:\/\/go-microdose.com\/fr\/wp-json\/wp\/v2\/types\/page"}],"author":[{"embeddable":true,"href":"https:\/\/go-microdose.com\/fr\/wp-json\/wp\/v2\/users\/5548"}],"replies":[{"embeddable":true,"href":"https:\/\/go-microdose.com\/fr\/wp-json\/wp\/v2\/comments?post=56749"}],"version-history":[{"count":0,"href":"https:\/\/go-microdose.com\/fr\/wp-json\/wp\/v2\/pages\/56749\/revisions"}],"wp:attachment":[{"href":"https:\/\/go-microdose.com\/fr\/wp-json\/wp\/v2\/media?parent=56749"}],"curies":[{"name":"wp","href":"https:\/\/api.w.org\/{rel}","templated":true}]}}