{"id":56823,"date":"2026-03-25T11:22:36","date_gmt":"2026-03-25T10:22:36","guid":{"rendered":"https:\/\/go-microdose.com\/informations\/"},"modified":"2026-03-27T09:14:06","modified_gmt":"2026-03-27T08:14:06","slug":"informations","status":"publish","type":"page","link":"https:\/\/go-microdose.com\/fr\/informations\/","title":{"rendered":"Informations"},"content":{"rendered":"<div class=\"wpb-content-wrapper\"><p>[vc_section full_width=\u00a0\u00bbstretch_row\u00a0\u00bb el_class=\u00a0\u00bbmain-myaccount\u00a0\u00bb][vc_row el_class=\u00a0\u00bbdownloads-title\u00a0\u00bb][vc_column][vc_custom_heading text=\u00a0\u00bbInformations\u00a0\u00bb font_container=\u00a0\u00bbtag:div|text_align:left\u00a0\u00bb use_theme_fonts=\u00a0\u00bbyes\u00a0\u00bb el_class=\u00a0\u00bbpr-tag\u00a0\u00bb][vc_custom_heading text=\u00a0\u00bbT\u00e9l\u00e9chargements\u00a0\u00bb font_container=\u00a0\u00bbtag:h1|text_align:left\u00a0\u00bb use_theme_fonts=\u00a0\u00bbyes\u00a0\u00bb el_class=\u00a0\u00bbeffect-title\u00a0\u00bb][\/vc_column][\/vc_row][vc_row equal_height=\u00a0\u00bbyes\u00a0\u00bb el_class=\u00a0\u00bbsection-downloads\u00a0\u00bb][vc_column width=\u00a0\u00bb2\/3&Prime;][vc_row_inner el_class=\u00a0\u00bbitem\u00a0\u00bb][vc_column_inner][vc_single_image image=\u00a0\u00bb56829&Prime; img_size=\u00a0\u00bbfull\u00a0\u00bb][vc_column_text]<\/p>\n<h2>Comment utiliser &amp; doser<\/h2>\n<p>T&rsquo;aide \u00e0 trouver la dose parfaite pour toi.[\/vc_column_text][vc_btn title=\u00a0\u00bbT\u00e9l\u00e9charger\u00a0\u00bb link=\u00a0\u00bburl:https%3A%2F%2Fgo-microdose.com%2Fwp-content%2Fuploads%2F2022%2F11%2FHow-to-use-dose.pdf|target:_blank|\u00a0\u00bb el_class=\u00a0\u00bbbtn-download\u00a0\u00bb][\/vc_column_inner][\/vc_row_inner][vc_row_inner el_class=\u00a0\u00bbitem\u00a0\u00bb][vc_column_inner][vc_single_image image=\u00a0\u00bb56829&Prime; img_size=\u00a0\u00bbfull\u00a0\u00bb][vc_column_text]<\/p>\n<h2>Guide de cours \u00e9tape par \u00e9tape<\/h2>\n<p>D\u00e9couvre le plan d\u00e9taill\u00e9 pour d\u00e9butants et experts.[\/vc_column_text][vc_btn title=\u00a0\u00bbT\u00e9l\u00e9charger\u00a0\u00bb link=\u00a0\u00bburl:https%3A%2F%2Fgo-microdose.com%2Fwp-content%2Fuploads%2F2022%2F08%2FGO-Microdose-manual.pdf|target:_blank|\u00a0\u00bb el_class=\u00a0\u00bbbtn-download\u00a0\u00bb][\/vc_column_inner][\/vc_row_inner][vc_row_inner el_class=\u00a0\u00bbitem\u00a0\u00bb][vc_column_inner][vc_single_image image=\u00a0\u00bb56829&Prime; img_size=\u00a0\u00bbfull\u00a0\u00bb][vc_column_text]<\/p>\n<h2>Instructions du kit de culture<\/h2>\n<p>Cultive tes propres champignons avec notre guide de kit de culture.[\/vc_column_text][vc_btn title=\u00a0\u00bbT\u00e9l\u00e9charger\u00a0\u00bb link=\u00a0\u00bburl:https%3A%2F%2Fgo-microdose.com%2Ffr%2Finstructions-de-culture%2F|target:_blank|\u00a0\u00bb el_class=\u00a0\u00bbbtn-download\u00a0\u00bb][\/vc_column_inner][\/vc_row_inner][vc_row_inner el_class=\u00a0\u00bbitem\u00a0\u00bb][vc_column_inner][vc_single_image image=\u00a0\u00bb56829&Prime; img_size=\u00a0\u00bbfull\u00a0\u00bb][vc_column_text]<\/p>\n<h2>Agenda d&rsquo;\u00e9valuation personnelle (bient\u00f4t)<\/h2>\n<p>Garde une trace de tes exp\u00e9riences.[\/vc_column_text][vc_btn title=\u00a0\u00bbT\u00e9l\u00e9charger\u00a0\u00bb link=\u00a0\u00bburl:%23|target:_blank|\u00a0\u00bb el_class=\u00a0\u00bbbtn-download\u00a0\u00bb][\/vc_column_inner][\/vc_row_inner][\/vc_column][vc_column width=\u00a0\u00bb1\/3&Prime;][vc_wp_text title=\u00a0\u00bbCalculateur de dosage\u00a0\u00bb el_class=\u00a0\u00bbb-dosage-calculator\u00a0\u00bb]Utilise notre calculateur de dosage pour identifier la dose optimale de champignons\/truffes magiques en fonction de ton poids.<\/p>\n<p><a class=\"button vc_btn3-style-modern\" href=\"https:\/\/go-microdose.com\/fr\/calculateur-de-dosage\/\">Commencer le calcul<\/a><\/p>\n<p><img decoding=\"async\" class=\"alignnone size-full wp-image-17597\" src=\"https:\/\/go-microdose.com\/wp-content\/uploads\/2024\/02\/IPHONE-MOCKUP.png\" alt=\"\" width=\"548\" height=\"700\" srcset=\"https:\/\/go-microdose.com\/wp-content\/uploads\/2024\/02\/IPHONE-MOCKUP.png 548w, https:\/\/go-microdose.com\/wp-content\/uploads\/2024\/02\/IPHONE-MOCKUP-235x300.png 235w, https:\/\/go-microdose.com\/wp-content\/uploads\/2024\/02\/IPHONE-MOCKUP-391x500.png 391w, https:\/\/go-microdose.com\/wp-content\/uploads\/2024\/02\/IPHONE-MOCKUP-157x200.png 157w\" sizes=\"(max-width: 548px) 100vw, 548px\" \/>[\/vc_wp_text][\/vc_column][\/vc_row][vc_row el_class=\u00a0\u00bbs-download-full-guide\u00a0\u00bb][vc_column width=\u00a0\u00bb1\/2&Prime;][vc_single_image image=\u00a0\u00bb56425&Prime; img_size=\u00a0\u00bbfull\u00a0\u00bb onclick=\u00a0\u00bbcustom_link\u00a0\u00bb css=\u00a0\u00bb\u00a0\u00bb link=\u00a0\u00bbhttps:\/\/go-microdose.com\/fr\/le-guide-complet-du-microdosage\/\u00a0\u00bb][\/vc_column][vc_column width=\u00a0\u00bb1\/2&Prime; el_class=\u00a0\u00bbform\u00a0\u00bb][vc_custom_heading text=\u00a0\u00bbT\u00e9l\u00e9chargez notre guide complet du microdosage <em>gratuitement !<\/em>\u00a0\u00bb use_theme_fonts=\u00a0\u00bbyes\u00a0\u00bb css=\u00a0\u00bb\u00a0\u00bb el_class=\u00a0\u00bbsh2&Prime;][vc_column_text css=\u00a0\u00bb\u00a0\u00bb]<strong>Ce guide<\/strong> rassemble les meilleures pratiques et les connaissances essentielles pour vous aider \u00e0 int\u00e9grer efficacement le microdosage \u00e0 votre routine de bien-\u00eatre.[\/vc_column_text][vc_raw_html css=\u00a0\u00bb\u00a0\u00bb]W21haWxlcmxpdGVfZm9ybSBmb3JtX2lkPSIyIl0=[\/vc_raw_html][\/vc_column][\/vc_row][\/vc_section]<\/p>\n<\/div>","protected":false},"excerpt":{"rendered":"<p>[vc_section full_width=\u00a0\u00bbstretch_row\u00a0\u00bb el_class=\u00a0\u00bbmain-myaccount\u00a0\u00bb][vc_row el_class=\u00a0\u00bbdownloads-title\u00a0\u00bb][vc_column][vc_custom_heading text=\u00a0\u00bbInformations\u00a0\u00bb font_container=\u00a0\u00bbtag:div|text_align:left\u00a0\u00bb use_theme_fonts=\u00a0\u00bbyes\u00a0\u00bb el_class=\u00a0\u00bbpr-tag\u00a0\u00bb][vc_custom_heading text=\u00a0\u00bbT\u00e9l\u00e9chargements\u00a0\u00bb font_container=\u00a0\u00bbtag:h1|text_align:left\u00a0\u00bb use_theme_fonts=\u00a0\u00bbyes\u00a0\u00bb el_class=\u00a0\u00bbeffect-title\u00a0\u00bb][\/vc_column][\/vc_row][vc_row equal_height=\u00a0\u00bbyes\u00a0\u00bb el_class=\u00a0\u00bbsection-downloads\u00a0\u00bb][vc_column width=\u00a0\u00bb2\/3&Prime;][vc_row_inner el_class=\u00a0\u00bbitem\u00a0\u00bb][vc_column_inner][vc_single_image image=\u00a0\u00bb56829&Prime; img_size=\u00a0\u00bbfull\u00a0\u00bb][vc_column_text] Comment utiliser &amp; doser T&rsquo;aide \u00e0 trouver la dose parfaite pour toi.[\/vc_column_text][vc_btn title=\u00a0\u00bbT\u00e9l\u00e9charger\u00a0\u00bb link=\u00a0\u00bburl:https%3A%2F%2Fgo-microdose.com%2Fwp-content%2Fuploads%2F2022%2F11%2FHow-to-use-dose.pdf|target:_blank|\u00a0\u00bb el_class=\u00a0\u00bbbtn-download\u00a0\u00bb][\/vc_column_inner][\/vc_row_inner][vc_row_inner el_class=\u00a0\u00bbitem\u00a0\u00bb][vc_column_inner][vc_single_image image=\u00a0\u00bb56829&Prime; img_size=\u00a0\u00bbfull\u00a0\u00bb][vc_column_text] Guide de cours \u00e9tape par \u00e9tape D\u00e9couvre le plan d\u00e9taill\u00e9 pour d\u00e9butants et experts.[\/vc_column_text][vc_btn title=\u00a0\u00bbT\u00e9l\u00e9charger\u00a0\u00bb link=\u00a0\u00bburl:https%3A%2F%2Fgo-microdose.com%2Fwp-content%2Fuploads%2F2022%2F08%2FGO-Microdose-manual.pdf|target:_blank|\u00a0\u00bb el_class=\u00a0\u00bbbtn-download\u00a0\u00bb][\/vc_column_inner][\/vc_row_inner][vc_row_inner el_class=\u00a0\u00bbitem\u00a0\u00bb][vc_column_inner][vc_single_image image=\u00a0\u00bb56829&Prime; [&hellip;]<\/p>\n","protected":false},"author":5548,"featured_media":0,"parent":0,"menu_order":0,"comment_status":"closed","ping_status":"closed","template":"","meta":{"_acf_changed":false,"footnotes":""},"class_list":["post-56823","page","type-page","status-publish","hentry"],"acf":[],"_links":{"self":[{"href":"https:\/\/go-microdose.com\/fr\/wp-json\/wp\/v2\/pages\/56823","targetHints":{"allow":["GET"]}}],"collection":[{"href":"https:\/\/go-microdose.com\/fr\/wp-json\/wp\/v2\/pages"}],"about":[{"href":"https:\/\/go-microdose.com\/fr\/wp-json\/wp\/v2\/types\/page"}],"author":[{"embeddable":true,"href":"https:\/\/go-microdose.com\/fr\/wp-json\/wp\/v2\/users\/5548"}],"replies":[{"embeddable":true,"href":"https:\/\/go-microdose.com\/fr\/wp-json\/wp\/v2\/comments?post=56823"}],"version-history":[{"count":0,"href":"https:\/\/go-microdose.com\/fr\/wp-json\/wp\/v2\/pages\/56823\/revisions"}],"wp:attachment":[{"href":"https:\/\/go-microdose.com\/fr\/wp-json\/wp\/v2\/media?parent=56823"}],"curies":[{"name":"wp","href":"https:\/\/api.w.org\/{rel}","templated":true}]}}