{"id":56871,"date":"2026-03-25T11:23:06","date_gmt":"2026-03-25T10:23:06","guid":{"rendered":"https:\/\/go-microdose.com\/microdosage\/"},"modified":"2026-03-27T09:38:21","modified_gmt":"2026-03-27T08:38:21","slug":"microdosage","status":"publish","type":"page","link":"https:\/\/go-microdose.com\/fr\/microdosage\/","title":{"rendered":"Microdosage"},"content":{"rendered":"<div class=\"wpb-content-wrapper\"><p>[vc_section full_width=\u00a0\u00bbstretch_row_content\u00a0\u00bb full_height=\u00a0\u00bbyes\u00a0\u00bb content_placement=\u00a0\u00bbmiddle\u00a0\u00bb el_class=\u00a0\u00bbbutton-section product-copy-page\u00a0\u00bb css=\u00a0\u00bb.vc_custom_1640248080539{padding-bottom: 0px !important;}\u00a0\u00bb][vc_row full_height=\u00a0\u00bbyes\u00a0\u00bb css_animation=\u00a0\u00bbnone\u00a0\u00bb][vc_column el_class=\u00a0\u00bbcontainer\u00a0\u00bb][vc_row_inner content_placement=\u00a0\u00bbmiddle\u00a0\u00bb el_class=\u00a0\u00bbrow-reverse\u00a0\u00bb][vc_column_inner width=\u00a0\u00bb1\/2&Prime;][vc_single_image image=\u00a0\u00bb56886&Prime; img_size=\u00a0\u00bbfull\u00a0\u00bb][\/vc_column_inner][vc_column_inner el_class=\u00a0\u00bbabout-text-column\u00a0\u00bb width=\u00a0\u00bb1\/2&Prime;][vc_custom_heading source=\u00a0\u00bbpost_title\u00a0\u00bb font_container=\u00a0\u00bbtag:h5|text_align:left\u00a0\u00bb use_theme_fonts=\u00a0\u00bbyes\u00a0\u00bb el_class=\u00a0\u00bbpr-tag\u00a0\u00bb][vc_custom_heading text=\u00a0\u00bbQu\u2019est-ce que le microdosage ?\u00a0\u00bb font_container=\u00a0\u00bbtag:h2|text_align:left|color:%23000000&Prime; use_theme_fonts=\u00a0\u00bbyes\u00a0\u00bb][vc_column_text el_class=\u00a0\u00bbproduct-copy-description\u00a0\u00bb]Le microdosage de truffes s\u2019est fait conna\u00eetre mondialement en 2015 et est rapidement devenu populaire. Tu prends 1\/10e de la dose n\u00e9cessaire pour un \u00ab trip \u00bb. Cela \u00e9vite les hallucinations et les effets ind\u00e9sirables, tout en profitant de b\u00e9n\u00e9fices subtils. Tu ressens les effets \u00e0 un niveau sub-perceptuel, sans les perturbations visuelles. En microdosant, tu profites des avantages sans les inconv\u00e9nients des substances psych\u00e9d\u00e9liques.    <\/p>\n<p>La truffe que nous vendons est le \u00ab scl\u00e9rote \u00bb (substrat souterrain de la \u00ab Mexicana \u00bb). Elle peut \u00eatre librement produite, commercialis\u00e9e et export\u00e9e aux Pays-Bas. C\u2019est un produit l\u00e9gal aux Pays-Bas, tant qu\u2019il n\u2019a pas subi de \u00ab transformation active \u00bb, et peut donc \u00eatre exp\u00e9di\u00e9 vers tous les pays de l\u2019UE en vertu du <strong><a href=\"https:\/\/ec.europa.eu\/growth\/single-market\/goods\/free-movement-sectors\/mutual-recognition_en\" target=\"_blank\" rel=\"noopener\">Principe de reconnaissance mutuelle des marchandises<\/a><\/strong> de la Commission europ\u00e9enne.[\/vc_column_text][vc_btn title=\u00a0\u00bbCommander ici\u00a0\u00bb color=\u00a0\u00bbwarning\u00a0\u00bb size=\u00a0\u00bblg\u00a0\u00bb align=\u00a0\u00bbleft\u00a0\u00bb link=\u00a0\u00bburl:https%3A%2F%2Fgo-microdose.com%2Ffr%2Fboutique%2F|\u00a0\u00bb][\/vc_column_inner][\/vc_row_inner][\/vc_column][\/vc_row][vc_row el_class=\u00a0\u00bbmove-next-section\u00a0\u00bb][vc_column el_class=\u00a0\u00bbcontainer\u00a0\u00bb][vc_btn title=\u00a0\u00bbQuels sont les avantages ?\u00a0\u00bb style=\u00a0\u00bbflat\u00a0\u00bb color=\u00a0\u00bbblack\u00a0\u00bb link=\u00a0\u00bburl:%23more|\u00a0\u00bb el_class=\u00a0\u00bbdiscover-more\u00a0\u00bb][\/vc_column][\/vc_row][\/vc_section][vc_section full_width=\u00a0\u00bbstretch_row_content\u00a0\u00bb content_placement=\u00a0\u00bbmiddle\u00a0\u00bb css=\u00a0\u00bb.vc_custom_1648641388106{background-image: url(https:\/\/go-microdose.com\/wp-content\/uploads\/2021\/12\/background-01.png?id=962) !important;background-position: center !important;background-repeat: no-repeat !important;background-size: cover !important;}\u00a0\u00bb el_class=\u00a0\u00bbeffect-main-section\u00a0\u00bb el_id=\u00a0\u00bbmore\u00a0\u00bb][vc_row][vc_column el_class=\u00a0\u00bbcontainer\u00a0\u00bb][vc_row_inner content_placement=\u00a0\u00bbmiddle\u00a0\u00bb el_class=\u00a0\u00bbrow-reverse effect-section\u00a0\u00bb][vc_column_inner width=\u00a0\u00bb1\/2&Prime;][vc_single_image image=\u00a0\u00bb56894&Prime; img_size=\u00a0\u00bbfull\u00a0\u00bb el_class=\u00a0\u00bbimage-with-shadow\u00a0\u00bb][\/vc_column_inner][vc_column_inner width=\u00a0\u00bb1\/2&Prime;][vc_custom_heading text=\u00a0\u00bbLes avantages\u00a0\u00bb font_container=\u00a0\u00bbtag:h3|text_align:left|color:%23696764&Prime; use_theme_fonts=\u00a0\u00bbyes\u00a0\u00bb][vc_custom_heading text=\u00a0\u00bbPourquoi le microdosage ?\u00a0\u00bb font_container=\u00a0\u00bbtag:h2|text_align:left|color:%23000000&Prime; use_theme_fonts=\u00a0\u00bbyes\u00a0\u00bb el_class=\u00a0\u00bbeffect-title\u00a0\u00bb][vc_column_text el_class=\u00a0\u00bbeffect-description\u00a0\u00bb]Nos clients pratiquent le microdosage pour toutes sortes de raisons personnelles. Certains se sentent plus cr\u00e9atifs, d\u2019autres sont plus productifs, et d\u2019autres encore ressentent moins de probl\u00e8mes m\u00e9dicaux. Pour eux, le microdosage est un moyen qui les aide \u00e0 relever divers d\u00e9fis et probl\u00e8mes. Tu peux ressentir un ou plusieurs des avantages suivants :   <\/p>\n<ul>\n<li><strong>\u00c9nergie accrue :<\/strong> Sens-toi plus dynamique et productif tout au long de la journ\u00e9e.<\/li>\n<li><strong>Meilleure concentration :<\/strong> Profite d\u2019une pens\u00e9e plus claire et d\u2019une meilleure r\u00e9solution de probl\u00e8mes.<\/li>\n<li><strong>Cr\u00e9ativit\u00e9 boost\u00e9e :<\/strong> Acc\u00e8de \u00e0 de nouveaux niveaux d\u2019inspiration et de pens\u00e9e innovante.<\/li>\n<li><strong>Attention am\u00e9lior\u00e9e :<\/strong> Reste concentr\u00e9 sur tes t\u00e2ches plus longtemps et avec facilit\u00e9.<\/li>\n<li><strong>Anxi\u00e9t\u00e9 r\u00e9duite :<\/strong> Profite d\u2019un \u00e9tat d\u2019esprit plus calme et plus \u00e9quilibr\u00e9.<\/li>\n<li><strong>Humeur \u00e9lev\u00e9e :<\/strong> Sens-toi plus enthousiaste et positif face \u00e0 la vie.<\/li>\n<\/ul>\n<p>Le microdosage offre un moyen simple mais puissant d\u2019am\u00e9liorer divers aspects de ta vie. Essaie d\u00e8s aujourd\u2019hui et lib\u00e8re tout ton potentiel.[\/vc_column_text][\/vc_column_inner][\/vc_row_inner][\/vc_column][\/vc_row][vc_row][vc_column el_class=\u00a0\u00bbcontainer\u00a0\u00bb][vc_btn title=\u00a0\u00bbComment cela fonctionne-t-il ?\u00a0\u00bb style=\u00a0\u00bbflat\u00a0\u00bb color=\u00a0\u00bbblack\u00a0\u00bb link=\u00a0\u00bburl:%23research|\u00a0\u00bb el_class=\u00a0\u00bbdiscover-more\u00a0\u00bb][\/vc_column][\/vc_row][\/vc_section][vc_section full_width=\u00a0\u00bbstretch_row_content\u00a0\u00bb el_class=\u00a0\u00bbbutton-section\u00a0\u00bb el_id=\u00a0\u00bbresearch\u00a0\u00bb][vc_row el_class=\u00a0\u00bbonly-text-content\u00a0\u00bb][vc_column el_class=\u00a0\u00bbcontainer\u00a0\u00bb][vc_row_inner el_class=\u00a0\u00bbabout-text-column\u00a0\u00bb][vc_column_inner width=\u00a0\u00bb1\/2&Prime;][vc_custom_heading text=\u00a0\u00bbSes effets\u00a0\u00bb font_container=\u00a0\u00bbtag:h5|text_align:left\u00a0\u00bb use_theme_fonts=\u00a0\u00bbyes\u00a0\u00bb el_class=\u00a0\u00bbpr-tag\u00a0\u00bb][vc_custom_heading text=\u00a0\u00bbQue se passe-t-il dans ton cerveau ?\u00a0\u00bb font_container=\u00a0\u00bbtag:h2|text_align:left|color:%23000000&Prime; use_theme_fonts=\u00a0\u00bbyes\u00a0\u00bb][vc_column_text el_class=\u00a0\u00bbproduct-copy-description\u00a0\u00bb]Le fonctionnement pr\u00e9cis du microdosage rel\u00e8ve des neurosciences et est donc extr\u00eamement complexe. Il s\u2019agit de substances psych\u00e9d\u00e9liques qui, en microdose, ont un effet r\u00e9el sur les r\u00e9cepteurs de s\u00e9rotonine (5-hydroxytryptamine ou 5-HT) dans le cerveau. Ce syst\u00e8me r\u00e9gule l\u2019esprit et la fa\u00e7on dont tu apprends.  <\/p>\n<p>Le syst\u00e8me nerveux contient toutes sortes de r\u00e9cepteurs de s\u00e9rotonine qui, ensemble, r\u00e9gulent des fonctions allant de ton humeur et ta m\u00e9moire \u00e0 ta r\u00e9flexion et ton transit intestinal. Les r\u00e9cepteurs 5-HT1A, 5-HT2A, 5-HT3, 5-HT4, 5-HT6 et 5-HT7 sont responsables de ta m\u00e9moire et de ta capacit\u00e9 de r\u00e9flexion. Le microdosage cr\u00e9e un boost cognitif par son effet sur le r\u00e9cepteur 5-HT2.[\/vc_column_text][vc_btn title=\u00a0\u00bbCommander ici\u00a0\u00bb color=\u00a0\u00bbwarning\u00a0\u00bb size=\u00a0\u00bblg\u00a0\u00bb align=\u00a0\u00bbleft\u00a0\u00bb el_class=\u00a0\u00bbcstm-btn with-bg\u00a0\u00bb link=\u00a0\u00bburl:https%3A%2F%2Fgo-microdose.com%2Ffr%2Fboutique%2F|\u00a0\u00bb][\/vc_column_inner][vc_column_inner width=\u00a0\u00bb1\/2&Prime;][vc_custom_heading text=\u00a0\u00bbL\u2019exp\u00e9rience des clients\u00a0\u00bb font_container=\u00a0\u00bbtag:h5|text_align:left\u00a0\u00bb use_theme_fonts=\u00a0\u00bbyes\u00a0\u00bb el_class=\u00a0\u00bbpr-tag\u00a0\u00bb][vc_custom_heading text=\u00a0\u00bbExp\u00e9riences rapport\u00e9es par nos utilisateurs :\u00a0\u00bb font_container=\u00a0\u00bbtag:h2|text_align:left|color:%23000000&Prime; use_theme_fonts=\u00a0\u00bbyes\u00a0\u00bb][vc_column_text el_class=\u00a0\u00bbeffect-description\u00a0\u00bb]<\/p>\n<ul>\n<li><strong>Clart\u00e9 accrue :<\/strong> Pens\u00e9e aff\u00fbt\u00e9e et meilleures capacit\u00e9s de r\u00e9solution de probl\u00e8mes.<\/li>\n<li><strong>Focus am\u00e9lior\u00e9 :<\/strong> Meilleure concentration, m\u00eame si tu as des difficult\u00e9s li\u00e9es au TDAH.<\/li>\n<li><strong>Anxi\u00e9t\u00e9 r\u00e9duite :<\/strong> Soulagement des peurs et des probl\u00e8mes li\u00e9s \u00e0 l\u2019anxi\u00e9t\u00e9.<\/li>\n<li><strong>\u00c9nergie d\u00e9cupl\u00e9e :<\/strong> Sens-toi plus \u00e9nergique, cr\u00e9atif et productif.<\/li>\n<li><strong>Humeur am\u00e9lior\u00e9e :<\/strong> Profite d\u2019une meilleure qualit\u00e9 de sommeil et d\u2019une vision plus radieuse de la vie.<\/li>\n<li><strong>Soulagement menstruel :<\/strong> R\u00e9duction notable des sympt\u00f4mes du syndrome pr\u00e9menstruel.<\/li>\n<li><strong>Aide au sevrage :<\/strong> Plus facile de surmonter le tabagisme et d\u2019autres addictions.<\/li>\n<li><strong>Communication am\u00e9lior\u00e9e :<\/strong> Moins de probl\u00e8mes de b\u00e9gaiement et de troubles de l\u2019\u00e9locution.<\/li>\n<li><strong>Connexions plus profondes :<\/strong> Favorise des liens \u00e9motionnels plus forts avec ton entourage.<\/li>\n<li><strong>Pr\u00e9sence accrue :<\/strong> Deviens plus conscient de toi-m\u00eame et pr\u00e9sent dans l\u2019instant.<\/li>\n<\/ul>\n<p>Lance-toi dans ton voyage de microdosage et ouvre la porte \u00e0 un monde de changements positifs.[\/vc_column_text][\/vc_column_inner][\/vc_row_inner][\/vc_column][\/vc_row][vc_row][vc_column el_class=\u00a0\u00bbcontainer\u00a0\u00bb][vc_btn title=\u00a0\u00bbD\u2019o\u00f9 viennent-elles ?\u00a0\u00bb style=\u00a0\u00bbflat\u00a0\u00bb color=\u00a0\u00bbblack\u00a0\u00bb link=\u00a0\u00bburl:%23thenetherlands|\u00a0\u00bb el_class=\u00a0\u00bbdiscover-more\u00a0\u00bb][\/vc_column][\/vc_row][\/vc_section][vc_section full_width=\u00a0\u00bbstretch_row_content\u00a0\u00bb el_class=\u00a0\u00bbbutton-section\u00a0\u00bb el_id=\u00a0\u00bbthenetherlands\u00a0\u00bb css=\u00a0\u00bb.vc_custom_1664213380375{background-color: rgba(206,198,187,0.4) !important;*background-color: rgb(206,198,187) !important;}\u00a0\u00bb][vc_row el_class=\u00a0\u00bbonly-text-content\u00a0\u00bb][vc_column el_class=\u00a0\u00bbcontainer\u00a0\u00bb][vc_row_inner el_class=\u00a0\u00bbabout-text-column\u00a0\u00bb][vc_column_inner width=\u00a0\u00bb1\/2&Prime;][vc_custom_heading text=\u00a0\u00bbLa ferme\u00a0\u00bb font_container=\u00a0\u00bbtag:h5|text_align:left\u00a0\u00bb use_theme_fonts=\u00a0\u00bbyes\u00a0\u00bb el_class=\u00a0\u00bbpr-tag\u00a0\u00bb][vc_custom_heading text=\u00a0\u00bbD\u00e9couvre nos racines\u00a0\u00bb font_container=\u00a0\u00bbtag:h2|text_align:left|color:%23000000&Prime; use_theme_fonts=\u00a0\u00bbyes\u00a0\u00bb][vc_column_text el_class=\u00a0\u00bbproduct-copy-description\u00a0\u00bb]T\u2019es-tu d\u00e9j\u00e0 interrog\u00e9 sur l\u2019origine de nos truffes ? Notre ferme, nich\u00e9e au c\u0153ur des Pays-Bas, est l\u2019endroit o\u00f9 tout commence. Avec plus de 30 ans d\u2019expertise, nous avons acquis une connaissance approfondie de la culture des truffes, garantissant un produit de la plus haute qualit\u00e9 \u00e0 nos clients. De la semence \u00e0 la r\u00e9colte, chaque \u00e9tape du processus est m\u00e9ticuleusement g\u00e9r\u00e9e pour garantir une croissance et une puissance optimales. Curieux de jeter un \u0153il dans les coulisses ? Explore notre ferme et constate par toi-m\u00eame le d\u00e9vouement et le soin apport\u00e9s \u00e0 chaque lot de nos truffes de qualit\u00e9 sup\u00e9rieure.[\/vc_column_text][vc_btn title=\u00a0\u00bbNotre histoire\u00a0\u00bb color=\u00a0\u00bbwarning\u00a0\u00bb size=\u00a0\u00bblg\u00a0\u00bb align=\u00a0\u00bbleft\u00a0\u00bb el_class=\u00a0\u00bbcstm-btn with-bg\u00a0\u00bb link=\u00a0\u00bburl:https%3A%2F%2Fgo-microdose.com%2Ffr%2Fnotre-histoire%2F|\u00a0\u00bb css=\u00a0\u00bb.vc_custom_1667941871095{padding-top: 0px !important;}\u00a0\u00bb][\/vc_column_inner][vc_column_inner width=\u00a0\u00bb1\/2&Prime;][vc_single_image image=\u00a0\u00bb56756&Prime; img_size=\u00a0\u00bbfull\u00a0\u00bb el_class=\u00a0\u00bbimage-with-shadow\u00a0\u00bb][\/vc_column_inner][\/vc_row_inner][vc_row_inner el_class=\u00a0\u00bbabout-text-column\u00a0\u00bb][vc_column_inner][vc_custom_heading text=\u00a0\u00bbPlus de photos\u00a0\u00bb font_container=\u00a0\u00bbtag:h5|text_align:left\u00a0\u00bb use_theme_fonts=\u00a0\u00bbyes\u00a0\u00bb el_class=\u00a0\u00bbpr-tag\u00a0\u00bb][vc_custom_heading text=\u00a0\u00bbL\u00e0 o\u00f9 tout se passe\u00a0\u00bb font_container=\u00a0\u00bbtag:h2|text_align:left|color:%23000000&Prime; use_theme_fonts=\u00a0\u00bbyes\u00a0\u00bb][vc_images_carousel images=\u00a0\u00bb56757,56758,56759,56880,56761,56762,56763,56764,56765,56766&Prime; img_size=\u00a0\u00bblarge\u00a0\u00bb slides_per_view=\u00a0\u00bb10&Prime;][\/vc_column_inner][\/vc_row_inner][\/vc_column][\/vc_row][\/vc_section]<\/p>\n<\/div>","protected":false},"excerpt":{"rendered":"<p>[vc_section full_width=\u00a0\u00bbstretch_row_content\u00a0\u00bb full_height=\u00a0\u00bbyes\u00a0\u00bb content_placement=\u00a0\u00bbmiddle\u00a0\u00bb el_class=\u00a0\u00bbbutton-section product-copy-page\u00a0\u00bb css=\u00a0\u00bb.vc_custom_1640248080539{padding-bottom: 0px !important;}\u00a0\u00bb][vc_row full_height=\u00a0\u00bbyes\u00a0\u00bb css_animation=\u00a0\u00bbnone\u00a0\u00bb][vc_column el_class=\u00a0\u00bbcontainer\u00a0\u00bb][vc_row_inner content_placement=\u00a0\u00bbmiddle\u00a0\u00bb el_class=\u00a0\u00bbrow-reverse\u00a0\u00bb][vc_column_inner width=\u00a0\u00bb1\/2&Prime;][vc_single_image image=\u00a0\u00bb56886&Prime; img_size=\u00a0\u00bbfull\u00a0\u00bb][\/vc_column_inner][vc_column_inner el_class=\u00a0\u00bbabout-text-column\u00a0\u00bb width=\u00a0\u00bb1\/2&Prime;][vc_custom_heading source=\u00a0\u00bbpost_title\u00a0\u00bb font_container=\u00a0\u00bbtag:h5|text_align:left\u00a0\u00bb use_theme_fonts=\u00a0\u00bbyes\u00a0\u00bb el_class=\u00a0\u00bbpr-tag\u00a0\u00bb][vc_custom_heading text=\u00a0\u00bbQu\u2019est-ce que le microdosage ?\u00a0\u00bb font_container=\u00a0\u00bbtag:h2|text_align:left|color:%23000000&Prime; use_theme_fonts=\u00a0\u00bbyes\u00a0\u00bb][vc_column_text el_class=\u00a0\u00bbproduct-copy-description\u00a0\u00bb]Le microdosage de truffes s\u2019est fait conna\u00eetre mondialement en 2015 et est rapidement devenu populaire. Tu prends 1\/10e de la dose n\u00e9cessaire pour un \u00ab [&hellip;]<\/p>\n","protected":false},"author":5548,"featured_media":0,"parent":0,"menu_order":0,"comment_status":"closed","ping_status":"closed","template":"","meta":{"_acf_changed":false,"footnotes":""},"class_list":["post-56871","page","type-page","status-publish","hentry"],"acf":[],"_links":{"self":[{"href":"https:\/\/go-microdose.com\/fr\/wp-json\/wp\/v2\/pages\/56871","targetHints":{"allow":["GET"]}}],"collection":[{"href":"https:\/\/go-microdose.com\/fr\/wp-json\/wp\/v2\/pages"}],"about":[{"href":"https:\/\/go-microdose.com\/fr\/wp-json\/wp\/v2\/types\/page"}],"author":[{"embeddable":true,"href":"https:\/\/go-microdose.com\/fr\/wp-json\/wp\/v2\/users\/5548"}],"replies":[{"embeddable":true,"href":"https:\/\/go-microdose.com\/fr\/wp-json\/wp\/v2\/comments?post=56871"}],"version-history":[{"count":0,"href":"https:\/\/go-microdose.com\/fr\/wp-json\/wp\/v2\/pages\/56871\/revisions"}],"wp:attachment":[{"href":"https:\/\/go-microdose.com\/fr\/wp-json\/wp\/v2\/media?parent=56871"}],"curies":[{"name":"wp","href":"https:\/\/api.w.org\/{rel}","templated":true}]}}