{"id":56958,"date":"2026-03-25T11:23:37","date_gmt":"2026-03-25T10:23:37","guid":{"rendered":"https:\/\/go-microdose.com\/politique-de-confidentialite\/"},"modified":"2026-03-25T11:24:20","modified_gmt":"2026-03-25T10:24:20","slug":"politique-de-confidentialite","status":"publish","type":"page","link":"https:\/\/go-microdose.com\/fr\/politique-de-confidentialite\/","title":{"rendered":"Politique de confidentialit\u00e9"},"content":{"rendered":"<div class=\"wpb-content-wrapper\"><p>[vc_section][vc_row][vc_column][vc_custom_heading text=\u00a0\u00bbPolitique de confidentialit\u00e9\u00a0\u00bb font_container=\u00a0\u00bbtag:h1|text_align:center\u00a0\u00bb use_theme_fonts=\u00a0\u00bbyes\u00a0\u00bb el_class=\u00a0\u00bbeffect-title\u00a0\u00bb][vc_column_text]GK Health B.V. est responsable du traitement des donn\u00e9es personnelles tel qu&rsquo;indiqu\u00e9 dans cette d\u00e9claration de confidentialit\u00e9.<\/p>\n<p>Coordonn\u00e9es :<br \/>\nwww.go-microdose.com<br \/>\ninfo@go-microdose.com<\/p>\n<p>Donn\u00e9es personnelles que nous traitons<br \/>\nGK Health B.V. traite vos donn\u00e9es personnelles parce que vous utilisez nos services et\/ou parce que vous nous fournissez ces donn\u00e9es vous-m\u00eame.<\/p>\n<p>Vous trouverez ci-dessous un aper\u00e7u des donn\u00e9es personnelles que nous traitons :<br \/>\n\u2013 Nom et pr\u00e9nom<br \/>\n\u2013 Adresse<br \/>\n\u2013 Num\u00e9ro de t\u00e9l\u00e9phone<br \/>\n\u2013 Adresse e-mail<br \/>\n\u2013 Autres donn\u00e9es personnelles que vous fournissez activement, par exemple en cr\u00e9ant un profil sur ce site web, dans la correspondance et par t\u00e9l\u00e9phone<br \/>\n\u2013 Informations sur vos activit\u00e9s sur notre site web<br \/>\n\u2013 Navigateur Internet et type d&rsquo;appareil<\/p>\n<p>Donn\u00e9es personnelles sp\u00e9ciales et\/ou sensibles que nous traitons<br \/>\nNotre site web et\/ou service n&rsquo;a pas l&rsquo;intention de collecter des donn\u00e9es sur les visiteurs du site web \u00e2g\u00e9s de moins de 16 ans. Sauf s&rsquo;ils ont l&rsquo;autorisation de leurs parents ou tuteurs. Cependant, nous ne pouvons pas v\u00e9rifier si un visiteur a plus de 16 ans. Nous conseillons donc aux parents de s&rsquo;impliquer dans les activit\u00e9s en ligne de leurs enfants, afin d&rsquo;\u00e9viter que des donn\u00e9es sur les enfants ne soient collect\u00e9es sans le consentement parental. Si vous \u00eates convaincu que nous avons collect\u00e9 des informations personnelles sur un mineur sans cette autorisation, veuillez nous contacter \u00e0 info@go-microdose.com et nous supprimerons ces informations.    <\/p>\n<p>Dans quel but et sur quelle base nous traitons les donn\u00e9es personnelles<br \/>\nGK Health B.V. traite vos donn\u00e9es personnelles aux fins suivantes :<br \/>\n\u2013 Traitement de votre paiement<br \/>\n\u2013 Envoi de notre newsletter et\/ou brochure publicitaire<br \/>\n\u2013 Vous offrir la possibilit\u00e9 de cr\u00e9er un compte<br \/>\n\u2013 Pour vous livrer des biens et services<br \/>\n\u2013 GK Health B.V. analyse votre comportement sur le site web afin d&rsquo;am\u00e9liorer le site web et d&rsquo;adapter la gamme de produits et services \u00e0 vos pr\u00e9f\u00e9rences.<br \/>\n\u2013 GK Health B.V. suit votre comportement de navigation sur diff\u00e9rents sites web afin d&rsquo;adapter nos produits et services \u00e0 vos besoins.<\/p>\n<p>Combien de temps nous conservons les donn\u00e9es personnelles<br \/>\nGK Health B.V. ne stocke pas vos donn\u00e9es personnelles plus longtemps que ce qui est strictement n\u00e9cessaire pour r\u00e9aliser les finalit\u00e9s pour lesquelles vos donn\u00e9es sont collect\u00e9es. Nous utilisons les p\u00e9riodes de conservation suivantes pour les donn\u00e9es personnelles : <\/p>\n<p>12 mois<\/p>\n<p>Partage de donn\u00e9es personnelles avec des tiers<br \/>\nGK Health B.V. ne sera fournie \u00e0 des tiers que si cela est n\u00e9cessaire \u00e0 l&rsquo;ex\u00e9cution de notre accord avec vous ou pour se conformer \u00e0 une obligation l\u00e9gale.<\/p>\n<p>Cookies, ou techniques similaires, que nous utilisons<br \/>\nGK Health B.V. utilise des cookies fonctionnels, analytiques et de suivi. Un cookie est un petit fichier texte qui est stock\u00e9 dans le navigateur de votre ordinateur, tablette ou smartphone lors de votre premi\u00e8re visite sur ce site web. GK Health B.V. utilise des cookies avec une fonctionnalit\u00e9 purement technique. Ceux-ci garantissent le bon fonctionnement du site web et la m\u00e9morisation de vos param\u00e8tres pr\u00e9f\u00e9r\u00e9s, par exemple. Ces cookies sont \u00e9galement utilis\u00e9s pour faire fonctionner correctement le site web et l&rsquo;optimiser. De plus, nous pla\u00e7ons des cookies qui suivent votre comportement de navigation afin que nous puissions vous proposer du contenu et des publicit\u00e9s personnalis\u00e9s.     <\/p>\n<p>Lors de votre premi\u00e8re visite sur notre site web, nous vous avons d\u00e9j\u00e0 inform\u00e9 de ces cookies et nous avons demand\u00e9 votre permission pour les placer.<\/p>\n<p>Vous pouvez refuser les cookies en configurant votre navigateur Internet de mani\u00e8re \u00e0 ce qu&rsquo;il ne stocke plus de cookies. De plus, vous pouvez \u00e9galement supprimer toutes les informations pr\u00e9c\u00e9demment stock\u00e9es via les param\u00e8tres de votre navigateur. <\/p>\n<p>Consulter, modifier ou supprimer des donn\u00e9es<br \/>\nVous avez le droit de consulter, de corriger ou de supprimer vos donn\u00e9es personnelles. De plus, vous avez le droit de retirer votre consentement au traitement des donn\u00e9es ou de vous opposer au traitement de vos donn\u00e9es personnelles par GK Health B.V. et vous avez le droit \u00e0 la portabilit\u00e9 des donn\u00e9es. Cela signifie que vous pouvez nous soumettre une demande pour que nous vous envoyions les donn\u00e9es personnelles que nous d\u00e9tenons \u00e0 votre sujet dans un fichier informatique, \u00e0 vous ou \u00e0 une autre organisation mentionn\u00e9e par vous.  <\/p>\n<p>Vous pouvez envoyer une demande d&rsquo;acc\u00e8s, de correction, de suppression, de transfert de donn\u00e9es de vos donn\u00e9es personnelles ou une demande de retrait de votre consentement ou d&rsquo;opposition au traitement de vos donn\u00e9es personnelles \u00e0 info@go-microdose.com.<\/p>\n<p>Pour vous assurer que la demande d&rsquo;acc\u00e8s a \u00e9t\u00e9 faite par vous, nous vous demandons d&rsquo;envoyer une copie de votre preuve d&rsquo;identit\u00e9 avec la demande. Rendez votre photo de passeport, la MRZ (zone de lecture automatique, la bande de chiffres au bas du passeport), le num\u00e9ro de passeport et le num\u00e9ro de service citoyen (BSN) noirs sur cette copie. Ceci afin de prot\u00e9ger votre vie priv\u00e9e. Nous r\u00e9pondrons \u00e0 votre demande dans les plus brefs d\u00e9lais, mais dans un d\u00e9lai de quatre semaines.   <\/p>\n<p>GK Health B.V. souhaite \u00e9galement vous signaler que vous avez la possibilit\u00e9 de d\u00e9poser une plainte aupr\u00e8s de l&rsquo;autorit\u00e9 de surveillance nationale, l&rsquo;Autorit\u00e9 n\u00e9erlandaise de protection des donn\u00e9es. Vous pouvez le faire via le lien suivant : https:\/\/autoriteitpersoonsgegevens.nl\/nl\/contact-met-de-autoriteit- persoonsgegevens\/tip-ons <\/p>\n<p>Comment nous prot\u00e9geons les donn\u00e9es personnelles<br \/>\nGK Health B.V. prend la protection de vos donn\u00e9es au s\u00e9rieux et prend les mesures appropri\u00e9es pour pr\u00e9venir l&rsquo;abus, la perte, l&rsquo;acc\u00e8s non autoris\u00e9, la divulgation non d\u00e9sir\u00e9e et la modification non autoris\u00e9e. Si vous estimez que vos donn\u00e9es ne sont pas correctement s\u00e9curis\u00e9es ou s&rsquo;il y a des indications d&rsquo;abus, veuillez contacter notre service client ou via <a href=\"mailto:info@go-microdose.com\">info@go-microdose.com<\/a> [\/vc_column_text][\/vc_column][\/vc_row][\/vc_section]<\/p>\n<\/div>","protected":false},"excerpt":{"rendered":"<p>[vc_section][vc_row][vc_column][vc_custom_heading text=\u00a0\u00bbPolitique de confidentialit\u00e9\u00a0\u00bb font_container=\u00a0\u00bbtag:h1|text_align:center\u00a0\u00bb use_theme_fonts=\u00a0\u00bbyes\u00a0\u00bb el_class=\u00a0\u00bbeffect-title\u00a0\u00bb][vc_column_text]GK Health B.V. est responsable du traitement des donn\u00e9es personnelles tel qu&rsquo;indiqu\u00e9 dans cette d\u00e9claration de confidentialit\u00e9. Coordonn\u00e9es : www.go-microdose.com info@go-microdose.com Donn\u00e9es personnelles que nous traitons GK Health B.V. traite vos donn\u00e9es personnelles parce que vous utilisez nos services et\/ou parce que vous nous fournissez ces donn\u00e9es vous-m\u00eame. Vous [&hellip;]<\/p>\n","protected":false},"author":5548,"featured_media":0,"parent":0,"menu_order":0,"comment_status":"closed","ping_status":"closed","template":"page-content.php","meta":{"_acf_changed":false,"footnotes":""},"class_list":["post-56958","page","type-page","status-publish","hentry"],"acf":[],"_links":{"self":[{"href":"https:\/\/go-microdose.com\/fr\/wp-json\/wp\/v2\/pages\/56958","targetHints":{"allow":["GET"]}}],"collection":[{"href":"https:\/\/go-microdose.com\/fr\/wp-json\/wp\/v2\/pages"}],"about":[{"href":"https:\/\/go-microdose.com\/fr\/wp-json\/wp\/v2\/types\/page"}],"author":[{"embeddable":true,"href":"https:\/\/go-microdose.com\/fr\/wp-json\/wp\/v2\/users\/5548"}],"replies":[{"embeddable":true,"href":"https:\/\/go-microdose.com\/fr\/wp-json\/wp\/v2\/comments?post=56958"}],"version-history":[{"count":0,"href":"https:\/\/go-microdose.com\/fr\/wp-json\/wp\/v2\/pages\/56958\/revisions"}],"wp:attachment":[{"href":"https:\/\/go-microdose.com\/fr\/wp-json\/wp\/v2\/media?parent=56958"}],"curies":[{"name":"wp","href":"https:\/\/api.w.org\/{rel}","templated":true}]}}