{"id":57206,"date":"2026-03-25T11:26:34","date_gmt":"2026-03-25T10:26:34","guid":{"rendered":"https:\/\/go-microdose.com\/programme-daffiliation\/"},"modified":"2026-03-27T13:05:19","modified_gmt":"2026-03-27T12:05:19","slug":"programme-daffiliation","status":"publish","type":"page","link":"https:\/\/go-microdose.com\/fr\/programme-daffiliation\/","title":{"rendered":"Programme d&rsquo;affiliation"},"content":{"rendered":"<div class=\"wpb-content-wrapper\"><p>[vc_section full_width=\u00a0\u00bbstretch_row_content\u00a0\u00bb full_height=\u00a0\u00bbyes\u00a0\u00bb el_class=\u00a0\u00bbeffect-main-section hoe-het-main-section\u00a0\u00bb css=\u00a0\u00bb.vc_custom_1640248116192{padding-bottom: 0px !important;}\u00a0\u00bb][vc_row full_height=\u00a0\u00bbyes\u00a0\u00bb css_animation=\u00a0\u00bbnone\u00a0\u00bb el_class=\u00a0\u00bbhoe-het-werkt-row\u00a0\u00bb][vc_column el_class=\u00a0\u00bbcontainer\u00a0\u00bb][vc_row_inner content_placement=\u00a0\u00bbtop\u00a0\u00bb el_class=\u00a0\u00bbrow-reverse\u00a0\u00bb][vc_column_inner el_class=\u00a0\u00bbhoe-het-werkt-image-column\u00a0\u00bb width=\u00a0\u00bb1\/2&Prime;][vc_single_image image=\u00a0\u00bb57208&Prime; img_size=\u00a0\u00bbfull\u00a0\u00bb css_animation=\u00a0\u00bbnone\u00a0\u00bb el_class=\u00a0\u00bbimage-with-shadow\u00a0\u00bb][vc_single_image image=\u00a0\u00bb56383&Prime; img_size=\u00a0\u00bb248X248&Prime; el_class=\u00a0\u00bbfix-image\u00a0\u00bb][\/vc_column_inner][vc_column_inner width=\u00a0\u00bb1\/2&Prime;][vc_custom_heading text=\u00a0\u00bbProgramme d&apos;affiliation\u00a0\u00bb font_container=\u00a0\u00bbtag:h5|text_align:left|color:%23b1aca7&Prime; use_theme_fonts=\u00a0\u00bbyes\u00a0\u00bb css_animation=\u00a0\u00bbnone\u00a0\u00bb el_class=\u00a0\u00bbpr-tag\u00a0\u00bb][vc_custom_heading text=\u00a0\u00bbVeux-tu nous aider \u00e0 grandir ?\u00a0\u00bb font_container=\u00a0\u00bbtag:h2|text_align:left|color:%23000000&Prime; use_theme_fonts=\u00a0\u00bbyes\u00a0\u00bb css_animation=\u00a0\u00bbnone\u00a0\u00bb el_class=\u00a0\u00bbeffect-title\u00a0\u00bb][vc_column_text css_animation=\u00a0\u00bbnone\u00a0\u00bb el_class=\u00a0\u00bbeffect-description\u00a0\u00bb]Nous sommes ravis que tu sois int\u00e9ress\u00e9 \u00e0 devenir affili\u00e9 avec nous !<br \/>\nNous cherchons toujours des opportunit\u00e9s pour faire conna\u00eetre GO Microdose \u00e0 encore plus de personnes.[\/vc_column_text][vc_btn title=\u00a0\u00bbS&apos;inscrire\u00a0\u00bb color=\u00a0\u00bbwarning\u00a0\u00bb link=\u00a0\u00bburl:%23signup|\u00a0\u00bb][\/vc_column_inner][\/vc_row_inner][\/vc_column][\/vc_row][vc_row el_class=\u00a0\u00bbmove-next-section\u00a0\u00bb][vc_column el_class=\u00a0\u00bbcontainer\u00a0\u00bb][vc_btn title=\u00a0\u00bbVoir notre programme\u00a0\u00bb style=\u00a0\u00bbflat\u00a0\u00bb color=\u00a0\u00bbblack\u00a0\u00bb link=\u00a0\u00bburl:%23program|\u00a0\u00bb][\/vc_column][\/vc_row][\/vc_section][vc_section full_width=\u00a0\u00bbstretch_row_content\u00a0\u00bb el_class=\u00a0\u00bbbutton-section pdf-section\u00a0\u00bb css=\u00a0\u00bb.vc_custom_1667543734559{background-image: url(https:\/\/go-microdose.com\/wp-content\/uploads\/2021\/12\/background-01.png?id=962) !important;background-position: center !important;background-repeat: no-repeat !important;background-size: cover !important;}\u00a0\u00bb el_id=\u00a0\u00bbprogram\u00a0\u00bb][vc_row][vc_column el_class=\u00a0\u00bbcontainer\u00a0\u00bb][vc_row_inner content_placement=\u00a0\u00bbmiddle\u00a0\u00bb el_class=\u00a0\u00bbabout-us-row\u00a0\u00bb][vc_column_inner width=\u00a0\u00bb6\/12&Prime;][vc_single_image image=\u00a0\u00bb57209&Prime; img_size=\u00a0\u00bbfull\u00a0\u00bb css_animation=\u00a0\u00bbnone\u00a0\u00bb el_class=\u00a0\u00bbimage-with-shadow white\u00a0\u00bb][\/vc_column_inner][vc_column_inner el_class=\u00a0\u00bbabout-text-column\u00a0\u00bb width=\u00a0\u00bb1\/12&Prime;][\/vc_column_inner][vc_column_inner el_class=\u00a0\u00bbabout-text-column\u00a0\u00bb width=\u00a0\u00bb5\/12&Prime;][vc_custom_heading text=\u00a0\u00bbProgramme d&apos;affiliation\u00a0\u00bb font_container=\u00a0\u00bbtag:h5|text_align:left\u00a0\u00bb use_theme_fonts=\u00a0\u00bbyes\u00a0\u00bb el_class=\u00a0\u00bbpr-tag\u00a0\u00bb][vc_custom_heading text=\u00a0\u00bbCe que nous offrons\u00a0\u00bb font_container=\u00a0\u00bbtag:h2|text_align:left|color:%23000000&Prime; use_theme_fonts=\u00a0\u00bbyes\u00a0\u00bb][vc_custom_heading text=\u00a0\u00bbMat\u00e9riel promotionnel\u00a0\u00bb font_container=\u00a0\u00bbtag:h3|text_align:left\u00a0\u00bb use_theme_fonts=\u00a0\u00bbyes\u00a0\u00bb][vc_column_text]Nous cr\u00e9ons tout le mat\u00e9riel promotionnel, y compris les banni\u00e8res dans les formats souhait\u00e9s.[\/vc_column_text][vc_custom_heading text=\u00a0\u00bbLa r\u00e9mun\u00e9ration\u00a0\u00bb font_container=\u00a0\u00bbtag:h3|text_align:left\u00a0\u00bb use_theme_fonts=\u00a0\u00bbyes\u00a0\u00bb][vc_column_text]<\/p>\n<ul>\n<li>Nous allons travailler avec un mod\u00e8le PPV (paiement par vente). <\/li>\n<li>Chaque vente rapporte \u00e0 l&rsquo;affili\u00e9 20 % du prix de vente net.<\/li>\n<li>L&rsquo;affili\u00e9 peut augmenter le prix, la commission reste la m\u00eame.<\/li>\n<li>Le prix ne peut jamais \u00eatre inf\u00e9rieur \u00e0 celui de notre propre site web.<\/li>\n<li>Le paiement \u00e0 l&rsquo;affili\u00e9 est effectu\u00e9 apr\u00e8s l&rsquo;expiration du d\u00e9lai de r\u00e9tractation du client (certains modes de paiement permettent au client de demander un remboursement pendant X temps). <\/li>\n<li>GO Microdose peut refuser un remboursement en cas de fraude (ou de suspicion de fraude).<\/li>\n<li>Le paiement \u00e0 l&rsquo;affili\u00e9 sera effectu\u00e9 tous les 1 ou 3 mois par avoir.<\/li>\n<li>GO Microdose est transparent dans le partage des donn\u00e9es de vente avec l&rsquo;affili\u00e9<\/li>\n<\/ul>\n<p>[\/vc_column_text][\/vc_column_inner][\/vc_row_inner][\/vc_column][\/vc_row][\/vc_section][vc_section full_width=\u00a0\u00bbstretch_row_content\u00a0\u00bb el_class=\u00a0\u00bbbutton-section bottom-visible\u00a0\u00bb el_id=\u00a0\u00bbsignup\u00a0\u00bb][vc_row el_class=\u00a0\u00bbonly-text-content\u00a0\u00bb][vc_column el_class=\u00a0\u00bbcontainer\u00a0\u00bb][vc_row_inner el_class=\u00a0\u00bbabout-text-column\u00a0\u00bb][vc_column_inner width=\u00a0\u00bb6\/12&Prime;][vc_custom_heading text=\u00a0\u00bbContrat\u00a0\u00bb font_container=\u00a0\u00bbtag:h5|text_align:left\u00a0\u00bb use_theme_fonts=\u00a0\u00bbyes\u00a0\u00bb el_class=\u00a0\u00bbpr-tag\u00a0\u00bb][vc_custom_heading text=\u00a0\u00bbLes r\u00e8gles du jeu\u00a0\u00bb use_theme_fonts=\u00a0\u00bbyes\u00a0\u00bb][vc_column_text css=\u00a0\u00bb\u00a0\u00bb el_class=\u00a0\u00bbproduct-copy-description\u00a0\u00bb]<\/p>\n<ul>\n<li>\n<p class=\"p1\">Port\u00e9e du programme. Go microdose g\u00e8re un programme d&rsquo;affiliation permanent. Chaque partie peut mettre fin au partenariat \u00e0 tout moment avec un pr\u00e9avis \u00e9crit.  <\/p>\n<\/li>\n<li>\n<p class=\"p1\">Taux de commission. 20 % sur les ventes suivies par ton lien d&rsquo;affiliation. 10 % sur les ventes suivies par ton code de r\u00e9duction personnel.  <\/p>\n<\/li>\n<li>\n<p class=\"p1\">R\u00e9duction client. Ton code offre aux clients 10 % de r\u00e9duction. La r\u00e9duction s&rsquo;applique toujours m\u00eame lorsque la vente est suivie par lien. Ta commission reste plafonn\u00e9e \u00e0 une seule commission par commande.   <\/p>\n<\/li>\n<li>\n<p class=\"p1\">R\u00e9siliation. Si le programme ou ton compte est r\u00e9sili\u00e9, les commissions approuv\u00e9es accumul\u00e9es jusqu&rsquo;\u00e0 la date de r\u00e9siliation seront toujours pay\u00e9es au cycle suivant. <\/p>\n<\/li>\n<li>\n<p class=\"p1\">Utilisation de la marque. Tu peux utiliser nos logos approuv\u00e9s, photos de produits et textes. Ne d\u00e9forme pas la marque, ne fais pas de fausses d\u00e9clarations.  <\/p>\n<\/li>\n<li>\n<p class=\"p1\">R\u00e8gles de trafic. Pas de spam, de bourrage de cookies, de barres d&rsquo;outils ou de logiciels publicitaires. Pas d&rsquo;ench\u00e8res sur nos termes de marque ou noms de domaine. Pas de faux coupons ou de comptes \u00e0 rebours trompeurs.   <\/p>\n<\/li>\n<li>\n<p class=\"p1\">L\u00e9galit\u00e9 et g\u00e9ographie. Tu es responsable du respect des lois locales en mati\u00e8re de publicit\u00e9 et de produits l\u00e0 o\u00f9 tu fais la promotion. <\/p>\n<\/li>\n<li>\n<p class=\"p1\">Modifications des taux. Go microdose peut ajuster les taux de commission, les r\u00e8gles ou les produits \u00e9ligibles. Nous donnerons un pr\u00e9avis raisonnable pour tout changement important.  <\/p>\n<\/li>\n<li>\n<p class=\"p1\">Support. Les questions ou campagnes personnalis\u00e9es peuvent \u00eatre discut\u00e9es par e-mail \u00e0 info@go-microdose.com <\/p>\n<\/li>\n<\/ul>\n<p>[\/vc_column_text][\/vc_column_inner][vc_column_inner width=\u00a0\u00bb1\/12&Prime;][\/vc_column_inner][vc_column_inner width=\u00a0\u00bb4\/12&Prime;]\n<div class=\"wpcf7 no-js\" id=\"wpcf7-f57939-o1\" lang=\"fr-FR\" dir=\"ltr\" data-wpcf7-id=\"57939\">\n<div class=\"screen-reader-response\"><p role=\"status\" aria-live=\"polite\" aria-atomic=\"true\"><\/p> <ul><\/ul><\/div>\n<form action=\"\/fr\/wp-json\/wp\/v2\/pages\/57206#wpcf7-f57939-o1\" method=\"post\" class=\"wpcf7-form init\" aria-label=\"Formulaire de contact\" novalidate=\"novalidate\" data-status=\"init\">\n<fieldset class=\"hidden-fields-container\"><input type=\"hidden\" name=\"_wpcf7\" value=\"57939\" \/><input type=\"hidden\" name=\"_wpcf7_version\" value=\"6.1.5\" \/><input type=\"hidden\" name=\"_wpcf7_locale\" value=\"fr_FR\" \/><input type=\"hidden\" name=\"_wpcf7_unit_tag\" value=\"wpcf7-f57939-o1\" \/><input type=\"hidden\" name=\"_wpcf7_container_post\" value=\"0\" \/><input type=\"hidden\" name=\"_wpcf7_posted_data_hash\" value=\"\" \/><input type=\"hidden\" name=\"_wpcf7_recaptcha_response\" value=\"\" \/>\n<\/fieldset>\n<div class=\"contact-form image-with-shadow\">\n\t<h2>Inscris-toi !\n\t<\/h2>\n\t<div class=\"form-row\">\n\t\t<p><span class=\"wpcf7-form-control-wrap\" data-name=\"Naam\"><input size=\"40\" maxlength=\"400\" class=\"wpcf7-form-control wpcf7-text form-field\" aria-invalid=\"false\" placeholder=\"Nom\" value=\"\" type=\"text\" name=\"Naam\" \/><\/span>\n\t\t<\/p>\n\t<\/div>\n\t<div class=\"form-row\">\n\t\t<p><span class=\"wpcf7-form-control-wrap\" data-name=\"Email\"><input size=\"40\" maxlength=\"400\" class=\"wpcf7-form-control wpcf7-email wpcf7-validates-as-required wpcf7-text wpcf7-validates-as-email form-field\" aria-required=\"true\" aria-invalid=\"false\" placeholder=\"E-mail\" value=\"\" type=\"email\" name=\"Email\" \/><\/span>\n\t\t<\/p>\n\t<\/div>\n\t<div class=\"form-row\">\n\t\t<p><span class=\"wpcf7-form-control-wrap\" data-name=\"Instagram\"><input size=\"40\" maxlength=\"400\" class=\"wpcf7-form-control wpcf7-text wpcf7-validates-as-required form-field\" aria-required=\"true\" aria-invalid=\"false\" placeholder=\"Compte de r\u00e9seau social\" value=\"\" type=\"text\" name=\"Instagram\" \/><\/span>\n\t\t<\/p>\n\t<\/div>\n\t<div class=\"form-row checkbox\">\n\t\t<p><span class=\"wpcf7-form-control-wrap\" data-name=\"agree\"><span class=\"wpcf7-form-control wpcf7-acceptance\"><span class=\"wpcf7-list-item\"><label><input type=\"checkbox\" name=\"agree\" value=\"1\" aria-invalid=\"false\" \/><span class=\"wpcf7-list-item-label\">J'accepte la <a href=\"\/privacy-policy\/\" target=\"_blank\">d\u00e9claration de confidentialit\u00e9<\/a><\/span><\/label><\/span><\/span><\/span>\n\t\t<\/p>\n\t<\/div>\n\t<div class=\"form-row\">\n\t<span class=\"wpcf7-form-control-wrap recaptcha\" data-name=\"recaptcha\"><span data-sitekey=\"6LcxYnAUAAAAAK0N-eell9CfBJrJukJ8yVIG3u5S\" class=\"wpcf7-form-control wpcf7-recaptcha g-recaptcha\"><\/span>\r\n<noscript>\r\n\t<div class=\"grecaptcha-noscript\">\r\n\t\t<iframe src=\"https:\/\/www.google.com\/recaptcha\/api\/fallback?k=6LcxYnAUAAAAAK0N-eell9CfBJrJukJ8yVIG3u5S\" frameborder=\"0\" scrolling=\"no\" width=\"310\" height=\"430\">\r\n\t\t<\/iframe>\r\n\t\t<textarea name=\"g-recaptcha-response\" rows=\"3\" cols=\"40\" placeholder=\"reCaptcha Response Here\">\r\n\t\t<\/textarea>\r\n\t<\/div>\r\n<\/noscript>\r\n<\/span>\n\t<\/div>\n\t<div class=\"form-row submit\">\n\t\t<p><button class=\"button vc_btn3-style-modern\"><input class=\"wpcf7-form-control wpcf7-submit has-spinner\" type=\"submit\" value=\"Envoyer\" \/><\/button>\n\t\t<\/p>\n\t<\/div>\n<\/div><div class=\"wpcf7-response-output\" aria-hidden=\"true\"><\/div>\n<\/form>\n<\/div>\n[\/vc_column_inner][vc_column_inner width=\u00a0\u00bb1\/12&Prime;][\/vc_column_inner][\/vc_row_inner][\/vc_column][\/vc_row][\/vc_section]<\/p>\n<\/div>","protected":false},"excerpt":{"rendered":"<p>[vc_section full_width=\u00a0\u00bbstretch_row_content\u00a0\u00bb full_height=\u00a0\u00bbyes\u00a0\u00bb el_class=\u00a0\u00bbeffect-main-section hoe-het-main-section\u00a0\u00bb css=\u00a0\u00bb.vc_custom_1640248116192{padding-bottom: 0px !important;}\u00a0\u00bb][vc_row full_height=\u00a0\u00bbyes\u00a0\u00bb css_animation=\u00a0\u00bbnone\u00a0\u00bb el_class=\u00a0\u00bbhoe-het-werkt-row\u00a0\u00bb][vc_column el_class=\u00a0\u00bbcontainer\u00a0\u00bb][vc_row_inner content_placement=\u00a0\u00bbtop\u00a0\u00bb el_class=\u00a0\u00bbrow-reverse\u00a0\u00bb][vc_column_inner el_class=\u00a0\u00bbhoe-het-werkt-image-column\u00a0\u00bb width=\u00a0\u00bb1\/2&Prime;][vc_single_image image=\u00a0\u00bb57208&Prime; img_size=\u00a0\u00bbfull\u00a0\u00bb css_animation=\u00a0\u00bbnone\u00a0\u00bb el_class=\u00a0\u00bbimage-with-shadow\u00a0\u00bb][vc_single_image image=\u00a0\u00bb56383&Prime; img_size=\u00a0\u00bb248X248&Prime; el_class=\u00a0\u00bbfix-image\u00a0\u00bb][\/vc_column_inner][vc_column_inner width=\u00a0\u00bb1\/2&Prime;][vc_custom_heading text=\u00a0\u00bbProgramme d&apos;affiliation\u00a0\u00bb font_container=\u00a0\u00bbtag:h5|text_align:left|color:%23b1aca7&Prime; use_theme_fonts=\u00a0\u00bbyes\u00a0\u00bb css_animation=\u00a0\u00bbnone\u00a0\u00bb el_class=\u00a0\u00bbpr-tag\u00a0\u00bb][vc_custom_heading text=\u00a0\u00bbVeux-tu nous aider \u00e0 grandir ?\u00a0\u00bb font_container=\u00a0\u00bbtag:h2|text_align:left|color:%23000000&Prime; use_theme_fonts=\u00a0\u00bbyes\u00a0\u00bb css_animation=\u00a0\u00bbnone\u00a0\u00bb el_class=\u00a0\u00bbeffect-title\u00a0\u00bb][vc_column_text css_animation=\u00a0\u00bbnone\u00a0\u00bb el_class=\u00a0\u00bbeffect-description\u00a0\u00bb]Nous sommes ravis que tu sois int\u00e9ress\u00e9 \u00e0 devenir affili\u00e9 avec nous ! Nous [&hellip;]<\/p>\n","protected":false},"author":5548,"featured_media":0,"parent":0,"menu_order":0,"comment_status":"closed","ping_status":"closed","template":"","meta":{"_acf_changed":false,"footnotes":""},"class_list":["post-57206","page","type-page","status-publish","hentry"],"acf":[],"_links":{"self":[{"href":"https:\/\/go-microdose.com\/fr\/wp-json\/wp\/v2\/pages\/57206","targetHints":{"allow":["GET"]}}],"collection":[{"href":"https:\/\/go-microdose.com\/fr\/wp-json\/wp\/v2\/pages"}],"about":[{"href":"https:\/\/go-microdose.com\/fr\/wp-json\/wp\/v2\/types\/page"}],"author":[{"embeddable":true,"href":"https:\/\/go-microdose.com\/fr\/wp-json\/wp\/v2\/users\/5548"}],"replies":[{"embeddable":true,"href":"https:\/\/go-microdose.com\/fr\/wp-json\/wp\/v2\/comments?post=57206"}],"version-history":[{"count":0,"href":"https:\/\/go-microdose.com\/fr\/wp-json\/wp\/v2\/pages\/57206\/revisions"}],"wp:attachment":[{"href":"https:\/\/go-microdose.com\/fr\/wp-json\/wp\/v2\/media?parent=57206"}],"curies":[{"name":"wp","href":"https:\/\/api.w.org\/{rel}","templated":true}]}}