{"id":57212,"date":"2026-03-25T11:26:40","date_gmt":"2026-03-25T10:26:40","guid":{"rendered":"https:\/\/go-microdose.com\/cours\/"},"modified":"2026-03-27T13:10:03","modified_gmt":"2026-03-27T12:10:03","slug":"cours","status":"publish","type":"page","link":"https:\/\/go-microdose.com\/fr\/cours\/","title":{"rendered":"Cours"},"content":{"rendered":"<div class=\"wpb-content-wrapper\"><p>[vc_section full_width=\u00a0\u00bbstretch_row_content\u00a0\u00bb content_placement=\u00a0\u00bbmiddle\u00a0\u00bb css=\u00a0\u00bb.vc_custom_1667893842628{padding-bottom: 0px !important;}\u00a0\u00bb][vc_row css_animation=\u00a0\u00bbnone\u00a0\u00bb][vc_column el_class=\u00a0\u00bbcontainer\u00a0\u00bb][vc_row_inner content_placement=\u00a0\u00bbmiddle\u00a0\u00bb el_class=\u00a0\u00bbrow-reverse\u00a0\u00bb][vc_column_inner width=\u00a0\u00bb1\/2&Prime;][vc_single_image image=\u00a0\u00bb56886&Prime; img_size=\u00a0\u00bbfull\u00a0\u00bb][\/vc_column_inner][vc_column_inner el_class=\u00a0\u00bbabout-text-column\u00a0\u00bb width=\u00a0\u00bb1\/2&Prime;][vc_custom_heading source=\u00a0\u00bbpost_title\u00a0\u00bb font_container=\u00a0\u00bbtag:h5|text_align:left\u00a0\u00bb use_theme_fonts=\u00a0\u00bbyes\u00a0\u00bb el_class=\u00a0\u00bbpr-tag\u00a0\u00bb][vc_custom_heading text=\u00a0\u00bbD\u00e9couvre nos cours de microdosage\u00a0\u00bb font_container=\u00a0\u00bbtag:h2|text_align:left|color:%23000000&Prime; use_theme_fonts=\u00a0\u00bbyes\u00a0\u00bb][vc_column_text el_class=\u00a0\u00bbproduct-copy-description\u00a0\u00bb]La meilleure fa\u00e7on de te familiariser avec le microdosage est de suivre nos cours. Nos cures conviennent aussi bien aux d\u00e9butants qu&rsquo;aux utilisateurs exp\u00e9riment\u00e9s. Gr\u00e2ce \u00e0 notre documentation, nous t&rsquo;aidons \u00e0 tirer le meilleur parti de ton exp\u00e9rience de microdosage. Nous avons trois cours diff\u00e9rents, disponibles sur 6 et 12 mois : d\u00e9butant, exp\u00e9riment\u00e9 &amp; avanc\u00e9.[\/vc_column_text][vc_btn title=\u00a0\u00bbD\u00e9marre le cours\u00a0\u00bb color=\u00a0\u00bbwarning\u00a0\u00bb size=\u00a0\u00bblg\u00a0\u00bb align=\u00a0\u00bbleft\u00a0\u00bb link=\u00a0\u00bburl:%23start-course|\u00a0\u00bb][\/vc_column_inner][\/vc_row_inner][\/vc_column][\/vc_row][\/vc_section][vc_row el_id=\u00a0\u00bbd\u00e9marre-le-cours\u00a0\u00bb][vc_column][vc_column_text el_class=\u00a0\u00bbmb-0&Prime;]    <div class=\"related-products\" id=\"kuur-starten\">\n        <div class=\"col-full\">\n            <div class=\"home-product-form b-to-t\">\n                <span class=\"pr-tag\">Abonnements<\/span>\n                <h3>Commence ton cours<\/h3>\n                <div class='short_description'>\n                    Re\u00e7ois des truffes fra\u00eeches tous les 3 mois. Choisis la dur\u00e9e de ton abonnement :                 <\/div>\n                <fieldset class=\"radio-switch\">\n                    <input type=\"radio\" name=\"first-switch\" value=\"6-mois\" id=\"radio-a\" checked=\"checked\">\n                    <label for=\"radio-a\">\n                        6 mois                    <\/label>\n\n                    <input type=\"radio\" name=\"first-switch\" value=\"12-mois\" id=\"radio-b\">\n                    <label for=\"radio-b\">\n                        12 mois                    <\/label>\n                <\/fieldset>\n            <\/div>\n            <div class=\"related-product b-to-t\">\n                <div class=\"inner-class\">\n                                                        <div class=\"box-variations product-65360\">\n                                        <div class=\"variation-title\" style=\"background:#ba6d4f\">\n                                            <h3>Cours avanc\u00e9<\/h3>\n                                        <\/div>\n                                        <div class=\"variation-box-hightlite\">\n                                            <div class=\"single_variation_wrap\">\n                                                <div class=\"default-price\">\n                                                    <h3 style=\"color:#ba6d4f\">\n                                                        <del aria-hidden=\"true\"><span class=\"woocommerce-Price-amount amount\"><bdi><span class=\"woocommerce-Price-currencySymbol\">&#36;<\/span>258,50<\/bdi><\/span><\/del> <span class=\"screen-reader-text\">Le prix initial \u00e9tait\u00a0: &#036;258,50.<\/span><ins aria-hidden=\"true\"><span class=\"woocommerce-Price-amount amount\"><bdi><span class=\"woocommerce-Price-currencySymbol\">&#36;<\/span>207<\/bdi><\/span><\/ins><span class=\"screen-reader-text\">Le prix actuel est\u00a0: &#036;207.<\/span>                                                    <\/h3>\n                                                    <span class=\"shipping-excluded\">\ud83d\ude9a Frais de livraison non inclus.<\/span>\n                                                    <span class=\"shipping-excluded\">\u2744\ufe0f Garde au frais.<\/span>\n                                                <\/div>\n                                                <hr>\n                                                <div class=\"default-description\">\n                                                    <ul><li>Re\u00e7ois <strong>20 % de r\u00e9duction<\/strong><\/li>\n<li>Re\u00e7ois 12 bandelettes de GO Microdose<\/li>\n<li>Re\u00e7ois des truffes fra\u00eeches tous les <strong>3 mois<\/strong><\/li>\n<li>Apr\u00e8s deux mois, fais une pause d\u2019un mois<\/li>\n<li>Guide d\u2019utilisation complet<\/li>\n<li>Livraison discr\u00e8te possible<\/li>\n<li>Livraison le lendemain (aux Pays-Bas)<\/li>\n<li>Balance de pr\u00e9cision <strong>gratuite<\/strong><\/li>\n<\/ul>                                                <\/div>\n                                                <div class=\"dafault-buttons\">\n                                                    <div class=\"cstm-btn with-bg\">\n                                                        <form class=\"cart\" action=\"\" method=\"post\" enctype='multipart\/form-data'>\n                                                            <button type=\"submit\" name=\"add-to-cart\" value=\"65360\"\n                                                                class=\"single_add_to_cart_button button\">Ajouter au panier<\/button>\n                                                            <input type=\"hidden\" name=\"variation_id\" class=\"variation_id\"\n                                                                value=\"57873\">\n                                                        <\/form>\n                                                    <\/div>\n                                                    <div class=\"more-info\">\n                                                        <a href=\"https:\/\/go-microdose.com\/fr\/produit\/cours-avance\/\">PLUS D&#039;INFORMATIONS<\/a>\n                                                    <\/div>\n                                                <\/div>\n                                            <\/div>\n                                        <\/div>\n                                    <\/div>\n                                                                        <div class=\"box-variations product-61372\">\n                                        <div class=\"variation-title\" style=\"background:#2b4856\">\n                                            <h3>Parcours exp\u00e9riment\u00e9<\/h3>\n                                        <\/div>\n                                        <div class=\"variation-box-hightlite\">\n                                            <div class=\"single_variation_wrap\">\n                                                <div class=\"default-price\">\n                                                    <h3 style=\"color:#2b4856\">\n                                                        <del aria-hidden=\"true\"><span class=\"woocommerce-Price-amount amount\"><bdi><span class=\"woocommerce-Price-currencySymbol\">&#36;<\/span>215,50<\/bdi><\/span><\/del> <span class=\"screen-reader-text\">Le prix initial \u00e9tait\u00a0: &#036;215,50.<\/span><ins aria-hidden=\"true\"><span class=\"woocommerce-Price-amount amount\"><bdi><span class=\"woocommerce-Price-currencySymbol\">&#36;<\/span>172,25<\/bdi><\/span><\/ins><span class=\"screen-reader-text\">Le prix actuel est\u00a0: &#036;172,25.<\/span>                                                    <\/h3>\n                                                    <span class=\"shipping-excluded\">\ud83d\ude9a Frais de livraison non inclus.<\/span>\n                                                    <span class=\"shipping-excluded\">\u2744\ufe0f Garde au frais.<\/span>\n                                                <\/div>\n                                                <hr>\n                                                <div class=\"default-description\">\n                                                    <ul><li>Re\u00e7ois <strong>20 % de r\u00e9duction<\/strong><\/li>\n<li>Re\u00e7ois 10 plaquettes de GO Microdose<\/li>\n<li>Re\u00e7ois des truffes fra\u00eeches tous les <strong>3 mois<\/strong><\/li>\n<li>Apr\u00e8s deux mois, fais une pause d\u2019un mois<\/li>\n<li>Guide d\u2019utilisation complet<\/li>\n<li>Livraison discr\u00e8te possible<\/li>\n<li>Livraison le lendemain (aux Pays-Bas)<\/li>\n<\/ul>                                                <\/div>\n                                                <div class=\"dafault-buttons\">\n                                                    <div class=\"cstm-btn with-bg\">\n                                                        <form class=\"cart\" action=\"\" method=\"post\" enctype='multipart\/form-data'>\n                                                            <button type=\"submit\" name=\"add-to-cart\" value=\"61372\"\n                                                                class=\"single_add_to_cart_button button\">Ajouter au panier<\/button>\n                                                            <input type=\"hidden\" name=\"variation_id\" class=\"variation_id\"\n                                                                value=\"57796\">\n                                                        <\/form>\n                                                    <\/div>\n                                                    <div class=\"more-info\">\n                                                        <a href=\"https:\/\/go-microdose.com\/fr\/produit\/parcours-experimente\/\">PLUS D&#039;INFORMATIONS<\/a>\n                                                    <\/div>\n                                                <\/div>\n                                            <\/div>\n                                        <\/div>\n                                    <\/div>\n                                                                        <div class=\"box-variations product-65324\">\n                                        <div class=\"variation-title\" style=\"background:#8c9c90\">\n                                            <h3>Parcours d\u00e9butant<\/h3>\n                                        <\/div>\n                                        <div class=\"variation-box-hightlite\">\n                                            <div class=\"single_variation_wrap\">\n                                                <div class=\"default-price\">\n                                                    <h3 style=\"color:#8c9c90\">\n                                                        <del aria-hidden=\"true\"><span class=\"woocommerce-Price-amount amount\"><bdi><span class=\"woocommerce-Price-currencySymbol\">&#36;<\/span>129,25<\/bdi><\/span><\/del> <span class=\"screen-reader-text\">Le prix initial \u00e9tait\u00a0: &#036;129,25.<\/span><ins aria-hidden=\"true\"><span class=\"woocommerce-Price-amount amount\"><bdi><span class=\"woocommerce-Price-currencySymbol\">&#36;<\/span>104,25<\/bdi><\/span><\/ins><span class=\"screen-reader-text\">Le prix actuel est\u00a0: &#036;104,25.<\/span>                                                    <\/h3>\n                                                    <span class=\"shipping-excluded\">\ud83d\ude9a Frais de livraison non inclus.<\/span>\n                                                    <span class=\"shipping-excluded\">\u2744\ufe0f Garde au frais.<\/span>\n                                                <\/div>\n                                                <hr>\n                                                <div class=\"default-description\">\n                                                    <ul><li>Re\u00e7ois <strong>20 % de r\u00e9duction<\/strong><\/li>\n<li>Re\u00e7ois 6 plaquettes de GO Microdose<\/li>\n<li>Re\u00e7ois des truffes fra\u00eeches tous les <strong>3 mois<\/strong><\/li>\n<li>Apr\u00e8s deux mois, fais une pause d\u2019un mois<\/li>\n<li>Guide d\u2019utilisation complet<\/li>\n<li>Livraison discr\u00e8te possible<\/li>\n<li>Livraison le lendemain (aux Pays-Bas)<\/li>\n<\/ul>                                                <\/div>\n                                                <div class=\"dafault-buttons\">\n                                                    <div class=\"cstm-btn with-bg\">\n                                                        <form class=\"cart\" action=\"\" method=\"post\" enctype='multipart\/form-data'>\n                                                            <button type=\"submit\" name=\"add-to-cart\" value=\"65324\"\n                                                                class=\"single_add_to_cart_button button\">Ajouter au panier<\/button>\n                                                            <input type=\"hidden\" name=\"variation_id\" class=\"variation_id\"\n                                                                value=\"57867\">\n                                                        <\/form>\n                                                    <\/div>\n                                                    <div class=\"more-info\">\n                                                        <a href=\"https:\/\/go-microdose.com\/fr\/produit\/parcours-debutant\/\">PLUS D&#039;INFORMATIONS<\/a>\n                                                    <\/div>\n                                                <\/div>\n                                            <\/div>\n                                        <\/div>\n                                    <\/div>\n                                                    <\/div>\n            <\/div>\n        <\/div>\n    <\/div>\n    [\/vc_column_text][\/vc_column][\/vc_row]<\/p>\n<\/div>","protected":false},"excerpt":{"rendered":"<p>[vc_section full_width=\u00a0\u00bbstretch_row_content\u00a0\u00bb content_placement=\u00a0\u00bbmiddle\u00a0\u00bb css=\u00a0\u00bb.vc_custom_1667893842628{padding-bottom: 0px !important;}\u00a0\u00bb][vc_row css_animation=\u00a0\u00bbnone\u00a0\u00bb][vc_column el_class=\u00a0\u00bbcontainer\u00a0\u00bb][vc_row_inner content_placement=\u00a0\u00bbmiddle\u00a0\u00bb el_class=\u00a0\u00bbrow-reverse\u00a0\u00bb][vc_column_inner width=\u00a0\u00bb1\/2&Prime;][vc_single_image image=\u00a0\u00bb56886&Prime; img_size=\u00a0\u00bbfull\u00a0\u00bb][\/vc_column_inner][vc_column_inner el_class=\u00a0\u00bbabout-text-column\u00a0\u00bb width=\u00a0\u00bb1\/2&Prime;][vc_custom_heading source=\u00a0\u00bbpost_title\u00a0\u00bb font_container=\u00a0\u00bbtag:h5|text_align:left\u00a0\u00bb use_theme_fonts=\u00a0\u00bbyes\u00a0\u00bb el_class=\u00a0\u00bbpr-tag\u00a0\u00bb][vc_custom_heading text=\u00a0\u00bbD\u00e9couvre nos cours de microdosage\u00a0\u00bb font_container=\u00a0\u00bbtag:h2|text_align:left|color:%23000000&Prime; use_theme_fonts=\u00a0\u00bbyes\u00a0\u00bb][vc_column_text el_class=\u00a0\u00bbproduct-copy-description\u00a0\u00bb]La meilleure fa\u00e7on de te familiariser avec le microdosage est de suivre nos cours. Nos cures conviennent aussi bien aux d\u00e9butants qu&rsquo;aux utilisateurs exp\u00e9riment\u00e9s. Gr\u00e2ce \u00e0 notre documentation, nous [&hellip;]<\/p>\n","protected":false},"author":5548,"featured_media":0,"parent":0,"menu_order":0,"comment_status":"closed","ping_status":"closed","template":"","meta":{"_acf_changed":false,"footnotes":""},"class_list":["post-57212","page","type-page","status-publish","hentry"],"acf":[],"_links":{"self":[{"href":"https:\/\/go-microdose.com\/fr\/wp-json\/wp\/v2\/pages\/57212","targetHints":{"allow":["GET"]}}],"collection":[{"href":"https:\/\/go-microdose.com\/fr\/wp-json\/wp\/v2\/pages"}],"about":[{"href":"https:\/\/go-microdose.com\/fr\/wp-json\/wp\/v2\/types\/page"}],"author":[{"embeddable":true,"href":"https:\/\/go-microdose.com\/fr\/wp-json\/wp\/v2\/users\/5548"}],"replies":[{"embeddable":true,"href":"https:\/\/go-microdose.com\/fr\/wp-json\/wp\/v2\/comments?post=57212"}],"version-history":[{"count":0,"href":"https:\/\/go-microdose.com\/fr\/wp-json\/wp\/v2\/pages\/57212\/revisions"}],"wp:attachment":[{"href":"https:\/\/go-microdose.com\/fr\/wp-json\/wp\/v2\/media?parent=57212"}],"curies":[{"name":"wp","href":"https:\/\/api.w.org\/{rel}","templated":true}]}}