{"id":57271,"date":"2026-03-25T11:27:31","date_gmt":"2026-03-25T10:27:31","guid":{"rendered":"https:\/\/go-microdose.com\/livraison\/"},"modified":"2026-03-25T11:28:02","modified_gmt":"2026-03-25T10:28:02","slug":"livraison","status":"publish","type":"page","link":"https:\/\/go-microdose.com\/fr\/livraison\/","title":{"rendered":"Livraison"},"content":{"rendered":"<div class=\"wpb-content-wrapper\"><p>[vc_row][vc_column width=\u00a0\u00bb1\/2&Prime;][vc_custom_heading text=\u00a0\u00bbTout ce que tu dois savoir\u00a0\u00bb font_container=\u00a0\u00bbtag:div|text_align:left\u00a0\u00bb use_theme_fonts=\u00a0\u00bbyes\u00a0\u00bb css=\u00a0\u00bb\u00a0\u00bb el_class=\u00a0\u00bbpr-tag\u00a0\u00bb][\/vc_column][vc_column width=\u00a0\u00bb1\/2&Prime;][\/vc_column][\/vc_row][vc_row][vc_column width=\u00a0\u00bb1\/2&Prime;][vc_custom_heading text=\u00a0\u00bbLivraison\u00a0\u00bb font_container=\u00a0\u00bbtag:h1|text_align:left\u00a0\u00bb use_theme_fonts=\u00a0\u00bbyes\u00a0\u00bb][vc_column_text css=\u00a0\u00bb\u00a0\u00bb]<\/p>\n<p class=\"p1\">Chez GO Microdose, nous mettons tout en \u0153uvre pour que ta commande arrive rapidement, en toute s\u00e9curit\u00e9 et sans tracas. Nous livrons dans la plupart des pays du monde et avons soigneusement optimis\u00e9 nos m\u00e9thodes d\u2019exp\u00e9dition pour garantir fiabilit\u00e9 et discr\u00e9tion. En s\u00e9lectionnant ton pays ci-dessous, tu trouveras des informations d\u00e9taill\u00e9es sur la livraison, y compris les d\u00e9lais estim\u00e9s, les options de suivi et les consid\u00e9rations l\u00e9gales.  <\/p>\n<p class=\"p1\">Les commandes sont g\u00e9n\u00e9ralement trait\u00e9es en un jour ouvrable et les d\u00e9lais de livraison varient selon ta situation g\u00e9ographique. Bien que nous travaillions avec des partenaires de transport de confiance, des retards peuvent parfois survenir en raison des formalit\u00e9s douani\u00e8res ou des services postaux locaux. Si tu as la moindre inqui\u00e9tude concernant ton envoi, n\u2019h\u00e9site pas \u00e0 contacter notre \u00e9quipe d\u2019assistance \u2014 nous sommes ravis de t\u2019aider !  <\/p>\n<p>[\/vc_column_text][\/vc_column][vc_column width=\u00a0\u00bb1\/2&Prime;][vc_raw_html css=\u00a0\u00bb\u00a0\u00bb el_id=\u00a0\u00bbmapsvg-search\u00a0\u00bb]PGgzPlJlY2hlcmNoZSBvdSBzw6lsZWN0aW9ubmUgdG9uIHBheXM8L2gzPgo8aW5wdXQgdHlwZT0idGV4dCIgaWQ9InNlYXJjaEJveCIgcGxhY2Vob2xkZXI9IlJlY2hlcmNoZSB0b24gcGF5cyI+[\/vc_raw_html][\/vc_column][\/vc_row][vc_row el_class=\u00a0\u00bbpb-50&Prime;][vc_column][vc_raw_html]W21hcHN2ZyBpZD0iMSJd[\/vc_raw_html][vc_tta_accordion style=\u00a0\u00bboutline\u00a0\u00bb shape=\u00a0\u00bbsquare\u00a0\u00bb color=\u00a0\u00bbblack\u00a0\u00bb c_icon=\u00a0\u00bb\u00a0\u00bb active_section=\u00a0\u00bb100&Prime; no_fill=\u00a0\u00bbtrue\u00a0\u00bb collapsible_all=\u00a0\u00bbtrue\u00a0\u00bb el_class=\u00a0\u00bbaccordion-list-a-z\u00a0\u00bb][vc_tta_section title=\u00a0\u00bbListe de A \u00e0 Z\u00a0\u00bb tab_id=\u00a0\u00bba-to-z1a95-6a3f\u00a0\u00bb][vc_raw_html css=\u00a0\u00bb\u00a0\u00bb el_id=\u00a0\u00bbblock-list\u00a0\u00bb][\/vc_raw_html][\/vc_tta_section][\/vc_tta_accordion][\/vc_column][\/vc_row][vc_row el_class=\u00a0\u00bbpb-80&Prime;][vc_column][vc_custom_heading text=\u00a0\u00bbplus d\u2019informations\u00a0\u00bb font_container=\u00a0\u00bbtag:div|text_align:left\u00a0\u00bb use_theme_fonts=\u00a0\u00bbyes\u00a0\u00bb el_class=\u00a0\u00bbpr-tag\u00a0\u00bb][vc_tta_accordion style=\u00a0\u00bbflat\u00a0\u00bb shape=\u00a0\u00bbsquare\u00a0\u00bb color=\u00a0\u00bbwhite\u00a0\u00bb c_icon=\u00a0\u00bb\u00a0\u00bb active_section=\u00a0\u00bb100&Prime; no_fill=\u00a0\u00bbtrue\u00a0\u00bb collapsible_all=\u00a0\u00bbtrue\u00a0\u00bb title=\u00a0\u00bbInfos g\u00e9n\u00e9rales sur la livraison\u00a0\u00bb][vc_tta_section title=\u00a0\u00bbCombien de temps prend la livraison ?\u00a0\u00bb tab_id=\u00a0\u00bb1737187665459-72042fcd-1c331a95-6a3f\u00a0\u00bb][vc_column_text css=\u00a0\u00bb\u00a0\u00bb]<\/p>\n<p class=\"p1\">Les d\u00e9lais de livraison varient selon ta situation g\u00e9ographique et le mode d\u2019exp\u00e9dition choisi lors du paiement. Nous nous effor\u00e7ons de traiter et d\u2019exp\u00e9dier toutes les commandes en un jour ouvrable. <\/p>\n<ul>\n<li class=\"p2\">Aux Pays-Bas :<span class=\"s1\"> 1 \u00e0 2 jours ouvrables<\/span><\/li>\n<li class=\"p2\"><span class=\"s2\">Pays de l\u2019UE :<\/span> G\u00e9n\u00e9ralement 3 \u00e0 7 jours ouvrables<\/li>\n<li class=\"p2\"><span class=\"s2\">Royaume-Uni :<\/span> 5 \u00e0 7 jours ouvrables<\/li>\n<li class=\"p2\">\u00c9tats-Unis et autres destinations internationales :<span class=\"s1\"> 6 \u00e0 10 jours ouvrables<\/span><\/li>\n<\/ul>\n<p class=\"p1\">Note que les d\u00e9lais de livraison peuvent \u00eatre impact\u00e9s par des facteurs tels que les retards des services postaux locaux ou les jours f\u00e9ri\u00e9s. Pour conna\u00eetre les d\u00e9lais d\u00e9taill\u00e9s vers ton pays, consulte la page sp\u00e9cifique \u00e0 ton pays via le lien ci-dessus. <\/p>\n<p>[\/vc_column_text][\/vc_tta_section][vc_tta_section title=\u00a0\u00bbO\u00f9 puis-je suivre ma commande ?\u00a0\u00bb tab_id=\u00a0\u00bb1737187665466-5703fda6-be481a95-6a3f\u00a0\u00bb][vc_column_text css=\u00a0\u00bb\u00a0\u00bb]<\/p>\n<p class=\"p1\">Tu peux suivre ta commande en utilisant le code de suivi fourni dans ton e-mail de confirmation d\u2019exp\u00e9dition. La m\u00e9thode de suivi d\u00e9pend de ton pays et du service de livraison utilis\u00e9. Pour conna\u00eetre les options de suivi les plus pr\u00e9cises disponibles dans ta r\u00e9gion, rends-toi sur la page sp\u00e9cifique \u00e0 ton pays via le lien ci-dessus.  <\/p>\n<p>[\/vc_column_text][\/vc_tta_section][vc_tta_section title=\u00a0\u00bbQuels sont les frais et modes de livraison ?\u00a0\u00bb tab_id=\u00a0\u00bb1737188614232-01a47c52-44d41a95-6a3f\u00a0\u00bb][vc_column_text css=\u00a0\u00bb\u00a0\u00bb]<\/p>\n<p class=\"p1\">Les frais de port et les modes de livraison disponibles d\u00e9pendent de ton pays et des transporteurs que nous proposons pour cette r\u00e9gion. Tu peux consulter les frais et m\u00e9thodes exacts lors du paiement. Pour un aper\u00e7u complet des options de livraison et des tarifs dans ton pays, consulte la page sp\u00e9cifique \u00e0 ton pays via le lien ci-dessus.  <\/p>\n<p>[\/vc_column_text][\/vc_tta_section][vc_tta_section title=\u00a0\u00bbComment puis-je r\u00e9gler ma commande ?\u00a0\u00bb tab_id=\u00a0\u00bb1737188637035-b7eae861-e6271a95-6a3f\u00a0\u00bb][vc_column_text css=\u00a0\u00bb\u00a0\u00bb]<\/p>\n<p class=\"p1\">Nous proposons une vari\u00e9t\u00e9 de m\u00e9thodes de paiement s\u00e9curis\u00e9es pour rendre ton passage en caisse simple et pratique. Tu peux payer par : <\/p>\n<ul>\n<li>Carte (cr\u00e9dit\/d\u00e9bit)<\/li>\n<li>PayPal<\/li>\n<li>Revolut<\/li>\n<li>iDEAL<\/li>\n<li>Cryptomonnaie<\/li>\n<li>Przelewy24<\/li>\n<li>Bancontact<\/li>\n<li>Virement bancaire SEPA<\/li>\n<li>Online \u00dcberweisen<\/li>\n<li><span class=\"s1\">Sofortbanking<\/span><\/li>\n<li>Virements bancaires manuels<\/li>\n<\/ul>\n<p>[\/vc_column_text][\/vc_tta_section][vc_tta_section title=\u00a0\u00bbGarantie et r\u00e9clamations\u00a0\u00bb tab_id=\u00a0\u00bb1737188651466-1dfecdda-bebe1a95-6a3f\u00a0\u00bb][vc_column_text css=\u00a0\u00bb\u00a0\u00bb]<\/p>\n<p class=\"p1\">Nous apportons un soin particulier \u00e0 ce que nos produits te parviennent en parfait \u00e9tat. Toutefois, si tu re\u00e7ois un article endommag\u00e9 pendant le transport ou pr\u00e9sentant un autre d\u00e9faut, tu peux \u00eatre \u00e9ligible \u00e0 une demande de garantie. <\/p>\n<p class=\"p3\"><b>Demandes de garantie<br \/><\/b><b><\/b>Si tu constates un probl\u00e8me avec ta commande, contacte-nous dans un d\u00e9lai raisonnable \u2014 id\u00e9alement dans <span class=\"s1\">1 jour<\/span> suivant la r\u00e9ception de ton colis. Nous \u00e9valuerons la situation et d\u00e9terminerons la meilleure solution. <\/p>\n<p class=\"p3\"><b>R\u00e9clamations<br \/><\/b><b><\/b>Si quelque chose ne se passe pas comme pr\u00e9vu, nous sommes l\u00e0 pour t\u2019aider. Contacte-nous \u00e0 l\u2019adresse <span class=\"s1\">info@go-microdose.com<\/span>, et nous ferons de notre mieux pour r\u00e9soudre le probl\u00e8me. <\/p>\n<p>[\/vc_column_text][\/vc_tta_section][vc_tta_section title=\u00a0\u00bbRetours\u00a0\u00bb tab_id=\u00a0\u00bb1737188666632-9ee3fe40-46091a95-6a3f\u00a0\u00bb][vc_column_text css=\u00a0\u00bb\u00a0\u00bb]<\/p>\n<p class=\"p1\">En raison de la nature de nos produits, <span class=\"s1\"><b>les retours ne sont pas possibles<\/b><\/span>. Nos truffes et autres produits frais ont une <span class=\"s1\">dur\u00e9e de conservation limit\u00e9e d\u2019environ 2 mois<\/span>, ce qui signifie qu\u2019ils ne peuvent pas \u00eatre revendus apr\u00e8s avoir \u00e9t\u00e9 retourn\u00e9s. Cette politique garantit que tous nos clients re\u00e7oivent des produits frais et de haute qualit\u00e9.  <\/p>\n<p class=\"p3\"><b>Politique d\u2019\u00e9change<br \/><\/b><b><\/b>Si tu souhaites \u00e9changer un produit, contacte-nous \u00e0 l\u2019adresse <span class=\"s1\">info@go-microdose.com<\/span>. Bien que les \u00e9changes puissent \u00eatre possibles pour certains articles non p\u00e9rissables, <span class=\"s1\">les frais de retour sont \u00e0 la charge du client<\/span>. <\/p>\n<p class=\"p3\"><b>Adresse de livraison incorrecte<br \/><\/b><b><\/b>Si tu as fourni une adresse de livraison incorrecte, contacte-nous d\u00e8s que possible. Nous essaierons de mettre \u00e0 jour ta commande avant son exp\u00e9dition. Cependant, une fois la commande exp\u00e9di\u00e9e, plus aucune modification n\u2019est possible.  <\/p>\n<p>[\/vc_column_text][\/vc_tta_section][vc_tta_section title=\u00a0\u00bbContact\u00a0\u00bb tab_id=\u00a0\u00bb1737188682135-ea9d8e7b-ed3c1a95-6a3f\u00a0\u00bb][vc_column_text]<\/p>\n<p>Nous faisons tout notre possible pour toi en tant que client. Cela signifie que tu peux nous contacter facilement.<br \/>Si tu as des questions \u00e0 ce sujet, tu peux nous joindre via les informations suivantes : <\/p>\n<p><strong>GO-Microdose.com<\/strong><br \/>E-mail : <a href=\"mailto:info@go-microdose.com\">info@go-microdose.com<\/a><br \/>Le nom commercial de notre soci\u00e9t\u00e9 est : GK Health B.V.<br \/>Notre nom de domaine est GO-Microdose.com<br \/>Notre adresse postale : Joop Geesinkweg 601, 1114AB Amsterdam<br \/>Chambre de Commerce : 87887274<br \/>TVA : NL864437584B01<\/p>\n<p>[\/vc_column_text][\/vc_tta_section][\/vc_tta_accordion][\/vc_column][\/vc_row][vc_row el_class=\u00a0\u00bbpb-220&Prime;][vc_column width=\u00a0\u00bb1\/2&Prime;][vc_custom_heading text=\u00a0\u00bbcontact\u00a0\u00bb font_container=\u00a0\u00bbtag:div|text_align:left\u00a0\u00bb use_theme_fonts=\u00a0\u00bbyes\u00a0\u00bb el_class=\u00a0\u00bbpr-tag\u00a0\u00bb][vc_custom_heading text=\u00a0\u00bbDes questions ou des remarques ?\u00a0\u00bb use_theme_fonts=\u00a0\u00bbyes\u00a0\u00bb]\n<div class=\"wpcf7 no-js\" id=\"wpcf7-f58335-o1\" lang=\"fr-FR\" dir=\"ltr\" data-wpcf7-id=\"58335\">\n<div class=\"screen-reader-response\"><p role=\"status\" aria-live=\"polite\" aria-atomic=\"true\"><\/p> <ul><\/ul><\/div>\n<form action=\"\/fr\/wp-json\/wp\/v2\/pages\/57271#wpcf7-f58335-o1\" method=\"post\" class=\"wpcf7-form init\" aria-label=\"Formulaire de contact\" novalidate=\"novalidate\" data-status=\"init\">\n<fieldset class=\"hidden-fields-container\"><input type=\"hidden\" name=\"_wpcf7\" value=\"58335\" \/><input type=\"hidden\" name=\"_wpcf7_version\" value=\"6.1.5\" \/><input type=\"hidden\" name=\"_wpcf7_locale\" value=\"fr_FR\" \/><input type=\"hidden\" name=\"_wpcf7_unit_tag\" value=\"wpcf7-f58335-o1\" \/><input type=\"hidden\" name=\"_wpcf7_container_post\" value=\"0\" \/><input type=\"hidden\" name=\"_wpcf7_posted_data_hash\" value=\"\" \/><input type=\"hidden\" name=\"_wpcf7_recaptcha_response\" value=\"\" \/>\n<\/fieldset>\n<div class=\"contact-form\">\n\t<div class=\"form-row\">\n\t\t<p><span class=\"wpcf7-form-control-wrap\" data-name=\"Naam\"><input size=\"40\" maxlength=\"400\" class=\"wpcf7-form-control wpcf7-text form-field\" aria-invalid=\"false\" placeholder=\"Nom\" value=\"\" type=\"text\" name=\"Naam\" \/><\/span>\n\t\t<\/p>\n\t<\/div>\n\t<div class=\"form-row\">\n\t\t<p><span class=\"wpcf7-form-control-wrap\" data-name=\"Email\"><input size=\"40\" maxlength=\"400\" class=\"wpcf7-form-control wpcf7-email wpcf7-validates-as-required wpcf7-text wpcf7-validates-as-email form-field\" aria-required=\"true\" aria-invalid=\"false\" placeholder=\"E-mail\" value=\"\" type=\"email\" name=\"Email\" \/><\/span>\n\t\t<\/p>\n\t<\/div>\n\t<div class=\"form-row\">\n\t\t<p><span class=\"wpcf7-form-control-wrap\" data-name=\"your-message\"><textarea cols=\"40\" rows=\"10\" maxlength=\"2000\" class=\"wpcf7-form-control wpcf7-textarea form-field\" aria-invalid=\"false\" placeholder=\"Question ou remarque\u2026\" name=\"your-message\"><\/textarea><\/span>\n\t\t<\/p>\n\t<\/div>\n\t<div class=\"form-row checkbox\">\n\t\t<p><span class=\"wpcf7-form-control-wrap\" data-name=\"agree\"><span class=\"wpcf7-form-control wpcf7-acceptance\"><span class=\"wpcf7-list-item\"><label><input type=\"checkbox\" name=\"agree\" value=\"1\" aria-invalid=\"false\" \/><span class=\"wpcf7-list-item-label\">J\u2019accepte la <a href=\"\/privacy-policy\/\" target=\"_blank\">d\u00e9claration de confidentialit\u00e9<\/a><\/span><\/label><\/span><\/span><\/span>\n\t\t<\/p>\n\t<\/div>\n\t<div class=\"form-row\">\n\t<span class=\"wpcf7-form-control-wrap recaptcha\" data-name=\"recaptcha\"><span data-sitekey=\"6LcxYnAUAAAAAK0N-eell9CfBJrJukJ8yVIG3u5S\" class=\"wpcf7-form-control wpcf7-recaptcha g-recaptcha\"><\/span>\r\n<noscript>\r\n\t<div class=\"grecaptcha-noscript\">\r\n\t\t<iframe src=\"https:\/\/www.google.com\/recaptcha\/api\/fallback?k=6LcxYnAUAAAAAK0N-eell9CfBJrJukJ8yVIG3u5S\" frameborder=\"0\" scrolling=\"no\" width=\"310\" height=\"430\">\r\n\t\t<\/iframe>\r\n\t\t<textarea name=\"g-recaptcha-response\" rows=\"3\" cols=\"40\" placeholder=\"reCaptcha Response Here\">\r\n\t\t<\/textarea>\r\n\t<\/div>\r\n<\/noscript>\r\n<\/span>\n\t<\/div>\n\t<div class=\"form-row submit\">\n\t\t<p><button class=\"button vc_btn3-style-modern\"><input class=\"wpcf7-form-control wpcf7-submit has-spinner\" type=\"submit\" value=\"Envoyer\" \/><\/button>\n\t\t<\/p>\n\t<\/div>\n<\/div><div class=\"wpcf7-response-output\" aria-hidden=\"true\"><\/div>\n<\/form>\n<\/div>\n[\/vc_column][vc_column width=\u00a0\u00bb1\/2&Prime;][\/vc_column][\/vc_row]<\/p>\n<\/div>","protected":false},"excerpt":{"rendered":"<p>[vc_row][vc_column width=\u00a0\u00bb1\/2&Prime;][vc_custom_heading text=\u00a0\u00bbTout ce que tu dois savoir\u00a0\u00bb font_container=\u00a0\u00bbtag:div|text_align:left\u00a0\u00bb use_theme_fonts=\u00a0\u00bbyes\u00a0\u00bb css=\u00a0\u00bb\u00a0\u00bb el_class=\u00a0\u00bbpr-tag\u00a0\u00bb][\/vc_column][vc_column width=\u00a0\u00bb1\/2&Prime;][\/vc_column][\/vc_row][vc_row][vc_column width=\u00a0\u00bb1\/2&Prime;][vc_custom_heading text=\u00a0\u00bbLivraison\u00a0\u00bb font_container=\u00a0\u00bbtag:h1|text_align:left\u00a0\u00bb use_theme_fonts=\u00a0\u00bbyes\u00a0\u00bb][vc_column_text css=\u00a0\u00bb\u00a0\u00bb] Chez GO Microdose, nous mettons tout en \u0153uvre pour que ta commande arrive rapidement, en toute s\u00e9curit\u00e9 et sans tracas. Nous livrons dans la plupart des pays du monde et avons soigneusement optimis\u00e9 nos m\u00e9thodes d\u2019exp\u00e9dition pour [&hellip;]<\/p>\n","protected":false},"author":5548,"featured_media":0,"parent":0,"menu_order":0,"comment_status":"closed","ping_status":"closed","template":"","meta":{"_acf_changed":false,"footnotes":""},"class_list":["post-57271","page","type-page","status-publish","hentry"],"acf":[],"_links":{"self":[{"href":"https:\/\/go-microdose.com\/fr\/wp-json\/wp\/v2\/pages\/57271","targetHints":{"allow":["GET"]}}],"collection":[{"href":"https:\/\/go-microdose.com\/fr\/wp-json\/wp\/v2\/pages"}],"about":[{"href":"https:\/\/go-microdose.com\/fr\/wp-json\/wp\/v2\/types\/page"}],"author":[{"embeddable":true,"href":"https:\/\/go-microdose.com\/fr\/wp-json\/wp\/v2\/users\/5548"}],"replies":[{"embeddable":true,"href":"https:\/\/go-microdose.com\/fr\/wp-json\/wp\/v2\/comments?post=57271"}],"version-history":[{"count":0,"href":"https:\/\/go-microdose.com\/fr\/wp-json\/wp\/v2\/pages\/57271\/revisions"}],"wp:attachment":[{"href":"https:\/\/go-microdose.com\/fr\/wp-json\/wp\/v2\/media?parent=57271"}],"curies":[{"name":"wp","href":"https:\/\/api.w.org\/{rel}","templated":true}]}}