{"id":57337,"date":"2026-03-25T12:22:43","date_gmt":"2026-03-25T11:22:43","guid":{"rendered":"https:\/\/go-microdose.com\/statut-des-commandes-uk\/"},"modified":"2026-03-25T12:23:02","modified_gmt":"2026-03-25T11:23:02","slug":"statut-des-commandes-uk","status":"publish","type":"page","link":"https:\/\/go-microdose.com\/fr\/statut-des-commandes-uk\/","title":{"rendered":"Statut des commandes UK"},"content":{"rendered":"<div class=\"wpb-content-wrapper\"><p>[vc_section full_width=\u00a0\u00bbstretch_row_content\u00a0\u00bb el_class=\u00a0\u00bbcontact-main-section-with-af\u00a0\u00bb][vc_row el_class=\u00a0\u00bbcontact-section\u00a0\u00bb][vc_column el_class=\u00a0\u00bbcontainer\u00a0\u00bb][vc_row_inner][vc_column_inner width=\u00a0\u00bb2\/3&Prime;][vc_custom_heading text=\u00a0\u00bbLivraison optimis\u00e9e &amp; conseils juridiques\u00a0\u00bb font_container=\u00a0\u00bbtag:h5|text_align:left\u00a0\u00bb use_theme_fonts=\u00a0\u00bbyes\u00a0\u00bb css=\u00a0\u00bb\u00a0\u00bb el_class=\u00a0\u00bbpr-tag\u00a0\u00bb][vc_custom_heading text=\u00a0\u00bbStatut des commandes UK\u00a0\u00bb use_theme_fonts=\u00a0\u00bbyes\u00a0\u00bb el_class=\u00a0\u00bbcontact-text\u00a0\u00bb][vc_column_text css=\u00a0\u00bb\u00a0\u00bb el_class=\u00a0\u00bbcontact-column\u00a0\u00bb]<\/p>\n<div class=\"footer-social\">\n<p class=\"p1\"><b>Mise \u00e0 jour sur les exp\u00e9ditions UK<\/b><b><\/b><\/p>\n<p class=\"p1\">Nous sommes ravis de partager que nos processus d&rsquo;exp\u00e9dition avec Deutsche Post &amp; Royal Mail ont \u00e9t\u00e9 optimis\u00e9s avec succ\u00e8s, offrant des services de livraison plus rapides et plus fiables vers le Royaume-Uni. Depuis f\u00e9vrier 2024, nous avons atteint un taux d&rsquo;arriv\u00e9e de 100 % \u00e0 la porte de nos clients sur toutes les commandes, garantissant que nos envois parviennent \u00e0 nos clients sans probl\u00e8me et dans les d\u00e9lais. <\/p>\n<p class=\"p1\"><b>Statut actuel des exp\u00e9ditions :<\/b><b><\/b><\/p>\n<p class=\"p4\">\u2022<b>Efficacit\u00e9 renforc\u00e9e :<\/b> Notre partenariat avec Deutsche Post &amp; Royal Mail s&rsquo;est consid\u00e9rablement am\u00e9lior\u00e9, toutes les commandes \u00e9tant trait\u00e9es rapidement et efficacement. Cela a abouti \u00e0 un bilan de livraison parfait depuis d\u00e9but 2024. <\/p>\n<p class=\"p4\">\u2022<b>Mises \u00e0 jour de suivi fiables :<\/b> Nous avons am\u00e9lior\u00e9 l&rsquo;int\u00e9gration de notre syst\u00e8me de suivi, te permettant de suivre ta commande de mani\u00e8re fiable depuis l&rsquo;exp\u00e9dition jusqu&rsquo;\u00e0 la livraison. Reste inform\u00e9 avec des mises \u00e0 jour r\u00e9guli\u00e8res et pr\u00e9cises en visitant notre page de suivi : <strong><a href=\"https:\/\/packet.deutschepost.com\/public\/packet_traceit.xhtml\" target=\"_blank\" rel=\"noopener\">Suivre ta commande<\/a><\/strong>. <\/p>\n<p class=\"p4\">\u2022<b>Engagement envers la ponctualit\u00e9 :<\/b> L&rsquo;environnement d&rsquo;exp\u00e9dition \u00e9volue constamment, mais notre engagement envers une livraison dans les d\u00e9lais reste in\u00e9branlable. Nous optimisons continuellement chaque \u00e9tape du processus de livraison pour garantir efficacit\u00e9 et fiabilit\u00e9. <\/p>\n<p class=\"p1\"><b>Consid\u00e9rations juridiques :<\/b><b><\/b><\/p>\n<p class=\"p1\">Avant de passer commande, nous t&rsquo;encourageons \u00e0 v\u00e9rifier le statut l\u00e9gal des truffes dans ta r\u00e9gion. Pour des informations d\u00e9taill\u00e9es sur le statut l\u00e9gal de nos produits, consulte : <a href=\"https:\/\/go-microdose.com\/legal-status-of-truffles\/\"><strong>Statut l\u00e9gal des truffes<\/strong><\/a>. Il est important d&rsquo;\u00eatre bien inform\u00e9 pour prendre des d\u00e9cisions concernant tes achats.  <\/p>\n<p class=\"p1\">Nous comprenons l&rsquo;importance d&rsquo;une livraison dans les d\u00e9lais et nous nous engageons \u00e0 rendre ton exp\u00e9rience avec nous aussi fluide et satisfaisante que possible. En cas de retards impr\u00e9vus, nous promettons de te tenir inform\u00e9 et de prendre des mesures proactives pour r\u00e9soudre tout probl\u00e8me. <\/p>\n<p class=\"p1\">Merci pour ta confiance continue envers GO Microdose. Notre \u00e9quipe est toujours l\u00e0 pour t&rsquo;aider avec toutes tes questions ou pr\u00e9occupations. N&rsquo;h\u00e9site pas \u00e0 nous contacter \u00e0 tout moment. Nous sommes impatients de te servir et de garantir ta satisfaction \u00e0 chaque commande.   <\/p>\n<p class=\"p1\"><b>L&rsquo;\u00e9quipe GO Microdose<\/b><b><\/b><\/p>\n<\/div>\n<p>[\/vc_column_text][\/vc_column_inner][vc_column_inner width=\u00a0\u00bb1\/3&Prime;][\/vc_column_inner][\/vc_row_inner][\/vc_column][\/vc_row][\/vc_section]<\/p>\n<\/div>","protected":false},"excerpt":{"rendered":"<p>[vc_section full_width=\u00a0\u00bbstretch_row_content\u00a0\u00bb el_class=\u00a0\u00bbcontact-main-section-with-af\u00a0\u00bb][vc_row el_class=\u00a0\u00bbcontact-section\u00a0\u00bb][vc_column el_class=\u00a0\u00bbcontainer\u00a0\u00bb][vc_row_inner][vc_column_inner width=\u00a0\u00bb2\/3&Prime;][vc_custom_heading text=\u00a0\u00bbLivraison optimis\u00e9e &amp; conseils juridiques\u00a0\u00bb font_container=\u00a0\u00bbtag:h5|text_align:left\u00a0\u00bb use_theme_fonts=\u00a0\u00bbyes\u00a0\u00bb css=\u00a0\u00bb\u00a0\u00bb el_class=\u00a0\u00bbpr-tag\u00a0\u00bb][vc_custom_heading text=\u00a0\u00bbStatut des commandes UK\u00a0\u00bb use_theme_fonts=\u00a0\u00bbyes\u00a0\u00bb el_class=\u00a0\u00bbcontact-text\u00a0\u00bb][vc_column_text css=\u00a0\u00bb\u00a0\u00bb el_class=\u00a0\u00bbcontact-column\u00a0\u00bb] Mise \u00e0 jour sur les exp\u00e9ditions UK Nous sommes ravis de partager que nos processus d&rsquo;exp\u00e9dition avec Deutsche Post &amp; Royal Mail ont \u00e9t\u00e9 optimis\u00e9s avec succ\u00e8s, offrant des services de livraison [&hellip;]<\/p>\n","protected":false},"author":5548,"featured_media":0,"parent":0,"menu_order":0,"comment_status":"closed","ping_status":"closed","template":"","meta":{"_acf_changed":false,"footnotes":""},"class_list":["post-57337","page","type-page","status-publish","hentry"],"acf":[],"_links":{"self":[{"href":"https:\/\/go-microdose.com\/fr\/wp-json\/wp\/v2\/pages\/57337","targetHints":{"allow":["GET"]}}],"collection":[{"href":"https:\/\/go-microdose.com\/fr\/wp-json\/wp\/v2\/pages"}],"about":[{"href":"https:\/\/go-microdose.com\/fr\/wp-json\/wp\/v2\/types\/page"}],"author":[{"embeddable":true,"href":"https:\/\/go-microdose.com\/fr\/wp-json\/wp\/v2\/users\/5548"}],"replies":[{"embeddable":true,"href":"https:\/\/go-microdose.com\/fr\/wp-json\/wp\/v2\/comments?post=57337"}],"version-history":[{"count":0,"href":"https:\/\/go-microdose.com\/fr\/wp-json\/wp\/v2\/pages\/57337\/revisions"}],"wp:attachment":[{"href":"https:\/\/go-microdose.com\/fr\/wp-json\/wp\/v2\/media?parent=57337"}],"curies":[{"name":"wp","href":"https:\/\/api.w.org\/{rel}","templated":true}]}}