{"id":57356,"date":"2026-03-25T12:23:35","date_gmt":"2026-03-25T11:23:35","guid":{"rendered":"https:\/\/go-microdose.com\/le-guide-complet-du-microdosage\/"},"modified":"2026-04-07T09:14:42","modified_gmt":"2026-04-07T07:14:42","slug":"le-guide-complet-du-microdosage","status":"publish","type":"page","link":"https:\/\/go-microdose.com\/fr\/le-guide-complet-du-microdosage\/","title":{"rendered":"Le guide complet du microdosage"},"content":{"rendered":"<div class=\"wpb-content-wrapper\"><p>[vc_section full_width=\u00a0\u00bbstretch_row_content\u00a0\u00bb full_height=\u00a0\u00bbyes\u00a0\u00bb content_placement=\u00a0\u00bbmiddle\u00a0\u00bb el_class=\u00a0\u00bbbutton-section product-copy-page\u00a0\u00bb css=\u00a0\u00bb.vc_custom_1640248080539{padding-bottom: 0px !important;}\u00a0\u00bb][vc_row full_height=\u00a0\u00bbyes\u00a0\u00bb css_animation=\u00a0\u00bbnone\u00a0\u00bb][vc_column el_class=\u00a0\u00bbcontainer\u00a0\u00bb][vc_row_inner content_placement=\u00a0\u00bbmiddle\u00a0\u00bb el_class=\u00a0\u00bbrow-reverse s-magazine-banner\u00a0\u00bb][vc_column_inner width=\u00a0\u00bb1\/2&Prime;][vc_single_image image=\u00a0\u00bb56425&Prime; img_size=\u00a0\u00bbfull\u00a0\u00bb css=\u00a0\u00bb\u00a0\u00bb][\/vc_column_inner][vc_column_inner el_class=\u00a0\u00bbabout-text-column\u00a0\u00bb width=\u00a0\u00bb1\/2&Prime;][vc_custom_heading text=\u00a0\u00bbTon guide\u00a0\u00bb font_container=\u00a0\u00bbtag:h5|text_align:left\u00a0\u00bb use_theme_fonts=\u00a0\u00bbyes\u00a0\u00bb css=\u00a0\u00bb\u00a0\u00bb el_class=\u00a0\u00bbpr-tag\u00a0\u00bb][vc_custom_heading text=\u00a0\u00bbLe guide complet<br \/>\ndu microdosage\u00a0\u00bb font_container=\u00a0\u00bbtag:h2|text_align:left|color:%23000000&Prime; use_theme_fonts=\u00a0\u00bbyes\u00a0\u00bb css=\u00a0\u00bb\u00a0\u00bb][vc_column_text css=\u00a0\u00bb\u00a0\u00bb el_class=\u00a0\u00bbproduct-copy-description mb-0&Prime;]Lib\u00e8re le pouvoir transformateur du microdosage gr\u00e2ce \u00e0 notre guide complet, con\u00e7u aussi bien pour les d\u00e9butants que pour les explorateurs exp\u00e9riment\u00e9s. Cette ressource essentielle plonge au c\u0153ur de la science du microdosage et explique comment il peut renforcer la cr\u00e9ativit\u00e9, la concentration et le bien-\u00eatre global. <\/p>\n<p>Tu apprendras des protocoles \u00e9tape par \u00e9tape, d\u00e9couvriras des conseils pour trouver ta dose optimale et exploreras les b\u00e9n\u00e9fices d\u2019int\u00e9grer le microdosage \u00e0 ta routine quotidienne. Nous abordons aussi les d\u00e9fis possibles et la fa\u00e7on de les surmonter, afin que tu aies tous les outils n\u00e9cessaires pour un parcours r\u00e9ussi. Que tu cherches \u00e0 booster ta productivit\u00e9, \u00e0 g\u00e9rer ton stress ou \u00e0 approfondir ta connaissance de toi, notre guide est l\u00e0 pour toi.[\/vc_column_text][vc_column_text css=\u00a0\u00bb\u00a0\u00bb]                <div class=\"ml-embedded\" data-form=\"tcAR2l\"><\/div>\n            [\/vc_column_text][\/vc_column_inner][\/vc_row_inner][\/vc_column][\/vc_row][vc_row el_class=\u00a0\u00bbmove-next-section\u00a0\u00bb][vc_column el_class=\u00a0\u00bbcontainer\u00a0\u00bb][vc_btn title=\u00a0\u00bbEn savoir plus\u00a0\u00bb style=\u00a0\u00bbflat\u00a0\u00bb color=\u00a0\u00bbblack\u00a0\u00bb css=\u00a0\u00bb\u00a0\u00bb link=\u00a0\u00bburl:%23more|\u00a0\u00bb el_class=\u00a0\u00bbdiscover-more\u00a0\u00bb][\/vc_column][\/vc_row][\/vc_section][vc_section full_width=\u00a0\u00bbstretch_row_content\u00a0\u00bb content_placement=\u00a0\u00bbmiddle\u00a0\u00bb css=\u00a0\u00bb.vc_custom_1648641388106{background-image: url(https:\/\/go-microdose.com\/wp-content\/uploads\/2021\/12\/background-01.png?id=962) !important;background-position: center !important;background-repeat: no-repeat !important;background-size: cover !important;}\u00a0\u00bb el_class=\u00a0\u00bbeffect-main-section\u00a0\u00bb el_id=\u00a0\u00bbmore\u00a0\u00bb][vc_row][vc_column el_class=\u00a0\u00bbcontainer\u00a0\u00bb][vc_row_inner content_placement=\u00a0\u00bbmiddle\u00a0\u00bb el_class=\u00a0\u00bbrow-reverse effect-section\u00a0\u00bb][vc_column_inner width=\u00a0\u00bb1\/2&Prime;][vc_single_image image=\u00a0\u00bb57357&Prime; img_size=\u00a0\u00bbfull\u00a0\u00bb css=\u00a0\u00bb\u00a0\u00bb el_class=\u00a0\u00bbimage-with-shadow\u00a0\u00bb][\/vc_column_inner][vc_column_inner width=\u00a0\u00bb1\/2&Prime;][vc_custom_heading text=\u00a0\u00bbLe document\u00a0\u00bb font_container=\u00a0\u00bbtag:h3|text_align:left|color:%23696764&Prime; use_theme_fonts=\u00a0\u00bbyes\u00a0\u00bb css=\u00a0\u00bb\u00a0\u00bb][vc_custom_heading text=\u00a0\u00bbToutes les informations n\u00e9cessaires\u00a0\u00bb font_container=\u00a0\u00bbtag:h2|text_align:left|color:%23000000&Prime; use_theme_fonts=\u00a0\u00bbyes\u00a0\u00bb css=\u00a0\u00bb\u00a0\u00bb el_class=\u00a0\u00bbeffect-title\u00a0\u00bb][vc_column_text css=\u00a0\u00bb\u00a0\u00bb el_class=\u00a0\u00bbeffect-description\u00a0\u00bb]Ce que tu trouveras \u00e0 l\u2019int\u00e9rieur :<\/p>\n<ul>\n<li><strong>Introduction au microdosage :<\/strong> D\u00e9couvre ce qu\u2019est le microdosage et comment il fonctionne pour am\u00e9liorer la clart\u00e9 mentale, la cr\u00e9ativit\u00e9 et le bien-\u00eatre \u00e9motionnel.<\/li>\n<li><strong>B\u00e9n\u00e9fices et risques potentiels :<\/strong> Obtiens un aper\u00e7u des avantages et des \u00e9ventuels inconv\u00e9nients, pour une vision \u00e9quilibr\u00e9e qui t\u2019aide \u00e0 prendre des d\u00e9cisions \u00e9clair\u00e9es.<\/li>\n<li><strong>Trouver ton dosage id\u00e9al :<\/strong> Apprends \u00e0 adapter la dose \u00e0 tes besoins uniques, pour des r\u00e9sultats optimaux avec un risque minimal.<\/li>\n<li><strong>Protocoles quotidiens :<\/strong> Suis des guides \u00e9tape par \u00e9tape, pour les d\u00e9butants comme pour les utilisateurs avanc\u00e9s, con\u00e7us pour int\u00e9grer le microdosage naturellement \u00e0 ta routine.<\/li>\n<li><strong>Conseils de journalisation et d\u2019int\u00e9gration :<\/strong> Des conseils pratiques pour suivre et int\u00e9grer les b\u00e9n\u00e9fices du microdosage dans ta vie.<\/li>\n<li><strong>S\u00e9curit\u00e9 et bonnes pratiques :<\/strong> Des recommandations essentielles pour garantir une exp\u00e9rience de microdosage s\u00fbre et efficace.<\/li>\n<li><strong>Questions fr\u00e9quentes :<\/strong> Des r\u00e9ponses aux questions courantes, de la l\u00e9galit\u00e9 aux effets secondaires potentiels.<\/li>\n<\/ul>\n<p>[\/vc_column_text][\/vc_column_inner][\/vc_row_inner][\/vc_column][\/vc_row][\/vc_section]<\/p>\n<\/div>","protected":false},"excerpt":{"rendered":"<p>[vc_section full_width=\u00a0\u00bbstretch_row_content\u00a0\u00bb full_height=\u00a0\u00bbyes\u00a0\u00bb content_placement=\u00a0\u00bbmiddle\u00a0\u00bb el_class=\u00a0\u00bbbutton-section product-copy-page\u00a0\u00bb css=\u00a0\u00bb.vc_custom_1640248080539{padding-bottom: 0px !important;}\u00a0\u00bb][vc_row full_height=\u00a0\u00bbyes\u00a0\u00bb css_animation=\u00a0\u00bbnone\u00a0\u00bb][vc_column el_class=\u00a0\u00bbcontainer\u00a0\u00bb][vc_row_inner content_placement=\u00a0\u00bbmiddle\u00a0\u00bb el_class=\u00a0\u00bbrow-reverse s-magazine-banner\u00a0\u00bb][vc_column_inner width=\u00a0\u00bb1\/2&Prime;][vc_single_image image=\u00a0\u00bb56425&Prime; img_size=\u00a0\u00bbfull\u00a0\u00bb css=\u00a0\u00bb\u00a0\u00bb][\/vc_column_inner][vc_column_inner el_class=\u00a0\u00bbabout-text-column\u00a0\u00bb width=\u00a0\u00bb1\/2&Prime;][vc_custom_heading text=\u00a0\u00bbTon guide\u00a0\u00bb font_container=\u00a0\u00bbtag:h5|text_align:left\u00a0\u00bb use_theme_fonts=\u00a0\u00bbyes\u00a0\u00bb css=\u00a0\u00bb\u00a0\u00bb el_class=\u00a0\u00bbpr-tag\u00a0\u00bb][vc_custom_heading text=\u00a0\u00bbLe guide complet du microdosage\u00a0\u00bb font_container=\u00a0\u00bbtag:h2|text_align:left|color:%23000000&Prime; use_theme_fonts=\u00a0\u00bbyes\u00a0\u00bb css=\u00a0\u00bb\u00a0\u00bb][vc_column_text css=\u00a0\u00bb\u00a0\u00bb el_class=\u00a0\u00bbproduct-copy-description mb-0&Prime;]Lib\u00e8re le pouvoir transformateur du microdosage gr\u00e2ce \u00e0 notre guide complet, con\u00e7u aussi bien pour les d\u00e9butants que [&hellip;]<\/p>\n","protected":false},"author":5548,"featured_media":0,"parent":0,"menu_order":0,"comment_status":"closed","ping_status":"closed","template":"","meta":{"_acf_changed":false,"footnotes":""},"class_list":["post-57356","page","type-page","status-publish","hentry"],"acf":[],"_links":{"self":[{"href":"https:\/\/go-microdose.com\/fr\/wp-json\/wp\/v2\/pages\/57356","targetHints":{"allow":["GET"]}}],"collection":[{"href":"https:\/\/go-microdose.com\/fr\/wp-json\/wp\/v2\/pages"}],"about":[{"href":"https:\/\/go-microdose.com\/fr\/wp-json\/wp\/v2\/types\/page"}],"author":[{"embeddable":true,"href":"https:\/\/go-microdose.com\/fr\/wp-json\/wp\/v2\/users\/5548"}],"replies":[{"embeddable":true,"href":"https:\/\/go-microdose.com\/fr\/wp-json\/wp\/v2\/comments?post=57356"}],"version-history":[{"count":0,"href":"https:\/\/go-microdose.com\/fr\/wp-json\/wp\/v2\/pages\/57356\/revisions"}],"wp:attachment":[{"href":"https:\/\/go-microdose.com\/fr\/wp-json\/wp\/v2\/media?parent=57356"}],"curies":[{"name":"wp","href":"https:\/\/api.w.org\/{rel}","templated":true}]}}