{"id":59807,"date":"2026-03-25T13:35:06","date_gmt":"2026-03-25T12:35:06","guid":{"rendered":"https:\/\/go-microdose.com\/livraison\/etats-unis\/"},"modified":"2026-03-25T13:36:49","modified_gmt":"2026-03-25T12:36:49","slug":"etats-unis","status":"publish","type":"page","link":"https:\/\/go-microdose.com\/fr\/livraison\/etats-unis\/","title":{"rendered":"\u00c9tats-Unis"},"content":{"rendered":"<div class=\"wpb-content-wrapper\"><p>[vc_row][vc_column width=\u00a0\u00bb1\/2&Prime;][vc_btn title=\u00a0\u00bbRetour \u00e0 l&apos;aper\u00e7u de la livraison\u00a0\u00bb css=\u00a0\u00bb\u00a0\u00bb link=\u00a0\u00bburl:https%3A%2F%2Fgo-microdose.com%2Ffr%2Flivraison%2F|title:Shipping|\u00a0\u00bb el_class=\u00a0\u00bbbutton-back\u00a0\u00bb][\/vc_column][vc_column width=\u00a0\u00bb1\/2&Prime;][\/vc_column][\/vc_row][vc_row el_class=\u00a0\u00bbpb-40&Prime;][vc_column width=\u00a0\u00bb1\/2&Prime; el_class=\u00a0\u00bbpr-80&Prime;][vc_custom_heading text=\u00a0\u00bbLivraison aux \u00c9tats-Unis\u00a0\u00bb font_container=\u00a0\u00bbtag:h1|text_align:left\u00a0\u00bb use_theme_fonts=\u00a0\u00bbyes\u00a0\u00bb css=\u00a0\u00bb\u00a0\u00bb el_class=\u00a0\u00bbeffect-title\u00a0\u00bb][vc_custom_heading text=\u00a0\u00bbChampignons magiques, truffes, microdosage et plus encore..\u00a0\u00bb use_theme_fonts=\u00a0\u00bbyes\u00a0\u00bb el_class=\u00a0\u00bbh3&Prime;][vc_column_text css=\u00a0\u00bb\u00a0\u00bb]<\/p>\n<p class=\"p1\">Oui ! Nous exp\u00e9dions tous nos produits aux \u00c9tats-Unis ! <\/p>\n<p class=\"p1\">Nos truffes fra\u00eeches, strips de microdosage et kits de culture sont exp\u00e9di\u00e9s directement depuis Amsterdam et arrivent g\u00e9n\u00e9ralement sous <span class=\"s1\">6 \u00e0 10 jours ouvrables<\/span>. Nous utilisons des <span class=\"s1\">m\u00e9thodes d&rsquo;exp\u00e9dition discr\u00e8tes et fiables<\/span> pour garantir que ta commande te parvienne en toute s\u00e9curit\u00e9. <\/p>\n<p class=\"p1\">La plupart des petites commandes, comme les strips de microdosage et les truffes, tiennent dans un colis compatible avec les bo\u00eetes aux lettres, minimisant les risques de livraisons manqu\u00e9es. Les produits plus volumineux, comme les kits de culture de champignons, peuvent n\u00e9cessiter une livraison en colis standard. <\/p>\n<p class=\"p1\">Nous avons un <span class=\"s1\">taux de r\u00e9ussite \u00e9lev\u00e9 pour les exp\u00e9ditions vers les \u00c9tats-Unis<\/span>, mais la responsabilit\u00e9 de comprendre et de respecter les r\u00e9glementations locales <span class=\"s1\">incombe au client<\/span>.<\/p>\n<p class=\"p1\">Tu veux en savoir plus sur nos <span class=\"s1\">options d&rsquo;exp\u00e9dition, d\u00e9lais de livraison et m\u00e9thodes<\/span> ? Consulte tous les d\u00e9tails ci-dessous concernant la commande et la livraison aux \u00c9tats-Unis. <\/p>\n<p>[\/vc_column_text][\/vc_column][vc_column width=\u00a0\u00bb1\/2&Prime; el_class=\u00a0\u00bbs-white-box\u00a0\u00bb][vc_custom_heading text=\u00a0\u00bbSuivi de colis\u00a0\u00bb font_container=\u00a0\u00bbtag:h3|text_align:left\u00a0\u00bb use_theme_fonts=\u00a0\u00bbyes\u00a0\u00bb][vc_column_text]Utilise ton code de suivi et non ton num\u00e9ro de commande.[\/vc_column_text][vc_btn title=\u00a0\u00bbSuivi Deutsche Post\u00a0\u00bb css=\u00a0\u00bb\u00a0\u00bb link=\u00a0\u00bburl:https%3A%2F%2Fpacket.deutschepost.com%2Fpublic%2Fpacket_traceit.xhtml|target:_blank|\u00a0\u00bb][vc_btn title=\u00a0\u00bbSuivi USPS\u00a0\u00bb css=\u00a0\u00bb\u00a0\u00bb link=\u00a0\u00bburl:https%3A%2F%2Ftools.usps.com%2Fgo%2FTrackConfirmAction_input|target:_blank|\u00a0\u00bb][\/vc_column][\/vc_row][vc_row el_class=\u00a0\u00bbpb-80&Prime;][vc_column][vc_custom_heading text=\u00a0\u00bbplus d&apos;informations\u00a0\u00bb font_container=\u00a0\u00bbtag:div|text_align:left\u00a0\u00bb use_theme_fonts=\u00a0\u00bbyes\u00a0\u00bb el_class=\u00a0\u00bbpr-tag\u00a0\u00bb][vc_tta_accordion style=\u00a0\u00bbflat\u00a0\u00bb shape=\u00a0\u00bbsquare\u00a0\u00bb color=\u00a0\u00bbwhite\u00a0\u00bb c_icon=\u00a0\u00bb\u00a0\u00bb active_section=\u00a0\u00bb100&Prime; no_fill=\u00a0\u00bbtrue\u00a0\u00bb collapsible_all=\u00a0\u00bbtrue\u00a0\u00bb title=\u00a0\u00bbInfos livraison\u00a0\u00bb][vc_tta_section title=\u00a0\u00bbQuel est le statut l\u00e9gal dans mon pays ?\u00a0\u00bb tab_id=\u00a0\u00bb1737187665466-5703fda6-be48&Prime;][vc_column_text css=\u00a0\u00bb\u00a0\u00bb]<\/p>\n<p class=\"p1\">Les champignons contenant de la psilocybine sont class\u00e9s comme <span class=\"s1\">substance de l&rsquo;annexe I<\/span> selon la loi f\u00e9d\u00e9rale am\u00e9ricaine. Cependant, nos truffes se situent dans une <span class=\"s1\">zone grise juridique<\/span>, car elles constituent une partie diff\u00e9rente de l&rsquo;organisme fongique que les champignons. Certains \u00c9tats et villes ont commenc\u00e9 \u00e0 d\u00e9p\u00e9naliser la psilocybine, mais <span class=\"s1\">les lois varient consid\u00e9rablement \u00e0 travers les \u00c9tats-Unis<\/span>.  <\/p>\n<p class=\"p1\">Nous ne sommes <span class=\"s1\">pas des avocats<\/span> et <span class=\"s1\">n&rsquo;avons pas la capacit\u00e9 de suivre les \u00e9volutions juridiques dans chaque pays vers lequel nous exp\u00e9dions<\/span>. Pour cette raison, il est de la <span class=\"s1\">responsabilit\u00e9 du client<\/span> de comprendre et de respecter les r\u00e9glementations locales avant de commander. <\/p>\n<p class=\"p1\">Bien que nos exp\u00e9ditions vers les \u00c9tats-Unis aient un <span class=\"s1\">taux de r\u00e9ussite \u00e9lev\u00e9 de 94 %<\/span>, il existe toujours une possibilit\u00e9 que les douanes saisissent le colis. En raison des <span class=\"s1\">complexit\u00e9s juridiques impliqu\u00e9es<\/span>, nous <span class=\"s1\">ne pouvons pas offrir de remboursements ou de r\u00e9exp\u00e9ditions gratuites<\/span> si une commande est saisie ou n&rsquo;arrive pas. <\/p>\n<p>[\/vc_column_text][\/vc_tta_section][vc_tta_section title=\u00a0\u00bbQuels produits peux-tu exp\u00e9dier dans mon pays ?\u00a0\u00bb tab_id=\u00a0\u00bb1737187665459-72042fcd-1c33&Prime;][vc_column_text css=\u00a0\u00bb\u00a0\u00bb]<\/p>\n<p class=\"p1\">Nous exp\u00e9dions tous nos produits aux \u00c9tats-Unis avec une <span class=\"s1\">livraison rapide et discr\u00e8te<\/span> directement depuis notre emplacement \u00e0 Amsterdam. Que tu recherches des <span class=\"s1\">strips de microdosage, des truffes magiques ou des kits de culture de champignons<\/span>, nous avons ce qu&rsquo;il te faut. <\/p>\n<p class=\"p3\"><span class=\"s2\">Si tu t&rsquo;int\u00e9resses au <\/span>microdosage pour la concentration, la cr\u00e9ativit\u00e9 ou l&rsquo;am\u00e9lioration de l&rsquo;humeur<span class=\"s2\">, nos <\/span>strips de microdosage de truffes fra\u00eeches<span class=\"s2\">  sont un excellent choix. Pour ceux qui recherchent une   <\/span>exp\u00e9rience psych\u00e9d\u00e9lique plus profonde<span class=\"s2\">, nous proposons des <\/span>truffes magiques \u00e0 haute puissance<span class=\"s2\"> telles que <\/span>Hollandia, Utopia et Galindoi<span class=\"s2\">. Tu veux cultiver les tiens ? Nos   <\/span>kits de culture de champignons<span class=\"s2\"> fournissent tout ce dont tu as besoin pour cultiver des champignons \u00e0 la maison.<\/span><\/p>\n<p class=\"p1\"><span class=\"s1\">Commande aujourd&rsquo;hui<\/span> et commence ton voyage avec des truffes et des produits de microdosage de qualit\u00e9 sup\u00e9rieure.<\/p>\n<p>[\/vc_column_text][\/vc_tta_section][vc_tta_section title=\u00a0\u00bbCombien de temps prend la livraison ?\u00a0\u00bb tab_id=\u00a0\u00bb1737188614232-01a47c52-44d4&Prime;][vc_column_text css=\u00a0\u00bb\u00a0\u00bb]<\/p>\n<p class=\"p3\">La livraison aux \u00c9tats-Unis prend g\u00e9n\u00e9ralement <span class=\"s1\">6 \u00e0 10 jours ouvrables<\/span>, selon le d\u00e9douanement et les services postaux locaux. Bien que la plupart des commandes arrivent dans ce d\u00e9lai, des retards occasionnels peuvent survenir en raison d&rsquo;inspections douani\u00e8res ou du traitement postal. <\/p>\n<p class=\"p3\">Une fois ta commande exp\u00e9di\u00e9e, tu recevras un <span class=\"s1\">lien de suivi<\/span> pour suivre sa progression. Si ton colis subit des retards, nous te recommandons d&rsquo;accorder un d\u00e9lai suppl\u00e9mentaire, car les mises \u00e0 jour de suivi peuvent ne pas toujours \u00eatre imm\u00e9diates. <\/p>\n<p class=\"p3\">Pour les derni\u00e8res mises \u00e0 jour d&rsquo;exp\u00e9dition et les informations de suivi, consulte ton e-mail ou clique sur le bouton de suivi en haut de cette page.<\/p>\n<p>[\/vc_column_text][\/vc_tta_section][vc_tta_section title=\u00a0\u00bbO\u00f9 puis-je suivre ma commande ?\u00a0\u00bb tab_id=\u00a0\u00bb1737188637035-b7eae861-e627&Prime;][vc_column_text css=\u00a0\u00bb\u00a0\u00bb]<\/p>\n<p class=\"p3\">Une fois ta commande exp\u00e9di\u00e9e, tu recevras un <span class=\"s1\">lien de suivi<\/span> par e-mail. Utilise ce lien pour suivre le trajet de ton colis vers les \u00c9tats-Unis. <\/p>\n<p class=\"p3\">Si tu dois suivre ta commande manuellement, visite la page de suivi suivante et saisis ton code de suivi<br \/>\n  <a href=\"https:\/\/go-microdose.com\/tracking\/\"><span class=\"s1\"><b>Suis ta commande ici<\/b><\/span><\/a><\/p>\n<p class=\"p3\">Note que les mises \u00e0 jour de suivi peuvent prendre du temps \u00e0 appara\u00eetre, en particulier pendant le traitement douanier. Si tu rencontres des probl\u00e8mes, nous te recommandons d&rsquo;accorder un d\u00e9lai suppl\u00e9mentaire pour les mises \u00e0 jour ou de contacter directement le transporteur. <\/p>\n<p>[\/vc_column_text][\/vc_tta_section][vc_tta_section title=\u00a0\u00bbQuels sont les frais et m\u00e9thodes d&apos;exp\u00e9dition ?\u00a0\u00bb tab_id=\u00a0\u00bb1737188651466-1dfecdda-bebe\u00a0\u00bb][vc_column_text css=\u00a0\u00bb\u00a0\u00bb]<\/p>\n<p class=\"p1\">Nous proposons une exp\u00e9dition <span class=\"s1\">s\u00e9curis\u00e9e et suivie<\/span> vers les \u00c9tats-Unis via <span class=\"s1\">Deutsche Post<\/span>, garantissant un processus de livraison fluide et discret.<\/p>\n<p class=\"p3\"><span class=\"s2\">  <\/span>Livraison standard Deutsche Post<span class=\"s2\"> (Suivi | <\/span>5 \u00e0 7 jours ouvrables<span class=\"s2\">) : 12 $ <\/span>(peut fluctuer en fonction du taux de change)<\/p>\n<p class=\"p3\"><span class=\"s2\">  <\/span>Option d&rsquo;exp\u00e9dition discr\u00e8te<span class=\"s2\"> : +1,95 $<\/span><\/p>\n<p class=\"p1\">Tu veux plus de confidentialit\u00e9 ? S\u00e9lectionne notre option d&rsquo;exp\u00e9dition discr\u00e8te lors du paiement pour un emballage sans marque avec \u00e9tiquetage g\u00e9n\u00e9rique. <\/p>\n<p class=\"p1\">Toutes les commandes sont exp\u00e9di\u00e9es <span class=\"s1\">depuis Amsterdam<\/span>, et les d\u00e9tails de suivi seront fournis une fois ton colis exp\u00e9di\u00e9. Note que les d\u00e9lais de livraison peuvent varier en raison du traitement douanier. <\/p>\n<p>[\/vc_column_text][\/vc_tta_section][vc_tta_section title=\u00a0\u00bbComment puis-je payer ma commande ?\u00a0\u00bb tab_id=\u00a0\u00bb1739569614085-b2259a37-6ad1&Prime;][vc_column_text css=\u00a0\u00bb\u00a0\u00bb]<\/p>\n<p class=\"p1\">Nous proposons une vari\u00e9t\u00e9 de m\u00e9thodes de paiement s\u00e9curis\u00e9es et pratiques pour les commandes vers les \u00c9tats-Unis :<\/p>\n<ul>\n<li>Carte (de cr\u00e9dit)<\/li>\n<li>PayPal<\/li>\n<li>Revolut<\/li>\n<li>iDEAL<\/li>\n<li>Cryptomonnaie<\/li>\n<li>Przelewy24<\/li>\n<li>Bancontact<\/li>\n<li>Virement bancaire SEPA<\/li>\n<li>Online \u00dcberweisen<\/li>\n<li><span class=\"s1\">Sofortbanking<\/span><\/li>\n<li>Virements bancaires manuels<\/li>\n<\/ul>\n<p class=\"p1\">Tous les paiements sont trait\u00e9s de mani\u00e8re s\u00e9curis\u00e9e et tes donn\u00e9es sont prot\u00e9g\u00e9es. Tu recevras une confirmation de commande d\u00e8s que ton paiement sera finalis\u00e9. <\/p>\n<p>[\/vc_column_text][\/vc_tta_section][vc_tta_section title=\u00a0\u00bbGarantie et r\u00e9clamations\u00a0\u00bb tab_id=\u00a0\u00bb1739569639087-ce3e2607-c5c5&Prime;][vc_column_text css=\u00a0\u00bb\u00a0\u00bb]<\/p>\n<p class=\"p1\">Nous prenons grand soin de nous assurer que nos produits te parviennent en parfait \u00e9tat. Cependant, si tu re\u00e7ois un article endommag\u00e9 pendant le transport ou pr\u00e9sentant un autre d\u00e9faut, tu peux \u00eatre \u00e9ligible \u00e0 une r\u00e9clamation au titre de la garantie. <\/p>\n<p class=\"p3\"><b>R\u00e9clamations au titre de la garantie<br \/>\n<\/b><b><\/b>Si tu d\u00e9couvres un probl\u00e8me avec ta commande, contacte-nous dans un d\u00e9lai raisonnable \u2014 id\u00e9alement dans <span class=\"s1\">1 jour<\/span> suivant la r\u00e9ception de ton colis. Nous \u00e9valuerons la situation et d\u00e9terminerons la meilleure solution. <\/p>\n<p class=\"p3\"><b>R\u00e9clamations<br \/>\n<\/b><b><\/b>Si quelque chose ne se passe pas comme pr\u00e9vu, nous sommes l\u00e0 pour t&rsquo;aider. Contacte-nous \u00e0 <span class=\"s1\">info@go-microdose.com<\/span>, et nous ferons de notre mieux pour r\u00e9soudre le probl\u00e8me. <\/p>\n<p>[\/vc_column_text][\/vc_tta_section][vc_tta_section title=\u00a0\u00bbRetours\u00a0\u00bb tab_id=\u00a0\u00bb1737188666632-9ee3fe40-4609&Prime;][vc_column_text css=\u00a0\u00bb\u00a0\u00bb]<\/p>\n<p class=\"p1\">En raison de la nature de nos produits, <span class=\"s1\"><b>les retours ne sont pas possibles<\/b><\/span>. Nos truffes et autres produits frais ont une <span class=\"s1\">dur\u00e9e de conservation limit\u00e9e d&rsquo;environ 2 mois<\/span>, ce qui signifie qu&rsquo;ils ne peuvent pas \u00eatre revendus apr\u00e8s avoir \u00e9t\u00e9 retourn\u00e9s. Cette politique garantit que tous les clients re\u00e7oivent des produits frais et de haute qualit\u00e9.  <\/p>\n<p class=\"p3\"><b>Politique d&rsquo;\u00e9change<br \/>\n<\/b><b><\/b>Si tu souhaites \u00e9changer un produit, contacte-nous \u00e0 <span class=\"s1\">info@go-microdose.com<\/span>. Bien que des \u00e9changes puissent \u00eatre possibles pour certains articles non p\u00e9rissables, <span class=\"s1\">les clients sont responsables des frais de retour<\/span>. <\/p>\n<p class=\"p3\"><b>Adresse de livraison incorrecte<br \/>\n<\/b><b><\/b>Si tu as fourni une adresse de livraison incorrecte, contacte-nous d\u00e8s que possible. Nous essaierons de mettre \u00e0 jour ta commande avant son exp\u00e9dition. Cependant, une fois la commande exp\u00e9di\u00e9e, les modifications ne sont plus possibles.  <\/p>\n<p>[\/vc_column_text][\/vc_tta_section][vc_tta_section title=\u00a0\u00bbContact\u00a0\u00bb tab_id=\u00a0\u00bb1737188682135-ea9d8e7b-ed3c\u00a0\u00bb][vc_column_text css=\u00a0\u00bb\u00a0\u00bb]Nous faisons tout notre possible pour toi en tant que client. Cela signifie que tu peux facilement nous contacter.<br \/>\nSi tu as des questions \u00e0 ce sujet, tu peux nous joindre en utilisant les informations suivantes : <\/p>\n<p><strong>GO-Microdose.com<\/strong><br \/>\nE-mail : <a href=\"mailto:info@go-microdose.com\">info@go-microdose.com<\/a><br \/>\nLe nom commercial de notre entreprise est : GK Health B.V.<br \/>\nNotre nom de domaine est GO-Microdose.com<br \/>\nNotre adresse postale : Joop Geesinkweg 601, 1114AB Amsterdam<br \/>\nChambre de commerce : 87887274<br \/>\nTVA : NL864437584B01[\/vc_column_text][\/vc_tta_section][\/vc_tta_accordion][\/vc_column][\/vc_row][vc_row el_class=\u00a0\u00bbpb-220&Prime;][vc_column width=\u00a0\u00bb1\/2&Prime;][vc_custom_heading text=\u00a0\u00bbcontact\u00a0\u00bb font_container=\u00a0\u00bbtag:div|text_align:left\u00a0\u00bb use_theme_fonts=\u00a0\u00bbyes\u00a0\u00bb el_class=\u00a0\u00bbpr-tag\u00a0\u00bb][vc_custom_heading text=\u00a0\u00bbDes questions ou des remarques ?\u00a0\u00bb use_theme_fonts=\u00a0\u00bbyes\u00a0\u00bb]\n<div class=\"wpcf7 no-js\" id=\"wpcf7-f58335-o1\" lang=\"fr-FR\" dir=\"ltr\" data-wpcf7-id=\"58335\">\n<div class=\"screen-reader-response\"><p role=\"status\" aria-live=\"polite\" aria-atomic=\"true\"><\/p> <ul><\/ul><\/div>\n<form action=\"\/fr\/wp-json\/wp\/v2\/pages\/59807#wpcf7-f58335-o1\" method=\"post\" class=\"wpcf7-form init\" aria-label=\"Formulaire de contact\" novalidate=\"novalidate\" data-status=\"init\">\n<fieldset class=\"hidden-fields-container\"><input type=\"hidden\" name=\"_wpcf7\" value=\"58335\" \/><input type=\"hidden\" name=\"_wpcf7_version\" value=\"6.1.5\" \/><input type=\"hidden\" name=\"_wpcf7_locale\" value=\"fr_FR\" \/><input type=\"hidden\" name=\"_wpcf7_unit_tag\" value=\"wpcf7-f58335-o1\" \/><input type=\"hidden\" name=\"_wpcf7_container_post\" value=\"0\" \/><input type=\"hidden\" name=\"_wpcf7_posted_data_hash\" value=\"\" \/><input type=\"hidden\" name=\"_wpcf7_recaptcha_response\" value=\"\" \/>\n<\/fieldset>\n<div class=\"contact-form\">\n\t<div class=\"form-row\">\n\t\t<p><span class=\"wpcf7-form-control-wrap\" data-name=\"Naam\"><input size=\"40\" maxlength=\"400\" class=\"wpcf7-form-control wpcf7-text form-field\" aria-invalid=\"false\" placeholder=\"Nom\" value=\"\" type=\"text\" name=\"Naam\" \/><\/span>\n\t\t<\/p>\n\t<\/div>\n\t<div class=\"form-row\">\n\t\t<p><span class=\"wpcf7-form-control-wrap\" data-name=\"Email\"><input size=\"40\" maxlength=\"400\" class=\"wpcf7-form-control wpcf7-email wpcf7-validates-as-required wpcf7-text wpcf7-validates-as-email form-field\" aria-required=\"true\" aria-invalid=\"false\" placeholder=\"E-mail\" value=\"\" type=\"email\" name=\"Email\" \/><\/span>\n\t\t<\/p>\n\t<\/div>\n\t<div class=\"form-row\">\n\t\t<p><span class=\"wpcf7-form-control-wrap\" data-name=\"your-message\"><textarea cols=\"40\" rows=\"10\" maxlength=\"2000\" class=\"wpcf7-form-control wpcf7-textarea form-field\" aria-invalid=\"false\" placeholder=\"Question ou remarque\u2026\" name=\"your-message\"><\/textarea><\/span>\n\t\t<\/p>\n\t<\/div>\n\t<div class=\"form-row checkbox\">\n\t\t<p><span class=\"wpcf7-form-control-wrap\" data-name=\"agree\"><span class=\"wpcf7-form-control wpcf7-acceptance\"><span class=\"wpcf7-list-item\"><label><input type=\"checkbox\" name=\"agree\" value=\"1\" aria-invalid=\"false\" \/><span class=\"wpcf7-list-item-label\">J\u2019accepte la <a href=\"\/privacy-policy\/\" target=\"_blank\">d\u00e9claration de confidentialit\u00e9<\/a><\/span><\/label><\/span><\/span><\/span>\n\t\t<\/p>\n\t<\/div>\n\t<div class=\"form-row\">\n\t<span class=\"wpcf7-form-control-wrap recaptcha\" data-name=\"recaptcha\"><span data-sitekey=\"6LcxYnAUAAAAAK0N-eell9CfBJrJukJ8yVIG3u5S\" class=\"wpcf7-form-control wpcf7-recaptcha g-recaptcha\"><\/span>\r\n<noscript>\r\n\t<div class=\"grecaptcha-noscript\">\r\n\t\t<iframe src=\"https:\/\/www.google.com\/recaptcha\/api\/fallback?k=6LcxYnAUAAAAAK0N-eell9CfBJrJukJ8yVIG3u5S\" frameborder=\"0\" scrolling=\"no\" width=\"310\" height=\"430\">\r\n\t\t<\/iframe>\r\n\t\t<textarea name=\"g-recaptcha-response\" rows=\"3\" cols=\"40\" placeholder=\"reCaptcha Response Here\">\r\n\t\t<\/textarea>\r\n\t<\/div>\r\n<\/noscript>\r\n<\/span>\n\t<\/div>\n\t<div class=\"form-row submit\">\n\t\t<p><button class=\"button vc_btn3-style-modern\"><input class=\"wpcf7-form-control wpcf7-submit has-spinner\" type=\"submit\" value=\"Envoyer\" \/><\/button>\n\t\t<\/p>\n\t<\/div>\n<\/div><div class=\"wpcf7-response-output\" aria-hidden=\"true\"><\/div>\n<\/form>\n<\/div>\n[\/vc_column][vc_column width=\u00a0\u00bb1\/2&Prime;][\/vc_column][\/vc_row]<\/p>\n<\/div>","protected":false},"excerpt":{"rendered":"<p>[vc_row][vc_column width=\u00a0\u00bb1\/2&Prime;][vc_btn title=\u00a0\u00bbRetour \u00e0 l&apos;aper\u00e7u de la livraison\u00a0\u00bb css=\u00a0\u00bb\u00a0\u00bb link=\u00a0\u00bburl:https%3A%2F%2Fgo-microdose.com%2Ffr%2Flivraison%2F|title:Shipping|\u00a0\u00bb el_class=\u00a0\u00bbbutton-back\u00a0\u00bb][\/vc_column][vc_column width=\u00a0\u00bb1\/2&Prime;][\/vc_column][\/vc_row][vc_row el_class=\u00a0\u00bbpb-40&Prime;][vc_column width=\u00a0\u00bb1\/2&Prime; el_class=\u00a0\u00bbpr-80&Prime;][vc_custom_heading text=\u00a0\u00bbLivraison aux \u00c9tats-Unis\u00a0\u00bb font_container=\u00a0\u00bbtag:h1|text_align:left\u00a0\u00bb use_theme_fonts=\u00a0\u00bbyes\u00a0\u00bb css=\u00a0\u00bb\u00a0\u00bb el_class=\u00a0\u00bbeffect-title\u00a0\u00bb][vc_custom_heading text=\u00a0\u00bbChampignons magiques, truffes, microdosage et plus encore..\u00a0\u00bb use_theme_fonts=\u00a0\u00bbyes\u00a0\u00bb el_class=\u00a0\u00bbh3&Prime;][vc_column_text css=\u00a0\u00bb\u00a0\u00bb] Oui ! Nous exp\u00e9dions tous nos produits aux \u00c9tats-Unis ! Nos truffes fra\u00eeches, strips de microdosage et kits de culture sont exp\u00e9di\u00e9s directement [&hellip;]<\/p>\n","protected":false},"author":5548,"featured_media":0,"parent":57271,"menu_order":0,"comment_status":"open","ping_status":"open","template":"","meta":{"_acf_changed":false,"footnotes":""},"class_list":["post-59807","page","type-page","status-publish","hentry"],"acf":[],"_links":{"self":[{"href":"https:\/\/go-microdose.com\/fr\/wp-json\/wp\/v2\/pages\/59807","targetHints":{"allow":["GET"]}}],"collection":[{"href":"https:\/\/go-microdose.com\/fr\/wp-json\/wp\/v2\/pages"}],"about":[{"href":"https:\/\/go-microdose.com\/fr\/wp-json\/wp\/v2\/types\/page"}],"author":[{"embeddable":true,"href":"https:\/\/go-microdose.com\/fr\/wp-json\/wp\/v2\/users\/5548"}],"replies":[{"embeddable":true,"href":"https:\/\/go-microdose.com\/fr\/wp-json\/wp\/v2\/comments?post=59807"}],"version-history":[{"count":0,"href":"https:\/\/go-microdose.com\/fr\/wp-json\/wp\/v2\/pages\/59807\/revisions"}],"up":[{"embeddable":true,"href":"https:\/\/go-microdose.com\/fr\/wp-json\/wp\/v2\/pages\/57271"}],"wp:attachment":[{"href":"https:\/\/go-microdose.com\/fr\/wp-json\/wp\/v2\/media?parent=59807"}],"curies":[{"name":"wp","href":"https:\/\/api.w.org\/{rel}","templated":true}]}}