{"id":59808,"date":"2025-02-26T12:09:01","date_gmt":"2025-02-26T11:09:01","guid":{"rendered":"https:\/\/go-microdose.com\/livraison\/royaume-uni\/"},"modified":"2026-04-13T17:48:44","modified_gmt":"2026-04-13T15:48:44","slug":"royaume-uni","status":"publish","type":"page","link":"https:\/\/go-microdose.com\/fr\/livraison\/royaume-uni\/","title":{"rendered":"Royaume-Uni"},"content":{"rendered":"<div class=\"wpb-content-wrapper\"><p>[vc_row][vc_column width=\u00a0\u00bb1\/2&Prime;][vc_btn title=\u00a0\u00bbRetour \u00e0 l\u2019aper\u00e7u de la livraison\u00a0\u00bb css=\u00a0\u00bb\u00a0\u00bb link=\u00a0\u00bburl:https%3A%2F%2Fgo-microdose.com%2Ffr%2Flivraison%2F|title:Livraison|\u00a0\u00bb el_class=\u00a0\u00bbbutton-back\u00a0\u00bb][\/vc_column][vc_column width=\u00a0\u00bb1\/2&Prime;][\/vc_column][\/vc_row][vc_row el_class=\u00a0\u00bbpb-40&Prime;][vc_column width=\u00a0\u00bb1\/2&Prime; el_class=\u00a0\u00bbpr-80&Prime;][vc_custom_heading text=\u00a0\u00bbLivraison vers le Royaume-Uni\u00a0\u00bb font_container=\u00a0\u00bbtag:h1|text_align:left\u00a0\u00bb use_theme_fonts=\u00a0\u00bbyes\u00a0\u00bb css=\u00a0\u00bb\u00a0\u00bb el_class=\u00a0\u00bbeffect-title\u00a0\u00bb][vc_custom_heading text=\u00a0\u00bbChampignons magiques, truffes, microdosage et plus encore&#8230;\u00a0\u00bb use_theme_fonts=\u00a0\u00bbyes\u00a0\u00bb el_class=\u00a0\u00bbh3&Prime;][vc_column_text css=\u00a0\u00bb\u00a0\u00bb]<\/p>\n<p class=\"p1\">Oui ! Nous exp\u00e9dions nos produits au Royaume-Uni avec un taux d\u2019arriv\u00e9e proche de 100 % depuis f\u00e9vrier 2024. <\/p>\n<p class=\"p1\">Tu cherches des <span class=\"s1\"><a href=\"https:\/\/go-microdose.com\/fr\/categorie-produit\/truffes-magiques\/\">truffes magiques<\/a>, des <a href=\"https:\/\/go-microdose.com\/fr\/categorie-produit\/microdosage\/\">bandes de microdosage<\/a> ou des <a href=\"https:\/\/go-microdose.com\/fr\/categorie-produit\/kits-de-culture-de-champignons-magiques\/\">kits de culture de champignons magiques<\/a><\/span> de haute qualit\u00e9 au Royaume-Uni ? On s\u2019occupe de tout ! Toutes les commandes sont exp\u00e9di\u00e9es discr\u00e8tement depuis <span class=\"s1\">Amsterdam<\/span> et arrivent g\u00e9n\u00e9ralement sous <span class=\"s1\">5 \u00e0 7 jours ouvr\u00e9s<\/span>. Nos emballages sont con\u00e7us pour pr\u00e9server ta confidentialit\u00e9, et la plupart des petits articles passent dans la bo\u00eete aux lettres : pas besoin d\u2019\u00eatre chez toi pour la livraison.   <\/p>\n<p class=\"p1\">Notre livraison est <span class=\"s1\">rapide, fiable et discr\u00e8te<\/span>, ce qui rend plus simple que jamais l\u2019exploration des bienfaits du <span class=\"s1\">microdosage pour la concentration, la cr\u00e9ativit\u00e9 et l\u2019am\u00e9lioration de l\u2019humeur<\/span> ou l\u2019immersion dans une <span class=\"s1\">exp\u00e9rience compl\u00e8te avec des truffes<\/span>. Que tu d\u00e9butes ou que tu recherches des <span class=\"s1\">truffes tr\u00e8s puissantes comme <a href=\"https:\/\/go-microdose.com\/fr\/produit\/truffe-hollandia\/\">Hollandia<\/a>, <a href=\"https:\/\/go-microdose.com\/fr\/produit\/truffe-utopia\/\">Utopia<\/a> et <a href=\"https:\/\/go-microdose.com\/fr\/produit\/truffe-galindoi-mushrocks\/\">Galindoi<\/a><\/span>, tu peux commander en toute confiance. <\/p>\n<p class=\"p1\">Tu veux en savoir plus sur nos <span class=\"s1\">options d\u2019exp\u00e9dition, d\u00e9lais de livraison et m\u00e9thodes<\/span> ? Retrouve ci-dessous tous les d\u00e9tails sur la commande et la livraison vers le Royaume-Uni. <\/p>\n<p>[\/vc_column_text][\/vc_column][vc_column width=\u00a0\u00bb1\/2&Prime; el_class=\u00a0\u00bbs-white-box\u00a0\u00bb][vc_custom_heading text=\u00a0\u00bbSuivi de colis\u00a0\u00bb font_container=\u00a0\u00bbtag:h3|text_align:left\u00a0\u00bb use_theme_fonts=\u00a0\u00bbyes\u00a0\u00bb][vc_column_text]Utilise ton code de suivi et non ton num\u00e9ro de commande.[\/vc_column_text][vc_btn title=\u00a0\u00bbSuivi Deutsche Post\u00a0\u00bb css=\u00a0\u00bb\u00a0\u00bb link=\u00a0\u00bburl:https%3A%2F%2Fpacket.deutschepost.com%2Fpublic%2Fpacket_traceit.xhtml|target:_blank|\u00a0\u00bb][vc_btn title=\u00a0\u00bbSuivi Royal Mail\u00a0\u00bb css=\u00a0\u00bb\u00a0\u00bb link=\u00a0\u00bburl:https%3A%2F%2Fwww.royalmail.com%2Ftrack-your-item%23%2F%3Fiid%3DRM0624_NAV_BUS_REC_TRACK|target:_blank|\u00a0\u00bb][\/vc_column][\/vc_row][vc_row el_class=\u00a0\u00bbpb-80&Prime;][vc_column][vc_custom_heading text=\u00a0\u00bbplus d\u2019informations\u00a0\u00bb font_container=\u00a0\u00bbtag:div|text_align:left\u00a0\u00bb use_theme_fonts=\u00a0\u00bbyes\u00a0\u00bb el_class=\u00a0\u00bbpr-tag\u00a0\u00bb][vc_tta_accordion style=\u00a0\u00bbflat\u00a0\u00bb shape=\u00a0\u00bbsquare\u00a0\u00bb color=\u00a0\u00bbwhite\u00a0\u00bb c_icon=\u00a0\u00bb\u00a0\u00bb active_section=\u00a0\u00bb100&Prime; no_fill=\u00a0\u00bbtrue\u00a0\u00bb collapsible_all=\u00a0\u00bbtrue\u00a0\u00bb title=\u00a0\u00bbInfos livraison\u00a0\u00bb][vc_tta_section title=\u00a0\u00bbQuel est le statut juridique dans mon pays ?\u00a0\u00bb tab_id=\u00a0\u00bb1737187665466-5703fda6-be48&Prime;][vc_column_text css=\u00a0\u00bb\u00a0\u00bb]<\/p>\n<p class=\"p3\">Nous sommes ravis de t\u2019annoncer que notre <span class=\"s1\">processus d\u2019exp\u00e9dition vers le Royaume-Uni a \u00e9t\u00e9 enti\u00e8rement optimis\u00e9<\/span>, garantissant des livraisons <span class=\"s1\">rapides et fiables<\/span> avec Deutsche Post et Royal Mail. Depuis <span class=\"s1\">f\u00e9vrier 2024, nous maintenons un taux d\u2019arriv\u00e9e proche de 100 %<\/span> pour toutes les commandes, livr\u00e9es \u00e0 nos clients sans probl\u00e8me. <\/p>\n<p class=\"p1\"><strong>Statut actuel des exp\u00e9ditions vers le Royaume-Uni :<\/strong><br \/>\n\u2705 <span class=\"s1\">Efficacit\u00e9 renforc\u00e9e<\/span> \u2013 Notre logistique optimis\u00e9e avec <span class=\"s1\">Deutsche Post &amp; Royal Mail<\/span> permet un traitement plus rapide et des livraisons fluides. Chaque commande est trait\u00e9e avec soin afin d\u2019emprunter l\u2019itin\u00e9raire le plus rapide jusqu\u2019\u00e0 ta porte. <\/p>\n<p class=\"p3\">\u2705 <span class=\"s1\">Mises \u00e0 jour de suivi fiables<\/span> \u2013 Nous avons am\u00e9lior\u00e9 notre syst\u00e8me de suivi pour que tu puisses suivre ta commande <span class=\"s1\">de l\u2019exp\u00e9dition \u00e0 la livraison<\/span> avec plus de pr\u00e9cision. Reste inform\u00e9 en consultant les d\u00e9tails de suivi ici : <strong><a href=\"https:\/\/packet.deutschepost.com\/public\/packet_traceit.xhtml\" target=\"_blank\" rel=\"noopener\"><span class=\"s1\">Suivre ta commande<\/span><\/a><\/strong>. <\/p>\n<p class=\"p3\">\u2705 <span class=\"s1\">Engagement sur les d\u00e9lais<\/span> \u2013 Le paysage de la livraison \u00e9volue en permanence, mais notre <span class=\"s1\">\u00e9quipe d\u00e9di\u00e9e veille \u00e0 ce que chaque commande soit trait\u00e9e rapidement<\/span>. Nous optimisons continuellement notre processus d\u2019exp\u00e9dition afin de maintenir vitesse, efficacit\u00e9 et fiabilit\u00e9. <\/p>\n<p class=\"p1\"><b>Consid\u00e9rations juridiques<br \/>\n<\/b>Avant de passer commande, il est de ta responsabilit\u00e9 de v\u00e9rifier et de comprendre les lois et r\u00e9glementations en vigueur dans ton pays. Nous vendons une gamme de produits dont certains peuvent avoir un statut juridique diff\u00e9rent selon le lieu. Tous les produits sont vendus et exp\u00e9di\u00e9s conform\u00e9ment \u00e0 la l\u00e9gislation n\u00e9erlandaise. Cependant, les lois concernant certains ingr\u00e9dients ou types de produits peuvent varier consid\u00e9rablement d&rsquo;un pays \u00e0 l&rsquo;autre. Nous ne fournissons pas de conseils juridiques et ne pouvons garantir la mani\u00e8re dont les produits sont trait\u00e9s par les douanes ou les autorit\u00e9s locales de ta r\u00e9gion. En passant commande, tu confirmes avoir examin\u00e9 et accept\u00e9 les lois applicables dans ton pays et comprendre que tous les risques li\u00e9s \u00e0 l&rsquo;importation, au traitement douanier ou aux r\u00e9glementations locales rel\u00e8vent de ta responsabilit\u00e9.     <\/p>\n<p class=\"p1\">Pour rester inform\u00e9, consulte notre page <a href=\"https:\/\/go-microdose.com\/fr\/statut-juridique-des-truffes\/\" target=\"_blank\" rel=\"noopener\"><span class=\"s1\"><b>Statut l\u00e9gal des truffes<\/b><\/span><\/a>. Il appartient au client de comprendre les lois locales avant d\u2019acheter. <\/p>\n<p class=\"p1\"><b>Notre promesse<br \/>\n<\/b><b><\/b>Nous savons \u00e0 quel point il est important pour toi de recevoir ta commande \u00e0 temps. M\u00eame si les retards impr\u00e9vus sont rares, nous te promettons de te tenir inform\u00e9 et de prendre des mesures proactives pour r\u00e9soudre tout probl\u00e8me. Notre \u00e9quipe support est toujours l\u00e0 pour t\u2019aider \u2014 n\u2019h\u00e9site pas \u00e0 <span class=\"s1\">nous contacter pour toute question ou pr\u00e9occupation<\/span>.  <\/p>\n<p>[\/vc_column_text][\/vc_tta_section][vc_tta_section title=\u00a0\u00bbQuels produits pouvez-vous exp\u00e9dier dans mon pays ?\u00a0\u00bb tab_id=\u00a0\u00bb1737187665459-72042fcd-1c33&Prime;][vc_column_text css=\u00a0\u00bb\u00a0\u00bb]<\/p>\n<p class=\"p1\">Nous exp\u00e9dions <span class=\"s1\">tous nos produits au Royaume-Uni<\/span>, avec une livraison rapide, discr\u00e8te et fiable directement depuis Amsterdam. Que tu recherches des <span class=\"s1\">truffes magiques, des bandes de microdosage ou des kits de culture de champignons<\/span>, on s\u2019occupe de tout. Depuis <span class=\"s1\">f\u00e9vrier 2024, nous avons atteint un taux d\u2019arriv\u00e9e proche de 100 %<\/span> sur toutes les exp\u00e9ditions vers le Royaume-Uni, ce qui fait de nous une source de confiance pour des produits de haute qualit\u00e9.  <\/p>\n<p class=\"p1\">Si tu explores le <span class=\"s1\">microdosage pour la concentration, la cr\u00e9ativit\u00e9 ou l\u2019am\u00e9lioration de l\u2019humeur<\/span>, nos <span class=\"s1\">bandes de microdosage de truffes fra\u00eeches<\/span> offrent une option pratique et efficace. Pour celles et ceux qui recherchent une <span class=\"s1\">exp\u00e9rience psych\u00e9d\u00e9lique plus intense<\/span>, nous proposons des <span class=\"s1\">truffes tr\u00e8s puissantes<\/span> comme <span class=\"s1\">Hollandia, Utopia et Galindoi<\/span>. Tu veux cultiver toi-m\u00eame ? Nos <span class=\"s1\">kits de culture de champignons<\/span> te permettent de faire pousser tes propres champignons facilement \u00e0 la maison.   <\/p>\n<p class=\"p3\">Commande d\u00e8s aujourd\u2019hui et commence ton parcours avec des truffes premium et des produits de microdosage \u2014 livr\u00e9s en toute s\u00e9curit\u00e9 et discr\u00e8tement \u00e0 ton domicile au Royaume-Uni.<\/p>\n<p>[\/vc_column_text][\/vc_tta_section][vc_tta_section title=\u00a0\u00bbCombien de temps prend la livraison ?\u00a0\u00bb tab_id=\u00a0\u00bb1737188614232-01a47c52-44d4&Prime;][vc_column_text css=\u00a0\u00bb\u00a0\u00bb]<\/p>\n<p class=\"p3\"><span class=\"s1\">Nous exp\u00e9dions toutes les commandes <\/span>directement depuis Amsterdam<span class=\"s1\">, et la livraison vers le Royaume-Uni prend g\u00e9n\u00e9ralement <\/span>5 \u00e0 7 jours ouvr\u00e9s<span class=\"s1\">. Depuis  <\/span>f\u00e9vrier 2024, nous avons atteint un taux d\u2019arriv\u00e9e proche de 100 %<span class=\"s1\"> sur toutes les exp\u00e9ditions vers le Royaume-Uni.<\/span><\/p>\n<p class=\"p4\"><strong>D\u00e9lais de livraison estim\u00e9s :<\/strong><br \/>\n<span class=\"s2\">Temps de traitement<\/span> : les commandes sont g\u00e9n\u00e9ralement exp\u00e9di\u00e9es <span class=\"s2\">dans un d\u00e9lai d\u20191 jour ouvr\u00e9<\/span> apr\u00e8s confirmation du paiement.<br \/>\nTemps de transit<span class=\"s1\"> : les exp\u00e9ditions vers le Royaume-Uni prennent en moyenne <\/span>5 \u00e0 7 jours ouvr\u00e9s<span class=\"s1\"> via <\/span>Deutsche Post &amp; Royal Mail<span class=\"s1\">.<br \/>\n<\/span> <span class=\"s2\">Mises \u00e0 jour de suivi<\/span> : tu recevras un <span class=\"s2\">lien de suivi<\/span> une fois ta commande exp\u00e9di\u00e9e, ce qui te permettra de suivre son acheminement.<\/p>\n<p class=\"p5\">M\u00eame si la plupart des livraisons arrivent \u00e0 temps, des retards peuvent parfois survenir en raison du traitement douanier ou des services postaux locaux. Si ton suivi n\u2019a pas \u00e9t\u00e9 mis \u00e0 jour apr\u00e8s <span class=\"s2\">14 jours<\/span>, contacte-nous et nous t\u2019aiderons. <\/p>\n<p>[\/vc_column_text][\/vc_tta_section][vc_tta_section title=\u00a0\u00bbO\u00f9 puis-je suivre ma commande ?\u00a0\u00bb tab_id=\u00a0\u00bb1737188637035-b7eae861-e627&Prime;][vc_column_text css=\u00a0\u00bb\u00a0\u00bb]<\/p>\n<p class=\"p3\">Une fois ta commande exp\u00e9di\u00e9e, tu recevras un <span class=\"s1\">lien de suivi par e-mail<\/span>. Cela te permet de suivre le parcours de ton colis, de l\u2019exp\u00e9dition \u00e0 la livraison. <\/p>\n<p class=\"p3\">Si tu dois suivre ta commande manuellement, tu peux saisir ton code de suivi sur l\u2019un des liens suivants :<\/p>\n<p class=\"p3\"><span class=\"s1\"><b>Deutsche Post<\/b><\/span> : <a href=\"https:\/\/packet.deutschepost.com\/public\/packet_traceit.xhtml\" target=\"_blank\" rel=\"noopener\">Suis ta commande ici<\/a><br \/>\n<span class=\"s1\"><b>Royal Mail<\/b><\/span> : <a href=\"https:\/\/www.royalmail.com\/track-your-item#\/?iid=RM0624_NAV_BUS_REC_TRACK\" target=\"_blank\" rel=\"noopener\">Suis ta commande ici<\/a><\/p>\n<p class=\"p1\">Pendant les <span class=\"s1\">2 \u00e0 3 premiers jours ouvr\u00e9s<\/span> apr\u00e8s l\u2019exp\u00e9dition de ta commande, il se peut que tu ne voies aucune mise \u00e0 jour dans les informations de suivi. C\u2019est tout \u00e0 fait normal et fait partie de notre processus d\u2019exp\u00e9dition. <\/p>\n<p class=\"p1\">Toutes nos exp\u00e9ditions vers le Royaume-Uni sont d\u2019abord envoy\u00e9es <span class=\"s1\">dans un seul conteneur vers l\u2019Allemagne<\/span>. Une fois arriv\u00e9es en Allemagne, elles sont tri\u00e9es avant d\u2019\u00eatre exp\u00e9di\u00e9es vers leurs destinations finales au Royaume-Uni. <\/p>\n<p class=\"p1\">Les informations de suivi seront mises \u00e0 jour d\u00e8s que ton colis sera trait\u00e9 et exp\u00e9di\u00e9 depuis l\u2019Allemagne. Merci pour ta patience pendant cette phase initiale du processus d\u2019exp\u00e9dition. Si tu as la moindre inqui\u00e9tude, n\u2019h\u00e9site pas \u00e0 contacter notre \u00e9quipe support.  <\/p>\n<p>[\/vc_column_text][\/vc_tta_section][vc_tta_section title=\u00a0\u00bbQuels sont les frais et m\u00e9thodes d\u2019exp\u00e9dition ?\u00a0\u00bb tab_id=\u00a0\u00bb1737188651466-1dfecdda-bebe\u00a0\u00bb][vc_column_text css=\u00a0\u00bb\u00a0\u00bb]<\/p>\n<p class=\"p3\">Nous proposons une livraison fiable et <span class=\"s1\">enti\u00e8rement suivie<\/span> vers le Royaume-Uni via Deutsche Post &amp; Royal Mail. Voici les options d\u2019exp\u00e9dition disponibles : <\/p>\n<p class=\"p4\"><b>Livraison Deutsche Post standard<\/b><span class=\"s2\"> (Track &amp; Trace) \u2013 <\/span>7,89 \u00a3 (peut varier selon le taux de change)<\/p>\n<p class=\"p4\"><b>Option d\u2019exp\u00e9dition discr\u00e8te<\/b><span class=\"s2\"> \u2013 <\/span>+1,95 \u00a3<b><\/b><\/p>\n<p class=\"p3\">Tu veux plus de confidentialit\u00e9 ? S\u00e9lectionne notre option d&rsquo;exp\u00e9dition discr\u00e8te \u00e0 la caisse pour un emballage non marqu\u00e9 avec une \u00e9tiquette g\u00e9n\u00e9rique. <\/p>\n<p class=\"p1\"><b>Processus d\u2019exp\u00e9dition &amp; d\u00e9lai de livraison<br \/>\n<\/b><b><\/b>\u2022Les commandes sont <span class=\"s1\">exp\u00e9di\u00e9es depuis Amsterdam<\/span> et envoy\u00e9es en lots vers <span class=\"s1\">l\u2019Allemagne<\/span>, o\u00f9 elles sont tri\u00e9es avant de poursuivre vers le Royaume-Uni.<br \/>\n\u2022Le suivi peut mettre <span class=\"s1\">2 \u00e0 3 jours ouvr\u00e9s<\/span> \u00e0 se mettre \u00e0 jour, le temps que ton colis soit trait\u00e9 en Allemagne.<br \/>\n\u2022Une fois au Royaume-Uni, ta commande est livr\u00e9e par Deutsche Post ou <span class=\"s1\">Royal Mail<\/span> et peut \u00eatre suivie sur leur site.<\/p>\n<p class=\"p3\">Nous maintenons un taux d\u2019arriv\u00e9e proche de <span class=\"s1\">100 % vers le Royaume-Uni depuis f\u00e9vrier 2024<\/span>, garantissant un processus de livraison fluide et fiable. Si tu as des questions sur la livraison, n\u2019h\u00e9site pas \u00e0 nous contacter ! <\/p>\n<p>[\/vc_column_text][\/vc_tta_section][vc_tta_section title=\u00a0\u00bbComment puis-je payer ma commande ?\u00a0\u00bb tab_id=\u00a0\u00bb1739569614085-b2259a37-6ad1&Prime;][vc_column_text css=\u00a0\u00bb\u00a0\u00bb]<\/p>\n<p class=\"p1\">Nous proposons plusieurs moyens de paiement s\u00fbrs et pratiques pour les commandes vers le Royaume-Uni :<\/p>\n<ul>\n<li>Carte (cr\u00e9dit)<\/li>\n<li>PayPal<\/li>\n<li>Revolut<\/li>\n<li>iDEAL<\/li>\n<li>Cryptomonnaie<\/li>\n<li>Przelewy24<\/li>\n<li>Bancontact<\/li>\n<li>Virement bancaire SEPA<\/li>\n<li>Online \u00dcberweisen<\/li>\n<li><span class=\"s1\">Sofortbanking<\/span><\/li>\n<li>Virements bancaires manuels<\/li>\n<\/ul>\n<p class=\"p1\">Tous les paiements sont trait\u00e9s de mani\u00e8re s\u00e9curis\u00e9e et tes donn\u00e9es sont prot\u00e9g\u00e9es. Tu recevras une confirmation de commande d\u00e8s que ton paiement sera finalis\u00e9. <\/p>\n<p>[\/vc_column_text][\/vc_tta_section][vc_tta_section title=\u00a0\u00bbGarantie et r\u00e9clamations\u00a0\u00bb tab_id=\u00a0\u00bb1739569639087-ce3e2607-c5c5&Prime;][vc_column_text css=\u00a0\u00bb\u00a0\u00bb]<\/p>\n<p class=\"p1\">Nous apportons un grand soin \u00e0 ce que nos produits te parviennent en excellent \u00e9tat. Cependant, si tu re\u00e7ois un article endommag\u00e9 pendant le transport ou pr\u00e9sentant un autre d\u00e9faut, tu peux \u00eatre \u00e9ligible \u00e0 une demande de garantie. <\/p>\n<p class=\"p3\"><b>Demandes de garantie<br \/>\n<\/b><b><\/b>Si tu d\u00e9couvres un probl\u00e8me avec ta commande, contacte-nous dans un d\u00e9lai raisonnable \u2014 id\u00e9alement dans <span class=\"s1\">1 jour<\/span> apr\u00e8s la r\u00e9ception de ton colis. Nous \u00e9valuerons la situation et d\u00e9terminerons la meilleure solution. <\/p>\n<p class=\"p3\"><b>R\u00e9clamations<br \/>\n<\/b><b><\/b>Si quelque chose ne se passe pas comme pr\u00e9vu, nous sommes l\u00e0 pour t\u2019aider. Contacte-nous \u00e0 l\u2019adresse <span class=\"s1\">info@go-microdose.com<\/span>, et nous ferons de notre mieux pour r\u00e9soudre le probl\u00e8me. <\/p>\n<p>[\/vc_column_text][\/vc_tta_section][vc_tta_section title=\u00a0\u00bbRetours\u00a0\u00bb tab_id=\u00a0\u00bb1737188666632-9ee3fe40-4609&Prime;][vc_column_text css=\u00a0\u00bb\u00a0\u00bb]<\/p>\n<p class=\"p1\">En raison de la nature de nos produits, <span class=\"s1\"><b>les retours ne sont pas possibles<\/b><\/span>. Nos truffes et autres produits frais ont une <span class=\"s1\">dur\u00e9e de conservation limit\u00e9e d\u2019environ 2 mois<\/span>, ce qui signifie qu\u2019ils ne peuvent pas \u00eatre revendus apr\u00e8s avoir \u00e9t\u00e9 retourn\u00e9s. Cette politique garantit que tous les clients re\u00e7oivent des produits frais et de haute qualit\u00e9.  <\/p>\n<p class=\"p3\"><b>Politique d\u2019\u00e9change<br \/>\n<\/b><b><\/b>Si tu souhaites \u00e9changer un produit, contacte-nous \u00e0 l\u2019adresse <span class=\"s1\">info@go-microdose.com<\/span>. Bien que les \u00e9changes puissent \u00eatre possibles pour certains articles non p\u00e9rissables, <span class=\"s1\">les frais de retour sont \u00e0 la charge du client<\/span>. <\/p>\n<p class=\"p3\"><b>Adresse de livraison incorrecte<br \/>\n<\/b><b><\/b>Si tu as fourni une adresse de livraison incorrecte, contacte-nous d\u00e8s que possible. Nous essaierons de mettre \u00e0 jour ta commande avant son exp\u00e9dition. Cependant, une fois la commande exp\u00e9di\u00e9e, les modifications ne sont plus possibles.  <\/p>\n<p>[\/vc_column_text][\/vc_tta_section][vc_tta_section title=\u00a0\u00bbContact\u00a0\u00bb tab_id=\u00a0\u00bb1737188682135-ea9d8e7b-ed3c\u00a0\u00bb][vc_column_text css=\u00a0\u00bb\u00a0\u00bb]Nous faisons tout notre possible pour toi en tant que client. Cela signifie que tu peux facilement nous contacter.<br \/>\nSi tu as des questions \u00e0 ce sujet, tu peux nous joindre via les informations suivantes : <\/p>\n<p><strong>GO-Microdose.com<\/strong><br \/>\nE-mail : <a href=\"mailto:info@go-microdose.com\">info@go-microdose.com<\/a><br \/>\nLe nom commercial de notre entreprise est : GK Health B.V.<br \/>\nNotre nom de domaine est GO-Microdose.com<br \/>\nNotre adresse postale : Joop Geesinkweg 601, 1114AB Amsterdam<br \/>\nChambre de Commerce : 87887274<br \/>\nTVA : NL864437584B01[\/vc_column_text][\/vc_tta_section][\/vc_tta_accordion][\/vc_column][\/vc_row][vc_row el_class=\u00a0\u00bbpb-220&Prime;][vc_column width=\u00a0\u00bb1\/2&Prime;][vc_custom_heading text=\u00a0\u00bbcontact\u00a0\u00bb font_container=\u00a0\u00bbtag:div|text_align:left\u00a0\u00bb use_theme_fonts=\u00a0\u00bbyes\u00a0\u00bb el_class=\u00a0\u00bbpr-tag\u00a0\u00bb][vc_custom_heading text=\u00a0\u00bbDes questions ou des remarques ?\u00a0\u00bb use_theme_fonts=\u00a0\u00bbyes\u00a0\u00bb]\n<div class=\"wpcf7 no-js\" id=\"wpcf7-f58335-o1\" lang=\"fr-FR\" dir=\"ltr\" data-wpcf7-id=\"58335\">\n<div class=\"screen-reader-response\"><p role=\"status\" aria-live=\"polite\" aria-atomic=\"true\"><\/p> <ul><\/ul><\/div>\n<form action=\"\/fr\/wp-json\/wp\/v2\/pages\/59808#wpcf7-f58335-o1\" method=\"post\" class=\"wpcf7-form init\" aria-label=\"Formulaire de contact\" novalidate=\"novalidate\" data-status=\"init\">\n<fieldset class=\"hidden-fields-container\"><input type=\"hidden\" name=\"_wpcf7\" value=\"58335\" \/><input type=\"hidden\" name=\"_wpcf7_version\" value=\"6.1.5\" \/><input type=\"hidden\" name=\"_wpcf7_locale\" value=\"fr_FR\" \/><input type=\"hidden\" name=\"_wpcf7_unit_tag\" value=\"wpcf7-f58335-o1\" \/><input type=\"hidden\" name=\"_wpcf7_container_post\" value=\"0\" \/><input type=\"hidden\" name=\"_wpcf7_posted_data_hash\" value=\"\" \/><input type=\"hidden\" name=\"_wpcf7_recaptcha_response\" value=\"\" \/>\n<\/fieldset>\n<div class=\"contact-form\">\n\t<div class=\"form-row\">\n\t\t<p><span class=\"wpcf7-form-control-wrap\" data-name=\"Naam\"><input size=\"40\" maxlength=\"400\" class=\"wpcf7-form-control wpcf7-text form-field\" aria-invalid=\"false\" placeholder=\"Nom\" value=\"\" type=\"text\" name=\"Naam\" \/><\/span>\n\t\t<\/p>\n\t<\/div>\n\t<div class=\"form-row\">\n\t\t<p><span class=\"wpcf7-form-control-wrap\" data-name=\"Email\"><input size=\"40\" maxlength=\"400\" class=\"wpcf7-form-control wpcf7-email wpcf7-validates-as-required wpcf7-text wpcf7-validates-as-email form-field\" aria-required=\"true\" aria-invalid=\"false\" placeholder=\"E-mail\" value=\"\" type=\"email\" name=\"Email\" \/><\/span>\n\t\t<\/p>\n\t<\/div>\n\t<div class=\"form-row\">\n\t\t<p><span class=\"wpcf7-form-control-wrap\" data-name=\"your-message\"><textarea cols=\"40\" rows=\"10\" maxlength=\"2000\" class=\"wpcf7-form-control wpcf7-textarea form-field\" aria-invalid=\"false\" placeholder=\"Question ou remarque\u2026\" name=\"your-message\"><\/textarea><\/span>\n\t\t<\/p>\n\t<\/div>\n\t<div class=\"form-row checkbox\">\n\t\t<p><span class=\"wpcf7-form-control-wrap\" data-name=\"agree\"><span class=\"wpcf7-form-control wpcf7-acceptance\"><span class=\"wpcf7-list-item\"><label><input type=\"checkbox\" name=\"agree\" value=\"1\" aria-invalid=\"false\" \/><span class=\"wpcf7-list-item-label\">J\u2019accepte la <a href=\"\/privacy-policy\/\" target=\"_blank\">d\u00e9claration de confidentialit\u00e9<\/a><\/span><\/label><\/span><\/span><\/span>\n\t\t<\/p>\n\t<\/div>\n\t<div class=\"form-row\">\n\t<span class=\"wpcf7-form-control-wrap recaptcha\" data-name=\"recaptcha\"><span data-sitekey=\"6LcxYnAUAAAAAK0N-eell9CfBJrJukJ8yVIG3u5S\" class=\"wpcf7-form-control wpcf7-recaptcha g-recaptcha\"><\/span>\r\n<noscript>\r\n\t<div class=\"grecaptcha-noscript\">\r\n\t\t<iframe src=\"https:\/\/www.google.com\/recaptcha\/api\/fallback?k=6LcxYnAUAAAAAK0N-eell9CfBJrJukJ8yVIG3u5S\" frameborder=\"0\" scrolling=\"no\" width=\"310\" height=\"430\">\r\n\t\t<\/iframe>\r\n\t\t<textarea name=\"g-recaptcha-response\" rows=\"3\" cols=\"40\" placeholder=\"reCaptcha Response Here\">\r\n\t\t<\/textarea>\r\n\t<\/div>\r\n<\/noscript>\r\n<\/span>\n\t<\/div>\n\t<div class=\"form-row submit\">\n\t\t<p><button class=\"button vc_btn3-style-modern\"><input class=\"wpcf7-form-control wpcf7-submit has-spinner\" type=\"submit\" value=\"Envoyer\" \/><\/button>\n\t\t<\/p>\n\t<\/div>\n<\/div><div class=\"wpcf7-response-output\" aria-hidden=\"true\"><\/div>\n<\/form>\n<\/div>\n[\/vc_column][vc_column width=\u00a0\u00bb1\/2&Prime;][\/vc_column][\/vc_row]<\/p>\n<\/div>","protected":false},"excerpt":{"rendered":"<p>[vc_row][vc_column width=\u00a0\u00bb1\/2&Prime;][vc_btn title=\u00a0\u00bbRetour \u00e0 l\u2019aper\u00e7u de la livraison\u00a0\u00bb css=\u00a0\u00bb\u00a0\u00bb link=\u00a0\u00bburl:https%3A%2F%2Fgo-microdose.com%2Ffr%2Flivraison%2F|title:Livraison|\u00a0\u00bb el_class=\u00a0\u00bbbutton-back\u00a0\u00bb][\/vc_column][vc_column width=\u00a0\u00bb1\/2&Prime;][\/vc_column][\/vc_row][vc_row el_class=\u00a0\u00bbpb-40&Prime;][vc_column width=\u00a0\u00bb1\/2&Prime; el_class=\u00a0\u00bbpr-80&Prime;][vc_custom_heading text=\u00a0\u00bbLivraison vers le Royaume-Uni\u00a0\u00bb font_container=\u00a0\u00bbtag:h1|text_align:left\u00a0\u00bb use_theme_fonts=\u00a0\u00bbyes\u00a0\u00bb css=\u00a0\u00bb\u00a0\u00bb el_class=\u00a0\u00bbeffect-title\u00a0\u00bb][vc_custom_heading text=\u00a0\u00bbChampignons magiques, truffes, microdosage et plus encore&#8230;\u00a0\u00bb use_theme_fonts=\u00a0\u00bbyes\u00a0\u00bb el_class=\u00a0\u00bbh3&Prime;][vc_column_text css=\u00a0\u00bb\u00a0\u00bb] Oui ! Nous exp\u00e9dions nos produits au Royaume-Uni avec un taux d\u2019arriv\u00e9e proche de 100 % depuis f\u00e9vrier 2024. Tu cherches des [&hellip;]<\/p>\n","protected":false},"author":6585,"featured_media":0,"parent":57271,"menu_order":0,"comment_status":"open","ping_status":"open","template":"","meta":{"_acf_changed":false,"footnotes":""},"class_list":["post-59808","page","type-page","status-publish","hentry"],"acf":[],"_links":{"self":[{"href":"https:\/\/go-microdose.com\/fr\/wp-json\/wp\/v2\/pages\/59808","targetHints":{"allow":["GET"]}}],"collection":[{"href":"https:\/\/go-microdose.com\/fr\/wp-json\/wp\/v2\/pages"}],"about":[{"href":"https:\/\/go-microdose.com\/fr\/wp-json\/wp\/v2\/types\/page"}],"author":[{"embeddable":true,"href":"https:\/\/go-microdose.com\/fr\/wp-json\/wp\/v2\/users\/6585"}],"replies":[{"embeddable":true,"href":"https:\/\/go-microdose.com\/fr\/wp-json\/wp\/v2\/comments?post=59808"}],"version-history":[{"count":3,"href":"https:\/\/go-microdose.com\/fr\/wp-json\/wp\/v2\/pages\/59808\/revisions"}],"predecessor-version":[{"id":70195,"href":"https:\/\/go-microdose.com\/fr\/wp-json\/wp\/v2\/pages\/59808\/revisions\/70195"}],"up":[{"embeddable":true,"href":"https:\/\/go-microdose.com\/fr\/wp-json\/wp\/v2\/pages\/57271"}],"wp:attachment":[{"href":"https:\/\/go-microdose.com\/fr\/wp-json\/wp\/v2\/media?parent=59808"}],"curies":[{"name":"wp","href":"https:\/\/api.w.org\/{rel}","templated":true}]}}