{"id":59877,"date":"2026-03-25T13:36:07","date_gmt":"2026-03-25T12:36:07","guid":{"rendered":"https:\/\/go-microdose.com\/livraison\/suede\/"},"modified":"2026-03-25T13:37:47","modified_gmt":"2026-03-25T12:37:47","slug":"suede","status":"publish","type":"page","link":"https:\/\/go-microdose.com\/fr\/livraison\/suede\/","title":{"rendered":"Su\u00e8de"},"content":{"rendered":"<div class=\"wpb-content-wrapper\"><p>[vc_row][vc_column width=\u00a0\u00bb1\/2&Prime;][vc_btn title=\u00a0\u00bbRetour \u00e0 l&apos;aper\u00e7u des exp\u00e9ditions\u00a0\u00bb css=\u00a0\u00bb\u00a0\u00bb link=\u00a0\u00bburl:https%3A%2F%2Fgo-microdose.com%2Ffr%2Flivraison%2F|title:Shipping|\u00a0\u00bb el_class=\u00a0\u00bbbutton-back\u00a0\u00bb][\/vc_column][vc_column width=\u00a0\u00bb1\/2&Prime;][\/vc_column][\/vc_row][vc_row el_class=\u00a0\u00bbpb-40&Prime;][vc_column width=\u00a0\u00bb1\/2&Prime; el_class=\u00a0\u00bbpr-80&Prime;][vc_custom_heading text=\u00a0\u00bbExp\u00e9dition vers la Su\u00e8de\u00a0\u00bb font_container=\u00a0\u00bbtag:h1|text_align:left\u00a0\u00bb use_theme_fonts=\u00a0\u00bbyes\u00a0\u00bb css=\u00a0\u00bb\u00a0\u00bb el_class=\u00a0\u00bbeffect-title\u00a0\u00bb][vc_custom_heading text=\u00a0\u00bbChampignons magiques, truffes, microdosage et plus encore&#8230;\u00a0\u00bb use_theme_fonts=\u00a0\u00bbyes\u00a0\u00bb el_class=\u00a0\u00bbh3&Prime;][vc_column_text css=\u00a0\u00bb\u00a0\u00bb]<\/p>\n<p class=\"p1\">Oui ! Nous exp\u00e9dions tous nos produits en Su\u00e8de ! <\/p>\n<p class=\"p3\">Toutes les <span class=\"s1\">truffes, les bandelettes de microdosage et les kits de culture<\/span> sont exp\u00e9di\u00e9s d&rsquo;Amsterdam et arrivent en <span class=\"s1\">5 \u00e0 7 jours ouvrables<\/span>. La plupart des commandes passent par la bo\u00eete aux lettres, tu n&rsquo;as donc <span class=\"s1\">pas besoin d&rsquo;\u00eatre chez toi<\/span> pour les recevoir. Les articles plus volumineux, comme les kits de culture, peuvent n\u00e9cessiter une livraison de colis standard.  <\/p>\n<p class=\"p3\">Notre <span class=\"s1\">exp\u00e9dition est rapide, discr\u00e8te et fiable<\/span>. Nous exp\u00e9dions avec succ\u00e8s en Su\u00e8de depuis des ann\u00e9es, garantissant des livraisons <span class=\"s1\">s\u00fbres et fra\u00eeches<\/span>. Que tu fasses du <span class=\"s1\">microdosage pour la concentration<\/span> ou que tu planifies une <span class=\"s1\">exp\u00e9rience psych\u00e9d\u00e9lique<\/span>, nous avons ce qu&rsquo;il te faut.  <\/p>\n<p class=\"p4\"><span class=\"s2\">Nos produits sont<\/span> l\u00e9galement exp\u00e9di\u00e9s au sein de l&rsquo;UE <span class=\"s2\">selon le principe de<\/span> reconnaissance mutuelle des marchandises<span class=\"s2\">.<\/span> Plus de d\u00e9tails \u00e0 ce sujet peuvent \u00eatre trouv\u00e9s ci-dessous dans <span class=\"s1\">\u00ab Quel est le statut juridique dans mon pays ? \u00bb<\/span><\/p>\n<p class=\"p4\"><span class=\"s2\">D\u00e9couvre les<\/span> options d&rsquo;exp\u00e9dition, les d\u00e9lais de livraison et les d\u00e9tails <span class=\"s2\">ci-dessous !<\/span><\/p>\n<p>[\/vc_column_text][\/vc_column][vc_column width=\u00a0\u00bb1\/2&Prime; el_class=\u00a0\u00bbs-white-box\u00a0\u00bb][vc_custom_heading text=\u00a0\u00bbSuivi et tra\u00e7abilit\u00e9\u00a0\u00bb font_container=\u00a0\u00bbtag:h3|text_align:left\u00a0\u00bb use_theme_fonts=\u00a0\u00bbyes\u00a0\u00bb][vc_column_text]Utilise ton code de suivi et non ton num\u00e9ro de commande.[\/vc_column_text][vc_btn title=\u00a0\u00bbSuivi PostNL\u00a0\u00bb css=\u00a0\u00bb\u00a0\u00bb link=\u00a0\u00bburl:https%3A%2F%2Ftracking.postnl.nl%2Ftrack-and-trace%2F|target:_blank|\u00a0\u00bb][vc_btn title=\u00a0\u00bbSuivi DHL\u00a0\u00bb css=\u00a0\u00bb\u00a0\u00bb link=\u00a0\u00bburl:https%3A%2F%2Fwww.dhl.com%2Fnl-nl%2Fhome%2Ftraceren.html|target:_blank|\u00a0\u00bb][vc_btn title=\u00a0\u00bbSuivi PostNord\u00a0\u00bb css=\u00a0\u00bb\u00a0\u00bb link=\u00a0\u00bburl:https%3A%2F%2Fwww.postnord.se%2Fen%2Four-tools%2Ftrack-and-trace%2F|target:_blank|\u00a0\u00bb][\/vc_column][\/vc_row][vc_row el_class=\u00a0\u00bbpb-80&Prime;][vc_column][vc_custom_heading text=\u00a0\u00bbplus d&apos;informations\u00a0\u00bb font_container=\u00a0\u00bbtag:div|text_align:left\u00a0\u00bb use_theme_fonts=\u00a0\u00bbyes\u00a0\u00bb el_class=\u00a0\u00bbpr-tag\u00a0\u00bb][vc_tta_accordion style=\u00a0\u00bbflat\u00a0\u00bb shape=\u00a0\u00bbsquare\u00a0\u00bb color=\u00a0\u00bbwhite\u00a0\u00bb c_icon=\u00a0\u00bb\u00a0\u00bb active_section=\u00a0\u00bb100&Prime; no_fill=\u00a0\u00bbtrue\u00a0\u00bb collapsible_all=\u00a0\u00bbtrue\u00a0\u00bb title=\u00a0\u00bbInformations sur l&apos;exp\u00e9dition\u00a0\u00bb][vc_tta_section title=\u00a0\u00bbQuel est le statut juridique dans mon pays ?\u00a0\u00bb tab_id=\u00a0\u00bb1737187665466-5703fda6-be48&Prime;][vc_column_text css=\u00a0\u00bb\u00a0\u00bb]<\/p>\n<p class=\"p1\">Tous nos produits, y compris les <span class=\"s1\">truffes magiques, les bandelettes de microdosage et les kits de culture de champignons<\/span>, sont <span class=\"s1\">l\u00e9galement exp\u00e9di\u00e9s en Su\u00e8de<\/span> en vertu du <span class=\"s1\">droit de l&rsquo;UE<\/span>. Selon le <span class=\"s1\">principe de reconnaissance mutuelle des marchandises<\/span>, tout produit l\u00e9galement vendu dans un pays de l&rsquo;UE peut \u00eatre exp\u00e9di\u00e9 et vendu dans un autre pays de l&rsquo;UE. \u00c9tant donn\u00e9 que les <span class=\"s1\">truffes magiques sont enti\u00e8rement l\u00e9gales aux Pays-Bas<\/span>, nous pouvons l\u00e9galement les exp\u00e9dier en Su\u00e8de.  <\/p>\n<p class=\"p1\">Tu peux en savoir plus sur ce principe sur le site officiel de la <span class=\"s1\">Commission europ\u00e9enne<\/span> :<\/p>\n<p class=\"p1\">  <a href=\"https:\/\/single-market-economy.ec.europa.eu\/single-market\/goods\/free-movement-sectors\/mutual-recognition-goods_en\" target=\"_blank\" rel=\"noopener\">Reconnaissance mutuelle des marchandises \u2013 Commission europ\u00e9enne<\/a><\/p>\n<p class=\"p1\">Pour une explication d\u00e9taill\u00e9e du cadre juridique, des risques potentiels et des d\u00e9tails importants, visite la page ci-dessous :<\/p>\n<p class=\"p1\">  <a href=\"https:\/\/go-microdose.com\/legal-status-of-truffles\/\" target=\"_blank\" rel=\"noopener\">Statut juridique<\/a><\/p>\n<p>[\/vc_column_text][\/vc_tta_section][vc_tta_section title=\u00a0\u00bbQuels produits pouvez-vous exp\u00e9dier dans mon pays ?\u00a0\u00bb tab_id=\u00a0\u00bb1737187665459-72042fcd-1c33&Prime;][vc_column_text css=\u00a0\u00bb\u00a0\u00bb]<\/p>\n<p class=\"p1\">Nous exp\u00e9dions tous nos produits en Su\u00e8de, directement depuis nos locaux \u00e0 Amsterdam. Que tu recherches des <span class=\"s1\">truffes magiques, des bandelettes de microdosage ou des kits de culture de champignons<\/span>, nous avons ce qu&rsquo;il te faut. Notre gamme compl\u00e8te est disponible pour une <span class=\"s1\">livraison rapide et discr\u00e8te<\/span>, arrivant dans un d\u00e9lai de <span class=\"s1\">5 \u00e0 7 jours ouvrables<\/span>.  <\/p>\n<p class=\"p1\">Si tu es int\u00e9ress\u00e9 par le <span class=\"s1\">microdosage<\/span> pour am\u00e9liorer la concentration, la cr\u00e9ativit\u00e9 et l&rsquo;humeur, nos <span class=\"s1\">bandelettes de microdosage de truffes fra\u00eeches<\/span> sont une excellente option. Pour ceux qui recherchent une <span class=\"s1\">exp\u00e9rience psych\u00e9d\u00e9lique plus profonde<\/span>, nous proposons des truffes magiques \u00e0 forte puissance telles que <span class=\"s1\">Hollandia, Utopia et Galindoi<\/span>. Tu veux <span class=\"s1\">cultiver tes propres champignons<\/span> ? Nos <span class=\"s1\">kits de culture de champignons<\/span> offrent un moyen facile et <span class=\"s1\">l\u00e9gal<\/span> de cultiver \u00e0 la maison.   <\/p>\n<p class=\"p3\"><span class=\"s2\">\u2714 <\/span>Exp\u00e9dition rapide, fiable et discr\u00e8te<br \/>\n<span class=\"s2\">\u2714 <\/span>Emballage s\u00fbr pour pr\u00e9server la fra\u00eecheur<br \/>\n<span class=\"s2\">\u2714 <\/span>Pas besoin d&rsquo;\u00eatre chez toi pour les petites commandes<\/p>\n<p class=\"p3\">Commande aujourd&rsquo;hui et commence ton voyage avec des truffes et des produits de microdosage de haute qualit\u00e9 !<\/p>\n<p>[\/vc_column_text][\/vc_tta_section][vc_tta_section title=\u00a0\u00bbCombien de temps prend l&apos;exp\u00e9dition ?\u00a0\u00bb tab_id=\u00a0\u00bb1737188614232-01a47c52-44d4&Prime;][vc_column_text css=\u00a0\u00bb\u00a0\u00bb]<\/p>\n<p class=\"p1\">Nous exp\u00e9dions toutes les commandes en Su\u00e8de directement depuis Amsterdam, avec un d\u00e9lai de livraison estim\u00e9 \u00e0 5-7 jours ouvrables.<\/p>\n<p>[\/vc_column_text][\/vc_tta_section][vc_tta_section title=\u00a0\u00bbO\u00f9 puis-je suivre ma commande ?\u00a0\u00bb tab_id=\u00a0\u00bb1737188637035-b7eae861-e627&Prime;][vc_column_text css=\u00a0\u00bb\u00a0\u00bb]<\/p>\n<p class=\"p1\">Une fois ta commande exp\u00e9di\u00e9e, tu recevras un <span class=\"s1\">lien de suivi<\/span> par e-mail. Tu peux utiliser ce lien pour suivre le parcours de ton colis. <\/p>\n<p class=\"p1\">Si tu dois suivre ta commande manuellement, utilise l&rsquo;un des liens suivants et saisis ton code de suivi :<br \/>\n <span class=\"s1\"><b>PostNL<\/b><\/span> : <a href=\"https:\/\/tracking.postnl.nl\/track-and-trace\/\" target=\"_blank\" rel=\"noopener\">Suis ta commande ici<\/a><br \/>\n <span class=\"s1\"><b>DHL<\/b><\/span> : <a href=\"https:\/\/www.dhl.com\/nl-nl\/home\/traceren.html\" target=\"_blank\" rel=\"noopener\">Suis ta commande ici<\/a><br \/>\n <span class=\"s1\"><b>PostNord<\/b><\/span> : <a href=\"https:\/\/www.postnord.se\/en\/our-tools\/track-and-trace\/\" target=\"_blank\" rel=\"noopener\">Suis ta commande ici<\/a><\/p>\n<p class=\"p1\">Si tu rencontres des probl\u00e8mes de suivi, accorde un peu de temps pour les mises \u00e0 jour ou contacte directement le transporteur.<\/p>\n<p>[\/vc_column_text][\/vc_tta_section][vc_tta_section title=\u00a0\u00bbQuels sont les frais et les m\u00e9thodes d&apos;exp\u00e9dition ?\u00a0\u00bb tab_id=\u00a0\u00bb1737188651466-1dfecdda-bebe\u00a0\u00bb][vc_column_text css=\u00a0\u00bb\u00a0\u00bb]<\/p>\n<p class=\"p3\">Nous proposons plusieurs options d&rsquo;exp\u00e9dition aux Pays-Bas pour garantir une livraison rapide et fiable. Choisis la m\u00e9thode qui correspond le mieux \u00e0 tes besoins : <\/p>\n<p class=\"p4\"><span class=\"s1\">  <\/span>Colis bo\u00eete aux lettres (Suivi et tra\u00e7abilit\u00e9) :<span class=\"s1\"> 8,99 \u20ac<br \/>\n<\/span><span class=\"s1\"> <\/span>Colis recommand\u00e9 (Suivi + Signature requise) :<span class=\"s1\"> 15 \u20ac<br \/>\n<\/span><span class=\"s1\"> <\/span>Colis DHL (Suivi et tra\u00e7abilit\u00e9) :<span class=\"s1\"> 29 \u20ac<\/span><\/p>\n<p class=\"p4\"><span class=\"s1\">  <\/span>Option d&rsquo;exp\u00e9dition discr\u00e8te :<span class=\"s1\"> +1,95 \u20ac<br \/>\n<\/span>Tu veux plus d&rsquo;intimit\u00e9 ? S\u00e9lectionne notre option d&rsquo;exp\u00e9dition discr\u00e8te au moment du paiement pour un emballage non marqu\u00e9 avec une \u00e9tiquette g\u00e9n\u00e9rique. <\/p>\n<p class=\"p3\">Toutes les commandes sont exp\u00e9di\u00e9es depuis <span class=\"s2\">Amsterdam<\/span> et arrivent g\u00e9n\u00e9ralement <span class=\"s2\">dans les 1 \u00e0 2 jours ouvrables<\/span>. Tes d\u00e9tails de suivi te seront fournis une fois ta commande exp\u00e9di\u00e9e. <\/p>\n<p>[\/vc_column_text][\/vc_tta_section][vc_tta_section title=\u00a0\u00bbComment puis-je payer ma commande ?\u00a0\u00bb tab_id=\u00a0\u00bb1739569614085-b2259a37-6ad1&Prime;][vc_column_text css=\u00a0\u00bb\u00a0\u00bb]<\/p>\n<p class=\"p1\">Nous proposons une vari\u00e9t\u00e9 de m\u00e9thodes de paiement s\u00e9curis\u00e9es et pratiques pour les commandes en Su\u00e8de :<\/p>\n<ul>\n<li>Carte (de cr\u00e9dit)<\/li>\n<li>PayPal<\/li>\n<li>Revolut<\/li>\n<li>iDEAL<\/li>\n<li>Cryptomonnaie<\/li>\n<li>Przelewy24<\/li>\n<li>Bancontact<\/li>\n<li>Virement bancaire SEPA<\/li>\n<li>Online \u00dcberweisen<\/li>\n<li><span class=\"s1\">Sofortbanking<\/span><\/li>\n<li>Virements bancaires manuels<\/li>\n<\/ul>\n<p class=\"p1\">Tous les paiements sont trait\u00e9s en toute s\u00e9curit\u00e9 et tes donn\u00e9es sont prot\u00e9g\u00e9es. Tu recevras une confirmation de commande d\u00e8s que ton paiement sera effectu\u00e9. <\/p>\n<p>[\/vc_column_text][\/vc_tta_section][vc_tta_section title=\u00a0\u00bbGarantie et r\u00e9clamations\u00a0\u00bb tab_id=\u00a0\u00bb1739569639087-ce3e2607-c5c5&Prime;][vc_column_text css=\u00a0\u00bb\u00a0\u00bb]<\/p>\n<p class=\"p1\">Nous veillons \u00e0 ce que nos produits te parviennent en parfait \u00e9tat. Cependant, si tu re\u00e7ois un article endommag\u00e9 pendant le transport ou pr\u00e9sentant un autre d\u00e9faut, tu pourrais \u00eatre \u00e9ligible \u00e0 une r\u00e9clamation au titre de la garantie. <\/p>\n<p class=\"p3\"><b>R\u00e9clamations au titre de la garantie<br \/>\n<\/b><b><\/b>Si tu d\u00e9couvres un probl\u00e8me avec ta commande, contacte-nous dans un d\u00e9lai raisonnable \u2014 id\u00e9alement dans les <span class=\"s1\">1 jour<\/span> suivant la r\u00e9ception de ton colis. Nous \u00e9valuerons la situation et d\u00e9terminerons la meilleure solution. <\/p>\n<p class=\"p3\"><b>R\u00e9clamations<br \/>\n<\/b><b><\/b>Si quelque chose ne se passe pas comme pr\u00e9vu, nous sommes l\u00e0 pour t&rsquo;aider. Contacte-nous \u00e0 <span class=\"s1\">info@go-microdose.com<\/span>, et nous ferons de notre mieux pour r\u00e9soudre le probl\u00e8me. <\/p>\n<p>[\/vc_column_text][\/vc_tta_section][vc_tta_section title=\u00a0\u00bbRetours\u00a0\u00bb tab_id=\u00a0\u00bb1737188666632-9ee3fe40-4609&Prime;][vc_column_text css=\u00a0\u00bb\u00a0\u00bb]<\/p>\n<p class=\"p1\">En raison de la nature de nos produits, les <span class=\"s1\"><b>retours ne sont pas possibles<\/b><\/span>. Nos truffes et autres produits frais ont une <span class=\"s1\">dur\u00e9e de conservation limit\u00e9e d&rsquo;environ 2 mois<\/span>, ce qui signifie qu&rsquo;ils ne peuvent pas \u00eatre revendus apr\u00e8s avoir \u00e9t\u00e9 retourn\u00e9s. Cette politique garantit que tous les clients re\u00e7oivent des produits frais et de haute qualit\u00e9.  <\/p>\n<p class=\"p3\"><b>Politique d&rsquo;\u00e9change<br \/>\n<\/b><b><\/b>Si tu souhaites \u00e9changer un produit, contacte-nous \u00e0 <span class=\"s1\">info@go-microdose.com<\/span>. Bien que les \u00e9changes puissent \u00eatre possibles pour certains articles non p\u00e9rissables, les <span class=\"s1\">frais de retour sont \u00e0 la charge du client<\/span>. <\/p>\n<p class=\"p3\"><b>Adresse de livraison incorrecte<br \/>\n<\/b><b><\/b>Si tu as fourni une adresse de livraison incorrecte, contacte-nous d\u00e8s que possible. Nous essaierons de mettre \u00e0 jour ta commande avant qu&rsquo;elle ne soit exp\u00e9di\u00e9e. Cependant, une fois la commande exp\u00e9di\u00e9e, les modifications ne sont plus possibles.  <\/p>\n<p>[\/vc_column_text][\/vc_tta_section][vc_tta_section title=\u00a0\u00bbContact\u00a0\u00bb tab_id=\u00a0\u00bb1737188682135-ea9d8e7b-ed3c\u00a0\u00bb][vc_column_text css=\u00a0\u00bb\u00a0\u00bb]Nous faisons de notre mieux pour toi en tant que client. Cela signifie que tu peux facilement nous contacter.<br \/>\nSi tu as des questions \u00e0 ce sujet, tu peux nous joindre en utilisant les informations suivantes : <\/p>\n<p><strong>GO-Microdose.com<\/strong><br \/>\nE-mail : <a href=\"mailto:info@go-microdose.com\">info@go-microdose.com<\/a><br \/>\nLe nom commercial de notre entreprise est : GK Health B.V.<br \/>\nNotre nom de domaine est GO-Microdose.com<br \/>\nNotre adresse postale : Joop Geesinkweg 601, 1114AB Amsterdam<br \/>\nChambre de commerce : 87887274<br \/>\nTVA : NL864437584B01[\/vc_column_text][\/vc_tta_section][\/vc_tta_accordion][\/vc_column][\/vc_row][vc_row el_class=\u00a0\u00bbpb-220&Prime;][vc_column width=\u00a0\u00bb1\/2&Prime;][vc_custom_heading text=\u00a0\u00bbcontact\u00a0\u00bb font_container=\u00a0\u00bbtag:div|text_align:left\u00a0\u00bb use_theme_fonts=\u00a0\u00bbyes\u00a0\u00bb el_class=\u00a0\u00bbpr-tag\u00a0\u00bb][vc_custom_heading text=\u00a0\u00bbDes questions ou des remarques ?\u00a0\u00bb use_theme_fonts=\u00a0\u00bbyes\u00a0\u00bb]\n<div class=\"wpcf7 no-js\" id=\"wpcf7-f58335-o1\" lang=\"fr-FR\" dir=\"ltr\" data-wpcf7-id=\"58335\">\n<div class=\"screen-reader-response\"><p role=\"status\" aria-live=\"polite\" aria-atomic=\"true\"><\/p> <ul><\/ul><\/div>\n<form action=\"\/fr\/wp-json\/wp\/v2\/pages\/59877#wpcf7-f58335-o1\" method=\"post\" class=\"wpcf7-form init\" aria-label=\"Formulaire de contact\" novalidate=\"novalidate\" data-status=\"init\">\n<fieldset class=\"hidden-fields-container\"><input type=\"hidden\" name=\"_wpcf7\" value=\"58335\" \/><input type=\"hidden\" name=\"_wpcf7_version\" value=\"6.1.5\" \/><input type=\"hidden\" name=\"_wpcf7_locale\" value=\"fr_FR\" \/><input type=\"hidden\" name=\"_wpcf7_unit_tag\" value=\"wpcf7-f58335-o1\" \/><input type=\"hidden\" name=\"_wpcf7_container_post\" value=\"0\" \/><input type=\"hidden\" name=\"_wpcf7_posted_data_hash\" value=\"\" \/><input type=\"hidden\" name=\"_wpcf7_recaptcha_response\" value=\"\" \/>\n<\/fieldset>\n<div class=\"contact-form\">\n\t<div class=\"form-row\">\n\t\t<p><span class=\"wpcf7-form-control-wrap\" data-name=\"Naam\"><input size=\"40\" maxlength=\"400\" class=\"wpcf7-form-control wpcf7-text form-field\" aria-invalid=\"false\" placeholder=\"Nom\" value=\"\" type=\"text\" name=\"Naam\" \/><\/span>\n\t\t<\/p>\n\t<\/div>\n\t<div class=\"form-row\">\n\t\t<p><span class=\"wpcf7-form-control-wrap\" data-name=\"Email\"><input size=\"40\" maxlength=\"400\" class=\"wpcf7-form-control wpcf7-email wpcf7-validates-as-required wpcf7-text wpcf7-validates-as-email form-field\" aria-required=\"true\" aria-invalid=\"false\" placeholder=\"E-mail\" value=\"\" type=\"email\" name=\"Email\" \/><\/span>\n\t\t<\/p>\n\t<\/div>\n\t<div class=\"form-row\">\n\t\t<p><span class=\"wpcf7-form-control-wrap\" data-name=\"your-message\"><textarea cols=\"40\" rows=\"10\" maxlength=\"2000\" class=\"wpcf7-form-control wpcf7-textarea form-field\" aria-invalid=\"false\" placeholder=\"Question ou remarque\u2026\" name=\"your-message\"><\/textarea><\/span>\n\t\t<\/p>\n\t<\/div>\n\t<div class=\"form-row checkbox\">\n\t\t<p><span class=\"wpcf7-form-control-wrap\" data-name=\"agree\"><span class=\"wpcf7-form-control wpcf7-acceptance\"><span class=\"wpcf7-list-item\"><label><input type=\"checkbox\" name=\"agree\" value=\"1\" aria-invalid=\"false\" \/><span class=\"wpcf7-list-item-label\">J\u2019accepte la <a href=\"\/privacy-policy\/\" target=\"_blank\">d\u00e9claration de confidentialit\u00e9<\/a><\/span><\/label><\/span><\/span><\/span>\n\t\t<\/p>\n\t<\/div>\n\t<div class=\"form-row\">\n\t<span class=\"wpcf7-form-control-wrap recaptcha\" data-name=\"recaptcha\"><span data-sitekey=\"6LcxYnAUAAAAAK0N-eell9CfBJrJukJ8yVIG3u5S\" class=\"wpcf7-form-control wpcf7-recaptcha g-recaptcha\"><\/span>\r\n<noscript>\r\n\t<div class=\"grecaptcha-noscript\">\r\n\t\t<iframe src=\"https:\/\/www.google.com\/recaptcha\/api\/fallback?k=6LcxYnAUAAAAAK0N-eell9CfBJrJukJ8yVIG3u5S\" frameborder=\"0\" scrolling=\"no\" width=\"310\" height=\"430\">\r\n\t\t<\/iframe>\r\n\t\t<textarea name=\"g-recaptcha-response\" rows=\"3\" cols=\"40\" placeholder=\"reCaptcha Response Here\">\r\n\t\t<\/textarea>\r\n\t<\/div>\r\n<\/noscript>\r\n<\/span>\n\t<\/div>\n\t<div class=\"form-row submit\">\n\t\t<p><button class=\"button vc_btn3-style-modern\"><input class=\"wpcf7-form-control wpcf7-submit has-spinner\" type=\"submit\" value=\"Envoyer\" \/><\/button>\n\t\t<\/p>\n\t<\/div>\n<\/div><div class=\"wpcf7-response-output\" aria-hidden=\"true\"><\/div>\n<\/form>\n<\/div>\n[\/vc_column][vc_column width=\u00a0\u00bb1\/2&Prime;][\/vc_column][\/vc_row]<\/p>\n<\/div>","protected":false},"excerpt":{"rendered":"<p>[vc_row][vc_column width=\u00a0\u00bb1\/2&Prime;][vc_btn title=\u00a0\u00bbRetour \u00e0 l&apos;aper\u00e7u des exp\u00e9ditions\u00a0\u00bb css=\u00a0\u00bb\u00a0\u00bb link=\u00a0\u00bburl:https%3A%2F%2Fgo-microdose.com%2Ffr%2Flivraison%2F|title:Shipping|\u00a0\u00bb el_class=\u00a0\u00bbbutton-back\u00a0\u00bb][\/vc_column][vc_column width=\u00a0\u00bb1\/2&Prime;][\/vc_column][\/vc_row][vc_row el_class=\u00a0\u00bbpb-40&Prime;][vc_column width=\u00a0\u00bb1\/2&Prime; el_class=\u00a0\u00bbpr-80&Prime;][vc_custom_heading text=\u00a0\u00bbExp\u00e9dition vers la Su\u00e8de\u00a0\u00bb font_container=\u00a0\u00bbtag:h1|text_align:left\u00a0\u00bb use_theme_fonts=\u00a0\u00bbyes\u00a0\u00bb css=\u00a0\u00bb\u00a0\u00bb el_class=\u00a0\u00bbeffect-title\u00a0\u00bb][vc_custom_heading text=\u00a0\u00bbChampignons magiques, truffes, microdosage et plus encore&#8230;\u00a0\u00bb use_theme_fonts=\u00a0\u00bbyes\u00a0\u00bb el_class=\u00a0\u00bbh3&Prime;][vc_column_text css=\u00a0\u00bb\u00a0\u00bb] Oui ! Nous exp\u00e9dions tous nos produits en Su\u00e8de ! Toutes les truffes, les bandelettes de microdosage et les kits de culture sont [&hellip;]<\/p>\n","protected":false},"author":5548,"featured_media":0,"parent":57271,"menu_order":0,"comment_status":"open","ping_status":"open","template":"","meta":{"_acf_changed":false,"footnotes":""},"class_list":["post-59877","page","type-page","status-publish","hentry"],"acf":[],"_links":{"self":[{"href":"https:\/\/go-microdose.com\/fr\/wp-json\/wp\/v2\/pages\/59877","targetHints":{"allow":["GET"]}}],"collection":[{"href":"https:\/\/go-microdose.com\/fr\/wp-json\/wp\/v2\/pages"}],"about":[{"href":"https:\/\/go-microdose.com\/fr\/wp-json\/wp\/v2\/types\/page"}],"author":[{"embeddable":true,"href":"https:\/\/go-microdose.com\/fr\/wp-json\/wp\/v2\/users\/5548"}],"replies":[{"embeddable":true,"href":"https:\/\/go-microdose.com\/fr\/wp-json\/wp\/v2\/comments?post=59877"}],"version-history":[{"count":0,"href":"https:\/\/go-microdose.com\/fr\/wp-json\/wp\/v2\/pages\/59877\/revisions"}],"up":[{"embeddable":true,"href":"https:\/\/go-microdose.com\/fr\/wp-json\/wp\/v2\/pages\/57271"}],"wp:attachment":[{"href":"https:\/\/go-microdose.com\/fr\/wp-json\/wp\/v2\/media?parent=59877"}],"curies":[{"name":"wp","href":"https:\/\/api.w.org\/{rel}","templated":true}]}}