{"id":59878,"date":"2026-03-25T13:36:07","date_gmt":"2026-03-25T12:36:07","guid":{"rendered":"https:\/\/go-microdose.com\/livraison\/suisse\/"},"modified":"2026-03-25T13:37:47","modified_gmt":"2026-03-25T12:37:47","slug":"suisse","status":"publish","type":"page","link":"https:\/\/go-microdose.com\/fr\/livraison\/suisse\/","title":{"rendered":"Suisse"},"content":{"rendered":"<div class=\"wpb-content-wrapper\"><p>[vc_row][vc_column width=\u00a0\u00bb1\/2&Prime;][vc_btn title=\u00a0\u00bbRetour \u00e0 l\u2019aper\u00e7u de la livraison\u00a0\u00bb css=\u00a0\u00bb\u00a0\u00bb link=\u00a0\u00bburl:https%3A%2F%2Fgo-microdose.com%2Ffr%2Flivraison%2F|title:Shipping|\u00a0\u00bb el_class=\u00a0\u00bbbutton-back\u00a0\u00bb][\/vc_column][vc_column width=\u00a0\u00bb1\/2&Prime;][\/vc_column][\/vc_row][vc_row el_class=\u00a0\u00bbpb-40&Prime;][vc_column width=\u00a0\u00bb1\/2&Prime; el_class=\u00a0\u00bbpr-80&Prime;][vc_custom_heading text=\u00a0\u00bbLivraison en Suisse\u00a0\u00bb font_container=\u00a0\u00bbtag:h1|text_align:left\u00a0\u00bb use_theme_fonts=\u00a0\u00bbyes\u00a0\u00bb css=\u00a0\u00bb\u00a0\u00bb el_class=\u00a0\u00bbeffect-title\u00a0\u00bb][vc_custom_heading text=\u00a0\u00bbChampignons magiques, truffes, microdosage et plus encore&#8230;\u00a0\u00bb use_theme_fonts=\u00a0\u00bbyes\u00a0\u00bb el_class=\u00a0\u00bbh3&Prime;][vc_column_text css=\u00a0\u00bb\u00a0\u00bb]<\/p>\n<p class=\"p3\">Oui ! Nous exp\u00e9dions tous nos produits en <span class=\"s1\">Suisse<\/span> avec une livraison rapide, discr\u00e8te et fiable. <\/p>\n<p class=\"p3\">Toutes les <span class=\"s1\">truffes magiques, plaquettes de microdosage et kits de culture<\/span> sont exp\u00e9di\u00e9s directement d\u2019<span class=\"s1\">Amsterdam<\/span> et arrivent g\u00e9n\u00e9ralement sous <span class=\"s1\">5 \u00e0 10 jours ouvrables<\/span>. Nous apportons un soin particulier \u00e0 ce que ta commande soit emball\u00e9e de mani\u00e8re s\u00e9curis\u00e9e et discr\u00e8te, afin de minimiser les risques de probl\u00e8mes de douane. <\/p>\n<p class=\"p3\">La plupart des petits produits, comme les <span class=\"s1\">plaquettes de microdosage et les truffes<\/span>, passent par la bo\u00eete aux lettres, tu <span class=\"s1\">n\u2019as donc pas besoin d\u2019\u00eatre chez toi pour la livraison<\/span>. Les articles plus volumineux, comme les <span class=\"s1\">kits de culture de champignons<\/span>, sont envoy\u00e9s sous forme de colis suivis standard. <\/p>\n<p class=\"p3\">Que tu cherches \u00e0 <span class=\"s1\">am\u00e9liorer ta concentration, stimuler ta cr\u00e9ativit\u00e9 ou explorer un voyage psyched\u00e9lique plus profond<\/span>, nous fournissons des truffes et des produits de microdosage de la plus haute qualit\u00e9 pour tes besoins.<\/p>\n<p class=\"p3\">Tu veux en savoir plus sur les d\u00e9lais de livraison, le suivi et les m\u00e9thodes d\u2019exp\u00e9dition ? Consulte les d\u00e9tails ci-dessous concernant la commande et l\u2019exp\u00e9dition vers la <span class=\"s1\">Suisse<\/span>. <\/p>\n<p>[\/vc_column_text][\/vc_column][vc_column width=\u00a0\u00bb1\/2&Prime; el_class=\u00a0\u00bbs-white-box\u00a0\u00bb][vc_custom_heading text=\u00a0\u00bbSuivi de colis\u00a0\u00bb font_container=\u00a0\u00bbtag:h3|text_align:left\u00a0\u00bb use_theme_fonts=\u00a0\u00bbyes\u00a0\u00bb][vc_column_text]Utilise ton code de suivi et non ton num\u00e9ro de commande.[\/vc_column_text][vc_btn title=\u00a0\u00bbSuivi PostNL\u00a0\u00bb css=\u00a0\u00bb\u00a0\u00bb link=\u00a0\u00bburl:https%3A%2F%2Ftracking.postnl.nl%2Ftrack-and-trace%2F|target:_blank|\u00a0\u00bb][vc_btn title=\u00a0\u00bbSuivi Post CH\u00a0\u00bb css=\u00a0\u00bb\u00a0\u00bb link=\u00a0\u00bburl:https%3A%2F%2Fwww.post.ch%2Fen%2Freceiving-mail%2Ftrack-consignments|target:_blank|\u00a0\u00bb][\/vc_column][\/vc_row][vc_row el_class=\u00a0\u00bbpb-80&Prime;][vc_column][vc_custom_heading text=\u00a0\u00bbplus d\u2019informations\u00a0\u00bb font_container=\u00a0\u00bbtag:div|text_align:left\u00a0\u00bb use_theme_fonts=\u00a0\u00bbyes\u00a0\u00bb el_class=\u00a0\u00bbpr-tag\u00a0\u00bb][vc_tta_accordion style=\u00a0\u00bbflat\u00a0\u00bb shape=\u00a0\u00bbsquare\u00a0\u00bb color=\u00a0\u00bbwhite\u00a0\u00bb c_icon=\u00a0\u00bb\u00a0\u00bb active_section=\u00a0\u00bb100&Prime; no_fill=\u00a0\u00bbtrue\u00a0\u00bb collapsible_all=\u00a0\u00bbtrue\u00a0\u00bb title=\u00a0\u00bbInfos livraison\u00a0\u00bb][vc_tta_section title=\u00a0\u00bbQuel est le statut l\u00e9gal dans mon pays ?\u00a0\u00bb tab_id=\u00a0\u00bb1737187665466-5703fda6-be48&Prime;][vc_column_text css=\u00a0\u00bb\u00a0\u00bb]<\/p>\n<p class=\"p1\">Le statut l\u00e9gal des <span class=\"s1\">truffes magiques, des plaquettes de microdosage et des kits de culture de champignons<\/span> en <span class=\"s1\">Suisse<\/span> est complexe. Bien que la <span class=\"s1\">psilocybine<\/span> soit une substance contr\u00f4l\u00e9e selon la loi suisse, les <span class=\"s1\">truffes magiques<\/span> se trouvent dans une <span class=\"s1\">zone grise juridique<\/span> et ne sont pas explicitement class\u00e9es dans la m\u00eame cat\u00e9gorie que les champignons magiques. <\/p>\n<p class=\"p1\">Cela signifie que m\u00eame si nous exp\u00e9dions avec succ\u00e8s vers la <span class=\"s1\">Suisse<\/span>, la responsabilit\u00e9 de comprendre et de respecter les r\u00e9glementations locales <span class=\"s1\">incombe au client<\/span>. Nous <span class=\"s1\">ne pouvons pas fournir de conseils juridiques<\/span> et nous te recommandons de te renseigner sur les lois locales avant de passer commande. <\/p>\n<p>[\/vc_column_text][\/vc_tta_section][vc_tta_section title=\u00a0\u00bbQuels produits pouvez-vous exp\u00e9dier dans mon pays ?\u00a0\u00bb tab_id=\u00a0\u00bb1737187665459-72042fcd-1c33&Prime;][vc_column_text css=\u00a0\u00bb\u00a0\u00bb]<\/p>\n<p class=\"p3\">Nous <span class=\"s1\">exp\u00e9dions tous nos produits<\/span> en Suisse, directement depuis nos locaux \u00e0 Amsterdam. Que tu cherches des <span class=\"s1\">truffes magiques<\/span>, des <span class=\"s1\">plaquettes de microdosage<\/span> ou des <span class=\"s1\">kits de culture de champignons<\/span>, nous avons ce qu\u2019il te faut. Toute notre gamme est disponible pour une livraison rapide et discr\u00e8te, arrivant sous <span class=\"s1\">5 \u00e0 6 jours ouvrables<\/span>.  <\/p>\n<p class=\"p3\">Si tu t\u2019int\u00e9resses au <span class=\"s1\">microdosage<\/span> pour une meilleure concentration, cr\u00e9ativit\u00e9 ou am\u00e9lioration de l\u2019humeur, nos <span class=\"s1\">plaquettes de microdosage de truffes fra\u00eeches<\/span> sont une excellente option. Pour ceux qui recherchent <span class=\"s1\">une exp\u00e9rience psych\u00e9d\u00e9lique plus profonde<\/span>, nous proposons des <span class=\"s1\">truffes magiques \u00e0 haute puissance<\/span> telles que <span class=\"s1\">Hollandia, Utopia et Galindoi<\/span>. Tu veux cultiver les tiennes ? Nos <span class=\"s1\">kits de culture de champignons<\/span> offrent un moyen simple et l\u00e9gal de cultiver tes propres champignons \u00e0 la maison.   <\/p>\n<p class=\"p4\"><span class=\"s2\">Commande aujourd\u2019hui et commence ton voyage avec des <\/span>truffes et des produits de microdosage de haute qualit\u00e9.<\/p>\n<p>[\/vc_column_text][\/vc_tta_section][vc_tta_section title=\u00a0\u00bbCombien de temps prend la livraison ?\u00a0\u00bb tab_id=\u00a0\u00bb1737188614232-01a47c52-44d4&Prime;][vc_column_text css=\u00a0\u00bb\u00a0\u00bb]<\/p>\n<p class=\"p1\">L\u2019exp\u00e9dition vers la <span class=\"s1\">Suisse<\/span> est efficace et s\u00e9curis\u00e9e, la plupart des commandes arrivant sous <span class=\"s1\">5 \u00e0 6 jours ouvrables<\/span> apr\u00e8s l\u2019envoi.<\/p>\n<p class=\"p1\">La plupart des petites commandes, comme les <span class=\"s1\">plaquettes de microdosage<\/span> et les <span class=\"s1\">truffes magiques<\/span>, sont con\u00e7ues pour passer par la bo\u00eete aux lettres, tu n\u2019as donc g\u00e9n\u00e9ralement pas besoin d\u2019\u00eatre pr\u00e9sent pour les recevoir. Les <span class=\"s1\">articles plus volumineux<\/span>, comme les <span class=\"s1\">kits de culture de champignons<\/span>, peuvent n\u00e9cessiter une livraison de colis standard.<\/p>\n<p class=\"p1\">Pour les derni\u00e8res mises \u00e0 jour sur ta commande, merci de consulter ton <span class=\"s1\">lien de suivi<\/span>, qui te sera envoy\u00e9 une fois ton colis exp\u00e9di\u00e9.<\/p>\n<p>[\/vc_column_text][\/vc_tta_section][vc_tta_section title=\u00a0\u00bbO\u00f9 puis-je suivre ma commande ?\u00a0\u00bb tab_id=\u00a0\u00bb1737188637035-b7eae861-e627&Prime;][vc_column_text css=\u00a0\u00bb\u00a0\u00bb]<\/p>\n<p class=\"p1\">Une fois ta commande exp\u00e9di\u00e9e, tu recevras un <span class=\"s1\">lien de suivi<\/span> par e-mail. Tu peux utiliser ce lien pour suivre le trajet de ton colis. <\/p>\n<p class=\"p1\">Si tu as besoin de suivre ta commande manuellement, utilise l\u2019un des liens suivants et saisis ton code de suivi :<\/p>\n<p class=\"p1\">  <span class=\"s1\"><b>Post CH<\/b><\/span> : <a href=\"https:\/\/www.post.ch\/en\/receiving-mail\/track-consignments\" target=\"_blank\" rel=\"noopener\">Suis ta commande ici<\/a><br \/>\n  <span class=\"s1\"><b>PostNL<\/b><\/span> : <a href=\"https:\/\/tracking.postnl.nl\/track-and-trace\/\" target=\"_blank\" rel=\"noopener\">Suis ta commande ici<\/a><\/p>\n<p class=\"p1\">Les mises \u00e0 jour du suivi peuvent mettre un certain temps \u00e0 appara\u00eetre. Si tes informations de suivi n\u2019ont pas \u00e9t\u00e9 mises \u00e0 jour d\u2019ici quelques jours, nous te recommandons de v\u00e9rifier \u00e0 nouveau plus tard ou de contacter directement le transporteur. <\/p>\n<p>[\/vc_column_text][\/vc_tta_section][vc_tta_section title=\u00a0\u00bbQuels sont les frais et m\u00e9thodes d\u2019exp\u00e9dition ?\u00a0\u00bb tab_id=\u00a0\u00bb1737188651466-1dfecdda-bebe\u00a0\u00bb][vc_column_text css=\u00a0\u00bb\u00a0\u00bb]<\/p>\n<p class=\"p1\">Nous proposons des options d\u2019exp\u00e9dition <span class=\"s1\">fiables et discr\u00e8tes<\/span> vers la Suisse. Choisis la m\u00e9thode qui te convient le mieux : <\/p>\n<p class=\"p4\"><span class=\"s2\">  <\/span><b>Colis bo\u00eete aux lettres (suivi limit\u00e9)<\/b><span class=\"s2\"> \u2013 8,99 \u20ac<br \/>\n<\/span><span class=\"s2\">  <\/span><b>Colis recommand\u00e9 (suivi + signature requise)<\/b><span class=\"s2\"> \u2013 18,00 \u20ac<\/span><\/p>\n<p class=\"p4\"><span class=\"s2\">  <\/span><b>Option d\u2019exp\u00e9dition discr\u00e8te<\/b><span class=\"s2\"> \u2013 +1,95 \u20ac<\/span><\/p>\n<p class=\"p3\">Tu veux plus de confidentialit\u00e9 ? S\u00e9lectionne notre option d\u2019<span class=\"s1\">exp\u00e9dition discr\u00e8te<\/span> lors du paiement pour un emballage sans marque avec un \u00e9tiquetage g\u00e9n\u00e9rique. <\/p>\n<p class=\"p3\">Toutes les commandes sont <span class=\"s1\">exp\u00e9di\u00e9es d\u2019Amsterdam<\/span> et arrivent g\u00e9n\u00e9ralement <span class=\"s1\">sous 5 \u00e0 6 jours ouvrables<\/span>. Tes <span class=\"s1\">d\u00e9tails de suivi<\/span> te seront fournis une fois ta commande envoy\u00e9e. <\/p>\n<p>[\/vc_column_text][\/vc_tta_section][vc_tta_section title=\u00a0\u00bbComment puis-je payer ma commande ?\u00a0\u00bb tab_id=\u00a0\u00bb1739569614085-b2259a37-6ad1&Prime;][vc_column_text css=\u00a0\u00bb\u00a0\u00bb]<\/p>\n<p class=\"p1\">Nous proposons diverses m\u00e9thodes de paiement s\u00e9curis\u00e9es et pratiques pour les commandes vers la Suisse :<\/p>\n<ul>\n<li>Carte (cr\u00e9dit\/d\u00e9bit)<\/li>\n<li>PayPal<\/li>\n<li>Revolut<\/li>\n<li>iDEAL<\/li>\n<li>Cryptomonnaie<\/li>\n<li>Przelewy24<\/li>\n<li>Bancontact<\/li>\n<li>Virement bancaire SEPA<\/li>\n<li>Online \u00dcberweisen<\/li>\n<li><span class=\"s1\">Sofortbanking<\/span><\/li>\n<li>Virements bancaires manuels<\/li>\n<\/ul>\n<p class=\"p1\">Tous les paiements sont trait\u00e9s de mani\u00e8re s\u00e9curis\u00e9e et tes donn\u00e9es sont prot\u00e9g\u00e9es. Tu recevras une confirmation de commande d\u00e8s que ton paiement sera finalis\u00e9. <\/p>\n<p>[\/vc_column_text][\/vc_tta_section][vc_tta_section title=\u00a0\u00bbGarantie et r\u00e9clamations\u00a0\u00bb tab_id=\u00a0\u00bb1739569639087-ce3e2607-c5c5&Prime;][vc_column_text css=\u00a0\u00bb\u00a0\u00bb]<\/p>\n<p class=\"p1\">Nous apportons un grand soin \u00e0 ce que nos produits te parviennent en excellent \u00e9tat. Cependant, si tu re\u00e7ois un article endommag\u00e9 pendant le transport ou pr\u00e9sentant un autre d\u00e9faut, tu peux \u00eatre \u00e9ligible \u00e0 une demande de garantie. <\/p>\n<p class=\"p3\"><b>Demandes de garantie<br \/>\n<\/b><b><\/b>Si tu d\u00e9couvres un probl\u00e8me avec ta commande, merci de nous contacter dans un d\u00e9lai raisonnable \u2014 id\u00e9alement dans <span class=\"s1\">1 jour<\/span> suivant la r\u00e9ception de ton colis. Nous \u00e9valuerons la situation et d\u00e9terminerons la meilleure solution. <\/p>\n<p class=\"p3\"><b>R\u00e9clamations<br \/>\n<\/b><b><\/b>Si quelque chose ne se passe pas comme pr\u00e9vu, nous sommes l\u00e0 pour t\u2019aider. Merci de nous contacter \u00e0 <span class=\"s1\">info@go-microdose.com<\/span>, et nous ferons de notre mieux pour r\u00e9soudre le probl\u00e8me. <\/p>\n<p>[\/vc_column_text][\/vc_tta_section][vc_tta_section title=\u00a0\u00bbRetours\u00a0\u00bb tab_id=\u00a0\u00bb1737188666632-9ee3fe40-4609&Prime;][vc_column_text css=\u00a0\u00bb\u00a0\u00bb]<\/p>\n<p class=\"p1\">En raison de la nature de nos produits, les <span class=\"s1\"><b>retours ne sont pas possibles<\/b><\/span>. Nos truffles et autres produits frais ont une <span class=\"s1\">dur\u00e9e de conservation limit\u00e9e d\u2019environ 2 mois<\/span>, ce qui signifie qu\u2019ils ne peuvent pas \u00eatre revendus apr\u00e8s avoir \u00e9t\u00e9 retourn\u00e9s. Cette politique garantit que tous les clients re\u00e7oivent des produits frais et de haute qualit\u00e9.  <\/p>\n<p class=\"p3\"><b>Politique d\u2019\u00e9change<br \/>\n<\/b><b><\/b>Si tu souhaites \u00e9changer un produit, merci de nous contacter \u00e0 <span class=\"s1\">info@go-microdose.com<\/span>. Bien que les \u00e9changes puissent \u00eatre possibles pour certains articles non p\u00e9rissables, <span class=\"s1\">les clients sont responsables des frais de retour<\/span>. <\/p>\n<p class=\"p3\"><b>Adresse de livraison incorrecte<br \/>\n<\/b><b><\/b>Si tu as fourni une adresse de livraison incorrecte, merci de nous contacter d\u00e8s que possible. Nous essaierons de mettre \u00e0 jour ta commande avant qu\u2019elle ne soit exp\u00e9di\u00e9e. Cependant, une fois la commande envoy\u00e9e, les modifications ne sont plus possibles.  <\/p>\n<p>[\/vc_column_text][\/vc_tta_section][vc_tta_section title=\u00a0\u00bbContact\u00a0\u00bb tab_id=\u00a0\u00bb1737188682135-ea9d8e7b-ed3c\u00a0\u00bb][vc_column_text css=\u00a0\u00bb\u00a0\u00bb]Nous faisons tout notre possible pour toi en tant que client. Cela signifie que tu peux facilement nous contacter.<br \/>\nSi tu as des questions \u00e0 ce sujet, tu peux nous joindre via les informations suivantes : <\/p>\n<p><strong>GO-Microdose.com<\/strong><br \/>\nE-mail : <a href=\"mailto:info@go-microdose.com\">info@go-microdose.com<\/a><br \/>\nLe nom commercial de notre entreprise est : GK Health B.V.<br \/>\nNotre nom de domaine est GO-Microdose.com<br \/>\nNotre adresse postale : Joop Geesinkweg 601, 1114AB Amsterdam<br \/>\nChambre de Commerce : 87887274<br \/>\nTVA : NL864437584B01[\/vc_column_text][\/vc_tta_section][\/vc_tta_accordion][\/vc_column][\/vc_row][vc_row el_class=\u00a0\u00bbpb-220&Prime;][vc_column width=\u00a0\u00bb1\/2&Prime;][vc_custom_heading text=\u00a0\u00bbcontact\u00a0\u00bb font_container=\u00a0\u00bbtag:div|text_align:left\u00a0\u00bb use_theme_fonts=\u00a0\u00bbyes\u00a0\u00bb el_class=\u00a0\u00bbpr-tag\u00a0\u00bb][vc_custom_heading text=\u00a0\u00bbDes questions ou des remarques ?\u00a0\u00bb use_theme_fonts=\u00a0\u00bbyes\u00a0\u00bb]\n<div class=\"wpcf7 no-js\" id=\"wpcf7-f58335-o1\" lang=\"fr-FR\" dir=\"ltr\" data-wpcf7-id=\"58335\">\n<div class=\"screen-reader-response\"><p role=\"status\" aria-live=\"polite\" aria-atomic=\"true\"><\/p> <ul><\/ul><\/div>\n<form action=\"\/fr\/wp-json\/wp\/v2\/pages\/59878#wpcf7-f58335-o1\" method=\"post\" class=\"wpcf7-form init\" aria-label=\"Formulaire de contact\" novalidate=\"novalidate\" data-status=\"init\">\n<fieldset class=\"hidden-fields-container\"><input type=\"hidden\" name=\"_wpcf7\" value=\"58335\" \/><input type=\"hidden\" name=\"_wpcf7_version\" value=\"6.1.5\" \/><input type=\"hidden\" name=\"_wpcf7_locale\" value=\"fr_FR\" \/><input type=\"hidden\" name=\"_wpcf7_unit_tag\" value=\"wpcf7-f58335-o1\" \/><input type=\"hidden\" name=\"_wpcf7_container_post\" value=\"0\" \/><input type=\"hidden\" name=\"_wpcf7_posted_data_hash\" value=\"\" \/><input type=\"hidden\" name=\"_wpcf7_recaptcha_response\" value=\"\" \/>\n<\/fieldset>\n<div class=\"contact-form\">\n\t<div class=\"form-row\">\n\t\t<p><span class=\"wpcf7-form-control-wrap\" data-name=\"Naam\"><input size=\"40\" maxlength=\"400\" class=\"wpcf7-form-control wpcf7-text form-field\" aria-invalid=\"false\" placeholder=\"Nom\" value=\"\" type=\"text\" name=\"Naam\" \/><\/span>\n\t\t<\/p>\n\t<\/div>\n\t<div class=\"form-row\">\n\t\t<p><span class=\"wpcf7-form-control-wrap\" data-name=\"Email\"><input size=\"40\" maxlength=\"400\" class=\"wpcf7-form-control wpcf7-email wpcf7-validates-as-required wpcf7-text wpcf7-validates-as-email form-field\" aria-required=\"true\" aria-invalid=\"false\" placeholder=\"E-mail\" value=\"\" type=\"email\" name=\"Email\" \/><\/span>\n\t\t<\/p>\n\t<\/div>\n\t<div class=\"form-row\">\n\t\t<p><span class=\"wpcf7-form-control-wrap\" data-name=\"your-message\"><textarea cols=\"40\" rows=\"10\" maxlength=\"2000\" class=\"wpcf7-form-control wpcf7-textarea form-field\" aria-invalid=\"false\" placeholder=\"Question ou remarque\u2026\" name=\"your-message\"><\/textarea><\/span>\n\t\t<\/p>\n\t<\/div>\n\t<div class=\"form-row checkbox\">\n\t\t<p><span class=\"wpcf7-form-control-wrap\" data-name=\"agree\"><span class=\"wpcf7-form-control wpcf7-acceptance\"><span class=\"wpcf7-list-item\"><label><input type=\"checkbox\" name=\"agree\" value=\"1\" aria-invalid=\"false\" \/><span class=\"wpcf7-list-item-label\">J\u2019accepte la <a href=\"\/privacy-policy\/\" target=\"_blank\">d\u00e9claration de confidentialit\u00e9<\/a><\/span><\/label><\/span><\/span><\/span>\n\t\t<\/p>\n\t<\/div>\n\t<div class=\"form-row\">\n\t<span class=\"wpcf7-form-control-wrap recaptcha\" data-name=\"recaptcha\"><span data-sitekey=\"6LcxYnAUAAAAAK0N-eell9CfBJrJukJ8yVIG3u5S\" class=\"wpcf7-form-control wpcf7-recaptcha g-recaptcha\"><\/span>\r\n<noscript>\r\n\t<div class=\"grecaptcha-noscript\">\r\n\t\t<iframe src=\"https:\/\/www.google.com\/recaptcha\/api\/fallback?k=6LcxYnAUAAAAAK0N-eell9CfBJrJukJ8yVIG3u5S\" frameborder=\"0\" scrolling=\"no\" width=\"310\" height=\"430\">\r\n\t\t<\/iframe>\r\n\t\t<textarea name=\"g-recaptcha-response\" rows=\"3\" cols=\"40\" placeholder=\"reCaptcha Response Here\">\r\n\t\t<\/textarea>\r\n\t<\/div>\r\n<\/noscript>\r\n<\/span>\n\t<\/div>\n\t<div class=\"form-row submit\">\n\t\t<p><button class=\"button vc_btn3-style-modern\"><input class=\"wpcf7-form-control wpcf7-submit has-spinner\" type=\"submit\" value=\"Envoyer\" \/><\/button>\n\t\t<\/p>\n\t<\/div>\n<\/div><div class=\"wpcf7-response-output\" aria-hidden=\"true\"><\/div>\n<\/form>\n<\/div>\n[\/vc_column][vc_column width=\u00a0\u00bb1\/2&Prime;][\/vc_column][\/vc_row]<\/p>\n<\/div>","protected":false},"excerpt":{"rendered":"<p>[vc_row][vc_column width=\u00a0\u00bb1\/2&Prime;][vc_btn title=\u00a0\u00bbRetour \u00e0 l\u2019aper\u00e7u de la livraison\u00a0\u00bb css=\u00a0\u00bb\u00a0\u00bb link=\u00a0\u00bburl:https%3A%2F%2Fgo-microdose.com%2Ffr%2Flivraison%2F|title:Shipping|\u00a0\u00bb el_class=\u00a0\u00bbbutton-back\u00a0\u00bb][\/vc_column][vc_column width=\u00a0\u00bb1\/2&Prime;][\/vc_column][\/vc_row][vc_row el_class=\u00a0\u00bbpb-40&Prime;][vc_column width=\u00a0\u00bb1\/2&Prime; el_class=\u00a0\u00bbpr-80&Prime;][vc_custom_heading text=\u00a0\u00bbLivraison en Suisse\u00a0\u00bb font_container=\u00a0\u00bbtag:h1|text_align:left\u00a0\u00bb use_theme_fonts=\u00a0\u00bbyes\u00a0\u00bb css=\u00a0\u00bb\u00a0\u00bb el_class=\u00a0\u00bbeffect-title\u00a0\u00bb][vc_custom_heading text=\u00a0\u00bbChampignons magiques, truffes, microdosage et plus encore&#8230;\u00a0\u00bb use_theme_fonts=\u00a0\u00bbyes\u00a0\u00bb el_class=\u00a0\u00bbh3&Prime;][vc_column_text css=\u00a0\u00bb\u00a0\u00bb] Oui ! Nous exp\u00e9dions tous nos produits en Suisse avec une livraison rapide, discr\u00e8te et fiable. Toutes les truffes magiques, plaquettes de microdosage [&hellip;]<\/p>\n","protected":false},"author":5548,"featured_media":0,"parent":57271,"menu_order":0,"comment_status":"open","ping_status":"open","template":"","meta":{"_acf_changed":false,"footnotes":""},"class_list":["post-59878","page","type-page","status-publish","hentry"],"acf":[],"_links":{"self":[{"href":"https:\/\/go-microdose.com\/fr\/wp-json\/wp\/v2\/pages\/59878","targetHints":{"allow":["GET"]}}],"collection":[{"href":"https:\/\/go-microdose.com\/fr\/wp-json\/wp\/v2\/pages"}],"about":[{"href":"https:\/\/go-microdose.com\/fr\/wp-json\/wp\/v2\/types\/page"}],"author":[{"embeddable":true,"href":"https:\/\/go-microdose.com\/fr\/wp-json\/wp\/v2\/users\/5548"}],"replies":[{"embeddable":true,"href":"https:\/\/go-microdose.com\/fr\/wp-json\/wp\/v2\/comments?post=59878"}],"version-history":[{"count":0,"href":"https:\/\/go-microdose.com\/fr\/wp-json\/wp\/v2\/pages\/59878\/revisions"}],"up":[{"embeddable":true,"href":"https:\/\/go-microdose.com\/fr\/wp-json\/wp\/v2\/pages\/57271"}],"wp:attachment":[{"href":"https:\/\/go-microdose.com\/fr\/wp-json\/wp\/v2\/media?parent=59878"}],"curies":[{"name":"wp","href":"https:\/\/api.w.org\/{rel}","templated":true}]}}