{"id":60298,"date":"2026-03-25T17:24:51","date_gmt":"2026-03-25T16:24:51","guid":{"rendered":"https:\/\/go-microdose.com\/livraison\/macedoine-du-nord\/"},"modified":"2026-03-25T17:26:31","modified_gmt":"2026-03-25T16:26:31","slug":"macedoine-du-nord","status":"publish","type":"page","link":"https:\/\/go-microdose.com\/fr\/livraison\/macedoine-du-nord\/","title":{"rendered":"Mac\u00e9doine du Nord"},"content":{"rendered":"<div class=\"wpb-content-wrapper\"><p>[vc_row][vc_column width=\u00a0\u00bb1\/2&Prime;][vc_btn title=\u00a0\u00bbRetour \u00e0 l\u2019aper\u00e7u de la livraison\u00a0\u00bb css=\u00a0\u00bb\u00a0\u00bb link=\u00a0\u00bburl:https%3A%2F%2Fgo-microdose.com%2Ffr%2Flivraison%2F|title:Shipping|\u00a0\u00bb el_class=\u00a0\u00bbbutton-back\u00a0\u00bb][\/vc_column][vc_column width=\u00a0\u00bb1\/2&Prime;][\/vc_column][\/vc_row][vc_row el_class=\u00a0\u00bbpb-40&Prime;][vc_column width=\u00a0\u00bb1\/2&Prime; el_class=\u00a0\u00bbpr-80&Prime;][vc_custom_heading text=\u00a0\u00bbLivraison en Mac\u00e9doine du Nord\u00a0\u00bb font_container=\u00a0\u00bbtag:h1|text_align:left\u00a0\u00bb use_theme_fonts=\u00a0\u00bbyes\u00a0\u00bb css=\u00a0\u00bb\u00a0\u00bb el_class=\u00a0\u00bbeffect-title\u00a0\u00bb][vc_custom_heading text=\u00a0\u00bbChampignons magiques, truffes, microdosage et plus encore\u2026\u00a0\u00bb use_theme_fonts=\u00a0\u00bbyes\u00a0\u00bb el_class=\u00a0\u00bbh3&Prime;][vc_column_text css=\u00a0\u00bb\u00a0\u00bb]<\/p>\n<p class=\"p1\">Oui ! Nous exp\u00e9dions tous nos produits en Mac\u00e9doine du Nord ! <\/p>\n<p class=\"p3\">Toutes les <span class=\"s1\">truffes, bandes de microdosage et kits de culture<\/span> sont exp\u00e9di\u00e9s directement depuis Amsterdam et arrivent g\u00e9n\u00e9ralement <span class=\"s1\">sous 6 \u00e0 8 jours ouvr\u00e9s<\/span>. La plupart des commandes passent dans la bo\u00eete aux lettres, sauf les produits plus volumineux comme les <span class=\"s1\">kits de culture de champignons magiques et accessoires<\/span> : en g\u00e9n\u00e9ral, <span class=\"s1\">tu n\u2019as pas besoin d\u2019\u00eatre chez toi<\/span> pour la livraison ! <\/p>\n<p class=\"p4\"><span class=\"s2\">Notre livraison est <\/span>rapide, discr\u00e8te et fiable<span class=\"s2\">. Que tu sois  <\/span>en train de commencer le microdosage<span class=\"s2\"> ou que tu pr\u00e9voies une <\/span>exp\u00e9rience psych\u00e9d\u00e9lique<span class=\"s2\"> plus profonde, nous veillons \u00e0 ce que ta commande arrive <\/span>en toute s\u00e9curit\u00e9 et bien fra\u00eeche<span class=\"s2\">.<\/span><\/p>\n<p class=\"p4\"><span class=\"s2\">Tu veux en savoir plus sur nos <\/span>options d\u2019exp\u00e9dition, d\u00e9lais de livraison et m\u00e9thodes<span class=\"s2\"> ? D\u00e9couvre tous les d\u00e9tails ci-dessous sur   <\/span>la commande et la livraison en Mac\u00e9doine du Nord<span class=\"s2\">.<\/span><\/p>\n<p>[\/vc_column_text][\/vc_column][vc_column width=\u00a0\u00bb1\/2&Prime; el_class=\u00a0\u00bbs-white-box\u00a0\u00bb][vc_custom_heading text=\u00a0\u00bbSuivi &amp; tra\u00e7abilit\u00e9\u00a0\u00bb font_container=\u00a0\u00bbtag:h3|text_align:left\u00a0\u00bb use_theme_fonts=\u00a0\u00bbyes\u00a0\u00bb][vc_column_text]Utilise ton code de suivi, pas ton num\u00e9ro de commande.[\/vc_column_text][vc_btn title=\u00a0\u00bbSuivi PostNL\u00a0\u00bb css=\u00a0\u00bb\u00a0\u00bb link=\u00a0\u00bburl:https%3A%2F%2Ftracking.postnl.nl%2Ftrack-and-trace%2F|target:_blank|\u00a0\u00bb][\/vc_column][\/vc_row][vc_row el_class=\u00a0\u00bbpb-80&Prime;][vc_column][vc_custom_heading text=\u00a0\u00bbplus d\u2019informations\u00a0\u00bb font_container=\u00a0\u00bbtag:div|text_align:left\u00a0\u00bb use_theme_fonts=\u00a0\u00bbyes\u00a0\u00bb el_class=\u00a0\u00bbpr-tag\u00a0\u00bb][vc_tta_accordion style=\u00a0\u00bbflat\u00a0\u00bb shape=\u00a0\u00bbsquare\u00a0\u00bb color=\u00a0\u00bbwhite\u00a0\u00bb c_icon=\u00a0\u00bb\u00a0\u00bb active_section=\u00a0\u00bb100&Prime; no_fill=\u00a0\u00bbtrue\u00a0\u00bb collapsible_all=\u00a0\u00bbtrue\u00a0\u00bb title=\u00a0\u00bbInfos livraison\u00a0\u00bb][vc_tta_section title=\u00a0\u00bbQuel est le statut l\u00e9gal dans mon pays ?\u00a0\u00bb tab_id=\u00a0\u00bb1737187665466-5703fda6-be48&Prime;][vc_column_text css=\u00a0\u00bb\u00a0\u00bb]<\/p>\n<p class=\"p1\">Nous ne sommes pas avocats et nous n\u2019avons pas la capacit\u00e9 de suivre l\u2019\u00e9volution des lois dans chaque pays o\u00f9 nous exp\u00e9dions. Pour cette raison, il revient au client de se renseigner et de comprendre la r\u00e9glementation locale avant de passer commande. En achetant chez nous, tu reconnais \u00eatre conscient(e) des risques juridiques potentiels et accepter l\u2019enti\u00e8re responsabilit\u00e9 de respecter les lois en vigueur dans ta r\u00e9gion.  <\/p>\n<p class=\"p1\">Cela dit, nous avons une solide exp\u00e9rience d\u2019exp\u00e9ditions r\u00e9ussies vers la Mac\u00e9doine du Nord et n\u2019avons rencontr\u00e9 aucune difficult\u00e9 de livraison. Nos envois arrivent de mani\u00e8re fiable, mais comme pour toute commande internationale, la responsabilit\u00e9 finale incombe au client. <\/p>\n<p>[\/vc_column_text][\/vc_tta_section][vc_tta_section title=\u00a0\u00bbQuels produits pouvez-vous exp\u00e9dier dans mon pays ?\u00a0\u00bb tab_id=\u00a0\u00bb1737187665459-72042fcd-1c33&Prime;][vc_column_text css=\u00a0\u00bb\u00a0\u00bb]<\/p>\n<p class=\"p1\">Nous exp\u00e9dions tous nos produits en Mac\u00e9doine du Nord, directement depuis notre site d\u2019Amsterdam. Que tu recherches des truffes magiques, des bandes de microdosage ou des kits de culture de champignons, on s\u2019occupe de tout. Toute notre gamme est disponible en livraison rapide et discr\u00e8te, avec une arriv\u00e9e g\u00e9n\u00e9ralement sous 6 \u00e0 8 jours ouvr\u00e9s.  <\/p>\n<p class=\"p1\">Si tu t\u2019int\u00e9resses au microdosage pour am\u00e9liorer la concentration, la cr\u00e9ativit\u00e9 ou l\u2019humeur, nos bandes de microdosage de truffes fra\u00eeches sont une excellente option. Pour celles et ceux qui recherchent une exp\u00e9rience psych\u00e9d\u00e9lique plus profonde, nous proposons des truffes magiques tr\u00e8s puissantes comme Hollandia, Utopia et Galindoi. Envie de cultiver toi-m\u00eame ? Nos kits de culture de champignons offrent une solution simple pour faire pousser tes propres champignons \u00e0 la maison.   <\/p>\n<p class=\"p1\">Commande aujourd\u2019hui et commence ton parcours avec des truffes et des produits de microdosage de haute qualit\u00e9 !<\/p>\n<p>[\/vc_column_text][\/vc_tta_section][vc_tta_section title=\u00a0\u00bbCombien de temps prend la livraison ?\u00a0\u00bb tab_id=\u00a0\u00bb1737188614232-01a47c52-44d4&Prime;][vc_column_text css=\u00a0\u00bb\u00a0\u00bb]<\/p>\n<p class=\"p1\">La livraison en Mac\u00e9doine du Nord prend g\u00e9n\u00e9ralement <span class=\"s1\">6 \u00e0 8 jours ouvr\u00e9s<\/span> \u00e0 partir du moment o\u00f9 ta commande est exp\u00e9di\u00e9e. Toutefois, les d\u00e9lais peuvent varier selon des facteurs comme le traitement douanier, les retards des services postaux locaux et les jours f\u00e9ri\u00e9s. <\/p>\n<p class=\"p1\">Une fois ton colis exp\u00e9di\u00e9, tu recevras un lien de suivi par e-mail. M\u00eame si la plupart des commandes arrivent dans le d\u00e9lai estim\u00e9, le d\u00e9douanement peut parfois ajouter du temps de traitement. Merci pour ta patience, et nous te recommandons de garder un \u0153il sur les mises \u00e0 jour de suivi.  <\/p>\n<p class=\"p1\">Pour les derni\u00e8res informations sur ton envoi, consulte ton lien de suivi. Si tu as la moindre inqui\u00e9tude concernant ta commande, n\u2019h\u00e9site pas \u00e0 contacter notre \u00e9quipe support : nous serons ravis de t\u2019aider ! <\/p>\n<p>[\/vc_column_text][\/vc_tta_section][vc_tta_section title=\u00a0\u00bbO\u00f9 puis-je suivre ma commande ?\u00a0\u00bb tab_id=\u00a0\u00bb1737188637035-b7eae861-e627&Prime;][vc_column_text css=\u00a0\u00bb\u00a0\u00bb]<\/p>\n<p class=\"p1\">Une fois ta commande exp\u00e9di\u00e9e, tu recevras par e-mail un <span class=\"s1\">lien de suivi<\/span>. Tu peux utiliser ce lien pour suivre le parcours de ton colis. <\/p>\n<p class=\"p1\">Si tu dois suivre ta commande manuellement, utilise l\u2019un des liens suivants et saisis ton code de suivi :<br \/>\n  <span class=\"s1\"><b>PostNL<\/b><\/span> : <a href=\"https:\/\/tracking.postnl.nl\/track-and-trace\/\" target=\"_blank\" rel=\"noopener\">Suis ta commande ici<\/a><\/p>\n<p class=\"p1\">Si tu rencontres des probl\u00e8mes de suivi, laisse un peu de temps aux mises \u00e0 jour ou contacte directement le transporteur.<\/p>\n<p>[\/vc_column_text][\/vc_tta_section][vc_tta_section title=\u00a0\u00bbQuels sont les frais et les modes de livraison ?\u00a0\u00bb tab_id=\u00a0\u00bb1737188651466-1dfecdda-bebe\u00a0\u00bb][vc_column_text css=\u00a0\u00bb\u00a0\u00bb]<\/p>\n<p class=\"p3\">Nous proposons plusieurs options de livraison vers la Mac\u00e9doine du Nord pour garantir une livraison rapide et fiable. Choisis la m\u00e9thode qui te convient le mieux : <\/p>\n<p class=\"p4\"><span class=\"s1\">  <\/span>Colis bo\u00eete aux lettres (Suivi &amp; tra\u00e7abilit\u00e9) :<span class=\"s1\"> 8,99 \u20ac<br \/>\n<\/span><span class=\"s1\">  <\/span>Colis recommand\u00e9 (Suivi + signature requise) :<span class=\"s1\"> 18 \u20ac<\/span><\/p>\n<p class=\"p4\"><span class=\"s1\">  <\/span>Option d\u2019exp\u00e9dition discr\u00e8te :<span class=\"s1\"> +1,95 \u20ac<br \/>\n<\/span>Besoin de plus de confidentialit\u00e9 ? S\u00e9lectionne notre option d\u2019exp\u00e9dition discr\u00e8te au moment du paiement pour un emballage sans marque avec un \u00e9tiquetage g\u00e9n\u00e9rique. <\/p>\n<p class=\"p3\">Toutes les commandes sont exp\u00e9di\u00e9es depuis <span class=\"s2\">Amsterdam<\/span> et arrivent g\u00e9n\u00e9ralement <span class=\"s2\">sous 6 \u00e0 8 jours ouvr\u00e9s<\/span>. Tes informations de suivi te seront communiqu\u00e9es une fois ta commande exp\u00e9di\u00e9e. <\/p>\n<p>[\/vc_column_text][\/vc_tta_section][vc_tta_section title=\u00a0\u00bbComment puis-je payer ma commande ?\u00a0\u00bb tab_id=\u00a0\u00bb1739569614085-b2259a37-6ad1&Prime;][vc_column_text css=\u00a0\u00bb\u00a0\u00bb]<\/p>\n<p class=\"p1\">Nous proposons plusieurs moyens de paiement s\u00fbrs et pratiques pour les commandes vers la Mac\u00e9doine du Nord :<\/p>\n<ul>\n<li>Carte (de cr\u00e9dit)<\/li>\n<li>PayPal<\/li>\n<li>Revolut<\/li>\n<li>iDEAL<\/li>\n<li>Cryptomonnaie<\/li>\n<li>Przelewy24<\/li>\n<li>Bancontact<\/li>\n<li>Virement bancaire SEPA<\/li>\n<li>Online \u00dcberweisen<\/li>\n<li><span class=\"s1\">Sofortbanking<\/span><\/li>\n<li>Virements bancaires manuels<\/li>\n<\/ul>\n<p class=\"p1\">Tous les paiements sont trait\u00e9s de mani\u00e8re s\u00e9curis\u00e9e et tes donn\u00e9es sont prot\u00e9g\u00e9es. Tu recevras une confirmation de commande d\u00e8s que ton paiement sera effectu\u00e9. <\/p>\n<p>[\/vc_column_text][\/vc_tta_section][vc_tta_section title=\u00a0\u00bbGarantie et r\u00e9clamations\u00a0\u00bb tab_id=\u00a0\u00bb1739569639087-ce3e2607-c5c5&Prime;][vc_column_text css=\u00a0\u00bb\u00a0\u00bb]<\/p>\n<p class=\"p1\">Nous faisons le maximum pour que nos produits te parviennent en parfait \u00e9tat. Cependant, si tu re\u00e7ois un article endommag\u00e9 pendant le transport ou pr\u00e9sentant un autre d\u00e9faut, tu peux \u00eatre \u00e9ligible \u00e0 une demande de garantie. <\/p>\n<p class=\"p3\"><b>Demandes de garantie<br \/>\n<\/b><b><\/b>Si tu constates un probl\u00e8me avec ta commande, contacte-nous dans un d\u00e9lai raisonnable \u2014 id\u00e9alement dans les <span class=\"s1\">1 jour<\/span> suivant la r\u00e9ception de ton colis. Nous \u00e9valuerons la situation et d\u00e9terminerons la meilleure solution. <\/p>\n<p class=\"p3\"><b>R\u00e9clamations<br \/>\n<\/b><b><\/b>Si quelque chose ne se passe pas comme pr\u00e9vu, nous sommes l\u00e0 pour t\u2019aider. Contacte-nous \u00e0 <span class=\"s1\">info@go-microdose.com<\/span> et nous ferons de notre mieux pour r\u00e9soudre le probl\u00e8me. <\/p>\n<p>[\/vc_column_text][\/vc_tta_section][vc_tta_section title=\u00a0\u00bbRetours\u00a0\u00bb tab_id=\u00a0\u00bb1737188666632-9ee3fe40-4609&Prime;][vc_column_text css=\u00a0\u00bb\u00a0\u00bb]<\/p>\n<p class=\"p1\">En raison de la nature de nos produits, <span class=\"s1\"><b>les retours ne sont pas possibles<\/b><\/span>. Nos truffes et autres produits frais ont une <span class=\"s1\">dur\u00e9e de conservation limit\u00e9e d\u2019environ 2 mois<\/span>, ce qui signifie qu\u2019ils ne peuvent pas \u00eatre revendus apr\u00e8s un retour. Cette politique garantit que tous les clients re\u00e7oivent des produits frais et de haute qualit\u00e9.  <\/p>\n<p class=\"p3\"><b>Politique d\u2019\u00e9change<br \/>\n<\/b><b><\/b>Si tu souhaites \u00e9changer un produit, contacte-nous \u00e0 <span class=\"s1\">info@go-microdose.com<\/span>. M\u00eame si des \u00e9changes peuvent \u00eatre possibles pour certains articles non p\u00e9rissables, <span class=\"s1\">les frais de retour sont \u00e0 la charge du client<\/span>. <\/p>\n<p class=\"p3\"><b>Adresse de livraison incorrecte<br \/>\n<\/b><b><\/b>Si tu as indiqu\u00e9 une adresse de livraison incorrecte, contacte-nous d\u00e8s que possible. Nous essaierons de mettre \u00e0 jour ta commande avant son exp\u00e9dition. Cependant, une fois la commande exp\u00e9di\u00e9e, les modifications ne sont plus possibles.  <\/p>\n<p>[\/vc_column_text][\/vc_tta_section][vc_tta_section title=\u00a0\u00bbContact\u00a0\u00bb tab_id=\u00a0\u00bb1737188682135-ea9d8e7b-ed3c\u00a0\u00bb][vc_column_text css=\u00a0\u00bb\u00a0\u00bb]Nous faisons tout notre possible pour toi en tant que client. Cela signifie que tu peux nous contacter facilement.<br \/>\nSi tu as des questions \u00e0 ce sujet, tu peux nous joindre via les informations suivantes : <\/p>\n<p><strong>GO-Microdose.com<\/strong><br \/>\nE-mail : <a href=\"mailto:info@go-microdose.com\">info@go-microdose.com<\/a><br \/>\nLa d\u00e9nomination commerciale de notre entreprise est : GK Health B.V.<br \/>\nNotre nom de domaine est GO-Microdose.com<br \/>\nNotre adresse postale : Joop Geesinkweg 601, 1114AB Amsterdam<br \/>\nChambre de commerce : 87887274<br \/>\nTVA : NL864437584B01[\/vc_column_text][\/vc_tta_section][\/vc_tta_accordion][\/vc_column][\/vc_row][vc_row el_class=\u00a0\u00bbpb-220&Prime;][vc_column width=\u00a0\u00bb1\/2&Prime;][vc_custom_heading text=\u00a0\u00bbcontact\u00a0\u00bb font_container=\u00a0\u00bbtag:div|text_align:left\u00a0\u00bb use_theme_fonts=\u00a0\u00bbyes\u00a0\u00bb el_class=\u00a0\u00bbpr-tag\u00a0\u00bb][vc_custom_heading text=\u00a0\u00bbDes questions ou des remarques ?\u00a0\u00bb use_theme_fonts=\u00a0\u00bbyes\u00a0\u00bb]\n<div class=\"wpcf7 no-js\" id=\"wpcf7-f58335-o1\" lang=\"fr-FR\" dir=\"ltr\" data-wpcf7-id=\"58335\">\n<div class=\"screen-reader-response\"><p role=\"status\" aria-live=\"polite\" aria-atomic=\"true\"><\/p> <ul><\/ul><\/div>\n<form action=\"\/fr\/wp-json\/wp\/v2\/pages\/60298#wpcf7-f58335-o1\" method=\"post\" class=\"wpcf7-form init\" aria-label=\"Formulaire de contact\" novalidate=\"novalidate\" data-status=\"init\">\n<fieldset class=\"hidden-fields-container\"><input type=\"hidden\" name=\"_wpcf7\" value=\"58335\" \/><input type=\"hidden\" name=\"_wpcf7_version\" value=\"6.1.5\" \/><input type=\"hidden\" name=\"_wpcf7_locale\" value=\"fr_FR\" \/><input type=\"hidden\" name=\"_wpcf7_unit_tag\" value=\"wpcf7-f58335-o1\" \/><input type=\"hidden\" name=\"_wpcf7_container_post\" value=\"0\" \/><input type=\"hidden\" name=\"_wpcf7_posted_data_hash\" value=\"\" \/><input type=\"hidden\" name=\"_wpcf7_recaptcha_response\" value=\"\" \/>\n<\/fieldset>\n<div class=\"contact-form\">\n\t<div class=\"form-row\">\n\t\t<p><span class=\"wpcf7-form-control-wrap\" data-name=\"Naam\"><input size=\"40\" maxlength=\"400\" class=\"wpcf7-form-control wpcf7-text form-field\" aria-invalid=\"false\" placeholder=\"Nom\" value=\"\" type=\"text\" name=\"Naam\" \/><\/span>\n\t\t<\/p>\n\t<\/div>\n\t<div class=\"form-row\">\n\t\t<p><span class=\"wpcf7-form-control-wrap\" data-name=\"Email\"><input size=\"40\" maxlength=\"400\" class=\"wpcf7-form-control wpcf7-email wpcf7-validates-as-required wpcf7-text wpcf7-validates-as-email form-field\" aria-required=\"true\" aria-invalid=\"false\" placeholder=\"E-mail\" value=\"\" type=\"email\" name=\"Email\" \/><\/span>\n\t\t<\/p>\n\t<\/div>\n\t<div class=\"form-row\">\n\t\t<p><span class=\"wpcf7-form-control-wrap\" data-name=\"your-message\"><textarea cols=\"40\" rows=\"10\" maxlength=\"2000\" class=\"wpcf7-form-control wpcf7-textarea form-field\" aria-invalid=\"false\" placeholder=\"Question ou remarque\u2026\" name=\"your-message\"><\/textarea><\/span>\n\t\t<\/p>\n\t<\/div>\n\t<div class=\"form-row checkbox\">\n\t\t<p><span class=\"wpcf7-form-control-wrap\" data-name=\"agree\"><span class=\"wpcf7-form-control wpcf7-acceptance\"><span class=\"wpcf7-list-item\"><label><input type=\"checkbox\" name=\"agree\" value=\"1\" aria-invalid=\"false\" \/><span class=\"wpcf7-list-item-label\">J\u2019accepte la <a href=\"\/privacy-policy\/\" target=\"_blank\">d\u00e9claration de confidentialit\u00e9<\/a><\/span><\/label><\/span><\/span><\/span>\n\t\t<\/p>\n\t<\/div>\n\t<div class=\"form-row\">\n\t<span class=\"wpcf7-form-control-wrap recaptcha\" data-name=\"recaptcha\"><span data-sitekey=\"6LcxYnAUAAAAAK0N-eell9CfBJrJukJ8yVIG3u5S\" class=\"wpcf7-form-control wpcf7-recaptcha g-recaptcha\"><\/span>\r\n<noscript>\r\n\t<div class=\"grecaptcha-noscript\">\r\n\t\t<iframe src=\"https:\/\/www.google.com\/recaptcha\/api\/fallback?k=6LcxYnAUAAAAAK0N-eell9CfBJrJukJ8yVIG3u5S\" frameborder=\"0\" scrolling=\"no\" width=\"310\" height=\"430\">\r\n\t\t<\/iframe>\r\n\t\t<textarea name=\"g-recaptcha-response\" rows=\"3\" cols=\"40\" placeholder=\"reCaptcha Response Here\">\r\n\t\t<\/textarea>\r\n\t<\/div>\r\n<\/noscript>\r\n<\/span>\n\t<\/div>\n\t<div class=\"form-row submit\">\n\t\t<p><button class=\"button vc_btn3-style-modern\"><input class=\"wpcf7-form-control wpcf7-submit has-spinner\" type=\"submit\" value=\"Envoyer\" \/><\/button>\n\t\t<\/p>\n\t<\/div>\n<\/div><div class=\"wpcf7-response-output\" aria-hidden=\"true\"><\/div>\n<\/form>\n<\/div>\n[\/vc_column][vc_column width=\u00a0\u00bb1\/2&Prime;][\/vc_column][\/vc_row]<\/p>\n<\/div>","protected":false},"excerpt":{"rendered":"<p>[vc_row][vc_column width=\u00a0\u00bb1\/2&Prime;][vc_btn title=\u00a0\u00bbRetour \u00e0 l\u2019aper\u00e7u de la livraison\u00a0\u00bb css=\u00a0\u00bb\u00a0\u00bb link=\u00a0\u00bburl:https%3A%2F%2Fgo-microdose.com%2Ffr%2Flivraison%2F|title:Shipping|\u00a0\u00bb el_class=\u00a0\u00bbbutton-back\u00a0\u00bb][\/vc_column][vc_column width=\u00a0\u00bb1\/2&Prime;][\/vc_column][\/vc_row][vc_row el_class=\u00a0\u00bbpb-40&Prime;][vc_column width=\u00a0\u00bb1\/2&Prime; el_class=\u00a0\u00bbpr-80&Prime;][vc_custom_heading text=\u00a0\u00bbLivraison en Mac\u00e9doine du Nord\u00a0\u00bb font_container=\u00a0\u00bbtag:h1|text_align:left\u00a0\u00bb use_theme_fonts=\u00a0\u00bbyes\u00a0\u00bb css=\u00a0\u00bb\u00a0\u00bb el_class=\u00a0\u00bbeffect-title\u00a0\u00bb][vc_custom_heading text=\u00a0\u00bbChampignons magiques, truffes, microdosage et plus encore\u2026\u00a0\u00bb use_theme_fonts=\u00a0\u00bbyes\u00a0\u00bb el_class=\u00a0\u00bbh3&Prime;][vc_column_text css=\u00a0\u00bb\u00a0\u00bb] Oui ! Nous exp\u00e9dions tous nos produits en Mac\u00e9doine du Nord ! Toutes les truffes, bandes de microdosage et kits de [&hellip;]<\/p>\n","protected":false},"author":5548,"featured_media":0,"parent":57271,"menu_order":0,"comment_status":"open","ping_status":"open","template":"","meta":{"_acf_changed":false,"footnotes":""},"class_list":["post-60298","page","type-page","status-publish","hentry"],"acf":[],"_links":{"self":[{"href":"https:\/\/go-microdose.com\/fr\/wp-json\/wp\/v2\/pages\/60298","targetHints":{"allow":["GET"]}}],"collection":[{"href":"https:\/\/go-microdose.com\/fr\/wp-json\/wp\/v2\/pages"}],"about":[{"href":"https:\/\/go-microdose.com\/fr\/wp-json\/wp\/v2\/types\/page"}],"author":[{"embeddable":true,"href":"https:\/\/go-microdose.com\/fr\/wp-json\/wp\/v2\/users\/5548"}],"replies":[{"embeddable":true,"href":"https:\/\/go-microdose.com\/fr\/wp-json\/wp\/v2\/comments?post=60298"}],"version-history":[{"count":0,"href":"https:\/\/go-microdose.com\/fr\/wp-json\/wp\/v2\/pages\/60298\/revisions"}],"up":[{"embeddable":true,"href":"https:\/\/go-microdose.com\/fr\/wp-json\/wp\/v2\/pages\/57271"}],"wp:attachment":[{"href":"https:\/\/go-microdose.com\/fr\/wp-json\/wp\/v2\/media?parent=60298"}],"curies":[{"name":"wp","href":"https:\/\/api.w.org\/{rel}","templated":true}]}}