{"id":63921,"date":"2022-10-04T09:56:52","date_gmt":"2022-10-04T07:56:52","guid":{"rendered":"https:\/\/go-microdose.com\/statut-juridique-des-truffes\/"},"modified":"2026-03-26T11:16:11","modified_gmt":"2026-03-26T10:16:11","slug":"statut-juridique-des-truffes","status":"publish","type":"page","link":"https:\/\/go-microdose.com\/fr\/statut-juridique-des-truffes\/","title":{"rendered":"Statut juridique des truffes"},"content":{"rendered":"<div class=\"wpb-content-wrapper\"><p>[vc_section full_width=\u00a0\u00bbstretch_row_content\u00a0\u00bb el_class=\u00a0\u00bbcontact-main-section-with-af with-link\u00a0\u00bb][vc_row el_class=\u00a0\u00bbcontainer pb-150&Prime;][vc_column width=\u00a0\u00bb2\/12&Prime;][\/vc_column][vc_column width=\u00a0\u00bb8\/12&Prime;][vc_custom_heading text=\u00a0\u00bbStatut juridique des truffes\u00a0\u00bb font_container=\u00a0\u00bbtag:div|text_align:center\u00a0\u00bb use_theme_fonts=\u00a0\u00bbyes\u00a0\u00bb el_class=\u00a0\u00bbpr-tag\u00a0\u00bb][vc_custom_heading text=\u00a0\u00bbLes truffes \u00e0 psilocybine sont-elles l\u00e9gales ?\u00a0\u00bb font_container=\u00a0\u00bbtag:h2|text_align:center\u00a0\u00bb use_theme_fonts=\u00a0\u00bbyes\u00a0\u00bb el_class=\u00a0\u00bbcontact-text\u00a0\u00bb][vc_column_text css=\u00a0\u00bb\u00a0\u00bb el_class=\u00a0\u00bbcontact-column\u00a0\u00bb]<\/p>\n<p style=\"text-align: center;\"><strong>GO Microdose vend des truffes \u00e0 psilocybine fra\u00eechement pr\u00e9emball\u00e9es.<\/strong><\/p>\n<h2>Le statut juridique des truffes \u00e0 psilocybine<\/h2>\n<p>Les truffes \u00e0 psilocybine fra\u00eeches sont totalement l\u00e9gales aux Pays-Bas. Elles peuvent \u00eatre librement produites, commercialis\u00e9es et vendues. Elles ne sont explicitement pas des champignons, elles ont donc un statut juridique diff\u00e9rent.  <\/p>\n<p>Les truffes que nous vendons rel\u00e8vent des compl\u00e9ments alimentaires conform\u00e9ment aux directives europ\u00e9ennes et respectent toutes les normes de s\u00e9curit\u00e9 applicables.<\/p>\n<p>Plus pr\u00e9cis\u00e9ment, les truffes \u00e0 psilocybine rel\u00e8vent des directives europ\u00e9ennes concernant, entre autres, les herbes. L&rsquo;EFSA, l&rsquo;Autorit\u00e9 europ\u00e9enne de s\u00e9curit\u00e9 des aliments, d\u00e9clare qu&rsquo;il s&rsquo;agit de produits botaniques. L&rsquo;EFSA elle-m\u00eame indique sur son site web : \u00ab Les produits botaniques et les pr\u00e9parations d\u00e9riv\u00e9es de plantes, d&rsquo;algues, de champignons ou de lichens sont g\u00e9n\u00e9ralement disponibles sur le march\u00e9 de l&rsquo;UE sous forme de compl\u00e9ments alimentaires \u00bb.  <\/p>\n<p>Les truffes \u00e0 psilocybine ne contiennent que 1 \u00e0 2 milligrammes de psilocybine par gramme de truffes fra\u00eeches.<\/p>\n<p>Les truffes qui constituent la mati\u00e8re premi\u00e8re de notre produit poussent \u00e0 partir du sol. Le processus naturel conduit \u00e0 des champignons fermes et secs, et explicitement pas \u00e0 des champignons. Le produit ne rel\u00e8ve donc pas de la loi sur les champignons. Cela rend les truffes \u00e0 psilocybine l\u00e9gales, alors que les champignons (magiques) ne le sont pas.   <\/p>\n<p>Depuis plusieurs incidents impliquant des champignons magiques en 2008, notamment \u00e0 Amsterdam, le gouvernement n\u00e9erlandais a d\u00e9clar\u00e9 les champignons frais ill\u00e9gaux. La loi ne mentionne que \u00ab le champignon \u00bb. La truffe magique \u00e0 psilocybine n&rsquo;est pas un champignon, mais un substrat de champignon connu sous le nom de scl\u00e9rote.  <\/p>\n<h2>Truffes \u00e0 psilocybine fra\u00eeches : 100 % l\u00e9gales aux Pays-Bas<\/h2>\n<p>La substance hallucinog\u00e8ne des truffes \u00e0 psilocybine qui procure l&rsquo;effet magique est r\u00e9pertori\u00e9e dans la Convention sur les substances psychotropes (PDF). Cela signifie que la possession de psilocybine pure est interdite. <\/p>\n<p>Il existe une exception pour les produits naturels car les Nations Unies ont constat\u00e9 que la<br \/>\nsubstance se trouve dans de nombreux champignons. La Convention sur les substances psychotropes (article 32, point 12) mentionne explicitement que les cactus Peyote et les truffes Psilocybe, entre autres, sont exclus de la Convention, ils sont donc l\u00e9gaux. <\/p>\n<p>La possession de truffes \u00e0 psilocybine est donc totalement l\u00e9gale. Ce n&rsquo;est que si tu extrais ou synth\u00e9tises les substances psychoactives que tu es en infraction avec la l\u00e9gislation actuelle. <\/p>\n<h2>Exp\u00e9dition vers d&rsquo;autres pays (UE)<\/h2>\n<p>Les truffes \u00e0 psilocybine sont l\u00e9gales aux Pays-Bas. Cela signifie que, sur la base du principe de reconnaissance mutuelle des marchandises au sein de la Commission europ\u00e9enne, elles peuvent \u00eatre exp\u00e9di\u00e9es vers tous les autres pays de l&rsquo;UE. Le trait\u00e9 de l&rsquo;UE stipule que si un produit est l\u00e9gal dans un pays, il peut \u00eatre vendu et exp\u00e9di\u00e9 vers tout autre pays de l&rsquo;UE.  <a href=\"https:\/\/single-market-economy.ec.europa.eu\/single-market\/goods\/free-movement-sectors\/mutual-recognition-goods_en\" target=\"_blank\" rel=\"noopener\"> (PLUS D&rsquo;INFOS)<\/a><\/p>\n<p>Chez GO Microdose, nous sommes autoris\u00e9s \u00e0 exp\u00e9dier nos truffes \u00e0 psilocybine \u00e0 toute personne r\u00e9sidant dans l&rsquo;UE.<\/p>\n<p>Aux Pays-Bas, les Smartshops sont des entreprises 100 % l\u00e9gales et, aux Pays-Bas, tous les produits que nous vendons destin\u00e9s \u00e0 la consommation sont contr\u00f4l\u00e9s en vertu de la loi sur les produits de base et sous la supervision de l&rsquo;Autorit\u00e9 n\u00e9erlandaise de s\u00e9curit\u00e9 des aliments et des produits de consommation (NVWA).<\/p>\n<p>Le Point de coordination pour l&rsquo;\u00e9valuation et la surveillance des nouvelles drogues (CAM fait partie de l&rsquo;Institut national de la sant\u00e9 publique et de l&rsquo;environnement (RIVM)) a effectu\u00e9 une \u00e9valuation des risques pour les scl\u00e9rotes, \u00e9galement appel\u00e9es truffes hallucinog\u00e8nes \/ magiques. Le CAM a conclu que le nombre d&rsquo;incidents sanitaires li\u00e9s \u00e0 l&rsquo;utilisation de scl\u00e9rotes est tr\u00e8s faible. Sur la base du rapport du CAM, les Pays-Bas ont d\u00e9cid\u00e9 de ne pas interdire les scl\u00e9rotes.  <\/p>\n<p>Extrait d&rsquo;une lettre dat\u00e9e du 13 septembre 2001 de Herbert Schaepe, secr\u00e9taire de la Commission internationale de contr\u00f4le des stup\u00e9fiants de l&rsquo;ONU, au minist\u00e8re n\u00e9erlandais de la Sant\u00e9 :<\/p>\n<p>\u00ab En vertu du droit international, il n&rsquo;y a actuellement aucune plante (mat\u00e9riel naturel) contenant de la psilocine et de la psilocybine sous le contr\u00f4le de la Convention de 1971 sur les substances psychotropes \u00bb.<\/p>\n<p>Dans la plupart des \u00c9tats membres de l&rsquo;ONU, les plantes (mat\u00e9riel naturel) contenant de la psilocine et de la psilocybine sont apparemment l\u00e9gales. Au sein de l&rsquo;UE, il existe un droit \u00e0 la libre circulation des marchandises. Cependant, les pays ayant des politiques antidrogue restrictives ont modifi\u00e9 leurs lois. Nous n&rsquo;avons pas les ressources n\u00e9cessaires pour v\u00e9rifier si les scl\u00e9rotes et les truffes sont l\u00e9gales ou non dans chaque \u00c9tat membre de l&rsquo;UE. Nous te conseillons vivement de d&rsquo;abord enqu\u00eater et de d\u00e9terminer si les scl\u00e9rotes ou les truffes sont l\u00e9gales dans le pays o\u00f9 tu vis. Tous les produits que nous vendons sont l\u00e9gaux aux Pays-Bas, le statut juridique de nos produits en dehors des Pays-Bas diff\u00e8re selon les pays. Bien que nous exp\u00e9dions nos produits dans la plupart des pays du monde, il est de la responsabilit\u00e9 du client de v\u00e9rifier le statut juridique des produits dans le pays o\u00f9 tu commandes l&rsquo;envoi de ton colis. Tu d\u00e9gages donc automatiquement GO Microdose de toute forme de responsabilit\u00e9 l\u00e9gale.       <\/p>\n<p><strong>Droit europ\u00e9en<\/strong><\/p>\n<p>Le droit commercial de l&rsquo;UE stipule que si un produit est l\u00e9gal dans un pays de l&rsquo;UE, il est de ce fait l\u00e9gal dans TOUS les pays de l&rsquo;UE. Donc, si nos types de produits ne sont pas autoris\u00e9s par ton gouvernement : l&rsquo;interdiction dans ton pays est ill\u00e9gale, pas nos produits. Cette logique d\u00e9coule de la jurisprudence qui a rel\u00e9galis\u00e9 l&rsquo;absinthe dans l&rsquo;UE.  <\/p>\n<p>Nos produits sont 100 % l\u00e9gaux en Hollande. Il n&rsquo;y a pas de priorit\u00e9 pour le contr\u00f4le douanier dans les pays de l&rsquo;UE pour rechercher des produits \u00e0 base de champignons. Les risques pour la sant\u00e9 li\u00e9s aux champignons sont tr\u00e8s faibles, compar\u00e9s \u00e0 d&rsquo;autres drogues comme l&rsquo;alcool ou la coca\u00efne.  <\/p>\n<p>Bien que GO Microdose soit l\u00e9galement autoris\u00e9 \u00e0 exp\u00e9dier nos produits \u00e0 tout citoyen de l&rsquo;UE, il est important de noter que certains pays, \u00c9tats ou juridictions locales peuvent avoir leurs propres r\u00e9glementations qui interdisent certains produits. Il est de ta responsabilit\u00e9 de v\u00e9rifier le statut juridique actuel de notre produit dans ta juridiction avant de faire un achat. En achetant des produits sur notre site web, tu acceptes de te conformer \u00e0 toutes les lois locales et r\u00e9glementations douani\u00e8res concernant l&rsquo;importation de notre produit. Tu es seul responsable de t&rsquo;assurer que le produit que tu commandes est l\u00e9gal dans ton pays. Veuillez noter que GO Microdose n&rsquo;est pas responsable des marchandises saisies ou stock\u00e9es par des tiers tels que les douanes ou les autorit\u00e9s charg\u00e9es de l&rsquo;application de la loi dans ton pays. Il t&rsquo;appartient de t&rsquo;assurer que ta commande est conforme \u00e0 toutes les lois et r\u00e9glementations pertinentes.     <\/p>\n<p><strong>Exp\u00e9dition vers les pays non membres de l&rsquo;UE<\/strong><\/p>\n<p class=\"p1\">Nous avons un solide historique de livraisons r\u00e9ussies et sans probl\u00e8me vers de nombreux pays du monde entier. Notre exp\u00e9rience en mati\u00e8re d&rsquo;exp\u00e9dition vers diverses destinations internationales, y compris des envois quotidiens vers le Royaume-Uni, les \u00c9tats-Unis et d&rsquo;autres, nous a dot\u00e9s du savoir-faire n\u00e9cessaire pour assurer une livraison fluide et efficace de tes commandes. <\/p>\n<p class=\"p1\">Mais nous devons dire qu&rsquo;il est important de noter que si tous nos produits sont l\u00e9gaux aux Pays-Bas, le statut juridique peut diff\u00e9rer dans d&rsquo;autres pays. Nous t&rsquo;encourageons \u00e0 v\u00e9rifier les lois de ton pays concernant les produits qui t&rsquo;int\u00e9ressent. Nous n&rsquo;avons actuellement pas la capacit\u00e9 de surveiller et de nous tenir constamment inform\u00e9s des paysages juridiques en constante \u00e9volution dans tous les pays o\u00f9 nous exp\u00e9dions.  <\/p>\n<p class=\"p1\"> Rassure-toi, nous nous engageons \u00e0 offrir une exp\u00e9rience d&rsquo;exp\u00e9dition fluide. Si tu as d&rsquo;autres questions ou si tu as besoin d&rsquo;aide pour quoi que ce soit d&rsquo;autre, n&rsquo;h\u00e9site pas \u00e0 nous contacter. Nous sommes l\u00e0 pour nous assurer que ton exp\u00e9rience avec nous est agr\u00e9able et sans accroc.  <\/p>\n<p class=\"p1\"><b>Exp\u00e9dition vers le Royaume-Uni<\/b><b><\/b><\/p>\n<p class=\"p1\">Nous sommes ravis d&rsquo;annoncer une am\u00e9lioration significative de notre succ\u00e8s de livraison vers le Royaume-Uni, affichant un taux d&rsquo;arriv\u00e9e de pr\u00e8s de 100 % depuis f\u00e9vrier 2024 apr\u00e8s l&rsquo;optimisation de nos m\u00e9thodes d&rsquo;exp\u00e9dition. Cette am\u00e9lioration a consolid\u00e9 notre capacit\u00e9 \u00e0 fournir un service rapide et fiable. <\/p>\n<p class=\"p1\">Au c\u0153ur de notre mission se trouve l&rsquo;engagement de garantir que les personnes du monde entier, m\u00eame dans les r\u00e9gions o\u00f9 les cadres r\u00e9glementaires sont complexes, aient acc\u00e8s \u00e0 nos produits. Nous naviguons dans les nuances juridiques complexes avec diligence et soin. Bien que les truffes ne soient pas explicitement couvertes par la loi britannique sur l&rsquo;abus de drogues, la substance active, la psilocybine, est contr\u00f4l\u00e9e. Cela signifie que nos truffes occupent une position juridique nuanc\u00e9e, mais nous avons r\u00e9ussi \u00e0 g\u00e9rer ces r\u00e9glementations pour maintenir notre dossier de livraison impeccable.   <\/p>\n<p class=\"p1\">Nous continuons \u00e0 proposer une exp\u00e9dition discr\u00e8te \u00e0 travers le Royaume-Uni, garantissant que ta vie priv\u00e9e et ta s\u00e9curit\u00e9 sont toujours prioritaires. Il est essentiel que les clients soient conscients de leurs lois locales et des responsabilit\u00e9s impliqu\u00e9es lors de l&rsquo;achat de tels produits. <\/p>\n<p class=\"p1\">Nous encourageons tous nos clients \u00e0 se familiariser avec les r\u00e9glementations locales concernant nos produits. Bien que nous nous efforcions de maintenir nos informations \u00e0 jour, suivre chaque changement juridique dans chaque juridiction que nous desservons est un d\u00e9fi. <\/p>\n<p class=\"p1\">Notre engagement \u00e0 offrir une exp\u00e9rience d&rsquo;exp\u00e9dition fluide et sans tracas est in\u00e9branlable. Si tu as des questions, besoin d&rsquo;informations suppl\u00e9mentaires ou d&rsquo;une assistance suppl\u00e9mentaire, n&rsquo;h\u00e9site pas \u00e0 nous contacter. Nous sommes l\u00e0 pour garantir ta satisfaction et une exp\u00e9rience agr\u00e9able \u00e0 chaque commande.  <\/p>\n<p class=\"p1\">Cet ajout souligne ta mission mondiale et le soin que tu apportes \u00e0 relever les d\u00e9fis r\u00e9glementaires pour rendre ces produits accessibles dans le monde entier.<\/p>\n<p>&nbsp;<\/p>\n<p class=\"p1\"><span style=\"font-size: 2em;\">Avertissement<\/span><\/p>\n<p>Tu commandes des aides au microdosage pour adultes chez GO Microdose. Nous livrons aux adultes qui souhaitent microdoser de leur propre initiative. Les truffes \u00e0 psilocybine ne remplacent pas l&rsquo;aide m\u00e9dicale professionnelle, l&rsquo;aide th\u00e9rapeutique ou les conseils de sant\u00e9.  <\/p>\n<p>Contacte toujours ton m\u00e9decin g\u00e9n\u00e9raliste ou le GGZ si tu as des plaintes m\u00e9dicales ou psychologiques ou des sympt\u00f4mes de d\u00e9pression ou d&rsquo;anxi\u00e9t\u00e9. GO Microdose n&rsquo;encourage en aucun cas l&rsquo;utilisation de psych\u00e9d\u00e9liques ill\u00e9gaux. Nous n&rsquo;agissons donc pas contre la loi. GO Microdose ne peut \u00eatre tenu responsable des actes ill\u00e9gaux et de la possession de substances ill\u00e9gales.   [\/vc_column_text][vc_row_inner][vc_column_inner width=\u00a0\u00bb8\/12&Prime;][vc_custom_heading text=\u00a0\u00bbDes questions ou des remarques ?\u00a0\u00bb use_theme_fonts=\u00a0\u00bbyes\u00a0\u00bb el_class=\u00a0\u00bbcontact-form-title\u00a0\u00bb]\n<div class=\"wpcf7 no-js\" id=\"wpcf7-f58335-o1\" lang=\"fr-FR\" dir=\"ltr\" data-wpcf7-id=\"58335\">\n<div class=\"screen-reader-response\"><p role=\"status\" aria-live=\"polite\" aria-atomic=\"true\"><\/p> <ul><\/ul><\/div>\n<form action=\"\/fr\/wp-json\/wp\/v2\/pages\/63921#wpcf7-f58335-o1\" method=\"post\" class=\"wpcf7-form init\" aria-label=\"Formulaire de contact\" novalidate=\"novalidate\" data-status=\"init\">\n<fieldset class=\"hidden-fields-container\"><input type=\"hidden\" name=\"_wpcf7\" value=\"58335\" \/><input type=\"hidden\" name=\"_wpcf7_version\" value=\"6.1.5\" \/><input type=\"hidden\" name=\"_wpcf7_locale\" value=\"fr_FR\" \/><input type=\"hidden\" name=\"_wpcf7_unit_tag\" value=\"wpcf7-f58335-o1\" \/><input type=\"hidden\" name=\"_wpcf7_container_post\" value=\"0\" \/><input type=\"hidden\" name=\"_wpcf7_posted_data_hash\" value=\"\" \/><input type=\"hidden\" name=\"_wpcf7_recaptcha_response\" value=\"\" \/>\n<\/fieldset>\n<div class=\"contact-form\">\n\t<div class=\"form-row\">\n\t\t<p><span class=\"wpcf7-form-control-wrap\" data-name=\"Naam\"><input size=\"40\" maxlength=\"400\" class=\"wpcf7-form-control wpcf7-text form-field\" aria-invalid=\"false\" placeholder=\"Nom\" value=\"\" type=\"text\" name=\"Naam\" \/><\/span>\n\t\t<\/p>\n\t<\/div>\n\t<div class=\"form-row\">\n\t\t<p><span class=\"wpcf7-form-control-wrap\" data-name=\"Email\"><input size=\"40\" maxlength=\"400\" class=\"wpcf7-form-control wpcf7-email wpcf7-validates-as-required wpcf7-text wpcf7-validates-as-email form-field\" aria-required=\"true\" aria-invalid=\"false\" placeholder=\"E-mail\" value=\"\" type=\"email\" name=\"Email\" \/><\/span>\n\t\t<\/p>\n\t<\/div>\n\t<div class=\"form-row\">\n\t\t<p><span class=\"wpcf7-form-control-wrap\" data-name=\"your-message\"><textarea cols=\"40\" rows=\"10\" maxlength=\"2000\" class=\"wpcf7-form-control wpcf7-textarea form-field\" aria-invalid=\"false\" placeholder=\"Question ou remarque\u2026\" name=\"your-message\"><\/textarea><\/span>\n\t\t<\/p>\n\t<\/div>\n\t<div class=\"form-row checkbox\">\n\t\t<p><span class=\"wpcf7-form-control-wrap\" data-name=\"agree\"><span class=\"wpcf7-form-control wpcf7-acceptance\"><span class=\"wpcf7-list-item\"><label><input type=\"checkbox\" name=\"agree\" value=\"1\" aria-invalid=\"false\" \/><span class=\"wpcf7-list-item-label\">J\u2019accepte la <a href=\"\/privacy-policy\/\" target=\"_blank\">d\u00e9claration de confidentialit\u00e9<\/a><\/span><\/label><\/span><\/span><\/span>\n\t\t<\/p>\n\t<\/div>\n\t<div class=\"form-row\">\n\t<span class=\"wpcf7-form-control-wrap recaptcha\" data-name=\"recaptcha\"><span data-sitekey=\"6LcxYnAUAAAAAK0N-eell9CfBJrJukJ8yVIG3u5S\" class=\"wpcf7-form-control wpcf7-recaptcha g-recaptcha\"><\/span>\r\n<noscript>\r\n\t<div class=\"grecaptcha-noscript\">\r\n\t\t<iframe src=\"https:\/\/www.google.com\/recaptcha\/api\/fallback?k=6LcxYnAUAAAAAK0N-eell9CfBJrJukJ8yVIG3u5S\" frameborder=\"0\" scrolling=\"no\" width=\"310\" height=\"430\">\r\n\t\t<\/iframe>\r\n\t\t<textarea name=\"g-recaptcha-response\" rows=\"3\" cols=\"40\" placeholder=\"reCaptcha Response Here\">\r\n\t\t<\/textarea>\r\n\t<\/div>\r\n<\/noscript>\r\n<\/span>\n\t<\/div>\n\t<div class=\"form-row submit\">\n\t\t<p><button class=\"button vc_btn3-style-modern\"><input class=\"wpcf7-form-control wpcf7-submit has-spinner\" type=\"submit\" value=\"Envoyer\" \/><\/button>\n\t\t<\/p>\n\t<\/div>\n<\/div><div class=\"wpcf7-response-output\" aria-hidden=\"true\"><\/div>\n<\/form>\n<\/div>\n[\/vc_column_inner][vc_column_inner width=\u00a0\u00bb4\/12&Prime;][\/vc_column_inner][\/vc_row_inner][\/vc_column][vc_column width=\u00a0\u00bb2\/12&Prime;][\/vc_column][\/vc_row][\/vc_section]<\/p>\n<\/div>","protected":false},"excerpt":{"rendered":"<p>[vc_section full_width=\u00a0\u00bbstretch_row_content\u00a0\u00bb el_class=\u00a0\u00bbcontact-main-section-with-af with-link\u00a0\u00bb][vc_row el_class=\u00a0\u00bbcontainer pb-150&Prime;][vc_column width=\u00a0\u00bb2\/12&Prime;][\/vc_column][vc_column width=\u00a0\u00bb8\/12&Prime;][vc_custom_heading text=\u00a0\u00bbStatut juridique des truffes\u00a0\u00bb font_container=\u00a0\u00bbtag:div|text_align:center\u00a0\u00bb use_theme_fonts=\u00a0\u00bbyes\u00a0\u00bb el_class=\u00a0\u00bbpr-tag\u00a0\u00bb][vc_custom_heading text=\u00a0\u00bbLes truffes \u00e0 psilocybine sont-elles l\u00e9gales ?\u00a0\u00bb font_container=\u00a0\u00bbtag:h2|text_align:center\u00a0\u00bb use_theme_fonts=\u00a0\u00bbyes\u00a0\u00bb el_class=\u00a0\u00bbcontact-text\u00a0\u00bb][vc_column_text css=\u00a0\u00bb\u00a0\u00bb el_class=\u00a0\u00bbcontact-column\u00a0\u00bb] GO Microdose vend des truffes \u00e0 psilocybine fra\u00eechement pr\u00e9emball\u00e9es. Le statut juridique des truffes \u00e0 psilocybine Les truffes \u00e0 psilocybine fra\u00eeches sont totalement l\u00e9gales aux Pays-Bas. Elles peuvent [&hellip;]<\/p>\n","protected":false},"author":5548,"featured_media":0,"parent":0,"menu_order":0,"comment_status":"closed","ping_status":"closed","template":"","meta":{"_acf_changed":false,"footnotes":""},"class_list":["post-63921","page","type-page","status-publish","hentry"],"acf":[],"_links":{"self":[{"href":"https:\/\/go-microdose.com\/fr\/wp-json\/wp\/v2\/pages\/63921","targetHints":{"allow":["GET"]}}],"collection":[{"href":"https:\/\/go-microdose.com\/fr\/wp-json\/wp\/v2\/pages"}],"about":[{"href":"https:\/\/go-microdose.com\/fr\/wp-json\/wp\/v2\/types\/page"}],"author":[{"embeddable":true,"href":"https:\/\/go-microdose.com\/fr\/wp-json\/wp\/v2\/users\/5548"}],"replies":[{"embeddable":true,"href":"https:\/\/go-microdose.com\/fr\/wp-json\/wp\/v2\/comments?post=63921"}],"version-history":[{"count":0,"href":"https:\/\/go-microdose.com\/fr\/wp-json\/wp\/v2\/pages\/63921\/revisions"}],"wp:attachment":[{"href":"https:\/\/go-microdose.com\/fr\/wp-json\/wp\/v2\/media?parent=63921"}],"curies":[{"name":"wp","href":"https:\/\/api.w.org\/{rel}","templated":true}]}}