{"id":57414,"date":"2023-11-09T15:05:00","date_gmt":"2023-11-09T15:05:00","guid":{"rendered":"https:\/\/go-microdose.com\/product\/broyeur-a-truffes-magiques\/"},"modified":"2026-04-06T07:53:24","modified_gmt":"2026-04-06T05:53:24","slug":"broyeur-a-truffes-magiques","status":"publish","type":"product","link":"https:\/\/go-microdose.com\/fr\/produit\/broyeur-a-truffes-magiques\/","title":{"rendered":"Broyeur \u00e0 truffes magiques"},"content":{"rendered":"<div class=\"wpb-content-wrapper\"><p>[vc_row][vc_column][vc_column_text]Exploite tout le potentiel des truffes magiques avec une facilit\u00e9 in\u00e9gal\u00e9e gr\u00e2ce \u00e0 notre broyeur \u00e0 truffes innovant. Cet accessoire judicieusement con\u00e7u est la cl\u00e9 d\u2019une exp\u00e9rience simplifi\u00e9e et agr\u00e9able, id\u00e9ale tant pour les novices que pour les psychonautes chevronn\u00e9s. Oublie le go\u00fbt souvent difficile et amer des truffes crues : notre broyeur les transforme sans effort en une p\u00e2te app\u00e9tissante, pr\u00eate \u00e0 \u00eatre consomm\u00e9e sans tracas.  <\/p>\n<p>Con\u00e7u pour durer, son plastique robuste r\u00e9siste aux rigueurs d\u2019une utilisation fr\u00e9quente, garantissant que ta pr\u00e9paration soit toujours \u00e0 port\u00e9e de main. Ses dimensions compactes de seulement 8 cm sur 4,5 cm en font un ajout discret \u00e0 toute cuisine ou sac de voyage. Que tu te pr\u00e9pares pour une soir\u00e9e calme d\u2019introspection ou un moment partag\u00e9 entre amis, ce broyeur est ton fid\u00e8le alli\u00e9.  <\/p>\n<p>Simple de conception mais performant, le broyeur \u00e0 truffes magiques est pens\u00e9 pour ton confort. Son m\u00e9canisme de rotation est fluide et n\u00e9cessite un effort minimal, broyant m\u00eame les truffes les plus fermes en une consistance cr\u00e9meuse. Cela facilite non seulement la consommation, mais aide aussi \u00e0 une absorption plus rapide, permettant aux effets des truffes de commencer sans d\u00e9lai.  <\/p>\n<p>Le nettoyage apr\u00e8s usage est un jeu d\u2019enfant : le broyeur passe enti\u00e8rement au lave-vaisselle, te permettant de maintenir une hygi\u00e8ne parfaite sans effort suppl\u00e9mentaire. Ainsi, ton broyeur est toujours pr\u00eat quand tu en as besoin, t\u2019offrant une tranquillit\u00e9 d\u2019esprit et une pr\u00e9sence constante dans ton kit de psychonaute.[\/vc_column_text][\/vc_column][\/vc_row]<\/p>\n<\/div>","protected":false},"excerpt":{"rendered":"<ul>\n<li>Transforme les truffes en une p\u00e2te facile \u00e0 consommer.<\/li>\n<li>Simplifie l\u2019ingestion et am\u00e9liore le profil aromatique.<\/li>\n<li>Conception en plastique durable de haute qualit\u00e9.<\/li>\n<li>Format compact : 8 cm x 4,5 cm, id\u00e9al pour les voyages.<\/li>\n<li>Lavable au lave-vaisselle pour un nettoyage sans effort.<\/li>\n<li>M\u00e9canisme de broyage fluide pour une pr\u00e9paration rapide.<\/li>\n<li>Favorise une absorption plus rapide des compos\u00e9s actifs des truffes.<\/li>\n<li>Id\u00e9al pour le microdosage comme pour les exp\u00e9riences psych\u00e9d\u00e9liques compl\u00e8tes.<\/li>\n<\/ul>\n","protected":false},"featured_media":57423,"comment_status":"open","ping_status":"closed","template":"","meta":{"_acf_changed":false},"product_brand":[],"product_cat":[187],"product_tag":[],"giftcard-category":[],"class_list":{"0":"post-57414","1":"product","2":"type-product","3":"status-publish","4":"has-post-thumbnail","6":"product_cat-accessoires","7":"product_shipping_class-grande-boite","9":"first","10":"instock","11":"taxable","12":"shipping-taxable","13":"purchasable","14":"product-type-simple"},"acf":[],"_links":{"self":[{"href":"https:\/\/go-microdose.com\/fr\/wp-json\/wp\/v2\/product\/57414","targetHints":{"allow":["GET"]}}],"collection":[{"href":"https:\/\/go-microdose.com\/fr\/wp-json\/wp\/v2\/product"}],"about":[{"href":"https:\/\/go-microdose.com\/fr\/wp-json\/wp\/v2\/types\/product"}],"replies":[{"embeddable":true,"href":"https:\/\/go-microdose.com\/fr\/wp-json\/wp\/v2\/comments?post=57414"}],"wp:featuredmedia":[{"embeddable":true,"href":"https:\/\/go-microdose.com\/fr\/wp-json\/wp\/v2\/media\/57423"}],"wp:attachment":[{"href":"https:\/\/go-microdose.com\/fr\/wp-json\/wp\/v2\/media?parent=57414"}],"wp:term":[{"taxonomy":"product_brand","embeddable":true,"href":"https:\/\/go-microdose.com\/fr\/wp-json\/wp\/v2\/product_brand?post=57414"},{"taxonomy":"product_cat","embeddable":true,"href":"https:\/\/go-microdose.com\/fr\/wp-json\/wp\/v2\/product_cat?post=57414"},{"taxonomy":"product_tag","embeddable":true,"href":"https:\/\/go-microdose.com\/fr\/wp-json\/wp\/v2\/product_tag?post=57414"},{"taxonomy":"giftcard-category","embeddable":true,"href":"https:\/\/go-microdose.com\/fr\/wp-json\/wp\/v2\/giftcard-category?post=57414"}],"curies":[{"name":"wp","href":"https:\/\/api.w.org\/{rel}","templated":true}]}}