{"id":57449,"date":"2023-11-09T16:34:49","date_gmt":"2023-11-09T16:34:49","guid":{"rendered":"https:\/\/go-microdose.com\/product\/tapis-chauffant-pour-champignons-infrarouge\/"},"modified":"2026-04-06T07:51:22","modified_gmt":"2026-04-06T05:51:22","slug":"tapis-chauffant-pour-champignons-infrarouge","status":"publish","type":"product","link":"https:\/\/go-microdose.com\/fr\/produit\/tapis-chauffant-pour-champignons-infrarouge\/","title":{"rendered":"Tapis chauffant pour champignons (infrarouge)"},"content":{"rendered":"<div class=\"wpb-content-wrapper\"><p>[vc_row][vc_column][vc_column_text]Lib\u00e8re tout le potentiel de ta culture de champignons avec notre tapis chauffant infrarouge de pointe. Con\u00e7u pour offrir une source de chaleur douce et constante, ce tapis est un outil essentiel pour les cultivateurs d\u00e9butants comme exp\u00e9riment\u00e9s. Avec ses dimensions pratiques de 15&#215;28 cm, il accueille parfaitement la plupart des kits de culture, garantissant que tes champignons n\u2019aient jamais froid aux pieds.  <\/p>\n<p>Notre tapis chauffant utilise la puissance de la technologie infrarouge pour \u00e9lever doucement la temp\u00e9rature jusqu\u2019\u00e0 un niveau optimal de 24 \u00b0C, acc\u00e9l\u00e9rant la colonisation et garantissant une r\u00e9colte abondante. Place simplement le tapis sous ton kit de culture, assure une circulation d\u2019air ad\u00e9quate et laisse la magie de l\u2019infrarouge op\u00e9rer. \u00c9quip\u00e9 d\u2019une prise europ\u00e9enne, le tapis fonctionne sur du 220-240 V standard, 50 Hz, avec une faible consommation de 7 W.  <\/p>\n<p>Au-del\u00e0 de ses prouesses techniques, ce tapis chauffant b\u00e9n\u00e9ficie d\u2019une conception robuste. Il est con\u00e7u pour r\u00e9sister aux exigences de la culture de champignons sans avoir besoin d\u2019\u00eatre pli\u00e9, coup\u00e9, perc\u00e9 ou agraf\u00e9. Pour ta s\u00e9curit\u00e9 et la long\u00e9vit\u00e9 du produit, garde-le au sec et \u00e0 l\u2019\u00e9cart des liquides.  <\/p>\n<p>Que tu souhaites lancer ta culture de champignons ou donner un coup de pouce thermique \u00e0 ton installation actuelle, notre tapis chauffant infrarouge est la solution id\u00e9ale pour une chaleur constante et contr\u00f4l\u00e9e, cr\u00e9ant l\u2019environnement parfait pour l\u2019\u00e9panouissement de tes champignons.[\/vc_column_text][\/vc_column][\/vc_row]<\/p>\n<\/div>","protected":false},"excerpt":{"rendered":"<ul>\n<li>Optimise la croissance des champignons avec une chaleur constante<\/li>\n<li>Tapis chauffant infrarouge con\u00e7u pour la culture de champignons<\/li>\n<li>Mesure 15&#215;28 cm, s\u2019adapte \u00e0 la plupart des kits de culture standards<\/li>\n<li>Maintient une temp\u00e9rature id\u00e9ale de 24 \u00b0C pour les champignons<\/li>\n<li>Avec prise europ\u00e9enne, fonctionne \u00e0 220-240 V, 50 Hz et 7 W<\/li>\n<li>Ne pas plier, couper, percer ou immerger dans des liquides<\/li>\n<li>Am\u00e9liore les phases de colonisation et de fructification des champignons<\/li>\n<\/ul>\n","protected":false},"featured_media":57674,"comment_status":"open","ping_status":"closed","template":"","meta":{"_acf_changed":false},"product_brand":[],"product_cat":[187],"product_tag":[],"giftcard-category":[],"class_list":{"0":"post-57449","1":"product","2":"type-product","3":"status-publish","4":"has-post-thumbnail","6":"product_cat-accessoires","8":"first","9":"instock","10":"taxable","11":"shipping-taxable","12":"purchasable","13":"product-type-simple"},"acf":[],"_links":{"self":[{"href":"https:\/\/go-microdose.com\/fr\/wp-json\/wp\/v2\/product\/57449","targetHints":{"allow":["GET"]}}],"collection":[{"href":"https:\/\/go-microdose.com\/fr\/wp-json\/wp\/v2\/product"}],"about":[{"href":"https:\/\/go-microdose.com\/fr\/wp-json\/wp\/v2\/types\/product"}],"replies":[{"embeddable":true,"href":"https:\/\/go-microdose.com\/fr\/wp-json\/wp\/v2\/comments?post=57449"}],"wp:featuredmedia":[{"embeddable":true,"href":"https:\/\/go-microdose.com\/fr\/wp-json\/wp\/v2\/media\/57674"}],"wp:attachment":[{"href":"https:\/\/go-microdose.com\/fr\/wp-json\/wp\/v2\/media?parent=57449"}],"wp:term":[{"taxonomy":"product_brand","embeddable":true,"href":"https:\/\/go-microdose.com\/fr\/wp-json\/wp\/v2\/product_brand?post=57449"},{"taxonomy":"product_cat","embeddable":true,"href":"https:\/\/go-microdose.com\/fr\/wp-json\/wp\/v2\/product_cat?post=57449"},{"taxonomy":"product_tag","embeddable":true,"href":"https:\/\/go-microdose.com\/fr\/wp-json\/wp\/v2\/product_tag?post=57449"},{"taxonomy":"giftcard-category","embeddable":true,"href":"https:\/\/go-microdose.com\/fr\/wp-json\/wp\/v2\/giftcard-category?post=57449"}],"curies":[{"name":"wp","href":"https:\/\/api.w.org\/{rel}","templated":true}]}}