{"id":57478,"date":"2023-11-10T05:18:21","date_gmt":"2023-11-10T05:18:21","guid":{"rendered":"https:\/\/go-microdose.com\/product\/cotae-chaga-liquide\/"},"modified":"2026-04-06T07:51:01","modified_gmt":"2026-04-06T05:51:01","slug":"cotae-chaga-liquide","status":"publish","type":"product","link":"https:\/\/go-microdose.com\/fr\/produit\/cotae-chaga-liquide\/","title":{"rendered":"C\u014dtae Chaga liquide"},"content":{"rendered":"<div class=\"wpb-content-wrapper\"><p>[vc_row][vc_column][vc_column_text]L\u2019extrait liquide de Chaga de C\u014dtae incarne le titre respect\u00e9 de \u00ab roi de la for\u00eat \u00bb, t\u00e9moignant de son pass\u00e9 riche et de ses bienfaits puissants. Cette teinture capture l\u2019essence du Chaga, un scl\u00e9rote nutritif pris\u00e9 en Sib\u00e9rie, en Chine et en Scandinavie pour ses vertus immunitaires. <\/p>\n<p>Notre extrait liquide ne se contente pas d\u2019apporter du bien-\u00eatre ; il offre un lien pratique avec un rem\u00e8de ancestral. Gr\u00e2ce \u00e0 une triple extraction sophistiqu\u00e9e par ultrasons, nous pr\u00e9servons tout le spectre des substances vitales du Chaga. Standardis\u00e9e \u00e0 30 % de polysaccharides minimum, chaque goutte regorge de compos\u00e9s bioactifs soutenant l\u2019immunit\u00e9, la division cellulaire et la formation des globules rouges.  <\/p>\n<p>Adopter un rituel quotidien avec l\u2019extrait liquide de Chaga de C\u014dtae aide \u00e0 fortifier tes d\u00e9fenses naturelles et ta vitalit\u00e9. C\u2019est le choix id\u00e9al pour int\u00e9grer le pouvoir protecteur du Chaga \u00e0 ta routine et assurer une base de sant\u00e9 solide.[\/vc_column_text][\/vc_column][\/vc_row]<\/p>\n<\/div>","protected":false},"excerpt":{"rendered":"<p>L\u2019extrait liquide de Chaga de C\u014dtae incarne le titre respect\u00e9 de \u00ab roi de la for\u00eat \u00bb, t\u00e9moignant de son pass\u00e9 riche et de ses bienfaits puissants. Cette teinture capture l\u2019essence du Chaga, un scl\u00e9rote nutritif pris\u00e9 en Sib\u00e9rie, en Chine et en Scandinavie pour ses vertus immunitaires. <\/p>\n<p>Notre extrait liquide ne se contente pas d\u2019apporter du bien-\u00eatre ; il offre un lien pratique avec un rem\u00e8de ancestral. Gr\u00e2ce \u00e0 une triple extraction sophistiqu\u00e9e par ultrasons, nous pr\u00e9servons tout le spectre des substances vitales du Chaga. Standardis\u00e9e \u00e0 30 % de polysaccharides minimum, chaque goutte regorge de compos\u00e9s bioactifs soutenant l\u2019immunit\u00e9, la division cellulaire et la formation des globules rouges.  <\/p>\n<p>Adopter un rituel quotidien avec l\u2019extrait liquide de Chaga de C\u014dtae aide \u00e0 fortifier tes d\u00e9fenses naturelles et ta vitalit\u00e9. C\u2019est le choix id\u00e9al pour int\u00e9grer le pouvoir protecteur du Chaga \u00e0 ta routine et assurer une base de sant\u00e9 solide. <\/p>\n","protected":false},"featured_media":57480,"comment_status":"open","ping_status":"closed","template":"","meta":{"_acf_changed":false},"product_brand":[],"product_cat":[197],"product_tag":[],"giftcard-category":[],"class_list":{"0":"post-57478","1":"product","2":"type-product","3":"status-publish","4":"has-post-thumbnail","6":"product_cat-complements-aux-champignons","7":"product_shipping_class-grande-boite","9":"first","10":"instock","11":"taxable","12":"shipping-taxable","13":"purchasable","14":"product-type-simple"},"acf":[],"_links":{"self":[{"href":"https:\/\/go-microdose.com\/fr\/wp-json\/wp\/v2\/product\/57478","targetHints":{"allow":["GET"]}}],"collection":[{"href":"https:\/\/go-microdose.com\/fr\/wp-json\/wp\/v2\/product"}],"about":[{"href":"https:\/\/go-microdose.com\/fr\/wp-json\/wp\/v2\/types\/product"}],"replies":[{"embeddable":true,"href":"https:\/\/go-microdose.com\/fr\/wp-json\/wp\/v2\/comments?post=57478"}],"wp:featuredmedia":[{"embeddable":true,"href":"https:\/\/go-microdose.com\/fr\/wp-json\/wp\/v2\/media\/57480"}],"wp:attachment":[{"href":"https:\/\/go-microdose.com\/fr\/wp-json\/wp\/v2\/media?parent=57478"}],"wp:term":[{"taxonomy":"product_brand","embeddable":true,"href":"https:\/\/go-microdose.com\/fr\/wp-json\/wp\/v2\/product_brand?post=57478"},{"taxonomy":"product_cat","embeddable":true,"href":"https:\/\/go-microdose.com\/fr\/wp-json\/wp\/v2\/product_cat?post=57478"},{"taxonomy":"product_tag","embeddable":true,"href":"https:\/\/go-microdose.com\/fr\/wp-json\/wp\/v2\/product_tag?post=57478"},{"taxonomy":"giftcard-category","embeddable":true,"href":"https:\/\/go-microdose.com\/fr\/wp-json\/wp\/v2\/giftcard-category?post=57478"}],"curies":[{"name":"wp","href":"https:\/\/api.w.org\/{rel}","templated":true}]}}