{"id":57515,"date":"2023-11-10T05:15:50","date_gmt":"2023-11-10T05:15:50","guid":{"rendered":"https:\/\/go-microdose.com\/product\/cotae-cordyceps-liquide\/"},"modified":"2026-04-06T07:51:14","modified_gmt":"2026-04-06T05:51:14","slug":"cotae-cordyceps-liquide","status":"publish","type":"product","link":"https:\/\/go-microdose.com\/fr\/produit\/cotae-cordyceps-liquide\/","title":{"rendered":"C\u014dtae Cordyceps liquide"},"content":{"rendered":"<div class=\"wpb-content-wrapper\"><p>[vc_row][vc_column][vc_column_text]L\u2019extrait liquide de Cordyceps de C\u014dtae est un m\u00e9lange dynamique con\u00e7u pour booster ta qu\u00eate d\u2019\u00e9nergie et d\u2019endurance. Pris\u00e9 en m\u00e9decine traditionnelle tib\u00e9taine et chinoise, le champignon Cordyceps militaris est un \u00e9nergisant naturel, v\u00e9n\u00e9r\u00e9 par les athl\u00e8tes et les passionn\u00e9s de sant\u00e9. Notre extrait, issu de Cordyceps de culture durable, offre une alternative s\u00fbre et puissante aux vari\u00e9t\u00e9s sauvages, minimisant les m\u00e9taux lourds et maximisant les bienfaits.  <\/p>\n<p>Avec chaque goutte de cet extrait liquide, tu profites du potentiel du champignon pour activer l\u2019\u00e9nergie naturelle de ton corps et stimuler ta vigueur mentale. Cet \u00e9lixir concentr\u00e9 8:1 est ton alli\u00e9 au quotidien, te permettant de relever les d\u00e9fis physiques et cognitifs avec une vitalit\u00e9 renouvel\u00e9e. <\/p>\n<p>Notre engagement qualit\u00e9 se refl\u00e8te dans le choix d\u2019utiliser uniquement les corps fructif\u00e8res du Cordyceps militaris, garantissant un produit pur et puissant, standardis\u00e9 \u00e0 au moins 30 % de polysaccharides. Que tu sois athl\u00e8te, professionnel ou simplement en qu\u00eate d\u2019un boost naturel, l\u2019extrait liquide de Cordyceps de C\u014dtae est con\u00e7u pour soutenir ton mode de vie actif et booster tes performances.[\/vc_column_text][\/vc_column][\/vc_row]<\/p>\n<\/div>","protected":false},"excerpt":{"rendered":"<p>L\u2019extrait liquide de Cordyceps de C\u014dtae est un m\u00e9lange dynamique con\u00e7u pour booster ta qu\u00eate d\u2019\u00e9nergie et d\u2019endurance. Pris\u00e9 en m\u00e9decine traditionnelle tib\u00e9taine et chinoise, le champignon Cordyceps militaris est un \u00e9nergisant naturel, v\u00e9n\u00e9r\u00e9 par les athl\u00e8tes et les passionn\u00e9s de sant\u00e9. Notre extrait, issu de Cordyceps de culture durable, offre une alternative s\u00fbre et puissante aux vari\u00e9t\u00e9s sauvages, minimisant les m\u00e9taux lourds et maximisant les bienfaits.  <\/p>\n<p>Avec chaque goutte de cet extrait liquide, tu profites du potentiel du champignon pour activer l\u2019\u00e9nergie naturelle de ton corps et stimuler ta vigueur mentale. Cet \u00e9lixir concentr\u00e9 8:1 est ton alli\u00e9 au quotidien, te permettant de relever les d\u00e9fis physiques et cognitifs avec une vitalit\u00e9 renouvel\u00e9e. <\/p>\n<p>Notre engagement qualit\u00e9 se refl\u00e8te dans le choix d\u2019utiliser uniquement les corps fructif\u00e8res du Cordyceps militaris, garantissant un produit pur et puissant, standardis\u00e9 \u00e0 au moins 30 % de polysaccharides. Que tu sois athl\u00e8te, professionnel ou simplement en qu\u00eate d\u2019un boost naturel, l\u2019extrait liquide de Cordyceps de C\u014dtae est con\u00e7u pour soutenir ton mode de vie actif et booster tes performances. <\/p>\n","protected":false},"featured_media":57516,"comment_status":"open","ping_status":"closed","template":"","meta":{"_acf_changed":false},"product_brand":[],"product_cat":[197],"product_tag":[],"giftcard-category":[],"class_list":{"0":"post-57515","1":"product","2":"type-product","3":"status-publish","4":"has-post-thumbnail","6":"product_cat-complements-aux-champignons","7":"product_shipping_class-grande-boite","9":"first","10":"instock","11":"taxable","12":"shipping-taxable","13":"purchasable","14":"product-type-simple"},"acf":[],"_links":{"self":[{"href":"https:\/\/go-microdose.com\/fr\/wp-json\/wp\/v2\/product\/57515","targetHints":{"allow":["GET"]}}],"collection":[{"href":"https:\/\/go-microdose.com\/fr\/wp-json\/wp\/v2\/product"}],"about":[{"href":"https:\/\/go-microdose.com\/fr\/wp-json\/wp\/v2\/types\/product"}],"replies":[{"embeddable":true,"href":"https:\/\/go-microdose.com\/fr\/wp-json\/wp\/v2\/comments?post=57515"}],"wp:featuredmedia":[{"embeddable":true,"href":"https:\/\/go-microdose.com\/fr\/wp-json\/wp\/v2\/media\/57516"}],"wp:attachment":[{"href":"https:\/\/go-microdose.com\/fr\/wp-json\/wp\/v2\/media?parent=57515"}],"wp:term":[{"taxonomy":"product_brand","embeddable":true,"href":"https:\/\/go-microdose.com\/fr\/wp-json\/wp\/v2\/product_brand?post=57515"},{"taxonomy":"product_cat","embeddable":true,"href":"https:\/\/go-microdose.com\/fr\/wp-json\/wp\/v2\/product_cat?post=57515"},{"taxonomy":"product_tag","embeddable":true,"href":"https:\/\/go-microdose.com\/fr\/wp-json\/wp\/v2\/product_tag?post=57515"},{"taxonomy":"giftcard-category","embeddable":true,"href":"https:\/\/go-microdose.com\/fr\/wp-json\/wp\/v2\/giftcard-category?post=57515"}],"curies":[{"name":"wp","href":"https:\/\/api.w.org\/{rel}","templated":true}]}}