{"id":57520,"date":"2023-11-10T05:21:08","date_gmt":"2023-11-10T05:21:08","guid":{"rendered":"https:\/\/go-microdose.com\/product\/cotae-lions-mane-liquide\/"},"modified":"2026-04-06T07:50:59","modified_gmt":"2026-04-06T05:50:59","slug":"cotae-lions-mane-liquide","status":"publish","type":"product","link":"https:\/\/go-microdose.com\/fr\/produit\/cotae-lions-mane-liquide\/","title":{"rendered":"C\u014dtae Lions Mane liquide"},"content":{"rendered":"<div class=\"wpb-content-wrapper\"><p>[vc_row][vc_column][vc_column_text]Le Lion&rsquo;s Mane Liquide de C\u014dtae offre une approche dynamique pour la clart\u00e9 mentale et la concentration. Cette teinture puissante exploite le pouvoir du \u00ab Champignon Intelligent \u00bb, un nootropique v\u00e9n\u00e9r\u00e9, traditionnellement utilis\u00e9 au Japon pour son soutien aux fonctions mentales et \u00e0 la sant\u00e9 c\u00e9r\u00e9brale globale. Chaque goutte est une essence concentr\u00e9e du champignon Hericium erinaceus, connu pour stimuler la production du Facteur de Croissance Nerveuse (NGF) et soutenir la croissance neuronale et la fonction c\u00e9r\u00e9brale.  <\/p>\n<p>Notre Lion&rsquo;s Mane Liquide est une fusion sublime de sagesse ancestrale et de science moderne. Il d\u00e9livre les \u00e9ric\u00e9nones et \u00e9rinacines\u2014des alcalo\u00efdes qui renforcent significativement les processus cognitifs, l&rsquo;apprentissage et la m\u00e9moire. Cet extrait contribue non seulement \u00e0 l&rsquo;\u00e9quilibre mental mais revigore aussi avec une \u00e9nergie mentale, ce qui en fait un excellent choix pour ceux qui cherchent \u00e0 optimiser leur acuit\u00e9 mentale.  <\/p>\n<p>Chez GO Microdose, nous veillons \u00e0 ce que nos produits incarnent la puret\u00e9 de la nature. En utilisant uniquement les corps fructif\u00e8res et en \u00e9vitant le myc\u00e9lium cultiv\u00e9 sur grain et les agents de remplissage, notre extrait liquide reste puissant et non alt\u00e9r\u00e9. Chaque flacon de 30 ml contient 60 doses, fournissant un mois complet d&rsquo;approvisionnement de cet \u00e9lixir c\u00e9r\u00e9bral, standardis\u00e9 \u00e0 un ratio de concentration \u00e9lev\u00e9 de 8:1.  <\/p>\n<p>Int\u00e8gre notre Lion&rsquo;s Mane Liquide dans ta routine quotidienne pour d\u00e9bloquer un monde d&rsquo;am\u00e9lioration cognitive. Avec son application facile et son absorption rapide, c&rsquo;est un compl\u00e9ment id\u00e9al pour quiconque cherche \u00e0 \u00e9lever ses performances mentales et embrasser le plein potentiel de son esprit avec GO Microdose.[\/vc_column_text][\/vc_column][\/vc_row]<\/p>\n<\/div>","protected":false},"excerpt":{"rendered":"<p>Le Lion&rsquo;s Mane Liquide de C\u014dtae offre une approche dynamique pour la clart\u00e9 mentale et la concentration. Cette teinture puissante exploite le pouvoir du \u00ab Champignon Intelligent \u00bb, un nootropique v\u00e9n\u00e9r\u00e9, traditionnellement utilis\u00e9 au Japon pour son soutien aux fonctions mentales et \u00e0 la sant\u00e9 c\u00e9r\u00e9brale globale. Chaque goutte est une essence concentr\u00e9e du champignon Hericium erinaceus, connu pour stimuler la production du Facteur de Croissance Nerveuse (NGF) et soutenir la croissance neuronale et la fonction c\u00e9r\u00e9brale.  <\/p>\n<p>Notre Lion&rsquo;s Mane Liquide est une fusion sublime de sagesse ancestrale et de science moderne. Il d\u00e9livre les \u00e9ric\u00e9nones et \u00e9rinacines\u2014des alcalo\u00efdes qui renforcent significativement les processus cognitifs, l&rsquo;apprentissage et la m\u00e9moire. Cet extrait contribue non seulement \u00e0 l&rsquo;\u00e9quilibre mental mais revigore aussi avec une \u00e9nergie mentale, ce qui en fait un excellent choix pour ceux qui cherchent \u00e0 optimiser leur acuit\u00e9 mentale.  <\/p>\n<p>Chez GO Microdose, nous veillons \u00e0 ce que nos produits incarnent la puret\u00e9 de la nature. En utilisant uniquement les corps fructif\u00e8res et en \u00e9vitant le myc\u00e9lium cultiv\u00e9 sur grain et les agents de remplissage, notre extrait liquide reste puissant et non alt\u00e9r\u00e9. Chaque flacon de 30 ml contient 60 doses, fournissant un mois complet d&rsquo;approvisionnement de cet \u00e9lixir c\u00e9r\u00e9bral, standardis\u00e9 \u00e0 un ratio de concentration \u00e9lev\u00e9 de 8:1.  <\/p>\n<p>Int\u00e8gre notre Lion&rsquo;s Mane Liquide dans ta routine quotidienne pour d\u00e9bloquer un monde d&rsquo;am\u00e9lioration cognitive. Avec son application facile et son absorption rapide, c&rsquo;est un compl\u00e9ment id\u00e9al pour quiconque cherche \u00e0 \u00e9lever ses performances mentales et embrasser le plein potentiel de son esprit avec GO Microdose. <\/p>\n","protected":false},"featured_media":57524,"comment_status":"open","ping_status":"closed","template":"","meta":{"_acf_changed":false},"product_brand":[],"product_cat":[197],"product_tag":[],"giftcard-category":[],"class_list":{"0":"post-57520","1":"product","2":"type-product","3":"status-publish","4":"has-post-thumbnail","6":"product_cat-complements-aux-champignons","7":"product_shipping_class-grande-boite","9":"first","10":"instock","11":"taxable","12":"shipping-taxable","13":"purchasable","14":"product-type-simple"},"acf":[],"_links":{"self":[{"href":"https:\/\/go-microdose.com\/fr\/wp-json\/wp\/v2\/product\/57520","targetHints":{"allow":["GET"]}}],"collection":[{"href":"https:\/\/go-microdose.com\/fr\/wp-json\/wp\/v2\/product"}],"about":[{"href":"https:\/\/go-microdose.com\/fr\/wp-json\/wp\/v2\/types\/product"}],"replies":[{"embeddable":true,"href":"https:\/\/go-microdose.com\/fr\/wp-json\/wp\/v2\/comments?post=57520"}],"wp:featuredmedia":[{"embeddable":true,"href":"https:\/\/go-microdose.com\/fr\/wp-json\/wp\/v2\/media\/57524"}],"wp:attachment":[{"href":"https:\/\/go-microdose.com\/fr\/wp-json\/wp\/v2\/media?parent=57520"}],"wp:term":[{"taxonomy":"product_brand","embeddable":true,"href":"https:\/\/go-microdose.com\/fr\/wp-json\/wp\/v2\/product_brand?post=57520"},{"taxonomy":"product_cat","embeddable":true,"href":"https:\/\/go-microdose.com\/fr\/wp-json\/wp\/v2\/product_cat?post=57520"},{"taxonomy":"product_tag","embeddable":true,"href":"https:\/\/go-microdose.com\/fr\/wp-json\/wp\/v2\/product_tag?post=57520"},{"taxonomy":"giftcard-category","embeddable":true,"href":"https:\/\/go-microdose.com\/fr\/wp-json\/wp\/v2\/giftcard-category?post=57520"}],"curies":[{"name":"wp","href":"https:\/\/api.w.org\/{rel}","templated":true}]}}