{"id":57622,"date":"2023-11-10T05:40:21","date_gmt":"2023-11-10T05:40:21","guid":{"rendered":"https:\/\/go-microdose.com\/product\/recipient-de-conservation-sous-vide\/"},"modified":"2026-04-06T07:50:52","modified_gmt":"2026-04-06T05:50:52","slug":"recipient-de-conservation-sous-vide","status":"publish","type":"product","link":"https:\/\/go-microdose.com\/fr\/produit\/recipient-de-conservation-sous-vide\/","title":{"rendered":"R\u00e9cipient de conservation sous vide"},"content":{"rendered":"<div class=\"wpb-content-wrapper\"><p>[vc_row][vc_column][vc_column_text]Plonge dans l\u2019univers du stockage sophistiqu\u00e9 avec nos r\u00e9cipients de luxe en acier inoxydable, alliance parfaite entre forme et fonction. Disponibles en deux tailles pratiques, 750 ml et 1 100 ml, ils r\u00e9pondent \u00e0 tous tes besoins, des herbes culinaires aux truffes pr\u00e9cieuses. Avec leur finition beige \u00e9l\u00e9gante et leurs couvercles noirs contrast\u00e9s, ils apportent une touche de modernit\u00e9 \u00e0 n\u2019importe quel espace.  <\/p>\n<p>La valve d\u2019\u00e9chappement unidirectionnelle avanc\u00e9e est con\u00e7ue pour sceller la fra\u00eecheur en r\u00e9duisant consid\u00e9rablement les niveaux d\u2019oxyg\u00e8ne, stoppant ainsi l\u2019activit\u00e9 bact\u00e9rienne et la d\u00e9gradation. L\u2019anneau d\u2019\u00e9tanch\u00e9it\u00e9 en silicone renforce l\u2019herm\u00e9ticit\u00e9, garantissant que le contenu reste pr\u00e9serv\u00e9 des \u00e9l\u00e9ments ext\u00e9rieurs. \u00c0 l\u2019abri de la lumi\u00e8re, tes produits conservent toute leur puissance. Gr\u00e2ce au bouton de d\u00e9compression facile, acc\u00e9der \u00e0 tes articles devient un jeu d\u2019enfant. Ces r\u00e9cipients ne sont pas seulement utilitaires, ils sont une v\u00e9ritable affirmation de luxe, promettant durabilit\u00e9 et long\u00e9vit\u00e9 pour tes besoins de stockage.    <\/p>\n<table>\n<thead>\n<tr>\n<th>Taille<\/th>\n<th>Diam\u00e8tre<\/th>\n<th>Hauteur<\/th>\n<th>Prix<\/th>\n<\/tr>\n<\/thead>\n<tbody>\n<tr>\n<td>750 ml<\/td>\n<td>14,2 cm<\/td>\n<td>9,4 cm<\/td>\n<td>29,99 \u20ac<\/td>\n<\/tr>\n<tr>\n<td>1 100 ml<\/td>\n<td>14,2 cm<\/td>\n<td>11,5 cm<\/td>\n<td>34,99 \u20ac<\/td>\n<\/tr>\n<\/tbody>\n<\/table>\n<p>[\/vc_column_text][\/vc_column][\/vc_row]<\/p>\n<\/div>","protected":false},"excerpt":{"rendered":"<ul>\n<li>Deux tailles : 750 ml &amp; 1 100 ml pour divers besoins de stockage<\/li>\n<li>Acier inoxydable de haute qualit\u00e9 avec joint sous vide<\/li>\n<li>Valve d\u2019\u00e9chappement unidirectionnelle pour une fra\u00eecheur optimale<\/li>\n<li>Anneau d\u2019\u00e9tanch\u00e9it\u00e9 en silicone pour une fermeture herm\u00e9tique<\/li>\n<li>Bouton de d\u00e9compression facile pour plus de praticit\u00e9<\/li>\n<li>Prot\u00e8ge le contenu de la lumi\u00e8re et des bact\u00e9ries<\/li>\n<li>Design luxueux en beige et noir<\/li>\n<li>Durable et con\u00e7u pour un usage r\u00e9p\u00e9t\u00e9<\/li>\n<\/ul>\n<p>Prix entre 29,99 \u20ac et 34,99 \u20ac.<\/p>\n","protected":false},"featured_media":57626,"comment_status":"open","ping_status":"closed","template":"","meta":{"_acf_changed":false},"product_brand":[],"product_cat":[187],"product_tag":[],"giftcard-category":[],"class_list":{"0":"post-57622","1":"product","2":"type-product","3":"status-publish","4":"has-post-thumbnail","6":"product_cat-accessoires","7":"product_shipping_class-grande-boite","9":"first","10":"instock","11":"taxable","12":"shipping-taxable","13":"purchasable","14":"product-type-variable"},"acf":[],"_links":{"self":[{"href":"https:\/\/go-microdose.com\/fr\/wp-json\/wp\/v2\/product\/57622","targetHints":{"allow":["GET"]}}],"collection":[{"href":"https:\/\/go-microdose.com\/fr\/wp-json\/wp\/v2\/product"}],"about":[{"href":"https:\/\/go-microdose.com\/fr\/wp-json\/wp\/v2\/types\/product"}],"replies":[{"embeddable":true,"href":"https:\/\/go-microdose.com\/fr\/wp-json\/wp\/v2\/comments?post=57622"}],"wp:featuredmedia":[{"embeddable":true,"href":"https:\/\/go-microdose.com\/fr\/wp-json\/wp\/v2\/media\/57626"}],"wp:attachment":[{"href":"https:\/\/go-microdose.com\/fr\/wp-json\/wp\/v2\/media?parent=57622"}],"wp:term":[{"taxonomy":"product_brand","embeddable":true,"href":"https:\/\/go-microdose.com\/fr\/wp-json\/wp\/v2\/product_brand?post=57622"},{"taxonomy":"product_cat","embeddable":true,"href":"https:\/\/go-microdose.com\/fr\/wp-json\/wp\/v2\/product_cat?post=57622"},{"taxonomy":"product_tag","embeddable":true,"href":"https:\/\/go-microdose.com\/fr\/wp-json\/wp\/v2\/product_tag?post=57622"},{"taxonomy":"giftcard-category","embeddable":true,"href":"https:\/\/go-microdose.com\/fr\/wp-json\/wp\/v2\/giftcard-category?post=57622"}],"curies":[{"name":"wp","href":"https:\/\/api.w.org\/{rel}","templated":true}]}}