{"id":57660,"date":"2023-11-19T12:41:57","date_gmt":"2023-11-19T12:41:57","guid":{"rendered":"https:\/\/go-microdose.com\/product\/essentiels-growkit-premium\/"},"modified":"2026-04-06T07:50:48","modified_gmt":"2026-04-06T05:50:48","slug":"essentiels-growkit-premium","status":"publish","type":"product","link":"https:\/\/go-microdose.com\/fr\/produit\/essentiels-growkit-premium\/","title":{"rendered":"Essentiels Growkit \u2013 Premium"},"content":{"rendered":"<div class=\"wpb-content-wrapper\"><p>[vc_row][vc_column][vc_column_text]Lance-toi dans une aventure enrichissante de croissance et de d\u00e9couverte avec nos \u00ab Essentiels Growkit \u2013 Premium \u00bb, le compagnon ultime pour tes projets de culture de champignons. Con\u00e7u avec soin pour les cultivateurs d\u00e9butants comme exp\u00e9riment\u00e9s, ce kit garantit un environnement de culture optimal pour tes pr\u00e9cieux champignons. <\/p>\n<p>Au c\u0153ur de ce kit se trouve notre tapis chauffant performant, con\u00e7u avec expertise pour fournir une chaleur douce et constante, essentielle pour stimuler la croissance des champignons. Ce contr\u00f4le pr\u00e9cis de la temp\u00e9rature est la cl\u00e9 pour lib\u00e9rer tout le potentiel de ton growkit et garantir une r\u00e9colte abondante et saine. <\/p>\n<p>Le tapis chauffant est accompagn\u00e9 de trois sachets de perles de silice premium. Ces perles changent la donne : elles maintiennent un taux d\u2019humidit\u00e9 id\u00e9al et assurent un environnement sec et ma\u00eetrisable. Elles limitent l\u2019humidit\u00e9 ind\u00e9sirable, prot\u00e8gent tes champignons des contaminants potentiels et favorisent une culture plus r\u00e9ussie.  <\/p>\n<p>Pour compl\u00e9ter le kit, notre bo\u00eete premium de 750 ml en acier inoxydable. Ce n\u2019est pas une simple bo\u00eete : c\u2019est un contenant sous vide sp\u00e9cialement con\u00e7u, \u00e9quip\u00e9 d\u2019une valve d\u2019\u00e9vacuation unidirectionnelle. Il cr\u00e9e un micro-environnement id\u00e9al pour stocker tes champignons r\u00e9colt\u00e9s, en pr\u00e9servant leur fra\u00eecheur et leur puissance. Le joint herm\u00e9tique maintient l\u2019\u00e9quilibre parfait entre humidit\u00e9 et temp\u00e9rature, essentiel pour pr\u00e9server la qualit\u00e9 de tes champignons.   <\/p>\n<p>Ensemble, ces \u00e9l\u00e9ments forment les \u00ab Essentiels Growkit \u2013 Premium \u00bb : un m\u00e9lange harmonieux d\u2019utilit\u00e9 et de praticit\u00e9, pens\u00e9 pour am\u00e9liorer ton exp\u00e9rience de culture et maximiser le rendement de ton growkit.[\/vc_column_text][\/vc_column][\/vc_row]<\/p>\n<\/div>","protected":false},"excerpt":{"rendered":"<ul>\n<li>Tapis chauffant fiable pour un contr\u00f4le optimal de la temp\u00e9rature.<\/li>\n<li>3 sachets de perles de silice pour maintenir le niveau d\u2019humidit\u00e9 parfait.<\/li>\n<li>Bo\u00eete sous vide premium de 750 ml pour un stockage optimal.<\/li>\n<li>Convient aussi bien aux d\u00e9butants qu\u2019aux cultivateurs exp\u00e9riment\u00e9s.<\/li>\n<li>Con\u00e7u pour maximiser le rendement et la sant\u00e9 de ton growkit.<\/li>\n<li>Des composants faciles \u00e0 utiliser pour une culture sans prise de t\u00eate.<\/li>\n<li>Des mat\u00e9riaux premium pour plus de durabilit\u00e9 et d\u2019efficacit\u00e9.<\/li>\n<\/ul>\n","protected":false},"featured_media":57661,"comment_status":"open","ping_status":"closed","template":"","meta":{"_acf_changed":false},"product_brand":[],"product_cat":[187,201],"product_tag":[],"giftcard-category":[],"class_list":{"0":"post-57660","1":"product","2":"type-product","3":"status-publish","4":"has-post-thumbnail","6":"product_cat-accessoires","7":"product_cat-offres-pack","8":"product_shipping_class-grande-boite","10":"first","11":"instock","12":"sale","13":"taxable","14":"shipping-taxable","15":"purchasable","16":"product-type-simple"},"acf":[],"_links":{"self":[{"href":"https:\/\/go-microdose.com\/fr\/wp-json\/wp\/v2\/product\/57660","targetHints":{"allow":["GET"]}}],"collection":[{"href":"https:\/\/go-microdose.com\/fr\/wp-json\/wp\/v2\/product"}],"about":[{"href":"https:\/\/go-microdose.com\/fr\/wp-json\/wp\/v2\/types\/product"}],"replies":[{"embeddable":true,"href":"https:\/\/go-microdose.com\/fr\/wp-json\/wp\/v2\/comments?post=57660"}],"wp:featuredmedia":[{"embeddable":true,"href":"https:\/\/go-microdose.com\/fr\/wp-json\/wp\/v2\/media\/57661"}],"wp:attachment":[{"href":"https:\/\/go-microdose.com\/fr\/wp-json\/wp\/v2\/media?parent=57660"}],"wp:term":[{"taxonomy":"product_brand","embeddable":true,"href":"https:\/\/go-microdose.com\/fr\/wp-json\/wp\/v2\/product_brand?post=57660"},{"taxonomy":"product_cat","embeddable":true,"href":"https:\/\/go-microdose.com\/fr\/wp-json\/wp\/v2\/product_cat?post=57660"},{"taxonomy":"product_tag","embeddable":true,"href":"https:\/\/go-microdose.com\/fr\/wp-json\/wp\/v2\/product_tag?post=57660"},{"taxonomy":"giftcard-category","embeddable":true,"href":"https:\/\/go-microdose.com\/fr\/wp-json\/wp\/v2\/giftcard-category?post=57660"}],"curies":[{"name":"wp","href":"https:\/\/api.w.org\/{rel}","templated":true}]}}