{"id":57671,"date":"2023-11-19T12:10:46","date_gmt":"2023-11-19T12:10:46","guid":{"rendered":"https:\/\/go-microdose.com\/product\/lessentiel-du-kit-de-culture\/"},"modified":"2026-04-06T07:50:50","modified_gmt":"2026-04-06T05:50:50","slug":"lessentiel-du-kit-de-culture","status":"publish","type":"product","link":"https:\/\/go-microdose.com\/fr\/produit\/lessentiel-du-kit-de-culture\/","title":{"rendered":"L\u2019essentiel du kit de culture"},"content":{"rendered":"<div class=\"wpb-content-wrapper\"><p>[vc_row][vc_column][vc_column_text]Lance-toi dans un voyage enrichissant de croissance et de d\u00e9couverte avec notre \u00ab L\u2019essentiel du kit de culture \u00bb \u2014 le compagnon ultime pour tes projets de culture de champignons. M\u00e9ticuleusement con\u00e7u pour les cultivateurs novices et exp\u00e9riment\u00e9s, ce kit garantit un environnement de croissance optimal pour tes pr\u00e9cieux champignons. <\/p>\n<p>Au c\u0153ur de ce kit se trouve notre tapis chauffant performant, con\u00e7u avec expertise pour fournir une chaleur douce et constante, essentielle pour stimuler la croissance des champignons. Ce contr\u00f4le pr\u00e9cis de la temp\u00e9rature est la cl\u00e9 pour lib\u00e9rer tout le potentiel de ton growkit et garantir une r\u00e9colte abondante et saine. <\/p>\n<p>Le tapis chauffant est accompagn\u00e9 de trois sachets de perles de silice premium. Ces perles changent la donne : elles maintiennent un taux d\u2019humidit\u00e9 id\u00e9al et assurent un environnement sec et ma\u00eetrisable. Elles limitent l\u2019humidit\u00e9 ind\u00e9sirable, prot\u00e8gent tes champignons des contaminants potentiels et favorisent une culture plus r\u00e9ussie.  <\/p>\n<p>Pour compl\u00e9ter le kit, notre r\u00e9cipient herm\u00e9tique durable de 650 ml. Ce r\u00e9cipient n\u2019est pas seulement une solution de stockage ; c\u2019est un micro-environnement parfaitement adapt\u00e9 \u00e0 la culture des champignons. Son joint herm\u00e9tique pr\u00e9serve l\u2019humidit\u00e9 et la temp\u00e9rature id\u00e9ales, offrant un sanctuaire o\u00f9 tes champignons pourront s\u2019\u00e9panouir.  <\/p>\n<p>Ensemble, ces composants forment \u00ab L\u2019essentiel du kit de culture \u00bb \u2014 un m\u00e9lange harmonieux d\u2019utilit\u00e9 et de commodit\u00e9, con\u00e7u pour am\u00e9liorer ton exp\u00e9rience de culture et maximiser le rendement de ton kit.[\/vc_column_text][\/vc_column][\/vc_row]<\/p>\n<\/div>","protected":false},"excerpt":{"rendered":"<ul>\n<li>Tapis chauffant fiable pour un contr\u00f4le optimal de la temp\u00e9rature.<\/li>\n<li>3 sachets de perles de silice pour maintenir le niveau d\u2019humidit\u00e9 parfait.<\/li>\n<li>R\u00e9cipient herm\u00e9tique de 650 ml pour un stockage optimal.<\/li>\n<li>Convient aussi bien aux d\u00e9butants qu\u2019aux cultivateurs exp\u00e9riment\u00e9s.<\/li>\n<li>Con\u00e7u pour maximiser le rendement et la sant\u00e9 de ton growkit.<\/li>\n<li>Des composants faciles \u00e0 utiliser pour une culture sans prise de t\u00eate.<\/li>\n<li>Des mat\u00e9riaux premium pour plus de durabilit\u00e9 et d\u2019efficacit\u00e9.<\/li>\n<\/ul>\n","protected":false},"featured_media":57672,"comment_status":"open","ping_status":"closed","template":"","meta":{"_acf_changed":false},"product_brand":[],"product_cat":[187,201],"product_tag":[],"giftcard-category":[],"class_list":{"0":"post-57671","1":"product","2":"type-product","3":"status-publish","4":"has-post-thumbnail","6":"product_cat-accessoires","7":"product_cat-offres-pack","8":"product_shipping_class-grande-boite","10":"first","11":"instock","12":"sale","13":"taxable","14":"shipping-taxable","15":"purchasable","16":"product-type-simple"},"acf":[],"_links":{"self":[{"href":"https:\/\/go-microdose.com\/fr\/wp-json\/wp\/v2\/product\/57671","targetHints":{"allow":["GET"]}}],"collection":[{"href":"https:\/\/go-microdose.com\/fr\/wp-json\/wp\/v2\/product"}],"about":[{"href":"https:\/\/go-microdose.com\/fr\/wp-json\/wp\/v2\/types\/product"}],"replies":[{"embeddable":true,"href":"https:\/\/go-microdose.com\/fr\/wp-json\/wp\/v2\/comments?post=57671"}],"wp:featuredmedia":[{"embeddable":true,"href":"https:\/\/go-microdose.com\/fr\/wp-json\/wp\/v2\/media\/57672"}],"wp:attachment":[{"href":"https:\/\/go-microdose.com\/fr\/wp-json\/wp\/v2\/media?parent=57671"}],"wp:term":[{"taxonomy":"product_brand","embeddable":true,"href":"https:\/\/go-microdose.com\/fr\/wp-json\/wp\/v2\/product_brand?post=57671"},{"taxonomy":"product_cat","embeddable":true,"href":"https:\/\/go-microdose.com\/fr\/wp-json\/wp\/v2\/product_cat?post=57671"},{"taxonomy":"product_tag","embeddable":true,"href":"https:\/\/go-microdose.com\/fr\/wp-json\/wp\/v2\/product_tag?post=57671"},{"taxonomy":"giftcard-category","embeddable":true,"href":"https:\/\/go-microdose.com\/fr\/wp-json\/wp\/v2\/giftcard-category?post=57671"}],"curies":[{"name":"wp","href":"https:\/\/api.w.org\/{rel}","templated":true}]}}