{"id":57799,"date":"2026-01-14T12:27:20","date_gmt":"2026-01-14T11:27:20","guid":{"rendered":"https:\/\/go-microdose.com\/product\/complexe-de-bisglycinate-de-zinc-25-mg\/"},"modified":"2026-04-06T07:50:29","modified_gmt":"2026-04-06T05:50:29","slug":"complexe-de-bisglycinate-de-zinc-25-mg","status":"publish","type":"product","link":"https:\/\/go-microdose.com\/fr\/produit\/complexe-de-bisglycinate-de-zinc-25-mg\/","title":{"rendered":"Complexe de bisglycinate de zinc 25 mg"},"content":{"rendered":"<div class=\"wpb-content-wrapper\"><p>[vc_row][vc_column][vc_column_text css=\u00a0\u00bb\u00a0\u00bb]<\/p>\n<p class=\"p1\">Notre complexe de bisglycinate de zinc est formul\u00e9 pour soutenir ton apport quotidien en zinc sous une forme hautement absorbable et douce. Le bisglycinate de zinc est une forme ch\u00e9lat\u00e9e de zinc li\u00e9e \u00e0 l\u2019acide amin\u00e9 glycine, connue pour sa haute biodisponibilit\u00e9 et sa bonne tol\u00e9rance. Cela le rend adapt\u00e9 \u00e0 un usage quotidien, y compris pour les personnes qui pourraient \u00eatre sensibles \u00e0 d\u2019autres formes de zinc.  <\/p>\n<p class=\"p1\">La formule contient \u00e9galement du bisglycinate de cuivre, d\u00e9lib\u00e9r\u00e9ment inclus pour aider \u00e0 maintenir un \u00e9quilibre sain entre le zinc et le cuivre dans le corps. Le zinc et le cuivre travaillent en \u00e9troite collaboration dans de nombreux processus physiologiques, et l\u2019ajout de cuivre soutient l\u2019\u00e9quilibre min\u00e9ral lors d\u2019une suppl\u00e9mentation en zinc \u00e0 long terme. <\/p>\n<p class=\"p1\">Le zinc contribue au fonctionnement normal du syst\u00e8me immunitaire et aide \u00e0 maintenir une peau, des cheveux et des ongles normaux. Il joue \u00e9galement un r\u00f4le dans la vision normale, la division cellulaire et la synth\u00e8se normale des prot\u00e9ines. Le cuivre contribue au m\u00e9tabolisme \u00e9nerg\u00e9tique normal et aide \u00e0 prot\u00e9ger les cellules du stress oxydatif, soutenant ainsi la sant\u00e9 cellulaire globale.  <\/p>\n<p class=\"p1\">Notre complexe de bisglycinate de zinc convient aux v\u00e9g\u00e9taliens et est exempt de gluten, de lactose, d\u2019ingr\u00e9dients OGM et d\u2019additifs inutiles. Il est d\u00e9velopp\u00e9 en mettant l\u2019accent sur la puret\u00e9, l\u2019efficacit\u00e9 et la praticit\u00e9 quotidienne, ce qui en fait un choix fiable pour ceux qui cherchent \u00e0 soutenir leur corps avec un suppl\u00e9ment de zinc propre et bien \u00e9quilibr\u00e9. <\/p>\n<p>[\/vc_column_text][\/vc_column][\/vc_row]<\/p>\n<\/div>","protected":false},"excerpt":{"rendered":"<ul>\n<li class=\"p1\">Bisglycinate de zinc \u00e0 haute absorption<\/li>\n<li class=\"p1\">Avec du cuivre ajout\u00e9 pour l\u2019\u00e9quilibre min\u00e9ral<\/li>\n<li class=\"p1\">Convient aux v\u00e9g\u00e9taliens<\/li>\n<li class=\"p1\">Soutient la fonction du syst\u00e8me immunitaire<\/li>\n<li class=\"p1\">Contribue \u00e0 la sant\u00e9 de la peau, des cheveux et des ongles<\/li>\n<li class=\"p1\">Doux et bien tol\u00e9r\u00e9<\/li>\n<li class=\"p1\">Suppl\u00e9ment de qualit\u00e9 pure<\/li>\n<li>25 mg \u2013 100 comprim\u00e9s<\/li>\n<\/ul>\n","protected":false},"featured_media":57800,"comment_status":"open","ping_status":"closed","template":"","meta":{"_acf_changed":false},"product_brand":[],"product_cat":[214],"product_tag":[],"giftcard-category":[],"class_list":{"0":"post-57799","1":"product","2":"type-product","3":"status-publish","4":"has-post-thumbnail","6":"product_cat-vitamines-mineraux","7":"product_shipping_class-grande-boite","9":"first","10":"instock","11":"taxable","12":"shipping-taxable","13":"purchasable","14":"product-type-simple"},"acf":[],"_links":{"self":[{"href":"https:\/\/go-microdose.com\/fr\/wp-json\/wp\/v2\/product\/57799","targetHints":{"allow":["GET"]}}],"collection":[{"href":"https:\/\/go-microdose.com\/fr\/wp-json\/wp\/v2\/product"}],"about":[{"href":"https:\/\/go-microdose.com\/fr\/wp-json\/wp\/v2\/types\/product"}],"replies":[{"embeddable":true,"href":"https:\/\/go-microdose.com\/fr\/wp-json\/wp\/v2\/comments?post=57799"}],"wp:featuredmedia":[{"embeddable":true,"href":"https:\/\/go-microdose.com\/fr\/wp-json\/wp\/v2\/media\/57800"}],"wp:attachment":[{"href":"https:\/\/go-microdose.com\/fr\/wp-json\/wp\/v2\/media?parent=57799"}],"wp:term":[{"taxonomy":"product_brand","embeddable":true,"href":"https:\/\/go-microdose.com\/fr\/wp-json\/wp\/v2\/product_brand?post=57799"},{"taxonomy":"product_cat","embeddable":true,"href":"https:\/\/go-microdose.com\/fr\/wp-json\/wp\/v2\/product_cat?post=57799"},{"taxonomy":"product_tag","embeddable":true,"href":"https:\/\/go-microdose.com\/fr\/wp-json\/wp\/v2\/product_tag?post=57799"},{"taxonomy":"giftcard-category","embeddable":true,"href":"https:\/\/go-microdose.com\/fr\/wp-json\/wp\/v2\/giftcard-category?post=57799"}],"curies":[{"name":"wp","href":"https:\/\/api.w.org\/{rel}","templated":true}]}}