{"id":58932,"date":"2023-11-10T05:30:37","date_gmt":"2023-11-10T05:30:37","guid":{"rendered":"https:\/\/go-microdose.com\/product\/contenants-de-stockage-hermetiques\/"},"modified":"2026-04-06T07:50:55","modified_gmt":"2026-04-06T05:50:55","slug":"contenants-de-stockage-hermetiques","status":"publish","type":"product","link":"https:\/\/go-microdose.com\/fr\/produit\/contenants-de-stockage-hermetiques\/","title":{"rendered":"Contenants de stockage herm\u00e9tiques"},"content":{"rendered":"<div class=\"wpb-content-wrapper\"><p>[vc_row][vc_column][vc_column_text]Am\u00e9liore tes solutions de stockage avec notre gamme de contenants en plastique herm\u00e9tiques, m\u00e9ticuleusement con\u00e7us pour pr\u00e9server la fra\u00eecheur et l&rsquo;essence de tes truffes, champignons et autres articles sensibles. Ces contenants robustes et anti-odeur sont disponibles en diff\u00e9rentes tailles, d&rsquo;un compact 60 ml \u00e0 un g\u00e9n\u00e9reux 650 ml, r\u00e9pondant aux besoins de stockage minimaux comme extensifs. <\/p>\n<p>La construction noire opaque et \u00e9l\u00e9gante offre non seulement un rangement discret, mais bloque \u00e9galement la lumi\u00e8re nocive, pr\u00e9servant la qualit\u00e9 et la vitalit\u00e9 de tes produits. Id\u00e9aux pour un s\u00e9chage m\u00e9ticuleux et un contr\u00f4le pr\u00e9cis de l&rsquo;humidit\u00e9, ces contenants sont indispensables pour les connaisseurs comme pour les utilisateurs occasionnels. Leur construction durable garantit une long\u00e9vit\u00e9 exceptionnelle, tandis que les couvercles \u00e0 fermeture herm\u00e9tique assurent une exp\u00e9rience s\u00e9curis\u00e9e et \u00e9tanche. L&rsquo;entretien est un jeu d&rsquo;enfant : un simple lavage et ils sont pr\u00eats \u00e0 \u00eatre r\u00e9utilis\u00e9s. Organise et stocke en toute confiance, sachant que tes articles sont enferm\u00e9s dans une forteresse de fra\u00eecheur.    <\/p>\n<table>\n<thead>\n<tr>\n<th>Taille<\/th>\n<th>Diam\u00e8tre<\/th>\n<th>Hauteur<\/th>\n<th>Prix<\/th>\n<\/tr>\n<\/thead>\n<tbody>\n<tr>\n<td>60 ml<\/td>\n<td>4,3 cm<\/td>\n<td>7,3 cm<\/td>\n<td>7,99 \u20ac<\/td>\n<\/tr>\n<tr>\n<td>120 ml<\/td>\n<td>6 cm<\/td>\n<td>7,4 cm<\/td>\n<td>8,99 \u20ac<\/td>\n<\/tr>\n<tr>\n<td>300 ml<\/td>\n<td>7,5 cm<\/td>\n<td>9,5 cm<\/td>\n<td>10,99 \u20ac<\/td>\n<\/tr>\n<tr>\n<td>550 ml<\/td>\n<td>7,7 cm<\/td>\n<td>15 cm<\/td>\n<td>11,99 \u20ac<\/td>\n<\/tr>\n<tr>\n<td>650 ml<\/td>\n<td>8,5 cm<\/td>\n<td>14 cm<\/td>\n<td>12,99 \u20ac<\/td>\n<\/tr>\n<\/tbody>\n<\/table>\n<p>[\/vc_column_text][\/vc_column][\/vc_row]<\/p>\n<\/div>","protected":false},"excerpt":{"rendered":"<ul>\n<li>Diff\u00e9rentes tailles (60 ml-650 ml) pour un stockage sur mesure<\/li>\n<li>Plastique anti-odeur qui pr\u00e9serve la fra\u00eecheur<\/li>\n<li>Design noir pour discr\u00e9tion et protection contre la lumi\u00e8re<\/li>\n<li>Parfait pour le s\u00e9chage et la gestion de l&rsquo;humidit\u00e9<\/li>\n<li>Durables et r\u00e9utilisables<\/li>\n<li>Lavables pour un entretien facile<\/li>\n<li>Empilables pour optimiser l&rsquo;espace<\/li>\n<\/ul>\n<p>Prix de 7,99 \u20ac \u00e0 12,99 \u20ac.<\/p>\n","protected":false},"featured_media":58933,"comment_status":"open","ping_status":"closed","template":"","meta":{"_acf_changed":false},"product_brand":[],"product_cat":[187],"product_tag":[],"giftcard-category":[],"class_list":{"0":"post-58932","1":"product","2":"type-product","3":"status-publish","4":"has-post-thumbnail","6":"product_cat-accessoires","7":"product_shipping_class-grande-boite","9":"first","10":"instock","11":"taxable","12":"shipping-taxable","13":"purchasable","14":"product-type-variable"},"acf":[],"_links":{"self":[{"href":"https:\/\/go-microdose.com\/fr\/wp-json\/wp\/v2\/product\/58932","targetHints":{"allow":["GET"]}}],"collection":[{"href":"https:\/\/go-microdose.com\/fr\/wp-json\/wp\/v2\/product"}],"about":[{"href":"https:\/\/go-microdose.com\/fr\/wp-json\/wp\/v2\/types\/product"}],"replies":[{"embeddable":true,"href":"https:\/\/go-microdose.com\/fr\/wp-json\/wp\/v2\/comments?post=58932"}],"wp:featuredmedia":[{"embeddable":true,"href":"https:\/\/go-microdose.com\/fr\/wp-json\/wp\/v2\/media\/58933"}],"wp:attachment":[{"href":"https:\/\/go-microdose.com\/fr\/wp-json\/wp\/v2\/media?parent=58932"}],"wp:term":[{"taxonomy":"product_brand","embeddable":true,"href":"https:\/\/go-microdose.com\/fr\/wp-json\/wp\/v2\/product_brand?post=58932"},{"taxonomy":"product_cat","embeddable":true,"href":"https:\/\/go-microdose.com\/fr\/wp-json\/wp\/v2\/product_cat?post=58932"},{"taxonomy":"product_tag","embeddable":true,"href":"https:\/\/go-microdose.com\/fr\/wp-json\/wp\/v2\/product_tag?post=58932"},{"taxonomy":"giftcard-category","embeddable":true,"href":"https:\/\/go-microdose.com\/fr\/wp-json\/wp\/v2\/giftcard-category?post=58932"}],"curies":[{"name":"wp","href":"https:\/\/api.w.org\/{rel}","templated":true}]}}