{"id":58953,"date":"2023-11-10T04:55:04","date_gmt":"2023-11-10T04:55:04","guid":{"rendered":"https:\/\/go-microdose.com\/product\/liquide-de-reishi-cotae\/"},"modified":"2026-04-06T07:51:17","modified_gmt":"2026-04-06T05:51:17","slug":"liquide-de-reishi-cotae","status":"publish","type":"product","link":"https:\/\/go-microdose.com\/fr\/produit\/liquide-de-reishi-cotae\/","title":{"rendered":"Liquide de Reishi C\u014dtae"},"content":{"rendered":"<div class=\"wpb-content-wrapper\"><p>[vc_row][vc_column][vc_column_text]Plonge dans l\u2019ancienne tradition de vitalit\u00e9 avec l\u2019extrait liquide de Reishi de C\u014dtae, con\u00e7u pour incarner l\u2019harmonie et la long\u00e9vit\u00e9. Notre extrait honore l\u2019h\u00e9ritage du \u00ab champignon de l\u2019immortalit\u00e9 \u00bb, utilis\u00e9 depuis plus de deux mill\u00e9naires pour symboliser la joie, la sant\u00e9 et la long\u00e9vit\u00e9. Ce liquide puissant t\u2019offre une voie moderne vers les effets v\u00e9n\u00e9r\u00e9s du Reishi, procurant un coup de pouce naturel \u00e0 ton syst\u00e8me immunitaire et favorisant l\u2019\u00e9nergie naturelle dans ton corps.  <\/p>\n<p>Pour \u00e9laborer cet extrait, nous avons adopt\u00e9 un processus d\u2019extraction m\u00e9ticuleux en trois \u00e9tapes, incluant des techniques \u00e0 ultrasons, afin de pr\u00e9server le spectre complet des substances vitales du Reishi. En utilisant uniquement les corps fructif\u00e8res, notre produit est exempt de charges et de myc\u00e9lium sur grain, atteignant un ratio de concentration \u00e9lev\u00e9 de 12:1 et un minimum de 30 % de polysaccharides, reconnus pour leurs fonctions de soutien immunitaire. <\/p>\n<p>Que tu cherches \u00e0 renforcer ta r\u00e9sistance, \u00e0 am\u00e9liorer ton \u00e9nergie naturelle ou simplement \u00e0 int\u00e9grer un suppl\u00e9ment holistique \u00e0 ta routine de bien-\u00eatre quotidienne, l\u2019extrait liquide de Reishi de C\u014dtae est ton alli\u00e9. Chaque goutte t\u00e9moigne de notre engagement envers la puret\u00e9, la puissance et la sagesse intemporelle des pratiques de sant\u00e9 naturelles.[\/vc_column_text][\/vc_column][\/vc_row]<\/p>\n<\/div>","protected":false},"excerpt":{"rendered":"<p>Plonge dans l\u2019ancienne tradition de vitalit\u00e9 avec l\u2019extrait liquide de Reishi de C\u014dtae, con\u00e7u pour incarner l\u2019harmonie et la long\u00e9vit\u00e9. Notre extrait honore l\u2019h\u00e9ritage du \u00ab champignon de l\u2019immortalit\u00e9 \u00bb, utilis\u00e9 depuis plus de deux mill\u00e9naires pour symboliser la joie, la sant\u00e9 et la long\u00e9vit\u00e9. Ce liquide puissant t\u2019offre une voie moderne vers les effets v\u00e9n\u00e9r\u00e9s du Reishi, procurant un coup de pouce naturel \u00e0 ton syst\u00e8me immunitaire et favorisant l\u2019\u00e9nergie naturelle dans ton corps.  <\/p>\n<p>Pour \u00e9laborer cet extrait, nous avons adopt\u00e9 un processus d\u2019extraction m\u00e9ticuleux en trois \u00e9tapes, incluant des techniques \u00e0 ultrasons, afin de pr\u00e9server le spectre complet des substances vitales du Reishi. En utilisant uniquement les corps fructif\u00e8res, notre produit est exempt de charges et de myc\u00e9lium sur grain, atteignant un ratio de concentration \u00e9lev\u00e9 de 12:1 et un minimum de 30 % de polysaccharides, reconnus pour leurs fonctions de soutien immunitaire. <\/p>\n<p>Que tu cherches \u00e0 renforcer ta r\u00e9sistance, \u00e0 am\u00e9liorer ton \u00e9nergie naturelle ou simplement \u00e0 int\u00e9grer un suppl\u00e9ment holistique \u00e0 ta routine de bien-\u00eatre quotidienne, l\u2019extrait liquide de Reishi de C\u014dtae est ton alli\u00e9. Chaque goutte t\u00e9moigne de notre engagement envers la puret\u00e9, la puissance et la sagesse intemporelle des pratiques de sant\u00e9 naturelles. <\/p>\n","protected":false},"featured_media":58959,"comment_status":"open","ping_status":"closed","template":"","meta":{"_acf_changed":false},"product_brand":[],"product_cat":[197],"product_tag":[],"giftcard-category":[],"class_list":{"0":"post-58953","1":"product","2":"type-product","3":"status-publish","4":"has-post-thumbnail","6":"product_cat-complements-aux-champignons","7":"product_shipping_class-grande-boite","9":"first","10":"instock","11":"taxable","12":"shipping-taxable","13":"purchasable","14":"product-type-simple"},"acf":[],"_links":{"self":[{"href":"https:\/\/go-microdose.com\/fr\/wp-json\/wp\/v2\/product\/58953","targetHints":{"allow":["GET"]}}],"collection":[{"href":"https:\/\/go-microdose.com\/fr\/wp-json\/wp\/v2\/product"}],"about":[{"href":"https:\/\/go-microdose.com\/fr\/wp-json\/wp\/v2\/types\/product"}],"replies":[{"embeddable":true,"href":"https:\/\/go-microdose.com\/fr\/wp-json\/wp\/v2\/comments?post=58953"}],"wp:featuredmedia":[{"embeddable":true,"href":"https:\/\/go-microdose.com\/fr\/wp-json\/wp\/v2\/media\/58959"}],"wp:attachment":[{"href":"https:\/\/go-microdose.com\/fr\/wp-json\/wp\/v2\/media?parent=58953"}],"wp:term":[{"taxonomy":"product_brand","embeddable":true,"href":"https:\/\/go-microdose.com\/fr\/wp-json\/wp\/v2\/product_brand?post=58953"},{"taxonomy":"product_cat","embeddable":true,"href":"https:\/\/go-microdose.com\/fr\/wp-json\/wp\/v2\/product_cat?post=58953"},{"taxonomy":"product_tag","embeddable":true,"href":"https:\/\/go-microdose.com\/fr\/wp-json\/wp\/v2\/product_tag?post=58953"},{"taxonomy":"giftcard-category","embeddable":true,"href":"https:\/\/go-microdose.com\/fr\/wp-json\/wp\/v2\/giftcard-category?post=58953"}],"curies":[{"name":"wp","href":"https:\/\/api.w.org\/{rel}","templated":true}]}}