{"id":58968,"date":"2023-11-08T09:59:11","date_gmt":"2023-11-08T09:59:11","guid":{"rendered":"https:\/\/go-microdose.com\/product\/sachet-de-gel-de-silice\/"},"modified":"2026-04-06T07:53:27","modified_gmt":"2026-04-06T05:53:27","slug":"sachet-de-gel-de-silice","status":"publish","type":"product","link":"https:\/\/go-microdose.com\/fr\/produit\/sachet-de-gel-de-silice\/","title":{"rendered":"Sachet de gel de silice"},"content":{"rendered":"<div class=\"wpb-content-wrapper\"><p>[vc_row][vc_column][vc_column_text]Le gel de silice, le h\u00e9ros m\u00e9connu du contr\u00f4le de l&rsquo;humidit\u00e9, est maintenant disponible en sachet compact de 5 grammes, parfaitement dimensionn\u00e9 pour accompagner le stockage de tes champignons et truffes. Ces minuscules centrales sont con\u00e7ues pour pr\u00e9server la fra\u00eecheur en absorbant l&rsquo;humidit\u00e9 ind\u00e9sirable qui peut compromettre l&rsquo;int\u00e9grit\u00e9 de tes tr\u00e9sors botaniques. Mesurant \u00e0 peine 58 x 47 x 3 mm, ces sachets r\u00e9utilisables sont les gardiens de la puissance, garantissant que chaque exp\u00e9rience avec tes produits maison est telle que la nature l&rsquo;a voulue.  <\/p>\n<p>En pensant \u00e0 l&rsquo;herboriste et au cultivateur avertis, nous comprenons l&rsquo;importance de maintenir un environnement sec parfait pour ta pr\u00e9cieuse r\u00e9colte. Nos sachets de gel de silice sont l&rsquo;armure contre les ennemis courants que sont la moisissure et la d\u00e9composition, offrant une solution simple mais efficace pour prolonger la dur\u00e9e de vie de tes produits. Que tu stockes ta r\u00e9colte pour un usage personnel ou que tu la partages avec des connaisseurs de fines herbes, l&rsquo;int\u00e9grit\u00e9 de tes produits reste intacte.  <\/p>\n<p>Dans le domaine du stockage des produits secs, nos sachets de gel de silice s&rsquo;imposent comme un alli\u00e9 essentiel. Int\u00e8gre-les \u00e0 ton protocole de stockage et d\u00e9couvre la tranquillit\u00e9 d&rsquo;esprit de savoir que tes v\u00e9g\u00e9taux sont conserv\u00e9s dans leur \u00e9tat optimal, pr\u00eats pour le moment opportun.[\/vc_column_text][\/vc_column][\/vc_row]<\/p>\n<\/div>","protected":false},"excerpt":{"rendered":"<ul>\n<li>Absorbe rapidement l&rsquo;humidit\u00e9<\/li>\n<li>Prot\u00e8ge contre l&rsquo;humidit\u00e9<\/li>\n<li>Les petits sachets se glissent facilement dans n&rsquo;importe quel contenant de stockage<\/li>\n<li>Peut \u00eatre s\u00e9ch\u00e9 et r\u00e9utilis\u00e9<\/li>\n<li>Id\u00e9al pour conserver une large gamme de produits au-del\u00e0 des v\u00e9g\u00e9taux<\/li>\n<li>En contr\u00f4lant l&rsquo;humidit\u00e9, il inhibe la croissance des moisissures<\/li>\n<li>Les billes changent de couleur, indiquant quand il est temps de remplacer le sachet<\/li>\n<\/ul>\n","protected":false},"featured_media":58969,"comment_status":"open","ping_status":"closed","template":"","meta":{"_acf_changed":false},"product_brand":[],"product_cat":[187],"product_tag":[],"giftcard-category":[],"class_list":{"0":"post-58968","1":"product","2":"type-product","3":"status-publish","4":"has-post-thumbnail","6":"product_cat-accessoires","8":"first","9":"instock","10":"taxable","11":"shipping-taxable","12":"purchasable","13":"product-type-simple"},"acf":[],"_links":{"self":[{"href":"https:\/\/go-microdose.com\/fr\/wp-json\/wp\/v2\/product\/58968","targetHints":{"allow":["GET"]}}],"collection":[{"href":"https:\/\/go-microdose.com\/fr\/wp-json\/wp\/v2\/product"}],"about":[{"href":"https:\/\/go-microdose.com\/fr\/wp-json\/wp\/v2\/types\/product"}],"replies":[{"embeddable":true,"href":"https:\/\/go-microdose.com\/fr\/wp-json\/wp\/v2\/comments?post=58968"}],"wp:featuredmedia":[{"embeddable":true,"href":"https:\/\/go-microdose.com\/fr\/wp-json\/wp\/v2\/media\/58969"}],"wp:attachment":[{"href":"https:\/\/go-microdose.com\/fr\/wp-json\/wp\/v2\/media?parent=58968"}],"wp:term":[{"taxonomy":"product_brand","embeddable":true,"href":"https:\/\/go-microdose.com\/fr\/wp-json\/wp\/v2\/product_brand?post=58968"},{"taxonomy":"product_cat","embeddable":true,"href":"https:\/\/go-microdose.com\/fr\/wp-json\/wp\/v2\/product_cat?post=58968"},{"taxonomy":"product_tag","embeddable":true,"href":"https:\/\/go-microdose.com\/fr\/wp-json\/wp\/v2\/product_tag?post=58968"},{"taxonomy":"giftcard-category","embeddable":true,"href":"https:\/\/go-microdose.com\/fr\/wp-json\/wp\/v2\/giftcard-category?post=58968"}],"curies":[{"name":"wp","href":"https:\/\/api.w.org\/{rel}","templated":true}]}}