{"id":60679,"date":"2025-02-18T06:14:53","date_gmt":"2025-02-18T05:14:53","guid":{"rendered":"https:\/\/go-microdose.com\/product\/carte-cadeau\/"},"modified":"2026-04-01T12:31:37","modified_gmt":"2026-04-01T10:31:37","slug":"carte-cadeau","status":"publish","type":"product","link":"https:\/\/go-microdose.com\/fr\/produit\/carte-cadeau\/","title":{"rendered":"Carte-cadeau"},"content":{"rendered":"<p class=\"p1\"><b>Offre le cadeau de la d\u00e9couverte \u2013 cartes-cadeaux GO Microdose !<\/b><b><\/b><\/p>\n<p class=\"p3\">Tu cherches un cadeau unique et attentionn\u00e9 ? Notre <span class=\"s1\">carte-cadeau num\u00e9rique GO Microdose<\/span> est parfaite pour toutes les occasions \u2014 qu\u2019il s\u2019agisse d\u2019un anniversaire, d\u2019une f\u00eate ou simplement d\u2019une attention particuli\u00e8re. <\/p>\n<ul>\n<li class=\"p3\"><span class=\"s1\">Choisis parmi des montants fixes :<\/span> 25 \u20ac, 50 \u20ac, 100 \u20ac ou saisis un montant personnalis\u00e9<\/li>\n<li class=\"p3\"><span class=\"s1\">Personnalise-la !<\/span>  Choisis parmi 6 cartes au design soign\u00e9 ou t\u00e9l\u00e9charge ta propre image<\/li>\n<li class=\"p3\"><span class=\"s1\">Livraison instantan\u00e9e<\/span> \u2013 Envoy\u00e9e directement dans sa bo\u00eete de r\u00e9ception, sans attente<\/li>\n<li class=\"p3\"><span class=\"s1\">Pas de date d\u2019expiration<\/span> \u2013 \u00c0 utiliser n\u2019importe quand sur tous nos produits<\/li>\n<li class=\"p3\"><span class=\"s1\">Facile \u00e0 utiliser<\/span> \u2013 Applique-la simplement lors du paiement<\/li>\n<\/ul>\n<p class=\"p3\">Laisse tes proches explorer le microdosage, les truffes et plus encore \u00e0 leur propre rythme. <span class=\"s1\">Offre le choix d\u00e8s aujourd\u2019hui !<\/span> \ud83c\udf81<\/p>\n","protected":false},"excerpt":{"rendered":"<p>Tu cherches un cadeau unique et attentionn\u00e9 ? Notre carte-cadeau num\u00e9rique GO Microdose est parfaite pour toutes les occasions \u2014 qu\u2019il s\u2019agisse d\u2019un anniversaire, d\u2019une f\u00eate ou simplement d\u2019une attention particuli\u00e8re. <\/p>\n","protected":false},"featured_media":60691,"comment_status":"closed","ping_status":"closed","template":"","meta":{"_acf_changed":false},"product_brand":[],"product_cat":[234],"product_tag":[],"giftcard-category":[],"class_list":{"0":"post-60679","1":"product","2":"type-product","3":"status-publish","4":"has-post-thumbnail","6":"product_cat-cartes-cadeaux","8":"first","9":"instock","10":"virtual","11":"taxable","12":"purchasable","13":"product-type-gift-card"},"acf":[],"_links":{"self":[{"href":"https:\/\/go-microdose.com\/fr\/wp-json\/wp\/v2\/product\/60679","targetHints":{"allow":["GET"]}}],"collection":[{"href":"https:\/\/go-microdose.com\/fr\/wp-json\/wp\/v2\/product"}],"about":[{"href":"https:\/\/go-microdose.com\/fr\/wp-json\/wp\/v2\/types\/product"}],"replies":[{"embeddable":true,"href":"https:\/\/go-microdose.com\/fr\/wp-json\/wp\/v2\/comments?post=60679"}],"wp:featuredmedia":[{"embeddable":true,"href":"https:\/\/go-microdose.com\/fr\/wp-json\/wp\/v2\/media\/60691"}],"wp:attachment":[{"href":"https:\/\/go-microdose.com\/fr\/wp-json\/wp\/v2\/media?parent=60679"}],"wp:term":[{"taxonomy":"product_brand","embeddable":true,"href":"https:\/\/go-microdose.com\/fr\/wp-json\/wp\/v2\/product_brand?post=60679"},{"taxonomy":"product_cat","embeddable":true,"href":"https:\/\/go-microdose.com\/fr\/wp-json\/wp\/v2\/product_cat?post=60679"},{"taxonomy":"product_tag","embeddable":true,"href":"https:\/\/go-microdose.com\/fr\/wp-json\/wp\/v2\/product_tag?post=60679"},{"taxonomy":"giftcard-category","embeddable":true,"href":"https:\/\/go-microdose.com\/fr\/wp-json\/wp\/v2\/giftcard-category?post=60679"}],"curies":[{"name":"wp","href":"https:\/\/api.w.org\/{rel}","templated":true}]}}