{"id":60689,"date":"2023-06-20T23:33:32","date_gmt":"2023-06-20T23:33:32","guid":{"rendered":"https:\/\/go-microdose.com\/product\/gelules-de-chaga-cotae\/"},"modified":"2026-04-06T07:53:31","modified_gmt":"2026-04-06T05:53:31","slug":"gelules-de-chaga-cotae","status":"publish","type":"product","link":"https:\/\/go-microdose.com\/fr\/produit\/gelules-de-chaga-cotae\/","title":{"rendered":"G\u00e9lules de Chaga C\u014dtae"},"content":{"rendered":"<div class=\"wpb-content-wrapper\"><p>[vc_row][vc_column][vc_column_text]Les g\u00e9lules de Chaga C\u014dtae t\u2019invitent \u00e0 puiser dans la sagesse ancestrale et les puissants bienfaits du \u00ab roi de la for\u00eat \u00bb. Les champignons Chaga sont depuis longtemps pris\u00e9s en Sib\u00e9rie, en Chine, en Scandinavie et au-del\u00e0 pour leurs propri\u00e9t\u00e9s b\u00e9n\u00e9fiques pour la sant\u00e9. Contrairement au champignon commun, le Chaga est un scl\u00e9rote \u2014 un myc\u00e9lium dense et compact qui prosp\u00e8re sur les bouleaux, offrant une concentration de nutriments qu\u2019on ne retrouve pas dans les vari\u00e9t\u00e9s \u00e0 chapeau et \u00e0 pied.  <\/p>\n<p>Nos g\u00e9lules de Chaga apportent ce rem\u00e8de traditionnel au monde moderne. Chaque g\u00e9lule contient un puissant extrait 12:1 issu des fructifications de Chaga, garantissant une forte concentration de compos\u00e9s bioactifs. Nous standardisons nos extraits pour contenir au moins 30 % de polysaccharides, des glucides complexes connus pour leurs effets de soutien immunitaire.  <\/p>\n<p>Le processus de r\u00e9colte et d\u2019extraction est un travail de passion et de science. Gr\u00e2ce \u00e0 une m\u00e9thode d\u2019extraction de pointe en trois \u00e9tapes, nous capturons l\u2019essence du Chaga, y compris ses pr\u00e9cieux \u00e9ric\u00e9nones et \u00e9rinacines. On pense que ces alcalo\u00efdes uniques stimulent la production du facteur de croissance nerveuse (NGF), essentiel \u00e0 la sant\u00e9 neuronale et \u00e0 la my\u00e9linisation \u2014 le processus qui permet une transmission rapide des signaux dans les nerfs.  <\/p>\n<p>Choisir les g\u00e9lules de Chaga C\u014dtae, c\u2019est choisir la puret\u00e9 et la puissance. Nous nous engageons \u00e0 respecter les normes de qualit\u00e9 les plus \u00e9lev\u00e9es, en n\u2019utilisant que les fructifications du champignon et en \u00e9vitant les agents de charge ou le myc\u00e9lium cultiv\u00e9 sur c\u00e9r\u00e9ales. Cette approche garantit que chaque g\u00e9lule que tu prends ne contient rien d\u2019autre que l\u2019essence pure et puissante du Chaga.  <\/p>\n<p>Que tu cherches \u00e0 renforcer ton syst\u00e8me immunitaire, \u00e0 soutenir tes fonctions cognitives ou simplement \u00e0 int\u00e9grer les cadeaux nourrissants de la nature \u00e0 ta routine quotidienne, les g\u00e9lules de Chaga C\u014dtae offrent une solution pratique et fiable. Adopte la r\u00e9silience du roi et \u00e9l\u00e8ve ta sant\u00e9 \u00e0 chaque prise.[\/vc_column_text][\/vc_column][\/vc_row]<\/p>\n<\/div>","protected":false},"excerpt":{"rendered":"<p>Les g\u00e9lules de Chaga C\u014dtae t\u2019invitent \u00e0 puiser dans la sagesse ancestrale et les puissants bienfaits du \u00ab roi de la for\u00eat \u00bb. Les champignons Chaga sont depuis longtemps pris\u00e9s en Sib\u00e9rie, en Chine, en Scandinavie et au-del\u00e0 pour leurs propri\u00e9t\u00e9s b\u00e9n\u00e9fiques pour la sant\u00e9. Contrairement au champignon commun, le Chaga est un scl\u00e9rote \u2014 un myc\u00e9lium dense et compact qui prosp\u00e8re sur les bouleaux, offrant une concentration de nutriments qu\u2019on ne retrouve pas dans les vari\u00e9t\u00e9s \u00e0 chapeau et \u00e0 pied.  <\/p>\n<p>Nos g\u00e9lules de Chaga apportent ce rem\u00e8de traditionnel au monde moderne. Chaque g\u00e9lule contient un puissant extrait 12:1 issu des fructifications de Chaga, garantissant une forte concentration de compos\u00e9s bioactifs. Nous standardisons nos extraits pour contenir au moins 30 % de polysaccharides, des glucides complexes connus pour leurs effets de soutien immunitaire.  <\/p>\n<p>Le processus de r\u00e9colte et d\u2019extraction est un travail de passion et de science. Gr\u00e2ce \u00e0 une m\u00e9thode d\u2019extraction de pointe en trois \u00e9tapes, nous capturons l\u2019essence du Chaga, y compris ses pr\u00e9cieux \u00e9ric\u00e9nones et \u00e9rinacines. On pense que ces alcalo\u00efdes uniques stimulent la production du facteur de croissance nerveuse (NGF), essentiel \u00e0 la sant\u00e9 neuronale et \u00e0 la my\u00e9linisation \u2014 le processus qui permet une transmission rapide des signaux dans les nerfs.  <\/p>\n<p>Choisir les g\u00e9lules de Chaga C\u014dtae, c\u2019est choisir la puret\u00e9 et la puissance. Nous nous engageons \u00e0 respecter les normes de qualit\u00e9 les plus \u00e9lev\u00e9es, en n\u2019utilisant que les fructifications du champignon et en \u00e9vitant les agents de charge ou le myc\u00e9lium cultiv\u00e9 sur c\u00e9r\u00e9ales. Cette approche garantit que chaque g\u00e9lule que tu prends ne contient rien d\u2019autre que l\u2019essence pure et puissante du Chaga.  <\/p>\n<p>Que tu cherches \u00e0 renforcer ton syst\u00e8me immunitaire, \u00e0 soutenir tes fonctions cognitives ou simplement \u00e0 int\u00e9grer les cadeaux nourrissants de la nature \u00e0 ta routine quotidienne, les g\u00e9lules de Chaga C\u014dtae offrent une solution pratique et fiable. Adopte la r\u00e9silience du roi et \u00e9l\u00e8ve ta sant\u00e9 \u00e0 chaque prise. <\/p>\n","protected":false},"featured_media":60692,"comment_status":"open","ping_status":"closed","template":"","meta":{"_acf_changed":false},"product_brand":[],"product_cat":[197],"product_tag":[],"giftcard-category":[],"class_list":{"0":"post-60689","1":"product","2":"type-product","3":"status-publish","4":"has-post-thumbnail","6":"product_cat-complements-aux-champignons","7":"product_shipping_class-grande-boite","9":"first","10":"instock","11":"taxable","12":"shipping-taxable","13":"purchasable","14":"product-type-simple"},"acf":[],"_links":{"self":[{"href":"https:\/\/go-microdose.com\/fr\/wp-json\/wp\/v2\/product\/60689","targetHints":{"allow":["GET"]}}],"collection":[{"href":"https:\/\/go-microdose.com\/fr\/wp-json\/wp\/v2\/product"}],"about":[{"href":"https:\/\/go-microdose.com\/fr\/wp-json\/wp\/v2\/types\/product"}],"replies":[{"embeddable":true,"href":"https:\/\/go-microdose.com\/fr\/wp-json\/wp\/v2\/comments?post=60689"}],"wp:featuredmedia":[{"embeddable":true,"href":"https:\/\/go-microdose.com\/fr\/wp-json\/wp\/v2\/media\/60692"}],"wp:attachment":[{"href":"https:\/\/go-microdose.com\/fr\/wp-json\/wp\/v2\/media?parent=60689"}],"wp:term":[{"taxonomy":"product_brand","embeddable":true,"href":"https:\/\/go-microdose.com\/fr\/wp-json\/wp\/v2\/product_brand?post=60689"},{"taxonomy":"product_cat","embeddable":true,"href":"https:\/\/go-microdose.com\/fr\/wp-json\/wp\/v2\/product_cat?post=60689"},{"taxonomy":"product_tag","embeddable":true,"href":"https:\/\/go-microdose.com\/fr\/wp-json\/wp\/v2\/product_tag?post=60689"},{"taxonomy":"giftcard-category","embeddable":true,"href":"https:\/\/go-microdose.com\/fr\/wp-json\/wp\/v2\/giftcard-category?post=60689"}],"curies":[{"name":"wp","href":"https:\/\/api.w.org\/{rel}","templated":true}]}}