{"id":60762,"date":"2023-06-20T23:31:11","date_gmt":"2023-06-20T23:31:11","guid":{"rendered":"https:\/\/go-microdose.com\/product\/gelules-de-cordyceps-cotae\/"},"modified":"2026-04-06T07:53:33","modified_gmt":"2026-04-06T05:53:33","slug":"gelules-de-cordyceps-cotae","status":"publish","type":"product","link":"https:\/\/go-microdose.com\/fr\/produit\/gelules-de-cordyceps-cotae\/","title":{"rendered":"G\u00e9lules de Cordyceps C\u014dtae"},"content":{"rendered":"<div class=\"wpb-content-wrapper\"><p>[vc_row][vc_column][vc_column_text]Les g\u00e9lules de Cordyceps C\u014dtae, \u00e9tiquet\u00e9es \u00c9nergie &amp; Endurance, t\u00e9moignent de la rencontre entre pratiques ancestrales et besoins de bien-\u00eatre contemporains. Le Cordyceps militaris, avec sa riche histoire dans la m\u00e9decine tib\u00e9taine et chinoise, est r\u00e9put\u00e9 pour ses propri\u00e9t\u00e9s \u00e9nergisantes, souvent utilis\u00e9es par les athl\u00e8tes pour am\u00e9liorer leurs performances. Contrairement \u00e0 ses homologues sauvages, notre Cordyceps est cultiv\u00e9 sur des substrats soigneusement s\u00e9lectionn\u00e9s, garantissant un produit riche en nutriments et exempt d&rsquo;incoh\u00e9rences en m\u00e9taux lourds.  <\/p>\n<p>Chaque g\u00e9lule est une source de potentiel, con\u00e7ue pour revigorer et soutenir. Fabriqu\u00e9es exclusivement \u00e0 partir des corps fructif\u00e8res de Cordyceps militaris, nos g\u00e9lules incarnent puret\u00e9 et puissance. Nous nous abstenons d&rsquo;utiliser du myc\u00e9lium cultiv\u00e9 sur c\u00e9r\u00e9ales, privil\u00e9giant un produit \u00e0 la fois puissant et \u00e9thique. Nos extraits standardis\u00e9s garantissent un minimum de 30 % de polysaccharides, soulignant notre engagement envers la qualit\u00e9 et l&rsquo;efficacit\u00e9.   <\/p>\n<p>Les g\u00e9lules de Cordyceps C\u014dtae sont con\u00e7ues pour ceux qui cherchent \u00e0 \u00e9lever leur vitalit\u00e9 et leur endurance. Le ratio de concentration \u00e9lev\u00e9 de 8:1 garantit que chaque g\u00e9lule de 400 mg regorge des composants actifs c\u00e9l\u00e9br\u00e9s du champignon. Que tu sois athl\u00e8te professionnel, passionn\u00e9 de fitness ou simplement quelqu&rsquo;un cherchant \u00e0 am\u00e9liorer ta vigueur quotidienne, nos g\u00e9lules de Cordyceps offrent un coup de pouce naturel et robuste \u00e0 ta routine.  <\/p>\n<p>Nos g\u00e9lules ne visent pas seulement \u00e0 \u00e9nergiser le corps, mais aussi \u00e0 respecter l&rsquo;harmonie de la nature. Elles t\u00e9moignent de la relation symbiotique que nous partageons avec la terre, exploitant ses dons de mani\u00e8re responsable. En choisissant le Cordyceps C\u014dtae, tu ne nourris pas seulement ton corps ; tu fais aussi partie d&rsquo;un mouvement plus large vers des solutions de sant\u00e9 durables.[\/vc_column_text][\/vc_column][\/vc_row]<\/p>\n<\/div>","protected":false},"excerpt":{"rendered":"<p>Les g\u00e9lules de Cordyceps C\u014dtae, \u00e9tiquet\u00e9es \u00c9nergie &amp; Endurance, t\u00e9moignent de la rencontre entre pratiques ancestrales et besoins de bien-\u00eatre contemporains. Le Cordyceps militaris, avec sa riche histoire dans la m\u00e9decine tib\u00e9taine et chinoise, est r\u00e9put\u00e9 pour ses propri\u00e9t\u00e9s \u00e9nergisantes, souvent utilis\u00e9es par les athl\u00e8tes pour am\u00e9liorer leurs performances. Contrairement \u00e0 ses homologues sauvages, notre Cordyceps est cultiv\u00e9 sur des substrats soigneusement s\u00e9lectionn\u00e9s, garantissant un produit riche en nutriments et exempt d&rsquo;incoh\u00e9rences en m\u00e9taux lourds.  <\/p>\n<p>Chaque g\u00e9lule est une source de potentiel, con\u00e7ue pour revigorer et soutenir. Fabriqu\u00e9es exclusivement \u00e0 partir des corps fructif\u00e8res de Cordyceps militaris, nos g\u00e9lules incarnent puret\u00e9 et puissance. Nous nous abstenons d&rsquo;utiliser du myc\u00e9lium cultiv\u00e9 sur c\u00e9r\u00e9ales, privil\u00e9giant un produit \u00e0 la fois puissant et \u00e9thique. Nos extraits standardis\u00e9s garantissent un minimum de 30 % de polysaccharides, soulignant notre engagement envers la qualit\u00e9 et l&rsquo;efficacit\u00e9.   <\/p>\n<p>Les g\u00e9lules de Cordyceps C\u014dtae sont con\u00e7ues pour ceux qui cherchent \u00e0 \u00e9lever leur vitalit\u00e9 et leur endurance. Le ratio de concentration \u00e9lev\u00e9 de 8:1 garantit que chaque g\u00e9lule de 400 mg regorge des composants actifs c\u00e9l\u00e9br\u00e9s du champignon. Que tu sois athl\u00e8te professionnel, passionn\u00e9 de fitness ou simplement quelqu&rsquo;un cherchant \u00e0 am\u00e9liorer ta vigueur quotidienne, nos g\u00e9lules de Cordyceps offrent un coup de pouce naturel et robuste \u00e0 ta routine.  <\/p>\n<p>Nos g\u00e9lules ne visent pas seulement \u00e0 \u00e9nergiser le corps, mais aussi \u00e0 respecter l&rsquo;harmonie de la nature. Elles t\u00e9moignent de la relation symbiotique que nous partageons avec la terre, exploitant ses dons de mani\u00e8re responsable. En choisissant le Cordyceps C\u014dtae, tu ne nourris pas seulement ton corps ; tu fais aussi partie d&rsquo;un mouvement plus large vers des solutions de sant\u00e9 durables.  <\/p>\n","protected":false},"featured_media":60764,"comment_status":"open","ping_status":"closed","template":"","meta":{"_acf_changed":false},"product_brand":[],"product_cat":[197],"product_tag":[],"giftcard-category":[],"class_list":{"0":"post-60762","1":"product","2":"type-product","3":"status-publish","4":"has-post-thumbnail","6":"product_cat-complements-aux-champignons","7":"product_shipping_class-grande-boite","9":"first","10":"instock","11":"taxable","12":"shipping-taxable","13":"purchasable","14":"product-type-simple"},"acf":[],"_links":{"self":[{"href":"https:\/\/go-microdose.com\/fr\/wp-json\/wp\/v2\/product\/60762","targetHints":{"allow":["GET"]}}],"collection":[{"href":"https:\/\/go-microdose.com\/fr\/wp-json\/wp\/v2\/product"}],"about":[{"href":"https:\/\/go-microdose.com\/fr\/wp-json\/wp\/v2\/types\/product"}],"replies":[{"embeddable":true,"href":"https:\/\/go-microdose.com\/fr\/wp-json\/wp\/v2\/comments?post=60762"}],"wp:featuredmedia":[{"embeddable":true,"href":"https:\/\/go-microdose.com\/fr\/wp-json\/wp\/v2\/media\/60764"}],"wp:attachment":[{"href":"https:\/\/go-microdose.com\/fr\/wp-json\/wp\/v2\/media?parent=60762"}],"wp:term":[{"taxonomy":"product_brand","embeddable":true,"href":"https:\/\/go-microdose.com\/fr\/wp-json\/wp\/v2\/product_brand?post=60762"},{"taxonomy":"product_cat","embeddable":true,"href":"https:\/\/go-microdose.com\/fr\/wp-json\/wp\/v2\/product_cat?post=60762"},{"taxonomy":"product_tag","embeddable":true,"href":"https:\/\/go-microdose.com\/fr\/wp-json\/wp\/v2\/product_tag?post=60762"},{"taxonomy":"giftcard-category","embeddable":true,"href":"https:\/\/go-microdose.com\/fr\/wp-json\/wp\/v2\/giftcard-category?post=60762"}],"curies":[{"name":"wp","href":"https:\/\/api.w.org\/{rel}","templated":true}]}}