{"id":60763,"date":"2023-06-20T23:29:03","date_gmt":"2023-06-20T23:29:03","guid":{"rendered":"https:\/\/go-microdose.com\/product\/gelules-de-criniere-de-lion-cotae\/"},"modified":"2026-04-06T07:53:35","modified_gmt":"2026-04-06T05:53:35","slug":"gelules-de-criniere-de-lion-cotae","status":"publish","type":"product","link":"https:\/\/go-microdose.com\/fr\/produit\/gelules-de-criniere-de-lion-cotae\/","title":{"rendered":"G\u00e9lules de crini\u00e8re de lion C\u014dtae"},"content":{"rendered":"<div class=\"wpb-content-wrapper\"><p>[vc_row][vc_column][vc_column_text]D\u00e9couvre les secrets de la clart\u00e9 mentale et de la concentration avec les g\u00e9lules de crini\u00e8re de lion C\u014dtae. Notre crini\u00e8re de lion, \u00e9galement connue sous le nom de \u00ab champignon intelligent \u00bb, est un nootropique v\u00e9n\u00e9r\u00e9 qui orne les for\u00eats et les m\u00e9decines traditionnelles du Japon depuis des si\u00e8cles. Ces g\u00e9lules sont ta porte d&rsquo;entr\u00e9e vers un potentiel cognitif sup\u00e9rieur, offrant un soutien pour la sant\u00e9 c\u00e9r\u00e9brale et l&rsquo;acuit\u00e9 mentale.  <\/p>\n<p>Le champignon crini\u00e8re de lion, scientifiquement appel\u00e9 Hericium erinaceus, est c\u00e9l\u00e8bre pour sa capacit\u00e9 unique \u00e0 produire des \u00e9ric\u00e9nones et des \u00e9rinacines. Ces compos\u00e9s naturels stimulent la production du facteur de croissance nerveuse (NGF) dans le corps, un \u00e9l\u00e9ment essentiel \u00e0 la croissance des neurones et au fonctionnement du cerveau. En favorisant la my\u00e9linisation, le processus responsable de la transmission efficace des signaux nerveux, la crini\u00e8re de lion peut consid\u00e9rablement am\u00e9liorer tes processus cognitifs.  <\/p>\n<p>Chez GO Microdose, nous priorisons la puret\u00e9 et la puissance de nos produits. C&rsquo;est pourquoi nos g\u00e9lules de crini\u00e8re de lion contiennent uniquement les corps fructif\u00e8res du champignon, \u00e9vitant l&rsquo;utilisation de myc\u00e9lium moins puissant cultiv\u00e9 sur c\u00e9r\u00e9ales. Chaque g\u00e9lule est standardis\u00e9e pour contenir un minimum de 30 % de polysaccharides, garantissant une dose constante et puissante \u00e0 chaque fois.  <\/p>\n<p>Que tu cherches \u00e0 booster tes capacit\u00e9s cognitives, stimuler ta cr\u00e9ativit\u00e9 ou simplement soutenir la sant\u00e9 de ton cerveau, nos g\u00e9lules de crini\u00e8re de lion sont le compl\u00e9ment parfait \u00e0 un mode de vie conscient. Adopte la sagesse des pratiques ancestrales sous forme de commodit\u00e9 moderne avec GO Microdose.[\/vc_column_text][\/vc_column][\/vc_row]<\/p>\n<\/div>","protected":false},"excerpt":{"rendered":"<p>D\u00e9couvre les secrets de la clart\u00e9 mentale et de la concentration avec les g\u00e9lules de crini\u00e8re de lion C\u014dtae. Notre crini\u00e8re de lion, \u00e9galement connue sous le nom de \u00ab champignon intelligent \u00bb, est un nootropique v\u00e9n\u00e9r\u00e9 qui orne les for\u00eats et les m\u00e9decines traditionnelles du Japon depuis des si\u00e8cles. Ces g\u00e9lules sont ta porte d&rsquo;entr\u00e9e vers un potentiel cognitif sup\u00e9rieur, offrant un soutien pour la sant\u00e9 c\u00e9r\u00e9brale et l&rsquo;acuit\u00e9 mentale.  <\/p>\n<p>Le champignon crini\u00e8re de lion, scientifiquement appel\u00e9 Hericium erinaceus, est c\u00e9l\u00e8bre pour sa capacit\u00e9 unique \u00e0 produire des \u00e9ric\u00e9nones et des \u00e9rinacines. Ces compos\u00e9s naturels stimulent la production du facteur de croissance nerveuse (NGF) dans le corps, un \u00e9l\u00e9ment essentiel \u00e0 la croissance des neurones et au fonctionnement du cerveau. En favorisant la my\u00e9linisation, le processus responsable de la transmission efficace des signaux nerveux, la crini\u00e8re de lion peut consid\u00e9rablement am\u00e9liorer tes processus cognitifs.  <\/p>\n<p>Chez GO Microdose, nous priorisons la puret\u00e9 et la puissance de nos produits. C&rsquo;est pourquoi nos g\u00e9lules de crini\u00e8re de lion contiennent uniquement les corps fructif\u00e8res du champignon, \u00e9vitant l&rsquo;utilisation de myc\u00e9lium moins puissant cultiv\u00e9 sur c\u00e9r\u00e9ales. Chaque g\u00e9lule est standardis\u00e9e pour contenir un minimum de 30 % de polysaccharides, garantissant une dose constante et puissante \u00e0 chaque fois.  <\/p>\n<p>Que tu cherches \u00e0 booster tes capacit\u00e9s cognitives, stimuler ta cr\u00e9ativit\u00e9 ou simplement soutenir la sant\u00e9 de ton cerveau, nos g\u00e9lules de crini\u00e8re de lion sont le compl\u00e9ment parfait \u00e0 un mode de vie conscient. Adopte la sagesse des pratiques ancestrales sous forme de commodit\u00e9 moderne avec GO Microdose. <\/p>\n","protected":false},"featured_media":60774,"comment_status":"open","ping_status":"closed","template":"","meta":{"_acf_changed":false},"product_brand":[],"product_cat":[197],"product_tag":[],"giftcard-category":[],"class_list":{"0":"post-60763","1":"product","2":"type-product","3":"status-publish","4":"has-post-thumbnail","6":"product_cat-complements-aux-champignons","7":"product_shipping_class-grande-boite","9":"first","10":"instock","11":"taxable","12":"shipping-taxable","13":"purchasable","14":"product-type-simple"},"acf":[],"_links":{"self":[{"href":"https:\/\/go-microdose.com\/fr\/wp-json\/wp\/v2\/product\/60763","targetHints":{"allow":["GET"]}}],"collection":[{"href":"https:\/\/go-microdose.com\/fr\/wp-json\/wp\/v2\/product"}],"about":[{"href":"https:\/\/go-microdose.com\/fr\/wp-json\/wp\/v2\/types\/product"}],"replies":[{"embeddable":true,"href":"https:\/\/go-microdose.com\/fr\/wp-json\/wp\/v2\/comments?post=60763"}],"wp:featuredmedia":[{"embeddable":true,"href":"https:\/\/go-microdose.com\/fr\/wp-json\/wp\/v2\/media\/60774"}],"wp:attachment":[{"href":"https:\/\/go-microdose.com\/fr\/wp-json\/wp\/v2\/media?parent=60763"}],"wp:term":[{"taxonomy":"product_brand","embeddable":true,"href":"https:\/\/go-microdose.com\/fr\/wp-json\/wp\/v2\/product_brand?post=60763"},{"taxonomy":"product_cat","embeddable":true,"href":"https:\/\/go-microdose.com\/fr\/wp-json\/wp\/v2\/product_cat?post=60763"},{"taxonomy":"product_tag","embeddable":true,"href":"https:\/\/go-microdose.com\/fr\/wp-json\/wp\/v2\/product_tag?post=60763"},{"taxonomy":"giftcard-category","embeddable":true,"href":"https:\/\/go-microdose.com\/fr\/wp-json\/wp\/v2\/giftcard-category?post=60763"}],"curies":[{"name":"wp","href":"https:\/\/api.w.org\/{rel}","templated":true}]}}