{"id":60828,"date":"2023-06-20T23:07:51","date_gmt":"2023-06-20T23:07:51","guid":{"rendered":"https:\/\/go-microdose.com\/product\/kit-de-culture-mckennaii\/"},"modified":"2026-04-06T07:53:37","modified_gmt":"2026-04-06T05:53:37","slug":"kit-de-culture-mckennaii","status":"publish","type":"product","link":"https:\/\/go-microdose.com\/fr\/produit\/kit-de-culture-mckennaii\/","title":{"rendered":"Kit de culture McKennaii"},"content":{"rendered":"<div class=\"wpb-content-wrapper\"><p>[vc_row][vc_column][vc_column_text]<\/p>\n<p class=\"p1\">Les champignons magiques McKennaii sont connus pour leurs effets puissants et transformateurs. Nomm\u00e9s en hommage \u00e0 l\u2019ethnobotaniste am\u00e9ricain Terence McKenna, ces champignons magiques sont \u00e0 la hauteur de l\u2019h\u00e9ritage de leur homonyme en offrant des exp\u00e9riences psych\u00e9d\u00e9liques profondes. Avec notre kit de culture 100 % myc\u00e9lium, tu peux cultiver cette souche puissante dans le confort de ta maison, promettant un rendement substantiel et de multiples r\u00e9coltes.  <\/p>\n<p class=\"p1\"><strong>Effets<br \/>\n<\/strong>Les champignons magiques McKennaii sont r\u00e9put\u00e9s pour leurs puissants effets psych\u00e9d\u00e9liques. Les utilisateurs rapportent fr\u00e9quemment des hallucinations visuelles intenses, une distorsion du temps et une appr\u00e9ciation accrue des sons et des couleurs. Le voyage implique souvent une introspection profonde et des aper\u00e7us spirituels, faisant des McKennaii un favori parmi les psychonautes.  <\/p>\n<p class=\"p1\"><strong>Force, dosage et utilisation<br \/>\n<\/strong>Les champignons magiques McKennaii sont consid\u00e9r\u00e9s comme l\u2019une des souches les plus fortes disponibles, offrant une exp\u00e9rience tr\u00e8s puissante m\u00eame \u00e0 petites doses. Par cons\u00e9quent, ils sont recommand\u00e9s \u00e0 ceux qui ont une certaine familiarit\u00e9 avec les champignons \u00e0 psilocybine. Commence toujours par une dose plus faible et augmente-la progressivement \u00e0 mesure que tu t\u2019habitues \u00e0 ses effets.<br \/>\nD\u00e9couvre ta dose id\u00e9ale avec notre <strong><a href=\"https:\/\/go-microdose.com\/fr\/calculateur-de-dosage\/\">calculateur de dosage<\/a><\/strong> convivial, con\u00e7u sur mesure pour t\u2019assurer une exp\u00e9rience optimale.  <\/p>\n<p class=\"p1\"><strong>Contenu<br \/>\n<\/strong>Notre kit de culture 100 % myc\u00e9lium GO Microdose comprend tout ce dont tu as besoin pour cultiver tes propres champignons magiques McKennaii. Chaque kit est livr\u00e9 avec un kit de culture de 1 200 cc, un sac de culture avec filtres \u00e0 air et deux trombones. Des instructions de culture d\u00e9taill\u00e9es sont fournies en n\u00e9erlandais et en anglais pour te guider tout au long du processus de culture. Avec les soins appropri\u00e9s, ces kits de culture de 1 200 cc peuvent produire entre 400 et 800 g de champignons frais sur plusieurs r\u00e9coltes.   <\/p>\n<p class=\"p1\"><strong>Dur\u00e9e de conservation<br \/>\n<\/strong>Lorsqu\u2019il est stock\u00e9 dans un environnement frais, le GrowKit peut \u00eatre conserv\u00e9 pendant environ 3 \u00e0 6 mois. Cependant, en dehors du r\u00e9frig\u00e9rateur, la dur\u00e9e de conservation du kit de culture est limit\u00e9e. Pour garantir les meilleurs r\u00e9sultats, il est recommand\u00e9 de commencer ta culture d\u00e8s que possible.  <\/p>\n<p class=\"p1\"><strong>AVERTISSEMENT<\/strong><br \/>\nLa culture des champignons magiques McKennaii est simple avec notre kit de culture, mais il est essentiel de traiter le produit final avec le plus grand respect. Ne consomme pas de champignons magiques si tu as moins de 18 ans, si tu es enceinte, si tu es sujette \u00e0 des probl\u00e8mes de sant\u00e9 mentale, ou en combinaison avec de l\u2019alcool ou d\u2019autres drogues. Aie toujours un accompagnateur sobre pr\u00e9sent pendant ton exp\u00e9rience, car les champignons magiques peuvent induire de puissantes exp\u00e9riences psychologiques.  <\/p>\n<p>[\/vc_column_text][\/vc_column][\/vc_row]<\/p>\n<\/div>","protected":false},"excerpt":{"rendered":"<p class=\"p1\">Les champignons magiques McKennaii sont connus pour leurs effets puissants et transformateurs. Nomm\u00e9s en hommage \u00e0 l\u2019ethnobotaniste am\u00e9ricain Terence McKenna, ces champignons magiques sont \u00e0 la hauteur de l\u2019h\u00e9ritage de leur homonyme en offrant des exp\u00e9riences psych\u00e9d\u00e9liques profondes. Avec notre kit de culture 100 % myc\u00e9lium, tu peux cultiver cette souche puissante dans le confort de ta maison, promettant un rendement substantiel et de multiples r\u00e9coltes.  <\/p>\n<p class=\"p1\"><strong>Effets<br \/>\n<\/strong>Les champignons magiques McKennaii sont r\u00e9put\u00e9s pour leurs puissants effets psych\u00e9d\u00e9liques. Les utilisateurs rapportent fr\u00e9quemment des hallucinations visuelles intenses, une distorsion du temps et une appr\u00e9ciation accrue des sons et des couleurs. Le voyage implique souvent une introspection profonde et des aper\u00e7us spirituels, faisant des McKennaii un favori parmi les psychonautes.  <\/p>\n<p class=\"p1\"><strong>Force, dosage et utilisation<br \/>\n<\/strong>Les champignons magiques McKennaii sont consid\u00e9r\u00e9s comme l\u2019une des souches les plus fortes disponibles, offrant une exp\u00e9rience tr\u00e8s puissante m\u00eame \u00e0 petites doses. Par cons\u00e9quent, ils sont recommand\u00e9s \u00e0 ceux qui ont une certaine familiarit\u00e9 avec les champignons \u00e0 psilocybine. Commence toujours par une dose plus faible et augmente-la progressivement \u00e0 mesure que tu t\u2019habitues \u00e0 ses effets.<br \/>\nD\u00e9couvre ta dose id\u00e9ale avec notre <strong><a href=\"https:\/\/go-microdose.com\/fr\/calculateur-de-dosage\/\">calculateur de dosage<\/a><\/strong> convivial, con\u00e7u sur mesure pour t\u2019assurer une exp\u00e9rience optimale.  <\/p>\n<p class=\"p1\"><strong>Contenu<br \/>\n<\/strong>Notre kit de culture 100 % myc\u00e9lium GO Microdose comprend tout ce dont tu as besoin pour cultiver tes propres champignons magiques McKennaii. Chaque kit est livr\u00e9 avec un kit de culture de 1 200 cc, un sac de culture avec filtres \u00e0 air et deux trombones. Des instructions de culture d\u00e9taill\u00e9es sont fournies en n\u00e9erlandais et en anglais pour te guider tout au long du processus de culture. Avec les soins appropri\u00e9s, ces kits de culture de 1 200 cc peuvent produire entre 400 et 800 g de champignons frais sur plusieurs r\u00e9coltes.   <\/p>\n<p class=\"p1\"><strong>Dur\u00e9e de conservation<br \/>\n<\/strong>Lorsqu\u2019il est stock\u00e9 dans un environnement frais, le GrowKit peut \u00eatre conserv\u00e9 pendant environ 3 \u00e0 6 mois. Cependant, en dehors du r\u00e9frig\u00e9rateur, la dur\u00e9e de conservation du kit de culture est limit\u00e9e. Pour garantir les meilleurs r\u00e9sultats, il est recommand\u00e9 de commencer ta culture d\u00e8s que possible.  <\/p>\n<p class=\"p1\"><strong>AVERTISSEMENT<\/strong><br \/>\nLa culture des champignons magiques McKennaii est simple avec notre kit de culture, mais il est essentiel de traiter le produit final avec le plus grand respect. Ne consomme pas de champignons magiques si tu as moins de 18 ans, si tu es enceinte, si tu es sujette \u00e0 des probl\u00e8mes de sant\u00e9 mentale, ou en combinaison avec de l\u2019alcool ou d\u2019autres drogues. Aie toujours un accompagnateur sobre pr\u00e9sent pendant ton exp\u00e9rience, car les champignons magiques peuvent induire de puissantes exp\u00e9riences psychologiques.  <\/p>\n","protected":false},"featured_media":60851,"comment_status":"open","ping_status":"closed","template":"","meta":{"_acf_changed":false},"product_brand":[],"product_cat":[236],"product_tag":[],"giftcard-category":[],"class_list":{"0":"post-60828","1":"product","2":"type-product","3":"status-publish","4":"has-post-thumbnail","6":"product_cat-kits-de-culture-de-champignons-magiques","7":"product_shipping_class-grande-boite","9":"first","10":"instock","11":"taxable","12":"shipping-taxable","13":"purchasable","14":"product-type-simple"},"acf":[],"_links":{"self":[{"href":"https:\/\/go-microdose.com\/fr\/wp-json\/wp\/v2\/product\/60828","targetHints":{"allow":["GET"]}}],"collection":[{"href":"https:\/\/go-microdose.com\/fr\/wp-json\/wp\/v2\/product"}],"about":[{"href":"https:\/\/go-microdose.com\/fr\/wp-json\/wp\/v2\/types\/product"}],"replies":[{"embeddable":true,"href":"https:\/\/go-microdose.com\/fr\/wp-json\/wp\/v2\/comments?post=60828"}],"wp:featuredmedia":[{"embeddable":true,"href":"https:\/\/go-microdose.com\/fr\/wp-json\/wp\/v2\/media\/60851"}],"wp:attachment":[{"href":"https:\/\/go-microdose.com\/fr\/wp-json\/wp\/v2\/media?parent=60828"}],"wp:term":[{"taxonomy":"product_brand","embeddable":true,"href":"https:\/\/go-microdose.com\/fr\/wp-json\/wp\/v2\/product_brand?post=60828"},{"taxonomy":"product_cat","embeddable":true,"href":"https:\/\/go-microdose.com\/fr\/wp-json\/wp\/v2\/product_cat?post=60828"},{"taxonomy":"product_tag","embeddable":true,"href":"https:\/\/go-microdose.com\/fr\/wp-json\/wp\/v2\/product_tag?post=60828"},{"taxonomy":"giftcard-category","embeddable":true,"href":"https:\/\/go-microdose.com\/fr\/wp-json\/wp\/v2\/giftcard-category?post=60828"}],"curies":[{"name":"wp","href":"https:\/\/api.w.org\/{rel}","templated":true}]}}