{"id":60865,"date":"2023-06-20T22:08:23","date_gmt":"2023-06-20T22:08:23","guid":{"rendered":"https:\/\/go-microdose.com\/product\/truffe-tampanensis\/"},"modified":"2026-04-06T07:53:41","modified_gmt":"2026-04-06T05:53:41","slug":"truffe-tampanensis","status":"publish","type":"product","link":"https:\/\/go-microdose.com\/fr\/produit\/truffe-tampanensis\/","title":{"rendered":"Truffe Tampanensis"},"content":{"rendered":"<div class=\"wpb-content-wrapper\"><p>[vc_row][vc_column][vc_column_text]Les truffes magiques Tampanensis (aussi appel\u00e9es \u00ab Pierre philosophale \u00bb) offrent une exp\u00e9rience psych\u00e9d\u00e9lique unique et profond\u00e9ment introspective. Reconnues pour leurs puissants effets philosophiques et leurs visuels g\u00e9rables, ces truffes servent de porte d&rsquo;entr\u00e9e vers la d\u00e9couverte de soi et la croissance personnelle. Toutes nos truffes Tampanensis sont 100 % v\u00e9g\u00e9taliennes, sans gluten et cultiv\u00e9es de mani\u00e8re durable, t&rsquo;assurant un voyage s\u00fbr et transformateur.  <\/p>\n<p><strong>Effets<\/strong><br \/>\nLes truffes magiques Tampanensis cr\u00e9ent un voyage profond au sein du psychisme, suscitant des r\u00e9flexions philosophiques et une introspection intense. Elles sont moins connues pour leurs effets visuels, ce qui renforce la concentration int\u00e9rieure, pouvant mener \u00e0 des r\u00e9v\u00e9lations et une conscience de soi accrue. Certains utilisateurs rapportent \u00e9galement une appr\u00e9ciation accrue de la musique et des exp\u00e9riences esth\u00e9tiques.  <\/p>\n<p><strong>Force, dosage et utilisation<\/strong><br \/>\nLes truffes Tampanensis offrent une exp\u00e9rience psych\u00e9d\u00e9lique mod\u00e9r\u00e9ment forte. Le dosage doit donc \u00eatre soigneusement consid\u00e9r\u00e9 en fonction de ta familiarit\u00e9 avec la psilocybine et de ton niveau de confort avec ses effets. Commence toujours par un dosage plus faible et ajuste-le selon ton exp\u00e9rience.<br \/>\nD\u00e9couvre ta dose id\u00e9ale avec notre <strong><a href=\"https:\/\/go-microdose.com\/fr\/calculateur-de-dosage\/\">calculateur de dosage<\/a><\/strong> convivial, con\u00e7u sur mesure pour t&rsquo;assurer une exp\u00e9rience optimale.  <\/p>\n<p><strong>Contenu<\/strong><br \/>\nChaque paquet de truffes magiques Tampanensis contient environ 18 grammes. Cette quantit\u00e9 peut offrir plusieurs doses, selon la tol\u00e9rance individuelle et l&rsquo;intensit\u00e9 de l&rsquo;exp\u00e9rience psych\u00e9d\u00e9lique d\u00e9sir\u00e9e. <\/p>\n<p><strong>Dur\u00e9e de conservation<\/strong><br \/>\nConserv\u00e9es non ouvertes au r\u00e9frig\u00e9rateur, les truffes magiques Tampanensis ont une dur\u00e9e de conservation de 2 mois. Pour maintenir leur puissance et leur fra\u00eecheur, il est recommand\u00e9 de les consommer dans ce d\u00e9lai. <\/p>\n<p><strong>AVERTISSEMENT<\/strong><br \/>\nM\u00eame si les truffes magiques Tampanensis sont mod\u00e9r\u00e9ment fortes, elles doivent \u00eatre prises avec prudence. Surtout si tu es novice en mati\u00e8re de truffes magiques, commence toujours par une dose plus faible et assure-toi d&rsquo;avoir un accompagnateur sobre pendant ton voyage. Ne conduis pas sous l&rsquo;influence de truffes magiques et \u00e9vite de les utiliser si tu as moins de 18 ans, si tu te sens mal ou si tu as une disposition d\u00e9pressive. Rappelle-toi, ta s\u00e9curit\u00e9 et ton bien-\u00eatre mental doivent \u00eatre ta priorit\u00e9 absolue.[\/vc_column_text][\/vc_column][\/vc_row]<\/p>\n<\/div>","protected":false},"excerpt":{"rendered":"<p>Les truffes magiques Tampanensis (aussi appel\u00e9es \u00ab Pierre philosophale \u00bb) offrent une exp\u00e9rience psych\u00e9d\u00e9lique unique et profond\u00e9ment introspective. Reconnues pour leurs puissants effets philosophiques et leurs visuels g\u00e9rables, ces truffes servent de porte d&rsquo;entr\u00e9e vers la d\u00e9couverte de soi et la croissance personnelle. Toutes nos truffes Tampanensis sont 100 % v\u00e9g\u00e9taliennes, sans gluten et cultiv\u00e9es de mani\u00e8re durable, t&rsquo;assurant un voyage s\u00fbr et transformateur.  <\/p>\n<p><strong>Effets<\/strong><br \/>\nLes truffes magiques Tampanensis cr\u00e9ent un voyage profond au sein du psychisme, suscitant des r\u00e9flexions philosophiques et une introspection intense. Elles sont moins connues pour leurs effets visuels, ce qui renforce la concentration int\u00e9rieure, pouvant mener \u00e0 des r\u00e9v\u00e9lations et une conscience de soi accrue. Certains utilisateurs rapportent \u00e9galement une appr\u00e9ciation accrue de la musique et des exp\u00e9riences esth\u00e9tiques.  <\/p>\n<p><strong>Force, dosage et utilisation<\/strong><br \/>\nLes truffes Tampanensis offrent une exp\u00e9rience psych\u00e9d\u00e9lique mod\u00e9r\u00e9ment forte. Le dosage doit donc \u00eatre soigneusement consid\u00e9r\u00e9 en fonction de ta familiarit\u00e9 avec la psilocybine et de ton niveau de confort avec ses effets. Commence toujours par un dosage plus faible et ajuste-le selon ton exp\u00e9rience.<br \/>\nD\u00e9couvre ta dose id\u00e9ale avec notre <strong><a href=\"https:\/\/go-microdose.com\/fr\/calculateur-de-dosage\/\">calculateur de dosage<\/a><\/strong> convivial, con\u00e7u sur mesure pour t&rsquo;assurer une exp\u00e9rience optimale.  <\/p>\n<p><strong>Contenu<\/strong><br \/>\nChaque paquet de truffes magiques Tampanensis contient environ 18 grammes. Cette quantit\u00e9 peut offrir plusieurs doses, selon la tol\u00e9rance individuelle et l&rsquo;intensit\u00e9 de l&rsquo;exp\u00e9rience psych\u00e9d\u00e9lique d\u00e9sir\u00e9e. <\/p>\n<p><strong>Dur\u00e9e de conservation<\/strong><br \/>\nConserv\u00e9es non ouvertes au r\u00e9frig\u00e9rateur, les truffes magiques Tampanensis ont une dur\u00e9e de conservation de 2 mois. Pour maintenir leur puissance et leur fra\u00eecheur, il est recommand\u00e9 de les consommer dans ce d\u00e9lai. <\/p>\n<p><strong>AVERTISSEMENT<\/strong><br \/>\nM\u00eame si les truffes magiques Tampanensis sont mod\u00e9r\u00e9ment fortes, elles doivent \u00eatre prises avec prudence. Surtout si tu es novice en mati\u00e8re de truffes magiques, commence toujours par une dose plus faible et assure-toi d&rsquo;avoir un accompagnateur sobre pendant ton voyage. Ne conduis pas sous l&rsquo;influence de truffes magiques et \u00e9vite de les utiliser si tu as moins de 18 ans, si tu te sens mal ou si tu as une disposition d\u00e9pressive. Rappelle-toi, ta s\u00e9curit\u00e9 et ton bien-\u00eatre mental doivent \u00eatre ta priorit\u00e9 absolue.   <\/p>\n","protected":false},"featured_media":60866,"comment_status":"open","ping_status":"closed","template":"","meta":{"_acf_changed":false},"product_brand":[],"product_cat":[231],"product_tag":[],"giftcard-category":[],"class_list":{"0":"post-60865","1":"product","2":"type-product","3":"status-publish","4":"has-post-thumbnail","6":"product_cat-truffes-magiques","8":"first","9":"instock","10":"taxable","11":"shipping-taxable","12":"purchasable","13":"product-type-simple"},"acf":[],"_links":{"self":[{"href":"https:\/\/go-microdose.com\/fr\/wp-json\/wp\/v2\/product\/60865","targetHints":{"allow":["GET"]}}],"collection":[{"href":"https:\/\/go-microdose.com\/fr\/wp-json\/wp\/v2\/product"}],"about":[{"href":"https:\/\/go-microdose.com\/fr\/wp-json\/wp\/v2\/types\/product"}],"replies":[{"embeddable":true,"href":"https:\/\/go-microdose.com\/fr\/wp-json\/wp\/v2\/comments?post=60865"}],"wp:featuredmedia":[{"embeddable":true,"href":"https:\/\/go-microdose.com\/fr\/wp-json\/wp\/v2\/media\/60866"}],"wp:attachment":[{"href":"https:\/\/go-microdose.com\/fr\/wp-json\/wp\/v2\/media?parent=60865"}],"wp:term":[{"taxonomy":"product_brand","embeddable":true,"href":"https:\/\/go-microdose.com\/fr\/wp-json\/wp\/v2\/product_brand?post=60865"},{"taxonomy":"product_cat","embeddable":true,"href":"https:\/\/go-microdose.com\/fr\/wp-json\/wp\/v2\/product_cat?post=60865"},{"taxonomy":"product_tag","embeddable":true,"href":"https:\/\/go-microdose.com\/fr\/wp-json\/wp\/v2\/product_tag?post=60865"},{"taxonomy":"giftcard-category","embeddable":true,"href":"https:\/\/go-microdose.com\/fr\/wp-json\/wp\/v2\/giftcard-category?post=60865"}],"curies":[{"name":"wp","href":"https:\/\/api.w.org\/{rel}","templated":true}]}}