{"id":60913,"date":"2023-06-20T22:16:42","date_gmt":"2023-06-20T22:16:42","guid":{"rendered":"https:\/\/go-microdose.com\/product\/truffe-pajaritos\/"},"modified":"2026-04-06T07:53:39","modified_gmt":"2026-04-06T05:53:39","slug":"truffe-pajaritos","status":"publish","type":"product","link":"https:\/\/go-microdose.com\/fr\/produit\/truffe-pajaritos\/","title":{"rendered":"Truffe Pajaritos"},"content":{"rendered":"<div class=\"wpb-content-wrapper\"><p>[vc_row][vc_column][vc_column_text]Les truffes magiques Pajaritos, qui signifie \u00ab petits oiseaux \u00bb en espagnol, offrent un voyage euphorique et revigorant. Ces truffes sont particuli\u00e8rement pris\u00e9es pour leurs effets joyeux et cr\u00e9atifs. Elles constituent le choix id\u00e9al pour les rencontres sociales ou pour les novices en psych\u00e9d\u00e9liques. Toutes nos truffes Pajaritos sont 100 % v\u00e9g\u00e9taliennes, sans gluten et cultiv\u00e9es de mani\u00e8re durable, te garantissant un voyage s\u00fbr et agr\u00e9able.   <\/p>\n<p><strong>Effets<\/strong><br \/>\nLes truffes magiques Pajaritos sont connues pour leurs effets euphoriques, am\u00e9liorant l\u2019humeur et boostant la cr\u00e9ativit\u00e9. Elles cr\u00e9ent une exp\u00e9rience psych\u00e9d\u00e9lique l\u00e9g\u00e8re qui peut stimuler le rire, l\u2019interaction sociale et de nouvelles perspectives. Ces effets en font le compl\u00e9ment parfait pour une r\u00e9union intime entre amis, ou simplement pour ajouter une touche de couleur \u00e0 ton quotidien.  <\/p>\n<p><strong>Puissance, dosage et utilisation<\/strong><br \/>\nLes truffes magiques Pajaritos sont relativement douces en termes d\u2019intensit\u00e9 psych\u00e9d\u00e9lique. Bien que le dosage doive \u00eatre pris au s\u00e9rieux, elles constituent un excellent choix pour les d\u00e9butants ou ceux qui pr\u00e9f\u00e8rent une exp\u00e9rience moins intense et plus g\u00e9rable.<br \/>\nD\u00e9couvre ta dose id\u00e9ale gr\u00e2ce \u00e0 notre <strong><a href=\"https:\/\/go-microdose.com\/fr\/calculateur-de-dosage\/\">calculateur de dosage<\/a><\/strong> simple d\u2019utilisation, con\u00e7u sur mesure pour optimiser ton exp\u00e9rience. <\/p>\n<p><strong>Contenu<\/strong><br \/>\nChaque paquet de truffes magiques Pajaritos contient environ 18 grammes. Selon les niveaux de tol\u00e9rance individuels et l\u2019intensit\u00e9 souhait\u00e9e, cette quantit\u00e9 peut fournir plusieurs doses. <\/p>\n<p><strong>Dur\u00e9e de conservation<\/strong><br \/>\nLorsqu\u2019elles sont conserv\u00e9es non ouvertes au r\u00e9frig\u00e9rateur, les truffes magiques Pajaritos ont une dur\u00e9e de conservation de 2 mois. Pour garantir leur fra\u00eecheur et leur puissance, il est recommand\u00e9 de les consommer durant cette p\u00e9riode. <\/p>\n<p><strong>AVERTISSEMENT<\/strong><br \/>\nBien que les truffes magiques Pajaritos soient douces, elles doivent \u00eatre consomm\u00e9es avec prudence. Commence toujours par une dose plus faible si tu d\u00e9couvres les truffes magiques et assure-toi d\u2019avoir un accompagnateur sobre \u00e0 tes c\u00f4t\u00e9s. Il est d\u00e9conseill\u00e9 de conduire sous l\u2019influence des truffes. Abstiens-toi de toute utilisation si tu as moins de 18 ans, si tu ne te sens pas bien ou si tu as une tendance d\u00e9pressive. Ta s\u00e9curit\u00e9 et ton bien-\u00eatre mental doivent toujours passer en priorit\u00e9.[\/vc_column_text][\/vc_column][\/vc_row]<\/p>\n<\/div>","protected":false},"excerpt":{"rendered":"<p>Les truffes magiques Pajaritos, qui signifie \u00ab petits oiseaux \u00bb en espagnol, offrent un voyage euphorique et revigorant. Ces truffes sont particuli\u00e8rement pris\u00e9es pour leurs effets joyeux et cr\u00e9atifs. Elles constituent le choix id\u00e9al pour les rencontres sociales ou pour les novices en psych\u00e9d\u00e9liques. Toutes nos truffes Pajaritos sont 100 % v\u00e9g\u00e9taliennes, sans gluten et cultiv\u00e9es de mani\u00e8re durable, te garantissant un voyage s\u00fbr et agr\u00e9able.   <\/p>\n<p><strong>Effets<\/strong><br \/>\nLes truffes magiques Pajaritos sont connues pour leurs effets euphoriques, am\u00e9liorant l\u2019humeur et boostant la cr\u00e9ativit\u00e9. Elles cr\u00e9ent une exp\u00e9rience psych\u00e9d\u00e9lique l\u00e9g\u00e8re qui peut stimuler le rire, l\u2019interaction sociale et de nouvelles perspectives. Ces effets en font le compl\u00e9ment parfait pour une r\u00e9union intime entre amis, ou simplement pour ajouter une touche de couleur \u00e0 ton quotidien.  <\/p>\n<p><strong>Puissance, dosage et utilisation<\/strong><br \/>\nLes truffes magiques Pajaritos sont relativement douces en termes d\u2019intensit\u00e9 psych\u00e9d\u00e9lique. Bien que le dosage doive \u00eatre pris au s\u00e9rieux, elles constituent un excellent choix pour les d\u00e9butants ou ceux qui pr\u00e9f\u00e8rent une exp\u00e9rience moins intense et plus g\u00e9rable.<br \/>\nD\u00e9couvre ta dose id\u00e9ale gr\u00e2ce \u00e0 notre <strong><a href=\"https:\/\/go-microdose.com\/fr\/calculateur-de-dosage\/\">calculateur de dosage<\/a><\/strong> simple d\u2019utilisation, con\u00e7u sur mesure pour optimiser ton exp\u00e9rience. <\/p>\n<p><strong>Contenu<\/strong><br \/>\nChaque paquet de truffes magiques Pajaritos contient environ 18 grammes. Selon les niveaux de tol\u00e9rance individuels et l\u2019intensit\u00e9 souhait\u00e9e, cette quantit\u00e9 peut fournir plusieurs doses. <\/p>\n<p><strong>Dur\u00e9e de conservation<\/strong><br \/>\nLorsqu\u2019elles sont conserv\u00e9es non ouvertes au r\u00e9frig\u00e9rateur, les truffes magiques Pajaritos ont une dur\u00e9e de conservation de 2 mois. Pour garantir leur fra\u00eecheur et leur puissance, il est recommand\u00e9 de les consommer durant cette p\u00e9riode. <\/p>\n<p><strong>AVERTISSEMENT<\/strong><br \/>\nBien que les truffes magiques Pajaritos soient douces, elles doivent \u00eatre consomm\u00e9es avec prudence. Commence toujours par une dose plus faible si tu d\u00e9couvres les truffes magiques et assure-toi d\u2019avoir un accompagnateur sobre \u00e0 tes c\u00f4t\u00e9s. Il est d\u00e9conseill\u00e9 de conduire sous l\u2019influence des truffes. Abstiens-toi de toute utilisation si tu as moins de 18 ans, si tu ne te sens pas bien ou si tu as une tendance d\u00e9pressive. Ta s\u00e9curit\u00e9 et ton bien-\u00eatre mental doivent toujours passer en priorit\u00e9.    <\/p>\n","protected":false},"featured_media":60914,"comment_status":"open","ping_status":"closed","template":"","meta":{"_acf_changed":false},"product_brand":[],"product_cat":[231],"product_tag":[],"giftcard-category":[],"class_list":{"0":"post-60913","1":"product","2":"type-product","3":"status-publish","4":"has-post-thumbnail","6":"product_cat-truffes-magiques","8":"first","9":"instock","10":"taxable","11":"shipping-taxable","12":"purchasable","13":"product-type-simple"},"acf":[],"_links":{"self":[{"href":"https:\/\/go-microdose.com\/fr\/wp-json\/wp\/v2\/product\/60913","targetHints":{"allow":["GET"]}}],"collection":[{"href":"https:\/\/go-microdose.com\/fr\/wp-json\/wp\/v2\/product"}],"about":[{"href":"https:\/\/go-microdose.com\/fr\/wp-json\/wp\/v2\/types\/product"}],"replies":[{"embeddable":true,"href":"https:\/\/go-microdose.com\/fr\/wp-json\/wp\/v2\/comments?post=60913"}],"wp:featuredmedia":[{"embeddable":true,"href":"https:\/\/go-microdose.com\/fr\/wp-json\/wp\/v2\/media\/60914"}],"wp:attachment":[{"href":"https:\/\/go-microdose.com\/fr\/wp-json\/wp\/v2\/media?parent=60913"}],"wp:term":[{"taxonomy":"product_brand","embeddable":true,"href":"https:\/\/go-microdose.com\/fr\/wp-json\/wp\/v2\/product_brand?post=60913"},{"taxonomy":"product_cat","embeddable":true,"href":"https:\/\/go-microdose.com\/fr\/wp-json\/wp\/v2\/product_cat?post=60913"},{"taxonomy":"product_tag","embeddable":true,"href":"https:\/\/go-microdose.com\/fr\/wp-json\/wp\/v2\/product_tag?post=60913"},{"taxonomy":"giftcard-category","embeddable":true,"href":"https:\/\/go-microdose.com\/fr\/wp-json\/wp\/v2\/giftcard-category?post=60913"}],"curies":[{"name":"wp","href":"https:\/\/api.w.org\/{rel}","templated":true}]}}