{"id":60937,"date":"2023-06-20T21:49:10","date_gmt":"2023-06-20T21:49:10","guid":{"rendered":"https:\/\/go-microdose.com\/product\/truffe-hollandia\/"},"modified":"2026-04-11T15:45:15","modified_gmt":"2026-04-11T13:45:15","slug":"truffe-hollandia","status":"publish","type":"product","link":"https:\/\/go-microdose.com\/fr\/produit\/truffe-hollandia\/","title":{"rendered":"Truffe Hollandia"},"content":{"rendered":"<div class=\"wpb-content-wrapper\"><p>[vc_row][vc_column][vc_column_text]<\/p>\n<p class=\"p1\">Les truffes magiques Hollandia sont r\u00e9put\u00e9es pour leur exp\u00e9rience psyched\u00e9lique puissante, vive et transformative. Ce produit est le fruit d\u2019une culture n\u00e9erlandaise avanc\u00e9e, pl\u00e9biscit\u00e9e par les utilisateurs exp\u00e9riment\u00e9s pour sa puissance. Cultiv\u00e9es de mani\u00e8re durable, sans gluten et v\u00e9ganes, les truffes Hollandia offrent un voyage psych\u00e9d\u00e9lique naturel, s\u00fbr et intense. <\/p>\n<p class=\"p1\"><strong>Effets<br \/>\n<\/strong>Les utilisateurs des truffes Hollandia rapportent souvent un voyage psyched\u00e9lique intense, marqu\u00e9 par des visuels puissants et une profonde introspection. Tu peux ressentir un regain de cr\u00e9ativit\u00e9, une perception alt\u00e9r\u00e9e du temps et des r\u00e9v\u00e9lations profondes. Le voyage avec Hollandia est souvent associ\u00e9 \u00e0 la d\u00e9couverte de soi et \u00e0 la croissance spirituelle.  <\/p>\n<p class=\"p1\"><strong>Puissance, dosage et utilisation<br \/>\n<\/strong>Les truffes Hollandia sont connues pour leur force et leur puissance. Il est important d\u2019aborder leur usage avec respect, surtout si tu d\u00e9couvres l\u2019exp\u00e9rience psyched\u00e9lique. Commence par une petite dose et ajuste-la selon ton niveau de confort et l\u2019intensit\u00e9 souhait\u00e9e.<br \/>\nD\u00e9couvre ton apport id\u00e9al gr\u00e2ce \u00e0 notre <strong><a href=\"https:\/\/go-microdose.com\/fr\/calculateur-de-dosage\/\">calculateur de dosage<\/a><\/strong> simple d\u2019utilisation, con\u00e7u sur mesure pour garantir une exp\u00e9rience optimale.  <\/p>\n<p class=\"p1\"><strong>Contenu<\/strong><br \/>\nChaque paquet de truffes magiques Hollandia contient environ 18 g. Cette quantit\u00e9 peut servir pour plusieurs doses selon ton niveau d\u2019exp\u00e9rience et l\u2019intensit\u00e9 recherch\u00e9e pour ton voyage psyched\u00e9lique. <\/p>\n<p class=\"p1\"><strong>Dur\u00e9e de conservation<\/strong><br \/>\nLorsqu\u2019elles sont conserv\u00e9es non ouvertes au r\u00e9frig\u00e9rateur, les truffes magiques Hollandia ont une dur\u00e9e de conservation de 2 mois. Pour garantir leur fra\u00eecheur et leur puissance, nous recommandons de les consommer dans ce d\u00e9lai. <\/p>\n<p class=\"p1\"><strong>AVERTISSEMENT<\/strong><br \/>\nLa truffe magique Hollandia est une vari\u00e9t\u00e9 puissante. Il est crucial de pr\u00eater attention au dosage, surtout si tu n\u2019es pas familier avec les effets des truffes magiques. Il est conseill\u00e9 d\u2019avoir une personne sobre (le \u00ab Sitter \u00bb) \u00e0 tes c\u00f4t\u00e9s durant le voyage pour t\u2019\u00e9pauler et assurer ta s\u00e9curit\u00e9. \u00c9vite de conduire apr\u00e8s avoir consomm\u00e9 des truffes magiques. L\u2019utilisation est d\u00e9conseill\u00e9e aux moins de 18 ans. De m\u00eame, abstiens-toi d\u2019en consommer si tu ne te sens pas bien ou si tu as des tendances d\u00e9pressives. Priorise ta s\u00e9curit\u00e9 et ton bien-\u00eatre mental lors de l\u2019exploration du domaine des psyched\u00e9liques.      <\/p>\n<p>[\/vc_column_text][\/vc_column][\/vc_row]<\/p>\n<\/div>","protected":false},"excerpt":{"rendered":"<p class=\"p1\">Les truffes magiques Hollandia sont r\u00e9put\u00e9es pour leur exp\u00e9rience psyched\u00e9lique puissante, vive et transformative. Ce produit est le fruit d\u2019une culture n\u00e9erlandaise avanc\u00e9e, pl\u00e9biscit\u00e9e par les utilisateurs exp\u00e9riment\u00e9s pour sa puissance. Cultiv\u00e9es de mani\u00e8re durable, sans gluten et v\u00e9ganes, les truffes Hollandia offrent un voyage psych\u00e9d\u00e9lique naturel, s\u00fbr et intense. <\/p>\n<p class=\"p1\"><strong>Effets<br \/>\n<\/strong>Les utilisateurs des truffes Hollandia rapportent souvent un voyage psyched\u00e9lique intense, marqu\u00e9 par des visuels puissants et une profonde introspection. Tu peux ressentir un regain de cr\u00e9ativit\u00e9, une perception alt\u00e9r\u00e9e du temps et des r\u00e9v\u00e9lations profondes. Le voyage avec Hollandia est souvent associ\u00e9 \u00e0 la d\u00e9couverte de soi et \u00e0 la croissance spirituelle.  <\/p>\n<p class=\"p1\"><strong>Puissance, dosage et utilisation<br \/>\n<\/strong>Les truffes Hollandia sont connues pour leur force et leur puissance. Il est important d\u2019aborder leur usage avec respect, surtout si tu d\u00e9couvres l\u2019exp\u00e9rience psyched\u00e9lique. Commence par une petite dose et ajuste-la selon ton niveau de confort et l\u2019intensit\u00e9 souhait\u00e9e.<br \/>\nD\u00e9couvre ton apport id\u00e9al gr\u00e2ce \u00e0 notre <strong><a href=\"https:\/\/go-microdose.com\/fr\/calculateur-de-dosage\/\">calculateur de dosage<\/a><\/strong> simple d\u2019utilisation, con\u00e7u sur mesure pour garantir une exp\u00e9rience optimale.  <\/p>\n<p class=\"p1\"><strong>Contenu<\/strong><br \/>\nChaque paquet de truffes magiques Hollandia contient environ 18 g. Cette quantit\u00e9 peut servir pour plusieurs doses selon ton niveau d\u2019exp\u00e9rience et l\u2019intensit\u00e9 recherch\u00e9e pour ton voyage psyched\u00e9lique. <\/p>\n<p class=\"p1\"><strong>Dur\u00e9e de conservation<\/strong><br \/>\nLorsqu\u2019elles sont conserv\u00e9es non ouvertes au r\u00e9frig\u00e9rateur, les truffes magiques Hollandia ont une dur\u00e9e de conservation de 2 mois. Pour garantir leur fra\u00eecheur et leur puissance, nous recommandons de les consommer dans ce d\u00e9lai. <\/p>\n<p class=\"p1\"><strong>AVERTISSEMENT<\/strong><br \/>\nLa truffe magique Hollandia est une vari\u00e9t\u00e9 puissante. Il est crucial de pr\u00eater attention au dosage, surtout si tu n\u2019es pas familier avec les effets des truffes magiques. Il est conseill\u00e9 d\u2019avoir une personne sobre (le \u00ab Sitter \u00bb) \u00e0 tes c\u00f4t\u00e9s durant le voyage pour t\u2019\u00e9pauler et assurer ta s\u00e9curit\u00e9. \u00c9vite de conduire apr\u00e8s avoir consomm\u00e9 des truffes magiques. L\u2019utilisation est d\u00e9conseill\u00e9e aux moins de 18 ans. De m\u00eame, abstiens-toi d\u2019en consommer si tu ne te sens pas bien ou si tu as des tendances d\u00e9pressives. Priorise ta s\u00e9curit\u00e9 et ton bien-\u00eatre mental lors de l\u2019exploration du domaine des psyched\u00e9liques.      <\/p>\n","protected":false},"featured_media":60939,"comment_status":"open","ping_status":"closed","template":"","meta":{"_acf_changed":false},"product_brand":[],"product_cat":[231],"product_tag":[],"giftcard-category":[],"class_list":{"0":"post-60937","1":"product","2":"type-product","3":"status-publish","4":"has-post-thumbnail","6":"product_cat-truffes-magiques","8":"first","9":"instock","10":"taxable","11":"shipping-taxable","12":"purchasable","13":"product-type-simple"},"acf":[],"_links":{"self":[{"href":"https:\/\/go-microdose.com\/fr\/wp-json\/wp\/v2\/product\/60937","targetHints":{"allow":["GET"]}}],"collection":[{"href":"https:\/\/go-microdose.com\/fr\/wp-json\/wp\/v2\/product"}],"about":[{"href":"https:\/\/go-microdose.com\/fr\/wp-json\/wp\/v2\/types\/product"}],"replies":[{"embeddable":true,"href":"https:\/\/go-microdose.com\/fr\/wp-json\/wp\/v2\/comments?post=60937"}],"wp:featuredmedia":[{"embeddable":true,"href":"https:\/\/go-microdose.com\/fr\/wp-json\/wp\/v2\/media\/60939"}],"wp:attachment":[{"href":"https:\/\/go-microdose.com\/fr\/wp-json\/wp\/v2\/media?parent=60937"}],"wp:term":[{"taxonomy":"product_brand","embeddable":true,"href":"https:\/\/go-microdose.com\/fr\/wp-json\/wp\/v2\/product_brand?post=60937"},{"taxonomy":"product_cat","embeddable":true,"href":"https:\/\/go-microdose.com\/fr\/wp-json\/wp\/v2\/product_cat?post=60937"},{"taxonomy":"product_tag","embeddable":true,"href":"https:\/\/go-microdose.com\/fr\/wp-json\/wp\/v2\/product_tag?post=60937"},{"taxonomy":"giftcard-category","embeddable":true,"href":"https:\/\/go-microdose.com\/fr\/wp-json\/wp\/v2\/giftcard-category?post=60937"}],"curies":[{"name":"wp","href":"https:\/\/api.w.org\/{rel}","templated":true}]}}