{"id":60959,"date":"2023-06-20T22:01:01","date_gmt":"2023-06-20T22:01:01","guid":{"rendered":"https:\/\/go-microdose.com\/product\/truffe-atlantis\/"},"modified":"2026-04-06T07:53:42","modified_gmt":"2026-04-06T05:53:42","slug":"truffe-atlantis","status":"publish","type":"product","link":"https:\/\/go-microdose.com\/fr\/produit\/truffe-atlantis\/","title":{"rendered":"Truffe Atlantis"},"content":{"rendered":"<div class=\"wpb-content-wrapper\"><p>[vc_row][vc_column][vc_column_text]Les truffes magiques Atlantis sont un choix populaire parmi les curieux du psych\u00e9d\u00e9lique pour leur capacit\u00e9 \u00e0 offrir un \u00e9quilibre entre visuels enchanteurs et moments d&rsquo;introspection profonde. Ces truffes ouvrent un royaume d&rsquo;exploration subconsciente, ce qui en fait un choix polyvalent pour les utilisateurs d\u00e9butants comme exp\u00e9riment\u00e9s. Cultiv\u00e9es de mani\u00e8re durable, v\u00e9ganes et sans gluten, les truffes Atlantis garantissent un voyage s\u00fbr et enrichissant.  <\/p>\n<p><strong>Effets<\/strong><br \/>\nLors de la consommation, les truffes magiques Atlantis sont connues pour g\u00e9n\u00e9rer des visuels vibrants et stimuler l&rsquo;introspection philosophique. Les utilisateurs font souvent l&rsquo;exp\u00e9rience d&rsquo;une conscience sensorielle aiguis\u00e9e, d&rsquo;une appr\u00e9ciation accrue pour la musique et l&rsquo;art, et d&rsquo;un profond sentiment d&rsquo;interconnexion avec l&rsquo;univers. Le voyage psychologique avec Atlantis peut mener \u00e0 la croissance personnelle et \u00e0 la d\u00e9couverte de soi.  <\/p>\n<p><strong>Puissance, dosage et utilisation<\/strong><br \/>\nLa puissance des truffes magiques Atlantis se situe dans la gamme moyenne, ce qui les rend adapt\u00e9es aux d\u00e9butants comme aux utilisateurs exp\u00e9riment\u00e9s. Le dosage doit \u00eatre d\u00e9termin\u00e9 en fonction de ton niveau de confort, de ton exp\u00e9rience ant\u00e9rieure et de l&rsquo;intensit\u00e9 souhait\u00e9e du voyage.<br \/>\nD\u00e9couvre ta dose id\u00e9ale avec notre <strong><a href=\"https:\/\/go-microdose.com\/fr\/calculateur-de-dosage\/\">calculateur de dosage<\/a><\/strong> facile \u00e0 utiliser, personnalis\u00e9 pour garantir ton exp\u00e9rience optimale. <\/p>\n<p><strong>Contenu<\/strong><br \/>\nChaque paquet de truffes magiques Atlantis contient environ 18 grammes. Cette quantit\u00e9 peut servir plusieurs doses selon le niveau d&rsquo;exp\u00e9rience de l&rsquo;utilisateur et l&rsquo;intensit\u00e9 souhait\u00e9e de l&rsquo;exp\u00e9rience. <\/p>\n<p><strong>Conservation<\/strong><br \/>\nLa dur\u00e9e de conservation des truffes magiques Atlantis non ouvertes stock\u00e9es au r\u00e9frig\u00e9rateur est de 2 mois. Pour une fra\u00eecheur et une puissance optimales, il est recommand\u00e9 de les consommer dans ce d\u00e9lai. <\/p>\n<p><strong>AVERTISSEMENT<\/strong><br \/>\nMalgr\u00e9 leur puissance moyenne, les truffes magiques Atlantis doivent \u00eatre trait\u00e9es avec respect et prudence. Commence toujours par une dose plus faible, surtout si tu d\u00e9butes avec les truffes magiques. Pour ta s\u00e9curit\u00e9, assure-toi qu&rsquo;une personne sobre (le \u00ab Sitter \u00bb) soit pr\u00e9sente pendant le voyage. \u00c9vite de conduire apr\u00e8s avoir consomm\u00e9 des truffes magiques et n&rsquo;utilise pas de truffes magiques si tu as moins de 18 ans, si tu ne te sens pas bien ou si tu as une disposition d\u00e9pressive. Comme pour toutes les exp\u00e9riences psych\u00e9d\u00e9liques, ta s\u00e9curit\u00e9 et ton bien-\u00eatre mental doivent \u00eatre ta priorit\u00e9 absolue.[\/vc_column_text][\/vc_column][\/vc_row]<\/p>\n<\/div>","protected":false},"excerpt":{"rendered":"<p>Les truffes magiques Atlantis sont un choix populaire parmi les curieux du psych\u00e9d\u00e9lique pour leur capacit\u00e9 \u00e0 offrir un \u00e9quilibre entre visuels enchanteurs et moments d&rsquo;introspection profonde. Ces truffes ouvrent un royaume d&rsquo;exploration subconsciente, ce qui en fait un choix polyvalent pour les utilisateurs d\u00e9butants comme exp\u00e9riment\u00e9s. Cultiv\u00e9es de mani\u00e8re durable, v\u00e9ganes et sans gluten, les truffes Atlantis garantissent un voyage s\u00fbr et enrichissant.  <\/p>\n<p><strong>Effets<\/strong><br \/>\nLors de la consommation, les truffes magiques Atlantis sont connues pour g\u00e9n\u00e9rer des visuels vibrants et stimuler l&rsquo;introspection philosophique. Les utilisateurs font souvent l&rsquo;exp\u00e9rience d&rsquo;une conscience sensorielle aiguis\u00e9e, d&rsquo;une appr\u00e9ciation accrue pour la musique et l&rsquo;art, et d&rsquo;un profond sentiment d&rsquo;interconnexion avec l&rsquo;univers. Le voyage psychologique avec Atlantis peut mener \u00e0 la croissance personnelle et \u00e0 la d\u00e9couverte de soi.  <\/p>\n<p><strong>Puissance, dosage et utilisation<\/strong><br \/>\nLa puissance des truffes magiques Atlantis se situe dans la gamme moyenne, ce qui les rend adapt\u00e9es aux d\u00e9butants comme aux utilisateurs exp\u00e9riment\u00e9s. Le dosage doit \u00eatre d\u00e9termin\u00e9 en fonction de ton niveau de confort, de ton exp\u00e9rience ant\u00e9rieure et de l&rsquo;intensit\u00e9 souhait\u00e9e du voyage.<br \/>\nD\u00e9couvre ta dose id\u00e9ale avec notre <strong><a href=\"https:\/\/go-microdose.com\/fr\/calculateur-de-dosage\/\">calculateur de dosage<\/a><\/strong> facile \u00e0 utiliser, personnalis\u00e9 pour garantir ton exp\u00e9rience optimale. <\/p>\n<p><strong>Contenu<\/strong><br \/>\nChaque paquet de truffes magiques Atlantis contient environ 18 grammes. Cette quantit\u00e9 peut servir plusieurs doses selon le niveau d&rsquo;exp\u00e9rience de l&rsquo;utilisateur et l&rsquo;intensit\u00e9 souhait\u00e9e de l&rsquo;exp\u00e9rience. <\/p>\n<p><strong>Conservation<\/strong><br \/>\nLa dur\u00e9e de conservation des truffes magiques Atlantis non ouvertes stock\u00e9es au r\u00e9frig\u00e9rateur est de 2 mois. Pour une fra\u00eecheur et une puissance optimales, il est recommand\u00e9 de les consommer dans ce d\u00e9lai. <\/p>\n<p><strong>AVERTISSEMENT<\/strong><br \/>\nMalgr\u00e9 leur puissance moyenne, les truffes magiques Atlantis doivent \u00eatre trait\u00e9es avec respect et prudence. Commence toujours par une dose plus faible, surtout si tu d\u00e9butes avec les truffes magiques. Pour ta s\u00e9curit\u00e9, assure-toi qu&rsquo;une personne sobre (le \u00ab Sitter \u00bb) soit pr\u00e9sente pendant le voyage. \u00c9vite de conduire apr\u00e8s avoir consomm\u00e9 des truffes magiques et n&rsquo;utilise pas de truffes magiques si tu as moins de 18 ans, si tu ne te sens pas bien ou si tu as une disposition d\u00e9pressive. Comme pour toutes les exp\u00e9riences psych\u00e9d\u00e9liques, ta s\u00e9curit\u00e9 et ton bien-\u00eatre mental doivent \u00eatre ta priorit\u00e9 absolue.    <\/p>\n","protected":false},"featured_media":60967,"comment_status":"open","ping_status":"closed","template":"","meta":{"_acf_changed":false},"product_brand":[],"product_cat":[231],"product_tag":[],"giftcard-category":[],"class_list":{"0":"post-60959","1":"product","2":"type-product","3":"status-publish","4":"has-post-thumbnail","6":"product_cat-truffes-magiques","8":"first","9":"instock","10":"taxable","11":"shipping-taxable","12":"purchasable","13":"product-type-simple"},"acf":[],"_links":{"self":[{"href":"https:\/\/go-microdose.com\/fr\/wp-json\/wp\/v2\/product\/60959","targetHints":{"allow":["GET"]}}],"collection":[{"href":"https:\/\/go-microdose.com\/fr\/wp-json\/wp\/v2\/product"}],"about":[{"href":"https:\/\/go-microdose.com\/fr\/wp-json\/wp\/v2\/types\/product"}],"replies":[{"embeddable":true,"href":"https:\/\/go-microdose.com\/fr\/wp-json\/wp\/v2\/comments?post=60959"}],"wp:featuredmedia":[{"embeddable":true,"href":"https:\/\/go-microdose.com\/fr\/wp-json\/wp\/v2\/media\/60967"}],"wp:attachment":[{"href":"https:\/\/go-microdose.com\/fr\/wp-json\/wp\/v2\/media?parent=60959"}],"wp:term":[{"taxonomy":"product_brand","embeddable":true,"href":"https:\/\/go-microdose.com\/fr\/wp-json\/wp\/v2\/product_brand?post=60959"},{"taxonomy":"product_cat","embeddable":true,"href":"https:\/\/go-microdose.com\/fr\/wp-json\/wp\/v2\/product_cat?post=60959"},{"taxonomy":"product_tag","embeddable":true,"href":"https:\/\/go-microdose.com\/fr\/wp-json\/wp\/v2\/product_tag?post=60959"},{"taxonomy":"giftcard-category","embeddable":true,"href":"https:\/\/go-microdose.com\/fr\/wp-json\/wp\/v2\/giftcard-category?post=60959"}],"curies":[{"name":"wp","href":"https:\/\/api.w.org\/{rel}","templated":true}]}}