{"id":61024,"date":"2023-06-20T17:48:42","date_gmt":"2023-06-20T17:48:42","guid":{"rendered":"https:\/\/go-microdose.com\/product\/gelules-de-reishi-cotae\/"},"modified":"2026-04-06T07:53:48","modified_gmt":"2026-04-06T05:53:48","slug":"gelules-de-reishi-cotae","status":"publish","type":"product","link":"https:\/\/go-microdose.com\/fr\/produit\/gelules-de-reishi-cotae\/","title":{"rendered":"G\u00e9lules de Reishi C\u014dtae"},"content":{"rendered":"<div class=\"wpb-content-wrapper\"><p>[vc_row][vc_column][vc_column_text]Les g\u00e9lules Reishi C\u014dtae \u2013 Harmonie &amp; Vitalit\u00e9 offrent une solution \u00e9prouv\u00e9e pour celles et ceux qui veulent am\u00e9liorer leur bien-\u00eatre global. Le champignon Reishi, ou \u00ab le champignon de l\u2019immortalit\u00e9 \u00bb, s\u2019inscrit dans une riche histoire vieille de plus de deux mill\u00e9naires. Les m\u00e9decins chinois v\u00e9n\u00e9raient ce champignon pour ses suppos\u00e9es propri\u00e9t\u00e9s anti-\u00e2ge et pour son symbole de joie, de gu\u00e9rison et de prosp\u00e9rit\u00e9.  <\/p>\n<p>Aujourd\u2019hui, les g\u00e9lules Reishi de C\u014dtae perp\u00e9tuent cet h\u00e9ritage, en proposant un \u00e9lixir moderne qui concentre la sagesse ancestrale et les effets puissants de ce champignon c\u00e9l\u00e9br\u00e9. Chaque g\u00e9lule contient un extrait puissant 12:1 issu des fructifications du Reishi, garantissant que chaque portion de 400 mg est riche en compos\u00e9s bioactifs, dont au minimum 30 % de polysaccharides. <\/p>\n<p>Notre engagement envers la puret\u00e9 et la puissance est sans compromis. Nous \u00e9vitons le myc\u00e9lium cultiv\u00e9 sur c\u00e9r\u00e9ales et les agents de charge, en nous concentrant uniquement sur les fructifications du champignon pour t\u2019offrir un produit \u00e0 la fois efficace et conforme aux plus hauts standards d\u2019approvisionnement et de production \u00e9thiques. Cette exigence d\u2019excellence se retrouve dans chaque g\u00e9lule.  <\/p>\n<p>En int\u00e9grant les g\u00e9lules Reishi de C\u014dtae \u00e0 ta routine quotidienne, tu choisis la voie d\u2019une vitalit\u00e9 harmonieuse. Ces g\u00e9lules sont con\u00e7ues pour soutenir les rythmes naturels de ton corps, en favorisant un \u00e9tat de bien-\u00eatre \u00e9quilibr\u00e9 qui r\u00e9sonne avec le corps, l\u2019esprit et l\u2019\u00e2me. Elles compl\u00e8tent parfaitement l\u2019alimentation de toute personne souhaitant profiter des propri\u00e9t\u00e9s uniques et b\u00e9n\u00e9fiques du Reishi, le v\u00e9n\u00e9r\u00e9 \u00ab champignon de l\u2019immortalit\u00e9 \u00bb.[\/vc_column_text][\/vc_column][\/vc_row]<\/p>\n<\/div>","protected":false},"excerpt":{"rendered":"<p>Les g\u00e9lules Reishi C\u014dtae \u2013 Harmonie &amp; Vitalit\u00e9 offrent une solution \u00e9prouv\u00e9e pour celles et ceux qui veulent am\u00e9liorer leur bien-\u00eatre global. Le champignon Reishi, ou \u00ab le champignon de l\u2019immortalit\u00e9 \u00bb, s\u2019inscrit dans une riche histoire vieille de plus de deux mill\u00e9naires. Les m\u00e9decins chinois v\u00e9n\u00e9raient ce champignon pour ses suppos\u00e9es propri\u00e9t\u00e9s anti-\u00e2ge et pour son symbole de joie, de gu\u00e9rison et de prosp\u00e9rit\u00e9.  <\/p>\n<p>Aujourd\u2019hui, les g\u00e9lules Reishi de C\u014dtae perp\u00e9tuent cet h\u00e9ritage, en proposant un \u00e9lixir moderne qui concentre la sagesse ancestrale et les effets puissants de ce champignon c\u00e9l\u00e9br\u00e9. Chaque g\u00e9lule contient un extrait puissant 12:1 issu des fructifications du Reishi, garantissant que chaque portion de 400 mg est riche en compos\u00e9s bioactifs, dont au minimum 30 % de polysaccharides. <\/p>\n<p>Notre engagement envers la puret\u00e9 et la puissance est sans compromis. Nous \u00e9vitons le myc\u00e9lium cultiv\u00e9 sur c\u00e9r\u00e9ales et les agents de charge, en nous concentrant uniquement sur les fructifications du champignon pour t\u2019offrir un produit \u00e0 la fois efficace et conforme aux plus hauts standards d\u2019approvisionnement et de production \u00e9thiques. Cette exigence d\u2019excellence se retrouve dans chaque g\u00e9lule.  <\/p>\n<p>En int\u00e9grant les g\u00e9lules Reishi de C\u014dtae \u00e0 ta routine quotidienne, tu choisis la voie d\u2019une vitalit\u00e9 harmonieuse. Ces g\u00e9lules sont con\u00e7ues pour soutenir les rythmes naturels de ton corps, en favorisant un \u00e9tat de bien-\u00eatre \u00e9quilibr\u00e9 qui r\u00e9sonne avec le corps, l\u2019esprit et l\u2019\u00e2me. Elles compl\u00e8tent parfaitement l\u2019alimentation de toute personne souhaitant profiter des propri\u00e9t\u00e9s uniques et b\u00e9n\u00e9fiques du Reishi, le v\u00e9n\u00e9r\u00e9 \u00ab champignon de l\u2019immortalit\u00e9 \u00bb.  <\/p>\n","protected":false},"featured_media":61034,"comment_status":"open","ping_status":"closed","template":"","meta":{"_acf_changed":false},"product_brand":[],"product_cat":[197],"product_tag":[],"giftcard-category":[],"class_list":{"0":"post-61024","1":"product","2":"type-product","3":"status-publish","4":"has-post-thumbnail","6":"product_cat-complements-aux-champignons","7":"product_shipping_class-grande-boite","9":"first","10":"instock","11":"taxable","12":"shipping-taxable","13":"purchasable","14":"product-type-simple"},"acf":[],"_links":{"self":[{"href":"https:\/\/go-microdose.com\/fr\/wp-json\/wp\/v2\/product\/61024","targetHints":{"allow":["GET"]}}],"collection":[{"href":"https:\/\/go-microdose.com\/fr\/wp-json\/wp\/v2\/product"}],"about":[{"href":"https:\/\/go-microdose.com\/fr\/wp-json\/wp\/v2\/types\/product"}],"replies":[{"embeddable":true,"href":"https:\/\/go-microdose.com\/fr\/wp-json\/wp\/v2\/comments?post=61024"}],"wp:featuredmedia":[{"embeddable":true,"href":"https:\/\/go-microdose.com\/fr\/wp-json\/wp\/v2\/media\/61034"}],"wp:attachment":[{"href":"https:\/\/go-microdose.com\/fr\/wp-json\/wp\/v2\/media?parent=61024"}],"wp:term":[{"taxonomy":"product_brand","embeddable":true,"href":"https:\/\/go-microdose.com\/fr\/wp-json\/wp\/v2\/product_brand?post=61024"},{"taxonomy":"product_cat","embeddable":true,"href":"https:\/\/go-microdose.com\/fr\/wp-json\/wp\/v2\/product_cat?post=61024"},{"taxonomy":"product_tag","embeddable":true,"href":"https:\/\/go-microdose.com\/fr\/wp-json\/wp\/v2\/product_tag?post=61024"},{"taxonomy":"giftcard-category","embeddable":true,"href":"https:\/\/go-microdose.com\/fr\/wp-json\/wp\/v2\/giftcard-category?post=61024"}],"curies":[{"name":"wp","href":"https:\/\/api.w.org\/{rel}","templated":true}]}}