{"id":61025,"date":"2023-06-20T17:50:48","date_gmt":"2023-06-20T17:50:48","guid":{"rendered":"https:\/\/go-microdose.com\/product\/kit-de-culture-golden-teacher\/"},"modified":"2026-04-06T07:53:46","modified_gmt":"2026-04-06T05:53:46","slug":"kit-de-culture-golden-teacher","status":"publish","type":"product","link":"https:\/\/go-microdose.com\/fr\/produit\/kit-de-culture-golden-teacher\/","title":{"rendered":"Kit de culture Golden Teacher"},"content":{"rendered":"<div class=\"wpb-content-wrapper\"><p>[vc_row][vc_column][vc_column_text]Les champignons magiques Golden Teacher sont v\u00e9n\u00e9r\u00e9s pour leurs effets spirituels et r\u00e9v\u00e9lateurs. Ils offrent une porte vers la connaissance, la sagesse et la compr\u00e9hension, ce qui leur vaut leur nom illustre. Cette souche particuli\u00e8re de psilocybe cubensis est entour\u00e9e de myst\u00e8re en raison de ses origines inconnues, mais elle est rapidement devenue l\u2019une des pr\u00e9f\u00e9r\u00e9es des cultivateurs et des psychonautes. Avec notre kit de culture 100 % myc\u00e9lium, tu peux cultiver cette souche \u00e9nigmatique chez toi, avec la promesse d\u2019un rendement g\u00e9n\u00e9reux et de r\u00e9coltes multiples.   <\/p>\n<p><strong>Effets<\/strong><br \/>\nLes champignons magiques Golden Teacher sont r\u00e9put\u00e9s pour leur capacit\u00e9 \u00e0 offrir une exp\u00e9rience philosophique et profonde. Les utilisateurs rapportent souvent des sentiments d\u2019\u00e9veil, une conscience accrue et des changements perceptifs, notamment une alt\u00e9ration de la perception du temps, des distorsions visuelles et des couleurs sublim\u00e9es. L\u2019introspection mentale et \u00e9motionnelle est courante, pouvant mener \u00e0 de profondes prises de conscience personnelles.  <\/p>\n<p><strong>Puissance, dosage et utilisation<\/strong><br \/>\nLes champignons magiques Golden Teacher sont mod\u00e9r\u00e9ment puissants, ce qui les rend adapt\u00e9s tant aux novices qu\u2019aux utilisateurs exp\u00e9riment\u00e9s. Le dosage varie selon la tol\u00e9rance individuelle et l\u2019intensit\u00e9 souhait\u00e9e. Il est toujours recommand\u00e9 de commencer par une dose faible et d\u2019augmenter progressivement \u00e0 mesure que tu te familiarises avec les effets.<br \/>\nD\u00e9couvre ta dose id\u00e9ale gr\u00e2ce \u00e0 notre <strong><a href=\"https:\/\/go-microdose.com\/fr\/calculateur-de-dosage\/\">calculateur de dosage<\/a><\/strong> intuitif, con\u00e7u sur mesure pour garantir une exp\u00e9rience optimale.  <\/p>\n<p><strong>Contenu<\/strong><br \/>\nNotre kit de culture GO Microdose 100 % myc\u00e9lium offre tout le n\u00e9cessaire pour cultiver les c\u00e9l\u00e8bres Golden Teacher. Chaque kit contient un bac de culture de 1200 cc, un sac de culture avec filtres \u00e0 air et deux trombones. Des instructions de culture d\u00e9taill\u00e9es sont fournies en n\u00e9erlandais et en anglais pour te guider. Avec les soins appropri\u00e9s, ces kits de 1200 cc peuvent produire entre 400 et 800 g de champignons frais sur plusieurs r\u00e9coltes.   <\/p>\n<p><strong>Dur\u00e9e de conservation<\/strong><br \/>\nLorsqu\u2019il est conserv\u00e9 au frais, le kit peut durer environ 3 \u00e0 6 mois. Cependant, hors du r\u00e9frig\u00e9rateur, sa dur\u00e9e de conservation est limit\u00e9e. Il est toujours pr\u00e9f\u00e9rable de lancer ta culture d\u00e8s que possible pour garantir les meilleurs r\u00e9sultats.  <\/p>\n<p><strong>AVERTISSEMENT<\/strong><br \/>\nBien que la culture des champignons magiques Golden Teacher soit simple avec notre kit, traite toujours le produit final avec respect. Ne consomme pas de champignons magiques si tu as moins de 18 ans, si tu es enceinte, si tu es sujet \u00e0 des troubles psychologiques, ou en combinaison avec de l\u2019alcool ou d\u2019autres drogues. Les champignons magiques sont une substance naturelle puissante qui peut procurer des exp\u00e9riences psychologiques intenses. Assure-toi de toujours avoir un \u00ab trip sitter \u00bb sobre \u00e0 tes c\u00f4t\u00e9s pendant l\u2019exp\u00e9rience.[\/vc_column_text][\/vc_column][\/vc_row]<\/p>\n<\/div>","protected":false},"excerpt":{"rendered":"<p>Les champignons magiques Golden Teacher sont v\u00e9n\u00e9r\u00e9s pour leurs effets spirituels et r\u00e9v\u00e9lateurs. Ils offrent une porte vers la connaissance, la sagesse et la compr\u00e9hension, ce qui leur vaut leur nom illustre. Cette souche particuli\u00e8re de psilocybe cubensis est entour\u00e9e de myst\u00e8re en raison de ses origines inconnues, mais elle est rapidement devenue l\u2019une des pr\u00e9f\u00e9r\u00e9es des cultivateurs et des psychonautes. Avec notre kit de culture 100 % myc\u00e9lium, tu peux cultiver cette souche \u00e9nigmatique chez toi, avec la promesse d\u2019un rendement g\u00e9n\u00e9reux et de r\u00e9coltes multiples.   <\/p>\n<p><strong>Effets<\/strong><br \/>\nLes champignons magiques Golden Teacher sont r\u00e9put\u00e9s pour leur capacit\u00e9 \u00e0 offrir une exp\u00e9rience philosophique et profonde. Les utilisateurs rapportent souvent des sentiments d\u2019\u00e9veil, une conscience accrue et des changements perceptifs, notamment une alt\u00e9ration de la perception du temps, des distorsions visuelles et des couleurs sublim\u00e9es. L\u2019introspection mentale et \u00e9motionnelle est courante, pouvant mener \u00e0 de profondes prises de conscience personnelles.  <\/p>\n<p><strong>Puissance, dosage et utilisation<\/strong><br \/>\nLes champignons magiques Golden Teacher sont mod\u00e9r\u00e9ment puissants, ce qui les rend adapt\u00e9s tant aux novices qu\u2019aux utilisateurs exp\u00e9riment\u00e9s. Le dosage varie selon la tol\u00e9rance individuelle et l\u2019intensit\u00e9 souhait\u00e9e. Il est toujours recommand\u00e9 de commencer par une dose faible et d\u2019augmenter progressivement \u00e0 mesure que tu te familiarises avec les effets.<br \/>\nD\u00e9couvre ta dose id\u00e9ale gr\u00e2ce \u00e0 notre <strong><a href=\"https:\/\/go-microdose.com\/fr\/calculateur-de-dosage\/\">calculateur de dosage<\/a><\/strong> intuitif, con\u00e7u sur mesure pour garantir une exp\u00e9rience optimale.  <\/p>\n<p><strong>Contenu<\/strong><br \/>\nNotre kit de culture GO Microdose 100 % myc\u00e9lium offre tout le n\u00e9cessaire pour cultiver les c\u00e9l\u00e8bres Golden Teacher. Chaque kit contient un bac de culture de 1200 cc, un sac de culture avec filtres \u00e0 air et deux trombones. Des instructions de culture d\u00e9taill\u00e9es sont fournies en n\u00e9erlandais et en anglais pour te guider. Avec les soins appropri\u00e9s, ces kits de 1200 cc peuvent produire entre 400 et 800 g de champignons frais sur plusieurs r\u00e9coltes.   <\/p>\n<p><strong>Dur\u00e9e de conservation<\/strong><br \/>\nLorsqu\u2019il est conserv\u00e9 au frais, le kit peut durer environ 3 \u00e0 6 mois. Cependant, hors du r\u00e9frig\u00e9rateur, sa dur\u00e9e de conservation est limit\u00e9e. Il est toujours pr\u00e9f\u00e9rable de lancer ta culture d\u00e8s que possible pour garantir les meilleurs r\u00e9sultats.  <\/p>\n<p><strong>AVERTISSEMENT<\/strong><br \/>\nBien que la culture des champignons magiques Golden Teacher soit simple avec notre kit, traite toujours le produit final avec respect. Ne consomme pas de champignons magiques si tu as moins de 18 ans, si tu es enceinte, si tu es sujet \u00e0 des troubles psychologiques, ou en combinaison avec de l\u2019alcool ou d\u2019autres drogues. Les champignons magiques sont une substance naturelle puissante qui peut procurer des exp\u00e9riences psychologiques intenses. Assure-toi de toujours avoir un \u00ab trip sitter \u00bb sobre \u00e0 tes c\u00f4t\u00e9s pendant l\u2019exp\u00e9rience.   <\/p>\n","protected":false},"featured_media":61038,"comment_status":"open","ping_status":"closed","template":"","meta":{"_acf_changed":false},"product_brand":[],"product_cat":[236],"product_tag":[],"giftcard-category":[],"class_list":{"0":"post-61025","1":"product","2":"type-product","3":"status-publish","4":"has-post-thumbnail","6":"product_cat-kits-de-culture-de-champignons-magiques","7":"product_shipping_class-grande-boite","9":"first","10":"instock","11":"taxable","12":"shipping-taxable","13":"purchasable","14":"product-type-simple"},"acf":[],"_links":{"self":[{"href":"https:\/\/go-microdose.com\/fr\/wp-json\/wp\/v2\/product\/61025","targetHints":{"allow":["GET"]}}],"collection":[{"href":"https:\/\/go-microdose.com\/fr\/wp-json\/wp\/v2\/product"}],"about":[{"href":"https:\/\/go-microdose.com\/fr\/wp-json\/wp\/v2\/types\/product"}],"replies":[{"embeddable":true,"href":"https:\/\/go-microdose.com\/fr\/wp-json\/wp\/v2\/comments?post=61025"}],"wp:featuredmedia":[{"embeddable":true,"href":"https:\/\/go-microdose.com\/fr\/wp-json\/wp\/v2\/media\/61038"}],"wp:attachment":[{"href":"https:\/\/go-microdose.com\/fr\/wp-json\/wp\/v2\/media?parent=61025"}],"wp:term":[{"taxonomy":"product_brand","embeddable":true,"href":"https:\/\/go-microdose.com\/fr\/wp-json\/wp\/v2\/product_brand?post=61025"},{"taxonomy":"product_cat","embeddable":true,"href":"https:\/\/go-microdose.com\/fr\/wp-json\/wp\/v2\/product_cat?post=61025"},{"taxonomy":"product_tag","embeddable":true,"href":"https:\/\/go-microdose.com\/fr\/wp-json\/wp\/v2\/product_tag?post=61025"},{"taxonomy":"giftcard-category","embeddable":true,"href":"https:\/\/go-microdose.com\/fr\/wp-json\/wp\/v2\/giftcard-category?post=61025"}],"curies":[{"name":"wp","href":"https:\/\/api.w.org\/{rel}","templated":true}]}}