{"id":61110,"date":"2023-06-20T17:45:46","date_gmt":"2023-06-20T17:45:46","guid":{"rendered":"https:\/\/go-microdose.com\/product\/truffe-utopia\/"},"modified":"2026-04-06T07:53:51","modified_gmt":"2026-04-06T05:53:51","slug":"truffe-utopia","status":"publish","type":"product","link":"https:\/\/go-microdose.com\/fr\/produit\/truffe-utopia\/","title":{"rendered":"Truffe Utopia"},"content":{"rendered":"<div class=\"wpb-content-wrapper\"><p>[vc_row][vc_column][vc_column_text]Les truffes magiques Utopia sont les pr\u00e9f\u00e9r\u00e9es des utilisateurs chevronn\u00e9s pour leurs effets intens\u00e9ment transformateurs. R\u00e9put\u00e9es pour leur puissance, ces truffes t\u2019emm\u00e8nent dans un voyage profond au c\u0153ur de ton psych\u00e9. Les truffes Utopia sont cultiv\u00e9es de mani\u00e8re durable, sont v\u00e9g\u00e9taliennes et sans gluten, garantissant une exp\u00e9rience psych\u00e9d\u00e9lique pure et authentique.  <\/p>\n<p><strong>Effets<\/strong><br \/>\nLes utilisateurs rapportent une transformation profonde avec Utopia. Ces truffes puissantes d\u00e9bloquent des parties profondes du psych\u00e9, menant \u00e0 des visuels vifs, une euphorie intense et un sentiment accru d\u2019empathie et de connexion. Les truffes Utopia aident \u00e0 lever les voiles de ton esprit, offrant de nouvelles perspectives et r\u00e9flexions.  <\/p>\n<p><strong>Puissance, dosage et utilisation<\/strong><br \/>\nLa Psilocybe Utopia est connue pour sa force. M\u00eame une petite dose peut entra\u00eener des effets intenses. Il est important de pr\u00eater attention au dosage, surtout si tu n\u2019es pas familier avec les effets de la psilocybine. Nous recommandons de commencer par une petite dose et d\u2019augmenter progressivement si n\u00e9cessaire.<br \/>\nD\u00e9couvre ta dose id\u00e9ale avec notre <strong><a href=\"https:\/\/go-microdose.com\/fr\/calculateur-de-dosage\/\">calculateur de dosage<\/a><\/strong> simple d\u2019utilisation, con\u00e7u sur mesure pour garantir une exp\u00e9rience optimale.   <\/p>\n<p><strong>Contenu<\/strong><br \/>\nChaque paquet de truffes magiques Utopia contient environ 18 grammes. Cette quantit\u00e9 peut servir pour plusieurs doses, selon l\u2019intensit\u00e9 d\u00e9sir\u00e9e des effets. <\/p>\n<p><strong>Dur\u00e9e de conservation<\/strong><br \/>\nLorsqu\u2019elles sont conserv\u00e9es non ouvertes au r\u00e9frig\u00e9rateur, les truffes magiques Utopia ont une dur\u00e9e de conservation de 2 mois. Il est recommand\u00e9 de les consommer dans ce d\u00e9lai pour garantir leur fra\u00eecheur et leur puissance. <\/p>\n<p><strong>AVERTISSEMENT<\/strong><br \/>\nL\u2019Utopia est une truffe tr\u00e8s puissante. Une attention particuli\u00e8re doit \u00eatre port\u00e9e au dosage, surtout si tu ne connais pas les effets des truffes magiques. La pr\u00e9sence d\u2019une personne sobre (le \u00ab Sitter \u00bb) est conseill\u00e9e pour t\u2019accompagner et assurer ta s\u00e9curit\u00e9 pendant l\u2019exp\u00e9rience psych\u00e9d\u00e9lique. Ne conduis pas si tu as consomm\u00e9 des truffes magiques. Il est recommand\u00e9 de ne pas utiliser de truffes magiques si tu as moins de 18 ans, si tu te sens mal \u00e0 l\u2019aise ou si tu as une tendance d\u00e9pressive. Priorise toujours ta s\u00e9curit\u00e9 et ton bien-\u00eatre mental lors de l\u2019exploration du domaine des psych\u00e9d\u00e9liques.[\/vc_column_text][\/vc_column][\/vc_row]<\/p>\n<\/div>","protected":false},"excerpt":{"rendered":"<p>Les truffes magiques Utopia sont les pr\u00e9f\u00e9r\u00e9es des utilisateurs chevronn\u00e9s pour leurs effets intens\u00e9ment transformateurs. R\u00e9put\u00e9es pour leur puissance, ces truffes t\u2019emm\u00e8nent dans un voyage profond au c\u0153ur de ton psych\u00e9. Les truffes Utopia sont cultiv\u00e9es de mani\u00e8re durable, sont v\u00e9g\u00e9taliennes et sans gluten, garantissant une exp\u00e9rience psych\u00e9d\u00e9lique pure et authentique.  <\/p>\n<p><strong>Effets<\/strong><br \/>\nLes utilisateurs rapportent une transformation profonde avec Utopia. Ces truffes puissantes d\u00e9bloquent des parties profondes du psych\u00e9, menant \u00e0 des visuels vifs, une euphorie intense et un sentiment accru d\u2019empathie et de connexion. Les truffes Utopia aident \u00e0 lever les voiles de ton esprit, offrant de nouvelles perspectives et r\u00e9flexions.  <\/p>\n<p><strong>Puissance, dosage et utilisation<\/strong><br \/>\nLa Psilocybe Utopia est connue pour sa force. M\u00eame une petite dose peut entra\u00eener des effets intenses. Il est important de pr\u00eater attention au dosage, surtout si tu n\u2019es pas familier avec les effets de la psilocybine. Nous recommandons de commencer par une petite dose et d\u2019augmenter progressivement si n\u00e9cessaire.<br \/>\nD\u00e9couvre ta dose id\u00e9ale avec notre <strong><a href=\"https:\/\/go-microdose.com\/fr\/calculateur-de-dosage\/\">calculateur de dosage<\/a><\/strong> simple d\u2019utilisation, con\u00e7u sur mesure pour garantir une exp\u00e9rience optimale.   <\/p>\n<p><strong>Contenu<\/strong><br \/>\nChaque paquet de truffes magiques Utopia contient environ 18 grammes. Cette quantit\u00e9 peut servir pour plusieurs doses, selon l\u2019intensit\u00e9 d\u00e9sir\u00e9e des effets. <\/p>\n<p><strong>Dur\u00e9e de conservation<\/strong><br \/>\nLorsqu\u2019elles sont conserv\u00e9es non ouvertes au r\u00e9frig\u00e9rateur, les truffes magiques Utopia ont une dur\u00e9e de conservation de 2 mois. Il est recommand\u00e9 de les consommer dans ce d\u00e9lai pour garantir leur fra\u00eecheur et leur puissance. <\/p>\n<p><strong>AVERTISSEMENT<\/strong><br \/>\nL\u2019Utopia est une truffe tr\u00e8s puissante. Une attention particuli\u00e8re doit \u00eatre port\u00e9e au dosage, surtout si tu ne connais pas les effets des truffes magiques. La pr\u00e9sence d\u2019une personne sobre (le \u00ab Sitter \u00bb) est conseill\u00e9e pour t\u2019accompagner et assurer ta s\u00e9curit\u00e9 pendant l\u2019exp\u00e9rience psych\u00e9d\u00e9lique. Ne conduis pas si tu as consomm\u00e9 des truffes magiques. Il est recommand\u00e9 de ne pas utiliser de truffes magiques si tu as moins de 18 ans, si tu te sens mal \u00e0 l\u2019aise ou si tu as une tendance d\u00e9pressive. Priorise toujours ta s\u00e9curit\u00e9 et ton bien-\u00eatre mental lors de l\u2019exploration du domaine des psych\u00e9d\u00e9liques.     <\/p>\n","protected":false},"featured_media":61111,"comment_status":"open","ping_status":"closed","template":"","meta":{"_acf_changed":false},"product_brand":[],"product_cat":[231],"product_tag":[],"giftcard-category":[],"class_list":{"0":"post-61110","1":"product","2":"type-product","3":"status-publish","4":"has-post-thumbnail","6":"product_cat-truffes-magiques","8":"first","9":"instock","10":"taxable","11":"shipping-taxable","12":"purchasable","13":"product-type-simple"},"acf":[],"_links":{"self":[{"href":"https:\/\/go-microdose.com\/fr\/wp-json\/wp\/v2\/product\/61110","targetHints":{"allow":["GET"]}}],"collection":[{"href":"https:\/\/go-microdose.com\/fr\/wp-json\/wp\/v2\/product"}],"about":[{"href":"https:\/\/go-microdose.com\/fr\/wp-json\/wp\/v2\/types\/product"}],"replies":[{"embeddable":true,"href":"https:\/\/go-microdose.com\/fr\/wp-json\/wp\/v2\/comments?post=61110"}],"wp:featuredmedia":[{"embeddable":true,"href":"https:\/\/go-microdose.com\/fr\/wp-json\/wp\/v2\/media\/61111"}],"wp:attachment":[{"href":"https:\/\/go-microdose.com\/fr\/wp-json\/wp\/v2\/media?parent=61110"}],"wp:term":[{"taxonomy":"product_brand","embeddable":true,"href":"https:\/\/go-microdose.com\/fr\/wp-json\/wp\/v2\/product_brand?post=61110"},{"taxonomy":"product_cat","embeddable":true,"href":"https:\/\/go-microdose.com\/fr\/wp-json\/wp\/v2\/product_cat?post=61110"},{"taxonomy":"product_tag","embeddable":true,"href":"https:\/\/go-microdose.com\/fr\/wp-json\/wp\/v2\/product_tag?post=61110"},{"taxonomy":"giftcard-category","embeddable":true,"href":"https:\/\/go-microdose.com\/fr\/wp-json\/wp\/v2\/giftcard-category?post=61110"}],"curies":[{"name":"wp","href":"https:\/\/api.w.org\/{rel}","templated":true}]}}