{"id":61173,"date":"2023-03-22T10:57:53","date_gmt":"2023-03-22T10:57:53","guid":{"rendered":"https:\/\/go-microdose.com\/product\/loffre-de-lexplorateur\/"},"modified":"2026-04-06T07:53:52","modified_gmt":"2026-04-06T05:53:52","slug":"loffre-de-lexplorateur","status":"publish","type":"product","link":"https:\/\/go-microdose.com\/fr\/produit\/loffre-de-lexplorateur\/","title":{"rendered":"L\u2019offre de l\u2019explorateur"},"content":{"rendered":"<div class=\"wpb-content-wrapper\"><p>[vc_row][vc_column][vc_column_text]Tu cherches \u00e0 essayer quelque chose de nouveau et d\u2019excitant ? Notre offre pack de truffes \u00ab 6 achet\u00e9s, 8 re\u00e7us \u00bb est parfaite pour celles et ceux en qu\u00eate d\u2019aventure. Pour une dur\u00e9e limit\u00e9e, tu peux recevoir 8 packs de nos truffes de haute qualit\u00e9 au prix de 6 \u2014 soit 25&nbsp;% de r\u00e9duction.  <\/p>\n<p>Nos truffes sont parfaites aussi bien pour le microdosage que pour un usage r\u00e9cr\u00e9atif. On veut s\u2019assurer que tu vives une exp\u00e9rience s\u00fbre et agr\u00e9able avec nos produits, c\u2019est pourquoi on inclut un guide de dosage pour t\u2019aider \u00e0 d\u00e9marrer. Nos truffes sont faciles \u00e0 utiliser, et avec cette offre sp\u00e9ciale, tu auras de quoi exp\u00e9rimenter.  <\/p>\n<p>Ne passe pas \u00e0 c\u00f4t\u00e9 de cette offre exclusive \u2014 commande maintenant et commence \u00e0 explorer ta conscience. Et n\u2019oublie pas : utilise toujours de fa\u00e7on responsable et commence par une faible dose. <\/p>\n<p>D\u00e9couvre ta prise id\u00e9ale gr\u00e2ce \u00e0 notre <strong><a href=\"https:\/\/go-microdose.com\/fr\/calculateur-de-dosage\/\">calculateur de dosage<\/a><\/strong> facile \u00e0 utiliser, con\u00e7u sur mesure pour garantir une exp\u00e9rience optimale.[\/vc_column_text][\/vc_column][\/vc_row]<\/p>\n<\/div>","protected":false},"excerpt":{"rendered":"<ul>\n<li>Ach\u00e8te 6 plaquettes, re\u00e7ois-en 8<\/li>\n<li>25 % de r\u00e9duction<\/li>\n<li>Manuel d\u2019utilisation &amp; de dosage<\/li>\n<li>Guide de cours \u00e9tape par \u00e9tape<\/li>\n<\/ul>\n","protected":false},"featured_media":61186,"comment_status":"open","ping_status":"closed","template":"","meta":{"_acf_changed":false},"product_brand":[],"product_cat":[201,241],"product_tag":[],"giftcard-category":[],"class_list":{"0":"post-61173","1":"product","2":"type-product","3":"status-publish","4":"has-post-thumbnail","6":"product_cat-offres-pack","7":"product_cat-microdosage","9":"first","10":"instock","11":"sale","12":"taxable","13":"shipping-taxable","14":"purchasable","15":"product-type-simple"},"acf":[],"_links":{"self":[{"href":"https:\/\/go-microdose.com\/fr\/wp-json\/wp\/v2\/product\/61173","targetHints":{"allow":["GET"]}}],"collection":[{"href":"https:\/\/go-microdose.com\/fr\/wp-json\/wp\/v2\/product"}],"about":[{"href":"https:\/\/go-microdose.com\/fr\/wp-json\/wp\/v2\/types\/product"}],"replies":[{"embeddable":true,"href":"https:\/\/go-microdose.com\/fr\/wp-json\/wp\/v2\/comments?post=61173"}],"wp:featuredmedia":[{"embeddable":true,"href":"https:\/\/go-microdose.com\/fr\/wp-json\/wp\/v2\/media\/61186"}],"wp:attachment":[{"href":"https:\/\/go-microdose.com\/fr\/wp-json\/wp\/v2\/media?parent=61173"}],"wp:term":[{"taxonomy":"product_brand","embeddable":true,"href":"https:\/\/go-microdose.com\/fr\/wp-json\/wp\/v2\/product_brand?post=61173"},{"taxonomy":"product_cat","embeddable":true,"href":"https:\/\/go-microdose.com\/fr\/wp-json\/wp\/v2\/product_cat?post=61173"},{"taxonomy":"product_tag","embeddable":true,"href":"https:\/\/go-microdose.com\/fr\/wp-json\/wp\/v2\/product_tag?post=61173"},{"taxonomy":"giftcard-category","embeddable":true,"href":"https:\/\/go-microdose.com\/fr\/wp-json\/wp\/v2\/giftcard-category?post=61173"}],"curies":[{"name":"wp","href":"https:\/\/api.w.org\/{rel}","templated":true}]}}