{"id":61283,"date":"2022-11-04T11:12:29","date_gmt":"2022-11-04T11:12:29","guid":{"rendered":"https:\/\/go-microdose.com\/product\/balance-de-precision\/"},"modified":"2026-04-06T07:53:58","modified_gmt":"2026-04-06T05:53:58","slug":"balance-de-precision","status":"publish","type":"product","link":"https:\/\/go-microdose.com\/fr\/produit\/balance-de-precision\/","title":{"rendered":"Balance de pr\u00e9cision"},"content":{"rendered":"<div class=\"wpb-content-wrapper\"><p>[vc_row][vc_column][vc_column_text]Il est important de mesurer avec pr\u00e9cision la quantit\u00e9 de truffes que tu prends lors de ton microdosage.<br \/>\nTu profiteras au mieux des bienfaits du microdosage si tu utilises la dose exacte. Tous nos clients sont uniques et chacun a son propre \u00ab sweet spot \u00bb. Certains ressentent les effets d\u00e9sir\u00e9s avec 0,25 g de truffes, tandis que d\u2019autres utilisent une dose compl\u00e8te de 1 g. Cela varie selon les personnes.   <\/p>\n<p>Ne pratique jamais le microdosage sans mesurer ta dose avec pr\u00e9cision. Pour peser ton microdosage, utilise uniquement une balance d\u2019une pr\u00e9cision de 0,01 g. Notre balance est recommand\u00e9e aussi bien pour les d\u00e9butants que pour les experts. <\/p>\n<p>Nous conseillons de ne pas microdoser tous les jours. Tu ne pourrais pas observer l\u2019impact sur ton comportement habituel, comme ta productivit\u00e9, ta cr\u00e9ativit\u00e9 et ton humeur. Un autre inconv\u00e9nient du microdosage quotidien est l\u2019accoutumance. Si tu le fais tous les jours, ton corps et ton esprit s\u2019habitueront probablement \u00e0 la substance, cr\u00e9ant une habitude (comme le caf\u00e9 ou la nicotine). Nous recommandons \u00e9galement de faire une pause d\u2019au moins un mois apr\u00e8s 8 \u00e0 10 semaines pour \u00e9viter l\u2019accoutumance psychologique.    <\/p>\n<p>D\u00e9couvre ta prise id\u00e9ale gr\u00e2ce \u00e0 notre <strong><a href=\"https:\/\/go-microdose.com\/fr\/calculateur-de-dosage\/\">calculateur de dosage<\/a><\/strong> facile \u00e0 utiliser, con\u00e7u sur mesure pour garantir une exp\u00e9rience optimale.[\/vc_column_text][\/vc_column][\/vc_row]<\/p>\n<\/div>","protected":false},"excerpt":{"rendered":"<ul>\n<li>0 \u00e0 500 g avec une pr\u00e9cision de 0,01 g<\/li>\n<li>\u00e9cran \u00e0 6 chiffres r\u00e9tro\u00e9clair\u00e9 en bleu<\/li>\n<li>lecture en g, oz, tl ou ct<\/li>\n<li>arr\u00eat automatique apr\u00e8s 30 secondes<\/li>\n<li>fonction tare et comptage.<\/li>\n<li>dimensions : longueur 11,5 cm (L) 6 cm (P) 1,8 cm<\/li>\n<li>fonctionne avec 2 piles AAA (incluses)<\/li>\n<li>manuel en anglais.<\/li>\n<\/ul>\n","protected":false},"featured_media":61285,"comment_status":"open","ping_status":"closed","template":"","meta":{"_acf_changed":false},"product_brand":[],"product_cat":[187],"product_tag":[],"giftcard-category":[],"class_list":{"0":"post-61283","1":"product","2":"type-product","3":"status-publish","4":"has-post-thumbnail","6":"product_cat-accessoires","8":"first","9":"instock","10":"taxable","11":"shipping-taxable","12":"purchasable","13":"product-type-simple"},"acf":[],"_links":{"self":[{"href":"https:\/\/go-microdose.com\/fr\/wp-json\/wp\/v2\/product\/61283","targetHints":{"allow":["GET"]}}],"collection":[{"href":"https:\/\/go-microdose.com\/fr\/wp-json\/wp\/v2\/product"}],"about":[{"href":"https:\/\/go-microdose.com\/fr\/wp-json\/wp\/v2\/types\/product"}],"replies":[{"embeddable":true,"href":"https:\/\/go-microdose.com\/fr\/wp-json\/wp\/v2\/comments?post=61283"}],"wp:featuredmedia":[{"embeddable":true,"href":"https:\/\/go-microdose.com\/fr\/wp-json\/wp\/v2\/media\/61285"}],"wp:attachment":[{"href":"https:\/\/go-microdose.com\/fr\/wp-json\/wp\/v2\/media?parent=61283"}],"wp:term":[{"taxonomy":"product_brand","embeddable":true,"href":"https:\/\/go-microdose.com\/fr\/wp-json\/wp\/v2\/product_brand?post=61283"},{"taxonomy":"product_cat","embeddable":true,"href":"https:\/\/go-microdose.com\/fr\/wp-json\/wp\/v2\/product_cat?post=61283"},{"taxonomy":"product_tag","embeddable":true,"href":"https:\/\/go-microdose.com\/fr\/wp-json\/wp\/v2\/product_tag?post=61283"},{"taxonomy":"giftcard-category","embeddable":true,"href":"https:\/\/go-microdose.com\/fr\/wp-json\/wp\/v2\/giftcard-category?post=61283"}],"curies":[{"name":"wp","href":"https:\/\/api.w.org\/{rel}","templated":true}]}}