{"id":61284,"date":"2022-11-04T07:13:37","date_gmt":"2022-11-04T07:13:37","guid":{"rendered":"https:\/\/go-microdose.com\/product\/pack-debutant\/"},"modified":"2026-04-06T07:54:00","modified_gmt":"2026-04-06T05:54:00","slug":"pack-debutant","status":"publish","type":"product","link":"https:\/\/go-microdose.com\/fr\/produit\/pack-debutant\/","title":{"rendered":"Pack d\u00e9butant"},"content":{"rendered":"<div class=\"wpb-content-wrapper\"><p>[vc_row][vc_column][vc_column_text]Pour d\u00e9buter le microdosage, nous avons con\u00e7u un pack de d\u00e9marrage. Tu peux bien s\u00fbr l\u2019acheter m\u00eame si tu as d\u00e9j\u00e0 de l\u2019exp\u00e9rience en la mati\u00e8re. <\/p>\n<p>Il est important de mesurer pr\u00e9cis\u00e9ment la quantit\u00e9 de truffes que tu prends lors du microdosage, c\u2019est pourquoi nous avons inclus la balance de pr\u00e9cision dans le pack.<br \/>\nTu profiteras au mieux des bienfaits du microdosage en utilisant la dose exacte. Chaque client est unique et chacun a son propre \u00ab sweet spot \u00bb. Certains ressentent les effets souhait\u00e9s avec 0,25 g de truffes, tandis que d\u2019autres utilisent une dose compl\u00e8te de 1 g. Cela varie selon les personnes.   <\/p>\n<p>Ne pratique jamais le microdosage sans mesurer ta dose avec pr\u00e9cision. Pour peser ton microdosage, utilise uniquement une balance pr\u00e9cise \u00e0 0,01 g. <\/p>\n<p>Notre balance est recommand\u00e9e aussi bien pour les d\u00e9butants que pour les habitu\u00e9s du microdosage.[\/vc_column_text][\/vc_column][\/vc_row]<\/p>\n<\/div>","protected":false},"excerpt":{"rendered":"<ul>\n<li>3 plaquettes de microdosage<\/li>\n<li>Balance de pr\u00e9cision<\/li>\n<li>Conteneur de poche<\/li>\n<li>Guide de cours \u00e9tape par \u00e9tape<\/li>\n<li>Manuel d\u2019utilisation &amp; de dosage<\/li>\n<\/ul>\n","protected":false},"featured_media":61299,"comment_status":"open","ping_status":"closed","template":"","meta":{"_acf_changed":false},"product_brand":[],"product_cat":[241,201],"product_tag":[],"giftcard-category":[],"class_list":{"0":"post-61284","1":"product","2":"type-product","3":"status-publish","4":"has-post-thumbnail","6":"product_cat-microdosage","7":"product_cat-offres-pack","8":"product_shipping_class-grande-boite","10":"first","11":"instock","12":"sale","13":"taxable","14":"shipping-taxable","15":"purchasable","16":"product-type-simple"},"acf":[],"_links":{"self":[{"href":"https:\/\/go-microdose.com\/fr\/wp-json\/wp\/v2\/product\/61284","targetHints":{"allow":["GET"]}}],"collection":[{"href":"https:\/\/go-microdose.com\/fr\/wp-json\/wp\/v2\/product"}],"about":[{"href":"https:\/\/go-microdose.com\/fr\/wp-json\/wp\/v2\/types\/product"}],"replies":[{"embeddable":true,"href":"https:\/\/go-microdose.com\/fr\/wp-json\/wp\/v2\/comments?post=61284"}],"wp:featuredmedia":[{"embeddable":true,"href":"https:\/\/go-microdose.com\/fr\/wp-json\/wp\/v2\/media\/61299"}],"wp:attachment":[{"href":"https:\/\/go-microdose.com\/fr\/wp-json\/wp\/v2\/media?parent=61284"}],"wp:term":[{"taxonomy":"product_brand","embeddable":true,"href":"https:\/\/go-microdose.com\/fr\/wp-json\/wp\/v2\/product_brand?post=61284"},{"taxonomy":"product_cat","embeddable":true,"href":"https:\/\/go-microdose.com\/fr\/wp-json\/wp\/v2\/product_cat?post=61284"},{"taxonomy":"product_tag","embeddable":true,"href":"https:\/\/go-microdose.com\/fr\/wp-json\/wp\/v2\/product_tag?post=61284"},{"taxonomy":"giftcard-category","embeddable":true,"href":"https:\/\/go-microdose.com\/fr\/wp-json\/wp\/v2\/giftcard-category?post=61284"}],"curies":[{"name":"wp","href":"https:\/\/api.w.org\/{rel}","templated":true}]}}