{"id":61349,"date":"2021-09-29T10:19:18","date_gmt":"2021-09-29T10:19:18","guid":{"rendered":"https:\/\/go-microdose.com\/product\/commence-comme-tu-veux\/"},"modified":"2026-04-06T07:54:06","modified_gmt":"2026-04-06T05:54:06","slug":"commence-comme-tu-veux","status":"publish","type":"product","link":"https:\/\/go-microdose.com\/fr\/produit\/commence-comme-tu-veux\/","title":{"rendered":"Commence comme tu veux"},"content":{"rendered":"<div class=\"wpb-content-wrapper\"><p>[vc_row][vc_column][vc_column_text]Lib\u00e8re le potentiel de ton esprit avec nos truffes de microdosage Mexicana. Ces truffes sont une souche cultiv\u00e9e de Psilocybe Mexicana, une esp\u00e8ce de champignons psych\u00e9d\u00e9liques r\u00e9put\u00e9e pour sa capacit\u00e9 \u00e0 induire une exp\u00e9rience douce, introspective et stimulant la cr\u00e9ativit\u00e9. <\/p>\n<p>Nos truffes de microdosage sont 100 % v\u00e9g\u00e9taliennes, sans gluten et issues de sources durables. Chaque truffe est soigneusement cultiv\u00e9e et r\u00e9colt\u00e9e pour s\u2019assurer qu\u2019elle t\u2019arrive en parfait \u00e9tat, t\u2019offrant l\u2019exp\u00e9rience de microdosage la plus pure et la plus efficace. <\/p>\n<p>Id\u00e9ales pour les novices comme pour les microdoseurs exp\u00e9riment\u00e9s, nos truffes offrent un m\u00e9lange harmonieux d\u2019euphorie l\u00e9g\u00e8re, de clart\u00e9 mentale et de cr\u00e9ativit\u00e9 accrue. Elles peuvent introduire un subtil changement de perception, destin\u00e9 \u00e0 am\u00e9liorer l\u2019humeur, la productivit\u00e9 et la fonction cognitive globale sans produire d\u2019effets hallucinog\u00e8nes. <\/p>\n<p>Lorsque tu commandes nos truffes, tu peux t\u2019attendre \u00e0 une livraison rapide et \u00e0 la possibilit\u00e9 de suivre ta commande de notre porte \u00e0 la tienne. Nous prenons la confidentialit\u00e9 au s\u00e9rieux, en veillant \u00e0 ce que ta commande soit exp\u00e9di\u00e9e discr\u00e8tement. Et pour garantir que ton exp\u00e9rience d\u2019achat soit fluide et s\u00e9curis\u00e9e, nous proposons des options de paiement s\u00fbres.  <\/p>\n<p>Que tu cherches \u00e0 am\u00e9liorer ta cr\u00e9ativit\u00e9, \u00e0 combattre le stress ou simplement \u00e0 introduire un nouveau niveau de pleine conscience dans ta routine quotidienne, nos truffes de microdosage sont un excellent choix. D\u00e9couvre les innombrables avantages du microdosage avec cette source de psilocybine naturelle, puissante et ancestrale. <\/p>\n<p>D\u00e9couvre ta prise id\u00e9ale gr\u00e2ce \u00e0 notre <strong><a href=\"https:\/\/go-microdose.com\/fr\/calculateur-de-dosage\/\">calculateur de dosage<\/a><\/strong> facile \u00e0 utiliser, con\u00e7u sur mesure pour garantir une exp\u00e9rience optimale.[\/vc_column_text][\/vc_column][\/vc_row]<\/p>\n<\/div>","protected":false},"excerpt":{"rendered":"<ul>\n<li>Une plaquette contient 6 microdoses de truffes de 1 gramme<\/li>\n<li>Truffe : Scl\u00e9rotes de la truffe Mexicana<\/li>\n<li>100 % biologique produit aux Pays-Bas<\/li>\n<li>Au r\u00e9frig\u00e9rateur, les truffes scell\u00e9es peuvent \u00eatre conserv\u00e9es 2 \u00e0 3 mois<\/li>\n<li>1 plaquette suffit pour environ 2 semaines<\/li>\n<li>Guide d\u2019utilisation du microdosage inclus<\/li>\n<li>Nous livrons dans de nombreux pays <strong><a href=\"https:\/\/go-microdose.com\/fr\/livraison\/\">(en savoir plus)<\/a><\/strong><\/li>\n<li>Livraison discr\u00e8te possible<\/li>\n<\/ul>\n","protected":false},"featured_media":61300,"comment_status":"open","ping_status":"closed","template":"","meta":{"_acf_changed":false},"product_brand":[],"product_cat":[241],"product_tag":[],"giftcard-category":[],"class_list":{"0":"post-61349","1":"product","2":"type-product","3":"status-publish","4":"has-post-thumbnail","6":"product_cat-microdosage","8":"first","9":"instock","10":"taxable","11":"shipping-taxable","12":"purchasable","13":"product-type-simple"},"acf":[],"_links":{"self":[{"href":"https:\/\/go-microdose.com\/fr\/wp-json\/wp\/v2\/product\/61349","targetHints":{"allow":["GET"]}}],"collection":[{"href":"https:\/\/go-microdose.com\/fr\/wp-json\/wp\/v2\/product"}],"about":[{"href":"https:\/\/go-microdose.com\/fr\/wp-json\/wp\/v2\/types\/product"}],"replies":[{"embeddable":true,"href":"https:\/\/go-microdose.com\/fr\/wp-json\/wp\/v2\/comments?post=61349"}],"wp:featuredmedia":[{"embeddable":true,"href":"https:\/\/go-microdose.com\/fr\/wp-json\/wp\/v2\/media\/61300"}],"wp:attachment":[{"href":"https:\/\/go-microdose.com\/fr\/wp-json\/wp\/v2\/media?parent=61349"}],"wp:term":[{"taxonomy":"product_brand","embeddable":true,"href":"https:\/\/go-microdose.com\/fr\/wp-json\/wp\/v2\/product_brand?post=61349"},{"taxonomy":"product_cat","embeddable":true,"href":"https:\/\/go-microdose.com\/fr\/wp-json\/wp\/v2\/product_cat?post=61349"},{"taxonomy":"product_tag","embeddable":true,"href":"https:\/\/go-microdose.com\/fr\/wp-json\/wp\/v2\/product_tag?post=61349"},{"taxonomy":"giftcard-category","embeddable":true,"href":"https:\/\/go-microdose.com\/fr\/wp-json\/wp\/v2\/giftcard-category?post=61349"}],"curies":[{"name":"wp","href":"https:\/\/api.w.org\/{rel}","templated":true}]}}