{"id":61372,"date":"2022-05-24T09:05:32","date_gmt":"2022-05-24T09:05:32","guid":{"rendered":"https:\/\/go-microdose.com\/product\/parcours-experimente\/"},"modified":"2026-04-06T07:54:05","modified_gmt":"2026-04-06T05:54:05","slug":"parcours-experimente","status":"publish","type":"product","link":"https:\/\/go-microdose.com\/fr\/produit\/parcours-experimente\/","title":{"rendered":"Parcours exp\u00e9riment\u00e9"},"content":{"rendered":"<div class=\"wpb-content-wrapper\"><p>[vc_section][vc_row][vc_column][vc_custom_heading text=\u00a0\u00bbPlus d\u2019\u00e9nergie et une meilleure productivit\u00e9 et cr\u00e9ativit\u00e9\u00a0\u00bb font_container=\u00a0\u00bbtag:div|text_align:left\u00a0\u00bb use_theme_fonts=\u00a0\u00bbyes\u00a0\u00bb el_class=\u00a0\u00bbpr-tag\u00a0\u00bb][vc_custom_heading text=\u00a0\u00bbParcours de microdosage\u00a0\u00bb font_container=\u00a0\u00bbtag:h3|text_align:left\u00a0\u00bb use_theme_fonts=\u00a0\u00bbyes\u00a0\u00bb][vc_column_text css=\u00a0\u00bb\u00a0\u00bb]Tu connais les bienfaits du microdosage et tu souhaites gagner durablement en productivit\u00e9, en cr\u00e9ativit\u00e9 et en \u00e9nergie. Avec ce parcours, tu choisis un cycle de 4 jours \u00e0 suivre pendant 4 \u00e0 8 semaines. Essaie-le pendant au moins un mois pour voir s\u2019il te convient.  <\/p>\n<p>Nos truffes restent fra\u00eeches environ 2 \u00e0 3 mois au r\u00e9frig\u00e9rateur. C\u2019est pourquoi nous t\u2019envoyons des truffes fra\u00eeches tous les 3 mois. Pour un parcours de 6 mois, tu recevras 2 envois, et pour 12 mois, 4 envois.[\/vc_column_text][vc_btn title=\u00a0\u00bbT\u00e9l\u00e9charge notre plan \u00e9tape par \u00e9tape\u00a0\u00bb style=\u00a0\u00bboutline\u00a0\u00bb color=\u00a0\u00bbblack\u00a0\u00bb link=\u00a0\u00bburl:https%3A%2F%2Fgo-microdose.com%2Fwp-content%2Fuploads%2F2022%2F08%2FGO-Microdose-manual.pdf|target:_blank|\u00a0\u00bb][\/vc_column][\/vc_row][\/vc_section]<\/p>\n<\/div>","protected":false},"excerpt":{"rendered":"<p>Tu connais les bienfaits du microdosage et tu souhaites gagner durablement en productivit\u00e9, en cr\u00e9ativit\u00e9 et en \u00e9nergie. Avec ce parcours, tu choisis un cycle de 4 jours \u00e0 suivre pendant 4 \u00e0 8 semaines. Essaie-le pendant au moins un mois pour voir s\u2019il te convient.  <\/p>\n","protected":false},"featured_media":61383,"comment_status":"open","ping_status":"closed","template":"","meta":{"_acf_changed":false},"product_brand":[],"product_cat":[241,257],"product_tag":[],"giftcard-category":[],"class_list":{"0":"post-61372","1":"product","2":"type-product","3":"status-publish","4":"has-post-thumbnail","6":"product_cat-microdosage","7":"product_cat-abonnements","8":"pa_package-6-mois","9":"pa_package-12-mois","11":"first","12":"instock","13":"sale","14":"taxable","15":"shipping-taxable","16":"purchasable","17":"product-type-variable","18":"has-default-attributes"},"acf":[],"_links":{"self":[{"href":"https:\/\/go-microdose.com\/fr\/wp-json\/wp\/v2\/product\/61372","targetHints":{"allow":["GET"]}}],"collection":[{"href":"https:\/\/go-microdose.com\/fr\/wp-json\/wp\/v2\/product"}],"about":[{"href":"https:\/\/go-microdose.com\/fr\/wp-json\/wp\/v2\/types\/product"}],"replies":[{"embeddable":true,"href":"https:\/\/go-microdose.com\/fr\/wp-json\/wp\/v2\/comments?post=61372"}],"wp:featuredmedia":[{"embeddable":true,"href":"https:\/\/go-microdose.com\/fr\/wp-json\/wp\/v2\/media\/61383"}],"wp:attachment":[{"href":"https:\/\/go-microdose.com\/fr\/wp-json\/wp\/v2\/media?parent=61372"}],"wp:term":[{"taxonomy":"product_brand","embeddable":true,"href":"https:\/\/go-microdose.com\/fr\/wp-json\/wp\/v2\/product_brand?post=61372"},{"taxonomy":"product_cat","embeddable":true,"href":"https:\/\/go-microdose.com\/fr\/wp-json\/wp\/v2\/product_cat?post=61372"},{"taxonomy":"product_tag","embeddable":true,"href":"https:\/\/go-microdose.com\/fr\/wp-json\/wp\/v2\/product_tag?post=61372"},{"taxonomy":"giftcard-category","embeddable":true,"href":"https:\/\/go-microdose.com\/fr\/wp-json\/wp\/v2\/giftcard-category?post=61372"}],"curies":[{"name":"wp","href":"https:\/\/api.w.org\/{rel}","templated":true}]}}