{"id":65286,"date":"2024-07-02T10:12:15","date_gmt":"2024-07-02T10:12:15","guid":{"rendered":"https:\/\/go-microdose.com\/product\/niacine-100-mg-vitamine-b-3\/"},"modified":"2026-03-30T14:18:19","modified_gmt":"2026-03-30T12:18:19","slug":"niacine-100-mg-vitamine-b-3","status":"publish","type":"product","link":"https:\/\/go-microdose.com\/fr\/produit\/niacine-100-mg-vitamine-b-3\/","title":{"rendered":"Niacine 100 mg (vitamine B-3)"},"content":{"rendered":"<div class=\"wpb-content-wrapper\"><p>[vc_row][vc_column][vc_column_text css=\u00a0\u00bb\u00a0\u00bb]Nos comprim\u00e9s de Niacine 100 mg offrent une source hautement dos\u00e9e de Vitamine B-3, essentielle pour de nombreuses fonctions corporelles, y compris le m\u00e9tabolisme \u00e9nerg\u00e9tique et le maintien d\u2019une peau et de nerfs sains. Chaque comprim\u00e9 contient 100 mg de niacine, fournissant 625 % de l\u2019apport quotidien recommand\u00e9. Cela t\u2019assure de recevoir une dose puissante de ce nutriment vital \u00e0 chaque comprim\u00e9.  <\/p>\n<p>Formul\u00e9s avec des ingr\u00e9dients purs et de haute qualit\u00e9, nos comprim\u00e9s de niacine conviennent aux v\u00e9g\u00e9taliens et sont exempts d\u2019allerg\u00e8nes courants tels que le bl\u00e9, le gluten, les \u0153ufs, les noix, le soja, le poisson, les crustac\u00e9s et les produits laitiers. Nous \u00e9vitons \u00e9galement d\u2019utiliser des OGM, des conservateurs et des parfums, colorants et ar\u00f4mes synth\u00e9tiques pour te fournir un compl\u00e9ment alimentaire propre et pur. <\/p>\n<p>La niacine joue un r\u00f4le crucial dans la conversion des aliments en \u00e9nergie, ce qui peut aider \u00e0 r\u00e9duire la fatigue. De plus, elle soutient la sant\u00e9 de la peau et le bon fonctionnement du syst\u00e8me nerveux. Pour ceux qui pratiquent le microdosage et utilisent le Stack de Paul Stamets, la niacine est un composant cl\u00e9 utilis\u00e9 en combinaison avec le Lion\u2019s Mane pour potentiellement am\u00e9liorer la fonction cognitive et le bien-\u00eatre g\u00e9n\u00e9ral.  <\/p>\n<p>Nos comprim\u00e9s de niacine sont faciles \u00e0 int\u00e9grer \u00e0 ta routine quotidienne. Prends simplement un comprim\u00e9 par jour avec un repas et de l\u2019eau pour profiter des bienfaits de cette vitamine essentielle. Assure-toi de conserver le produit dans un endroit sec et scell\u00e9, hors de port\u00e9e des jeunes enfants, pour maintenir sa qualit\u00e9 et son efficacit\u00e9.[\/vc_column_text][\/vc_column][\/vc_row]<\/p>\n<\/div>","protected":false},"excerpt":{"rendered":"<ul>\n<li>100 comprim\u00e9s de Niacine hautement dos\u00e9e<\/li>\n<li>Convient aux v\u00e9g\u00e9taliens<\/li>\n<li>Soutient le m\u00e9tabolisme \u00e9nerg\u00e9tique<\/li>\n<li>Favorise la sant\u00e9 de la peau et des nerfs<\/li>\n<li>Stack de Paul Stamets (avec microdosage &amp; Lion\u2019s Mane)<\/li>\n<li>Pratique et facile \u00e0 utiliser<\/li>\n<li>Qualit\u00e9 pure<\/li>\n<\/ul>\n","protected":false},"featured_media":65289,"comment_status":"open","ping_status":"closed","template":"","meta":{"_acf_changed":false},"product_brand":[],"product_cat":[214],"product_tag":[],"giftcard-category":[],"class_list":{"0":"post-65286","1":"product","2":"type-product","3":"status-publish","4":"has-post-thumbnail","6":"product_cat-vitamines-mineraux","7":"product_shipping_class-grande-boite","9":"first","10":"instock","11":"taxable","12":"shipping-taxable","13":"purchasable","14":"product-type-simple"},"acf":[],"_links":{"self":[{"href":"https:\/\/go-microdose.com\/fr\/wp-json\/wp\/v2\/product\/65286","targetHints":{"allow":["GET"]}}],"collection":[{"href":"https:\/\/go-microdose.com\/fr\/wp-json\/wp\/v2\/product"}],"about":[{"href":"https:\/\/go-microdose.com\/fr\/wp-json\/wp\/v2\/types\/product"}],"replies":[{"embeddable":true,"href":"https:\/\/go-microdose.com\/fr\/wp-json\/wp\/v2\/comments?post=65286"}],"wp:featuredmedia":[{"embeddable":true,"href":"https:\/\/go-microdose.com\/fr\/wp-json\/wp\/v2\/media\/65289"}],"wp:attachment":[{"href":"https:\/\/go-microdose.com\/fr\/wp-json\/wp\/v2\/media?parent=65286"}],"wp:term":[{"taxonomy":"product_brand","embeddable":true,"href":"https:\/\/go-microdose.com\/fr\/wp-json\/wp\/v2\/product_brand?post=65286"},{"taxonomy":"product_cat","embeddable":true,"href":"https:\/\/go-microdose.com\/fr\/wp-json\/wp\/v2\/product_cat?post=65286"},{"taxonomy":"product_tag","embeddable":true,"href":"https:\/\/go-microdose.com\/fr\/wp-json\/wp\/v2\/product_tag?post=65286"},{"taxonomy":"giftcard-category","embeddable":true,"href":"https:\/\/go-microdose.com\/fr\/wp-json\/wp\/v2\/giftcard-category?post=65286"}],"curies":[{"name":"wp","href":"https:\/\/api.w.org\/{rel}","templated":true}]}}